{"id":90,"date":"2019-05-08T16:00:14","date_gmt":"2019-05-08T16:00:14","guid":{"rendered":"https:\/\/sandovalpllc.wpengine.com\/es\/?page_id=90"},"modified":"2025-10-20T18:08:53","modified_gmt":"2025-10-20T18:08:53","slug":"accidentes-maritimos-ley-de-jones","status":"publish","type":"page","link":"https:\/\/sandovalpllc.com\/es\/abogado-accidentes-trabajo\/accidentes-maritimos-ley-de-jones\/","title":{"rendered":"Lesiones Mar\u00edtimas (Ley DE Jones)"},"content":{"rendered":"<h2>LESIONES MARITIMAS,<br \/>\n<em style=\"font-size: 28px; display: block; font-style: normal;\">LEY MARINA MERCANTE DE 1920 (LEY DE JONES)<\/em> <span class=\"h2span\">\u00a1NO PODER MANTENER LA &#8220;NAVEGABILIDAD&#8221; DEL BUQUE!<\/span><\/h2>\n<p>La Ley Jones (Ley de la Marina Mercante de 1920) es una ley federal espec\u00edfica que crea protecci\u00f3n para los trabajadores (empleados mar\u00edtimos o &#8220;marinos&#8221;) lesionados mientras se encuentran en el mar. Los marineros no reciben alivio bajo las leyes estatales o federales de compensaci\u00f3n para trabajadores. A diferencia de la protecci\u00f3n provista por la Ley Jones, existen otras leyes que protegen a los trabajadores lesionados mientras est\u00e1n en la costa y no en el agua (Ley de Trabajadores de Costa y Puerto). El recurso de un trabajador mar\u00edtimo lesionado cae bajo la Ley de la Marina Mercante de 1920 (la Ley Jones). La protecci\u00f3n provista bajo la Ley Jones se extiende a varios tipos de &#8220;marineros&#8221;, entre los que se encuentran:<\/p>\n<p><img loading=\"lazy\" decoding=\"async\" class=\"aligncenter size-full wp-image-2968 lazy-load\" src=\"https:\/\/sandovalpllc.com\/es\/wp-content\/uploads\/sites\/2\/2025\/10\/accidentes-maritimos-ley-de-jones-img.jpg\" alt=\"Lesiones Mar\u00edtimas (Ley DE Jones)\" width=\"768\" height=\"512\" srcset=\"https:\/\/sandovalpllc.com\/es\/wp-content\/uploads\/sites\/2\/2025\/10\/accidentes-maritimos-ley-de-jones-img.jpg 768w, https:\/\/sandovalpllc.com\/es\/wp-content\/uploads\/sites\/2\/2025\/10\/accidentes-maritimos-ley-de-jones-img-300x200.jpg 300w\" sizes=\"auto, (max-width: 768px) 100vw, 768px\" \/><\/p>\n<ul>\n<li>Marineros (Capitanes, Oficiales, Camaradas, Mayordomos,\u00a0 Marineros, Contramaestres, Ingenieros)<\/li>\n<li>Mec\u00e1nicos<\/li>\n<li>Perforadores<\/li>\n<li>Buzos<\/li>\n<li>Cocineros y<\/li>\n<li>Pescadores<\/li>\n<\/ul>\n<p>Cuando un marinero sufre una lesi\u00f3n, cuando el barco est\u00e1 &#8220;en navegaci\u00f3n&#8221; y como resultado de la negligencia del propietario del barco o de su empleado o, la lesi\u00f3n se debi\u00f3 a la falta de capacidad del barco, el marinero puede presentar una reclamaci\u00f3n si puede establecer los elementos de negligencia de la ley com\u00fan; <u>deber, incumplimiento del deber, causalidad y da\u00f1os.<\/u> En una visi\u00f3n m\u00e1s simplista, todos los empleadores tienen el deber de cuidar de no exponer a los empleados o trabajadores a un riesgo irrazonable de da\u00f1o. Los propietarios de embarcaciones y los empleadores no cumplen o &#8220;incumplen&#8221; este deber si existen condiciones en las que se ordena a un trabajador que realice un trabajo que lo exponga a un riesgo irrazonable de lesiones. Por ejemplo, se puede encontrar que un empleador incumple el deber que se le debe a un empleado orden\u00e1ndole que realice un trabajo sin las herramientas necesarias para realizar el trabajo de manera segura o, al no proporcionar la suficiente mano de obra requerida para el trabajo.<\/p>\n<p>Las condiciones en los barcos a menudo, por la naturaleza misma del trabajo y el equipo involucrado en el desempe\u00f1o de las tareas asignadas, son peligrosas y requieren precauciones de seguridad muy espec\u00edficas que deben seguirse para reducir el riesgo de lesiones para los trabajadores. Si la seguridad se ve comprometida y un trabajador se lesiona, el trabajador podr\u00eda sentirse solo sin saber exactamente qu\u00e9 medidas tomar para proteger sus derechos. El barco podr\u00eda estar en un \u00e1rea muy desolada y remota en las aguas y la comunicaci\u00f3n podr\u00eda ser escasa. Tan pronto como sea posible, un trabajador lesionado tendr\u00e1 que sentarse con un abogado y discutir si se debe presentar un reclamo y qu\u00e9 hay disponible para la familia del trabajador lesionado.<\/p>\n<p>Si has resultado lesionado mientras trabajabas en un barco, recuerda que la persona o compa\u00f1\u00eda que posee ese barco ya est\u00e1 preparando el caso, \u00a1t\u00fa tambi\u00e9n deber\u00edas hacerlo! Si el empleador fue negligente, es posible que tengas un reclamo sostenible conforme a la Ley Jones. \u00a1Llama al <a href=\"\/es\/abogado-accidentes-sandoval\/\" target=\"_blank\" rel=\"noopener noreferrer\">abogado experto en lesiones laborales de Houston<\/a>, Hector L. Sandoval y obt\u00e9n la representaci\u00f3n que te mereces! <em>Sandoval Law Firm, PLLC<\/em> ayuda a trabajadores mar\u00edtimos lesionados. \u00a1Llama al <strong><a href=\"tel:+13463477777\" class=\"click-to-call-body\">(346) 347-7777<\/a><\/strong> para solicitar una consulta gratuita e informativa!<\/p>\n","protected":false},"excerpt":{"rendered":"<p>LESIONES MARITIMAS, LEY MARINA MERCANTE DE 1920 (LEY DE JONES) \u00a1NO PODER MANTENER LA &#8220;NAVEGABILIDAD&#8221; DEL BUQUE! La Ley Jones (Ley de la Marina Mercante de 1920) es una ley federal espec\u00edfica que crea protecci\u00f3n para los trabajadores (empleados mar\u00edtimos o &#8220;marinos&#8221;) lesionados mientras se encuentran en el mar. Los marineros no reciben alivio bajo&#8230; <a href=\"https:\/\/sandovalpllc.com\/es\/abogado-accidentes-trabajo\/accidentes-maritimos-ley-de-jones\/\" class=\"learn-btn\">Continue Reading<\/a><\/p>\n","protected":false},"author":6,"featured_media":91,"parent":82,"menu_order":0,"comment_status":"closed","ping_status":"closed","template":"","meta":{"_acf_changed":false,"_genesis_hide_title":false,"_genesis_hide_breadcrumbs":false,"_genesis_hide_singular_image":false,"_genesis_hide_footer_widgets":false,"_genesis_custom_body_class":"","_genesis_custom_post_class":"","_genesis_layout":"","footnotes":""},"class_list":{"0":"post-90","1":"page","2":"type-page","3":"status-publish","4":"has-post-thumbnail","6":"entry"},"acf":[],"yoast_head":"<!-- This site is optimized with the Yoast SEO plugin v26.8 - https:\/\/yoast.com\/product\/yoast-seo-wordpress\/ -->\n<title>Lesiones Mar\u00edtimas (Ley DE Jones) - Bufete de Abogados Sandoval Da\u00f1os Personales y Muerte Injusta<\/title>\n<meta name=\"description\" content=\"LESIONES MARITIMAS, LEY MARINA MERCANTE DE 1920 (LEY DE JONES) \u00a1NO PODER MANTENER LA &quot;NAVEGABILIDAD&quot; DEL BUQUE! La Ley Jones (Ley de la Marina Mercante de\" \/>\n<meta name=\"robots\" content=\"index, follow, max-snippet:-1, max-image-preview:large, max-video-preview:-1\" \/>\n<link rel=\"canonical\" href=\"https:\/\/sandovalpllc.com\/es\/abogado-accidentes-trabajo\/accidentes-maritimos-ley-de-jones\/\" \/>\n<meta property=\"og:locale\" content=\"es_ES\" \/>\n<meta property=\"og:type\" content=\"article\" \/>\n<meta property=\"og:title\" content=\"Lesiones Mar\u00edtimas (Ley DE Jones) - Bufete de Abogados Sandoval Da\u00f1os Personales y Muerte Injusta\" \/>\n<meta property=\"og:description\" content=\"LESIONES MARITIMAS, LEY MARINA MERCANTE DE 1920 (LEY DE JONES) \u00a1NO PODER MANTENER LA &quot;NAVEGABILIDAD&quot; DEL BUQUE! La Ley Jones (Ley de la Marina Mercante de\" \/>\n<meta property=\"og:url\" content=\"https:\/\/sandovalpllc.com\/es\/abogado-accidentes-trabajo\/accidentes-maritimos-ley-de-jones\/\" \/>\n<meta property=\"og:site_name\" content=\"Bufete de Abogados Sandoval Da\u00f1os Personales y Muerte Injusta\" \/>\n<meta property=\"article:modified_time\" content=\"2025-10-20T18:08:53+00:00\" \/>\n<meta property=\"og:image\" content=\"https:\/\/sandovalpllc.com\/es\/wp-content\/uploads\/sites\/2\/2019\/05\/maritime-3.jpg\" \/>\n\t<meta property=\"og:image:width\" content=\"1920\" \/>\n\t<meta property=\"og:image:height\" content=\"594\" \/>\n\t<meta property=\"og:image:type\" content=\"image\/jpeg\" \/>\n<meta name=\"twitter:card\" content=\"summary_large_image\" \/>\n<meta name=\"twitter:label1\" content=\"Est. reading time\" \/>\n\t<meta name=\"twitter:data1\" content=\"3 minutos\" \/>\n<script type=\"application\/ld+json\" class=\"yoast-schema-graph\">{\"@context\":\"https:\/\/schema.org\",\"@graph\":[{\"@type\":\"WebPage\",\"@id\":\"https:\/\/sandovalpllc.com\/es\/abogado-accidentes-trabajo\/accidentes-maritimos-ley-de-jones\/\",\"url\":\"https:\/\/sandovalpllc.com\/es\/abogado-accidentes-trabajo\/accidentes-maritimos-ley-de-jones\/\",\"name\":\"Lesiones Mar\u00edtimas (Ley DE Jones) - Bufete de Abogados Sandoval Da\u00f1os Personales y Muerte Injusta\",\"isPartOf\":{\"@id\":\"https:\/\/sandovalpllc.com\/es\/#website\"},\"primaryImageOfPage\":{\"@id\":\"https:\/\/sandovalpllc.com\/es\/abogado-accidentes-trabajo\/accidentes-maritimos-ley-de-jones\/#primaryimage\"},\"image\":{\"@id\":\"https:\/\/sandovalpllc.com\/es\/abogado-accidentes-trabajo\/accidentes-maritimos-ley-de-jones\/#primaryimage\"},\"thumbnailUrl\":\"https:\/\/sandovalpllc.com\/es\/wp-content\/uploads\/sites\/2\/2019\/05\/maritime-3.jpg\",\"datePublished\":\"2019-05-08T16:00:14+00:00\",\"dateModified\":\"2025-10-20T18:08:53+00:00\",\"description\":\"LESIONES MARITIMAS, LEY MARINA MERCANTE DE 1920 (LEY DE JONES) \u00a1NO PODER MANTENER LA \\\"NAVEGABILIDAD\\\" DEL BUQUE! La Ley Jones (Ley de la Marina Mercante de\",\"breadcrumb\":{\"@id\":\"https:\/\/sandovalpllc.com\/es\/abogado-accidentes-trabajo\/accidentes-maritimos-ley-de-jones\/#breadcrumb\"},\"inLanguage\":\"es-PE\",\"potentialAction\":[{\"@type\":\"ReadAction\",\"target\":[\"https:\/\/sandovalpllc.com\/es\/abogado-accidentes-trabajo\/accidentes-maritimos-ley-de-jones\/\"]}]},{\"@type\":\"ImageObject\",\"inLanguage\":\"es-PE\",\"@id\":\"https:\/\/sandovalpllc.com\/es\/abogado-accidentes-trabajo\/accidentes-maritimos-ley-de-jones\/#primaryimage\",\"url\":\"https:\/\/sandovalpllc.com\/es\/wp-content\/uploads\/sites\/2\/2019\/05\/maritime-3.jpg\",\"contentUrl\":\"https:\/\/sandovalpllc.com\/es\/wp-content\/uploads\/sites\/2\/2019\/05\/maritime-3.jpg\",\"width\":1920,\"height\":594,\"caption\":\"maritime-3\"},{\"@type\":\"BreadcrumbList\",\"@id\":\"https:\/\/sandovalpllc.com\/es\/abogado-accidentes-trabajo\/accidentes-maritimos-ley-de-jones\/#breadcrumb\",\"itemListElement\":[{\"@type\":\"ListItem\",\"position\":1,\"name\":\"Home\",\"item\":\"https:\/\/sandovalpllc.com\/es\/\"},{\"@type\":\"ListItem\",\"position\":2,\"name\":\"Abogado de Accidentes de Trabajo en Houston\",\"item\":\"https:\/\/sandovalpllc.com\/es\/abogado-accidentes-trabajo\/\"},{\"@type\":\"ListItem\",\"position\":3,\"name\":\"Lesiones Mar\u00edtimas (Ley DE Jones)\"}]},{\"@type\":\"WebSite\",\"@id\":\"https:\/\/sandovalpllc.com\/es\/#website\",\"url\":\"https:\/\/sandovalpllc.com\/es\/\",\"name\":\"Bufete de Abogados Sandoval Da\u00f1os Personales y Muerte Injusta\",\"description\":\"Just another Sandoval Law Firm, PLLC Sites site\",\"potentialAction\":[{\"@type\":\"SearchAction\",\"target\":{\"@type\":\"EntryPoint\",\"urlTemplate\":\"https:\/\/sandovalpllc.com\/es\/?s={search_term_string}\"},\"query-input\":{\"@type\":\"PropertyValueSpecification\",\"valueRequired\":true,\"valueName\":\"search_term_string\"}}],\"inLanguage\":\"es-PE\"}]}<\/script>\n<!-- \/ Yoast SEO plugin. -->","yoast_head_json":{"title":"Lesiones Mar\u00edtimas (Ley DE Jones) - Bufete de Abogados Sandoval Da\u00f1os Personales y Muerte Injusta","description":"LESIONES MARITIMAS, LEY MARINA MERCANTE DE 1920 (LEY DE JONES) \u00a1NO PODER MANTENER LA \"NAVEGABILIDAD\" DEL BUQUE! La Ley Jones (Ley de la Marina Mercante de","robots":{"index":"index","follow":"follow","max-snippet":"max-snippet:-1","max-image-preview":"max-image-preview:large","max-video-preview":"max-video-preview:-1"},"canonical":"https:\/\/sandovalpllc.com\/es\/abogado-accidentes-trabajo\/accidentes-maritimos-ley-de-jones\/","og_locale":"es_ES","og_type":"article","og_title":"Lesiones Mar\u00edtimas (Ley DE Jones) - Bufete de Abogados Sandoval Da\u00f1os Personales y Muerte Injusta","og_description":"LESIONES MARITIMAS, LEY MARINA MERCANTE DE 1920 (LEY DE JONES) \u00a1NO PODER MANTENER LA \"NAVEGABILIDAD\" DEL BUQUE! La Ley Jones (Ley de la Marina Mercante de","og_url":"https:\/\/sandovalpllc.com\/es\/abogado-accidentes-trabajo\/accidentes-maritimos-ley-de-jones\/","og_site_name":"Bufete de Abogados Sandoval Da\u00f1os Personales y Muerte Injusta","article_modified_time":"2025-10-20T18:08:53+00:00","og_image":[{"width":1920,"height":594,"url":"https:\/\/sandovalpllc.com\/es\/wp-content\/uploads\/sites\/2\/2019\/05\/maritime-3.jpg","type":"image\/jpeg"}],"twitter_card":"summary_large_image","twitter_misc":{"Est. reading time":"3 minutos"},"schema":{"@context":"https:\/\/schema.org","@graph":[{"@type":"WebPage","@id":"https:\/\/sandovalpllc.com\/es\/abogado-accidentes-trabajo\/accidentes-maritimos-ley-de-jones\/","url":"https:\/\/sandovalpllc.com\/es\/abogado-accidentes-trabajo\/accidentes-maritimos-ley-de-jones\/","name":"Lesiones Mar\u00edtimas (Ley DE Jones) - Bufete de Abogados Sandoval Da\u00f1os Personales y Muerte Injusta","isPartOf":{"@id":"https:\/\/sandovalpllc.com\/es\/#website"},"primaryImageOfPage":{"@id":"https:\/\/sandovalpllc.com\/es\/abogado-accidentes-trabajo\/accidentes-maritimos-ley-de-jones\/#primaryimage"},"image":{"@id":"https:\/\/sandovalpllc.com\/es\/abogado-accidentes-trabajo\/accidentes-maritimos-ley-de-jones\/#primaryimage"},"thumbnailUrl":"https:\/\/sandovalpllc.com\/es\/wp-content\/uploads\/sites\/2\/2019\/05\/maritime-3.jpg","datePublished":"2019-05-08T16:00:14+00:00","dateModified":"2025-10-20T18:08:53+00:00","description":"LESIONES MARITIMAS, LEY MARINA MERCANTE DE 1920 (LEY DE JONES) \u00a1NO PODER MANTENER LA \"NAVEGABILIDAD\" DEL BUQUE! La Ley Jones (Ley de la Marina Mercante de","breadcrumb":{"@id":"https:\/\/sandovalpllc.com\/es\/abogado-accidentes-trabajo\/accidentes-maritimos-ley-de-jones\/#breadcrumb"},"inLanguage":"es-PE","potentialAction":[{"@type":"ReadAction","target":["https:\/\/sandovalpllc.com\/es\/abogado-accidentes-trabajo\/accidentes-maritimos-ley-de-jones\/"]}]},{"@type":"ImageObject","inLanguage":"es-PE","@id":"https:\/\/sandovalpllc.com\/es\/abogado-accidentes-trabajo\/accidentes-maritimos-ley-de-jones\/#primaryimage","url":"https:\/\/sandovalpllc.com\/es\/wp-content\/uploads\/sites\/2\/2019\/05\/maritime-3.jpg","contentUrl":"https:\/\/sandovalpllc.com\/es\/wp-content\/uploads\/sites\/2\/2019\/05\/maritime-3.jpg","width":1920,"height":594,"caption":"maritime-3"},{"@type":"BreadcrumbList","@id":"https:\/\/sandovalpllc.com\/es\/abogado-accidentes-trabajo\/accidentes-maritimos-ley-de-jones\/#breadcrumb","itemListElement":[{"@type":"ListItem","position":1,"name":"Home","item":"https:\/\/sandovalpllc.com\/es\/"},{"@type":"ListItem","position":2,"name":"Abogado de Accidentes de Trabajo en Houston","item":"https:\/\/sandovalpllc.com\/es\/abogado-accidentes-trabajo\/"},{"@type":"ListItem","position":3,"name":"Lesiones Mar\u00edtimas (Ley DE Jones)"}]},{"@type":"WebSite","@id":"https:\/\/sandovalpllc.com\/es\/#website","url":"https:\/\/sandovalpllc.com\/es\/","name":"Bufete de Abogados Sandoval Da\u00f1os Personales y Muerte Injusta","description":"Just another Sandoval Law Firm, PLLC Sites site","potentialAction":[{"@type":"SearchAction","target":{"@type":"EntryPoint","urlTemplate":"https:\/\/sandovalpllc.com\/es\/?s={search_term_string}"},"query-input":{"@type":"PropertyValueSpecification","valueRequired":true,"valueName":"search_term_string"}}],"inLanguage":"es-PE"}]}},"_links":{"self":[{"href":"https:\/\/sandovalpllc.com\/es\/wp-json\/wp\/v2\/pages\/90","targetHints":{"allow":["GET"]}}],"collection":[{"href":"https:\/\/sandovalpllc.com\/es\/wp-json\/wp\/v2\/pages"}],"about":[{"href":"https:\/\/sandovalpllc.com\/es\/wp-json\/wp\/v2\/types\/page"}],"author":[{"embeddable":true,"href":"https:\/\/sandovalpllc.com\/es\/wp-json\/wp\/v2\/users\/6"}],"replies":[{"embeddable":true,"href":"https:\/\/sandovalpllc.com\/es\/wp-json\/wp\/v2\/comments?post=90"}],"version-history":[{"count":0,"href":"https:\/\/sandovalpllc.com\/es\/wp-json\/wp\/v2\/pages\/90\/revisions"}],"up":[{"embeddable":true,"href":"https:\/\/sandovalpllc.com\/es\/wp-json\/wp\/v2\/pages\/82"}],"wp:featuredmedia":[{"embeddable":true,"href":"https:\/\/sandovalpllc.com\/es\/wp-json\/wp\/v2\/media\/91"}],"wp:attachment":[{"href":"https:\/\/sandovalpllc.com\/es\/wp-json\/wp\/v2\/media?parent=90"}],"curies":[{"name":"wp","href":"https:\/\/api.w.org\/{rel}","templated":true}]}}