{"id":86,"date":"2019-05-08T15:58:25","date_gmt":"2019-05-08T15:58:25","guid":{"rendered":"https:\/\/sandovalpllc.wpengine.com\/es\/?page_id=86"},"modified":"2024-06-18T16:20:37","modified_gmt":"2024-06-18T16:20:37","slug":"accidentes-de-ferrocarril-fela","status":"publish","type":"page","link":"https:\/\/sandovalpllc.com\/es\/abogado-accidentes-trabajo\/accidentes-de-ferrocarril-fela\/","title":{"rendered":"Lesiones de Ferrocarril (FELA)"},"content":{"rendered":"<h2>LESIONES DE FERROCARRILES,<br \/>\n<em style=\"font-size: 28px; display: block; font-style: normal;\">LEY DE RESPONSABILIDAD FEDERAL DE EMPLEADORES (FELA)<\/em> <span class=\"h2span\">RESPONSABILIZACI\u00d3N DE FERROCARRILES RESPONSABLES POR &#8220;LAS VIDAS Y LOS CUERPOS&#8221; PERDIDOS EN SUS OPERACIONES DIARIAS \u00a1TODOS LOS D\u00cdAS!<\/span><\/h2>\n<div class=\"panel panel-default panel-onthispage\">\n<div class=\"panel-body\">\n<p><span class=\"h3\"><strong>En esta p\u00e1gina:<\/strong><\/span><\/p>\n<p><strong><\/p>\n<ul>\n<li><a href=\"#coberturafela\">Comprensi\u00f3n de la cobertura FELA<\/a><\/li>\n<li><a href=\"#jurisdiccionadecuada\">Presentaci\u00f3n en la jurisdicci\u00f3n adecuada<\/a><\/li>\n<li><a href=\"#timing\">El tiempo es fundamental<\/a><\/li>\n<li><a href=\"#prueba\">La carga de la prueba<\/a><\/li>\n<li><a href=\"#defensa\">Est\u00e9 preparado para la defensa<\/a><\/li>\n<li><a href=\"#lesiones\">La amplia gama de lesiones<\/a><\/li>\n<li><a href=\"#evidenciamedica\">La evidencia m\u00e9dica<\/a><\/li>\n<li><a href=\"#danos\">C\u00e1lculo de da\u00f1os<\/a><\/li>\n<li><a href=\"#derechos\">Conozca sus derechos y mant\u00e9ngase informado sobre los acuerdos<\/a><\/li>\n<li><a href=\"#apoyo\">Busque apoyo emocional y legal<\/a><\/li>\n<li><a href=\"#contactesandoval\">Comun\u00edquese con el abogado FELA de Texas, H\u00e9ctor L. Sandoval<\/a><\/li>\n<\/ul>\n<p><\/strong><\/p>\n<\/div>\n<\/div>\n<div id=\"coberturafela\"><\/div>\n<h3>Comprensi\u00f3n de la cobertura FELA<\/h3>\n<p>Desde 1908, FELA ha brindado protecci\u00f3n a los trabajadores ferroviarios lesionados o muertos en el trabajo. Hoy en d\u00eda, la Ley Federal de Responsabilidad de los Empleadores es en lo que se ha convertido debido a las diversas vidas que se cobraron antes cuando el ferrocarril no era considerado responsable de sus acciones negligentes.<\/p>\n<p><img loading=\"lazy\" decoding=\"async\" class=\"aligncenter size-full wp-image-3360 lazy-load\" src=\"https:\/\/sandovalpllc.com\/es\/wp-content\/uploads\/sites\/2\/2024\/06\/accidentes-de-ferrocarril-fela.jpg\" alt=\"Lesiones de Ferrocarril (FELA)\" width=\"768\" height=\"512\" \/><\/p>\n<p>La propensi\u00f3n a que ocurran lesiones en el trabajo en una industria determinada puede definirse por la naturaleza de las operaciones de trabajo, el equipo que se usa a diario y la capacidad de reducir el riesgo de lesiones para los empleados al implementar, hacer cumplir y practicar programas de seguridad en el trabajo. Con una historia paralela a la existencia de nuestro gran pa\u00eds, la industria ferroviaria, sin importar cu\u00e1nta seguridad se establezca, sigue siendo uno de los entornos de trabajo m\u00e1s peligrosos que conoce el hombre. Diariamente, los ferrocarriles almacenan, mueven y transportan diversos productos qu\u00edmicos y productos que, de no ser manejados adecuadamente, podr\u00edan causar lesiones graves y la muerte de los empleados y del p\u00fablico en general. Los ferrocarriles est\u00e1n obligados a inspeccionar y mantener ciertos equipos destinados a hacer m\u00e1s seguro el trabajo de un empleado del ferrocarril, pero esto no siempre ocurre. FELA protege los derechos de los trabajadores ferroviarios lesionados y se pretende que se interpreten, en diversas circunstancias, a favor del trabajador lesionado, pero luego de un incidente que produce lesiones, el ferrocarril se pone a trabajar de inmediato para desarrollar una estrategia para defender el caso y centrar la atenci\u00f3n y poner la culpa sobre el empleado lesionado.<\/p>\n<blockquote><p>Es fundamental saber que, como trabajador ferroviario, est\u00e1 cubierto por la Ley Federal de Responsabilidad de los Empleadores (FELA) si se lesiona en el trabajo. FELA es su salvavidas cuando se trata de buscar compensaci\u00f3n por lesiones causadas por la negligencia de sus empleadores. No es como la compensaci\u00f3n laboral tradicional, donde est\u00e1s cubierto autom\u00e1ticamente. Con FELA, usted necesita demostrar que la compa\u00f1\u00eda ferroviaria fue negligente de alguna manera, explic\u00f3 el <a href=\"https:\/\/sandovalpllc.com\/es\/abogado-accidentes-trabajo\/accidentes-de-ferrocarril-fela\/\" rel=\"noopener\" target=\"_blank\">abogado de accidentes FELA de Texas<\/a>, H\u00e9ctor L. Sandoval<\/a>.<\/p><\/blockquote>\n<div id=\"jurisdiccionadecuada\"><\/div>\n<h3>Presentaci\u00f3n en la jurisdicci\u00f3n adecuada<\/h3>\n<p>Navegar por los aspectos legales de nuestras lesiones puede resultar desalentador. Los reclamos FELA generalmente se presentan ante un tribunal federal, lo que significa tratar con un conjunto diferente de reglas y procedimientos. Aseg\u00farese de consultar con nosotros o con cualquier otro abogado con experiencia en las pr\u00e1cticas de los tribunales federales para asegurarse de que se encuentra en la jurisdicci\u00f3n correcta.<\/p>\n<div id=\"timing\"><\/div>\n<h3>El tiempo es fundamental<\/h3>\n<p>El tiempo es esencial cuando se trata de reclamos de FELA. El plazo de prescripci\u00f3n generalmente le otorga tres a\u00f1os a partir de la fecha de la lesi\u00f3n para presentar un reclamo. No cumplir con este plazo podr\u00eda significar la p\u00e9rdida de su derecho a una compensaci\u00f3n.<\/p>\n<div id=\"prueba\"><\/div>\n<h3>La carga de la prueba<\/h3>\n<p>Un aspecto reconfortante de FELA es que impone una menor carga de prueba a ustedes, los trabajadores lesionados. S\u00f3lo necesitamos demostrar que la negligencia del ferrocarril jug\u00f3 alg\u00fan papel, por peque\u00f1o que sea, en causar su lesi\u00f3n. Es un est\u00e1ndar m\u00e1s amigable para los trabajadores en comparaci\u00f3n con los reclamos tradicionales por negligencia.<\/p>\n<div id=\"defensa\"><\/div>\n<h3>Est\u00e9 preparado para la defensa<\/h3>\n<p>Las compa\u00f1\u00edas ferroviarias pueden intentar argumentar que ustedes, los trabajadores lesionados, fueron parcialmente culpables del accidente. Se llama negligencia contributiva y es una defensa com\u00fan. Debe estar preparado para contrarrestar estas afirmaciones.<\/p>\n<center><div class=\"panel box-module-cta\">\r\n<span class=\"icon-title\"><i class=\"fa fa-lightbulb-o\" aria-hidden=\"true\"><\/i><\/span>\r\n<h5 class=\"h1\">\u00bfLesionado en el trabajo ferroviario (FELA)?<\/h5>\r\n<p class=\"subtitle\">\u00a1Trabajamos en casos de FELA y ofrecemos consulta gratuita!<\/p>\r\n<h5 class=\"h1\">\u00a1Luchemos juntos!<\/h5>\r\n<p class=\"subtitle\"><strong>- Por el tratamiento m\u00e9dico que necesite<br>\r\n- Por la compensaci\u00f3n que se merece<br>\r\n- Para recuperar su vida.<\/strong><\/p>\r\n<p class=\"subtitle\">\u00a1El tiempo es fundamental, est\u00e9 preparado para la defensa!<\/p>\r\n<a href=\"tel:+13463477777\" onclick=\"sendEventToGoogle('Body', '\/work-injury-lawyer\/the-work-injury-case\/', '+13463477777');\"><button class=\"btn btn-default\" type=\"button\">\u00a1Llame al abogado Sandoval AHORA!<\/button><\/a>\r\n<\/div>\r\n<\/center>\n<div id=\"lesiones\"><\/div>\n<h3>La amplia gama de lesiones<\/h3>\n<p>En la industria ferroviaria, las lesiones pueden presentarse de muchas formas. Las lesiones traum\u00e1ticas, las lesiones por estr\u00e9s repetitivo, la exposici\u00f3n a materiales peligrosos y las enfermedades ocupacionales son riesgos que enfrentamos. Aseg\u00farese de documentar sus lesiones y buscar atenci\u00f3n m\u00e9dica de inmediato.<\/p>\n<div id=\"evidenciamedica\"><\/div>\n<h3>La evidencia m\u00e9dica<\/h3>\n<p>La evidencia m\u00e9dica es crucial para nuestras afirmaciones. Obtenga opiniones m\u00e9dicas de expertos sobre el alcance de sus lesiones y la necesidad de un tratamiento continuo. Esta evidencia ser\u00e1 vital para probar su caso.<\/p>\n<div id=\"danos\"><\/div>\n<h3>Calcular los da\u00f1os<\/h3>\n<p>No olvides considerar todos los da\u00f1os que has sufrido. Esto incluye gastos m\u00e9dicos, salarios perdidos, dolor y sufrimiento, discapacidad y necesidades m\u00e9dicas futuras. Se deben contabilizar tanto los da\u00f1os econ\u00f3micos como los no econ\u00f3micos.<\/p>\n<div id=\"derechos\"><\/div>\n<h3>Conozca sus derechos y mant\u00e9ngase informado sobre los acuerdos<\/h3>\n<p>Tenga en cuenta que las compa\u00f1\u00edas ferroviarias pueden ofrecer acuerdos para evitar litigios prolongados. Consulte a su abogado para determinar si un acuerdo es lo mejor para usted. Tambi\u00e9n es importante comprender el proceso de apelaci\u00f3n. Cualquiera de las partes puede apelar una sentencia, as\u00ed que est\u00e9 preparado para la posibilidad de apelaciones en casos m\u00e1s complejos.<\/p>\n<div id=\"apoyo\"><\/div>\n<h3>Busque apoyo emocional y legal<\/h3>\n<p>Por \u00faltimo, no subestime el costo emocional que las lesiones pueden causarle a usted y a su familia. Busque apoyo emocional y asesoramiento si es necesario, adem\u00e1s de orientaci\u00f3n legal.<\/p>\n<p>Como trabajadores ferroviarios lesionados, usted tiene derechos y FELA est\u00e1 ah\u00ed para protegerlo a usted y a sus familias. No est\u00e1s solo en este viaje. Con el apoyo legal adecuado y una comunidad s\u00f3lida de compa\u00f1eros de trabajo, puede buscar justicia, compensaci\u00f3n y el apoyo que necesita para volver a encarrilarse. Su dedicaci\u00f3n a su trabajo debe ir acompa\u00f1ada de nuestra dedicaci\u00f3n para garantizar que se respeten sus derechos cuando ocurren accidentes.<\/p>\n<div id=\"contactesandoval\"><\/div>\n<h3>Comun\u00edquese con el abogado de FELA de Texas, H\u00e9ctor L. Sandoval<\/h3>\n<p>El abogado de Texas FELA, H\u00e9ctor L. Sandoval, ha representado a trabajadores ferroviarios lesionados en m\u00e1s de la mitad de los estados del pa\u00eds. La experiencia de representar a cientos de trabajadores ferroviarios retirados de la Segunda Guerra Mundial y la Guerra de Corea que estuvieron expuestos al asbesto, arena sil\u00edcea, creosota, gases de escape diesel y otros contaminantes y carcin\u00f3genos no solo ha dado forma a la pr\u00e1ctica del Sr. Sandoval sino que tambi\u00e9n ha contribuido significativamente a c\u00f3mo trata a cada uno de sus clientes. El objetivo del Sr. Sandoval es contar esa historia del trabajador lesionado y asegurarse de que la gente est\u00e9 escuchando para reducir el riesgo de que alguien sufra una lesi\u00f3n similar en el futuro.<\/p>\n<p>Si has resultado lesionado en el trabajo y trabajas para el ferrocarril, recuerda que el ferrocarril ya est\u00e1 preparando el caso, \u00a1t\u00fa tambi\u00e9n deber\u00edas hacerlo! \u00a1Llama al abogado experto en lesiones laborales de Houston, Hector L. Sandoval y obt\u00e9n la representaci\u00f3n que te mereces! <em>Sandoval Law Firm, PLLC<\/em> ayuda a trabajadores ferroviarios lesionados. \u00a1Llama al <strong><a href=\"tel:+13463477777\" class=\"click-to-call-body\">(346) 347-7777<\/a><\/strong> para solicitar una consulta gratuita e informativa!<\/p>\n","protected":false},"excerpt":{"rendered":"<p>LESIONES DE FERROCARRILES, LEY DE RESPONSABILIDAD FEDERAL DE EMPLEADORES (FELA) RESPONSABILIZACI\u00d3N DE FERROCARRILES RESPONSABLES POR &#8220;LAS VIDAS Y LOS CUERPOS&#8221; PERDIDOS EN SUS OPERACIONES DIARIAS \u00a1TODOS LOS D\u00cdAS! En esta p\u00e1gina: Comprensi\u00f3n de la cobertura FELA Presentaci\u00f3n en la jurisdicci\u00f3n adecuada El tiempo es fundamental La carga de la prueba Est\u00e9 preparado para la defensa&#8230; <a href=\"https:\/\/sandovalpllc.com\/es\/abogado-accidentes-trabajo\/accidentes-de-ferrocarril-fela\/\" class=\"learn-btn\">Continue Reading<\/a><\/p>\n","protected":false},"author":6,"featured_media":87,"parent":82,"menu_order":0,"comment_status":"closed","ping_status":"closed","template":"","meta":{"_acf_changed":false,"_genesis_hide_title":false,"_genesis_hide_breadcrumbs":false,"_genesis_hide_singular_image":false,"_genesis_hide_footer_widgets":false,"_genesis_custom_body_class":"","_genesis_custom_post_class":"","_genesis_layout":"","footnotes":""},"class_list":{"0":"post-86","1":"page","2":"type-page","3":"status-publish","4":"has-post-thumbnail","6":"entry"},"acf":[],"yoast_head":"<!-- This site is optimized with the Yoast SEO plugin v26.8 - https:\/\/yoast.com\/product\/yoast-seo-wordpress\/ -->\n<title>Lesiones de Ferrocarril (FELA) - Bufete de Abogados Sandoval Da\u00f1os Personales y Muerte Injusta<\/title>\n<meta name=\"description\" content=\"LESIONES DE FERROCARRILES, LEY DE RESPONSABILIDAD FEDERAL DE EMPLEADORES (FELA) RESPONSABILIZACI\u00d3N DE FERROCARRILES RESPONSABLES POR &quot;LAS VIDAS Y LOS\" \/>\n<meta name=\"robots\" content=\"index, follow, max-snippet:-1, max-image-preview:large, max-video-preview:-1\" \/>\n<link rel=\"canonical\" href=\"https:\/\/sandovalpllc.com\/es\/abogado-accidentes-trabajo\/accidentes-de-ferrocarril-fela\/\" \/>\n<meta property=\"og:locale\" content=\"es_ES\" \/>\n<meta property=\"og:type\" content=\"article\" \/>\n<meta property=\"og:title\" content=\"Lesiones de Ferrocarril (FELA) - Bufete de Abogados Sandoval Da\u00f1os Personales y Muerte Injusta\" \/>\n<meta property=\"og:description\" content=\"LESIONES DE FERROCARRILES, LEY DE RESPONSABILIDAD FEDERAL DE EMPLEADORES (FELA) RESPONSABILIZACI\u00d3N DE FERROCARRILES RESPONSABLES POR &quot;LAS VIDAS Y LOS\" \/>\n<meta property=\"og:url\" content=\"https:\/\/sandovalpllc.com\/es\/abogado-accidentes-trabajo\/accidentes-de-ferrocarril-fela\/\" \/>\n<meta property=\"og:site_name\" content=\"Bufete de Abogados Sandoval Da\u00f1os Personales y Muerte Injusta\" \/>\n<meta property=\"article:modified_time\" content=\"2024-06-18T16:20:37+00:00\" \/>\n<meta property=\"og:image\" content=\"https:\/\/sandovalpllc.com\/es\/wp-content\/uploads\/sites\/2\/2019\/05\/railroad-safety.jpg\" \/>\n\t<meta property=\"og:image:width\" content=\"1920\" \/>\n\t<meta property=\"og:image:height\" content=\"593\" \/>\n\t<meta property=\"og:image:type\" content=\"image\/jpeg\" \/>\n<meta name=\"twitter:card\" content=\"summary_large_image\" \/>\n<meta name=\"twitter:label1\" content=\"Est. reading time\" \/>\n\t<meta name=\"twitter:data1\" content=\"6 minutos\" \/>\n<script type=\"application\/ld+json\" class=\"yoast-schema-graph\">{\"@context\":\"https:\/\/schema.org\",\"@graph\":[{\"@type\":\"WebPage\",\"@id\":\"https:\/\/sandovalpllc.com\/es\/abogado-accidentes-trabajo\/accidentes-de-ferrocarril-fela\/\",\"url\":\"https:\/\/sandovalpllc.com\/es\/abogado-accidentes-trabajo\/accidentes-de-ferrocarril-fela\/\",\"name\":\"Lesiones de Ferrocarril (FELA) - Bufete de Abogados Sandoval Da\u00f1os Personales y Muerte Injusta\",\"isPartOf\":{\"@id\":\"https:\/\/sandovalpllc.com\/es\/#website\"},\"primaryImageOfPage\":{\"@id\":\"https:\/\/sandovalpllc.com\/es\/abogado-accidentes-trabajo\/accidentes-de-ferrocarril-fela\/#primaryimage\"},\"image\":{\"@id\":\"https:\/\/sandovalpllc.com\/es\/abogado-accidentes-trabajo\/accidentes-de-ferrocarril-fela\/#primaryimage\"},\"thumbnailUrl\":\"https:\/\/sandovalpllc.com\/es\/wp-content\/uploads\/sites\/2\/2019\/05\/railroad-safety.jpg\",\"datePublished\":\"2019-05-08T15:58:25+00:00\",\"dateModified\":\"2024-06-18T16:20:37+00:00\",\"description\":\"LESIONES DE FERROCARRILES, LEY DE RESPONSABILIDAD FEDERAL DE EMPLEADORES (FELA) RESPONSABILIZACI\u00d3N DE FERROCARRILES RESPONSABLES POR \\\"LAS VIDAS Y LOS\",\"breadcrumb\":{\"@id\":\"https:\/\/sandovalpllc.com\/es\/abogado-accidentes-trabajo\/accidentes-de-ferrocarril-fela\/#breadcrumb\"},\"inLanguage\":\"es-PE\",\"potentialAction\":[{\"@type\":\"ReadAction\",\"target\":[\"https:\/\/sandovalpllc.com\/es\/abogado-accidentes-trabajo\/accidentes-de-ferrocarril-fela\/\"]}]},{\"@type\":\"ImageObject\",\"inLanguage\":\"es-PE\",\"@id\":\"https:\/\/sandovalpllc.com\/es\/abogado-accidentes-trabajo\/accidentes-de-ferrocarril-fela\/#primaryimage\",\"url\":\"https:\/\/sandovalpllc.com\/es\/wp-content\/uploads\/sites\/2\/2019\/05\/railroad-safety.jpg\",\"contentUrl\":\"https:\/\/sandovalpllc.com\/es\/wp-content\/uploads\/sites\/2\/2019\/05\/railroad-safety.jpg\",\"width\":1920,\"height\":593,\"caption\":\"railroad-safety\"},{\"@type\":\"BreadcrumbList\",\"@id\":\"https:\/\/sandovalpllc.com\/es\/abogado-accidentes-trabajo\/accidentes-de-ferrocarril-fela\/#breadcrumb\",\"itemListElement\":[{\"@type\":\"ListItem\",\"position\":1,\"name\":\"Home\",\"item\":\"https:\/\/sandovalpllc.com\/es\/\"},{\"@type\":\"ListItem\",\"position\":2,\"name\":\"Abogado de Accidentes de Trabajo en Houston\",\"item\":\"https:\/\/sandovalpllc.com\/es\/abogado-accidentes-trabajo\/\"},{\"@type\":\"ListItem\",\"position\":3,\"name\":\"Lesiones de Ferrocarril (FELA)\"}]},{\"@type\":\"WebSite\",\"@id\":\"https:\/\/sandovalpllc.com\/es\/#website\",\"url\":\"https:\/\/sandovalpllc.com\/es\/\",\"name\":\"Bufete de Abogados Sandoval Da\u00f1os Personales y Muerte Injusta\",\"description\":\"Just another Sandoval Law Firm, PLLC Sites site\",\"potentialAction\":[{\"@type\":\"SearchAction\",\"target\":{\"@type\":\"EntryPoint\",\"urlTemplate\":\"https:\/\/sandovalpllc.com\/es\/?s={search_term_string}\"},\"query-input\":{\"@type\":\"PropertyValueSpecification\",\"valueRequired\":true,\"valueName\":\"search_term_string\"}}],\"inLanguage\":\"es-PE\"}]}<\/script>\n<!-- \/ Yoast SEO plugin. -->","yoast_head_json":{"title":"Lesiones de Ferrocarril (FELA) - Bufete de Abogados Sandoval Da\u00f1os Personales y Muerte Injusta","description":"LESIONES DE FERROCARRILES, LEY DE RESPONSABILIDAD FEDERAL DE EMPLEADORES (FELA) RESPONSABILIZACI\u00d3N DE FERROCARRILES RESPONSABLES POR \"LAS VIDAS Y LOS","robots":{"index":"index","follow":"follow","max-snippet":"max-snippet:-1","max-image-preview":"max-image-preview:large","max-video-preview":"max-video-preview:-1"},"canonical":"https:\/\/sandovalpllc.com\/es\/abogado-accidentes-trabajo\/accidentes-de-ferrocarril-fela\/","og_locale":"es_ES","og_type":"article","og_title":"Lesiones de Ferrocarril (FELA) - Bufete de Abogados Sandoval Da\u00f1os Personales y Muerte Injusta","og_description":"LESIONES DE FERROCARRILES, LEY DE RESPONSABILIDAD FEDERAL DE EMPLEADORES (FELA) RESPONSABILIZACI\u00d3N DE FERROCARRILES RESPONSABLES POR \"LAS VIDAS Y LOS","og_url":"https:\/\/sandovalpllc.com\/es\/abogado-accidentes-trabajo\/accidentes-de-ferrocarril-fela\/","og_site_name":"Bufete de Abogados Sandoval Da\u00f1os Personales y Muerte Injusta","article_modified_time":"2024-06-18T16:20:37+00:00","og_image":[{"width":1920,"height":593,"url":"https:\/\/sandovalpllc.com\/es\/wp-content\/uploads\/sites\/2\/2019\/05\/railroad-safety.jpg","type":"image\/jpeg"}],"twitter_card":"summary_large_image","twitter_misc":{"Est. reading time":"6 minutos"},"schema":{"@context":"https:\/\/schema.org","@graph":[{"@type":"WebPage","@id":"https:\/\/sandovalpllc.com\/es\/abogado-accidentes-trabajo\/accidentes-de-ferrocarril-fela\/","url":"https:\/\/sandovalpllc.com\/es\/abogado-accidentes-trabajo\/accidentes-de-ferrocarril-fela\/","name":"Lesiones de Ferrocarril (FELA) - Bufete de Abogados Sandoval Da\u00f1os Personales y Muerte Injusta","isPartOf":{"@id":"https:\/\/sandovalpllc.com\/es\/#website"},"primaryImageOfPage":{"@id":"https:\/\/sandovalpllc.com\/es\/abogado-accidentes-trabajo\/accidentes-de-ferrocarril-fela\/#primaryimage"},"image":{"@id":"https:\/\/sandovalpllc.com\/es\/abogado-accidentes-trabajo\/accidentes-de-ferrocarril-fela\/#primaryimage"},"thumbnailUrl":"https:\/\/sandovalpllc.com\/es\/wp-content\/uploads\/sites\/2\/2019\/05\/railroad-safety.jpg","datePublished":"2019-05-08T15:58:25+00:00","dateModified":"2024-06-18T16:20:37+00:00","description":"LESIONES DE FERROCARRILES, LEY DE RESPONSABILIDAD FEDERAL DE EMPLEADORES (FELA) RESPONSABILIZACI\u00d3N DE FERROCARRILES RESPONSABLES POR \"LAS VIDAS Y LOS","breadcrumb":{"@id":"https:\/\/sandovalpllc.com\/es\/abogado-accidentes-trabajo\/accidentes-de-ferrocarril-fela\/#breadcrumb"},"inLanguage":"es-PE","potentialAction":[{"@type":"ReadAction","target":["https:\/\/sandovalpllc.com\/es\/abogado-accidentes-trabajo\/accidentes-de-ferrocarril-fela\/"]}]},{"@type":"ImageObject","inLanguage":"es-PE","@id":"https:\/\/sandovalpllc.com\/es\/abogado-accidentes-trabajo\/accidentes-de-ferrocarril-fela\/#primaryimage","url":"https:\/\/sandovalpllc.com\/es\/wp-content\/uploads\/sites\/2\/2019\/05\/railroad-safety.jpg","contentUrl":"https:\/\/sandovalpllc.com\/es\/wp-content\/uploads\/sites\/2\/2019\/05\/railroad-safety.jpg","width":1920,"height":593,"caption":"railroad-safety"},{"@type":"BreadcrumbList","@id":"https:\/\/sandovalpllc.com\/es\/abogado-accidentes-trabajo\/accidentes-de-ferrocarril-fela\/#breadcrumb","itemListElement":[{"@type":"ListItem","position":1,"name":"Home","item":"https:\/\/sandovalpllc.com\/es\/"},{"@type":"ListItem","position":2,"name":"Abogado de Accidentes de Trabajo en Houston","item":"https:\/\/sandovalpllc.com\/es\/abogado-accidentes-trabajo\/"},{"@type":"ListItem","position":3,"name":"Lesiones de Ferrocarril (FELA)"}]},{"@type":"WebSite","@id":"https:\/\/sandovalpllc.com\/es\/#website","url":"https:\/\/sandovalpllc.com\/es\/","name":"Bufete de Abogados Sandoval Da\u00f1os Personales y Muerte Injusta","description":"Just another Sandoval Law Firm, PLLC Sites site","potentialAction":[{"@type":"SearchAction","target":{"@type":"EntryPoint","urlTemplate":"https:\/\/sandovalpllc.com\/es\/?s={search_term_string}"},"query-input":{"@type":"PropertyValueSpecification","valueRequired":true,"valueName":"search_term_string"}}],"inLanguage":"es-PE"}]}},"_links":{"self":[{"href":"https:\/\/sandovalpllc.com\/es\/wp-json\/wp\/v2\/pages\/86","targetHints":{"allow":["GET"]}}],"collection":[{"href":"https:\/\/sandovalpllc.com\/es\/wp-json\/wp\/v2\/pages"}],"about":[{"href":"https:\/\/sandovalpllc.com\/es\/wp-json\/wp\/v2\/types\/page"}],"author":[{"embeddable":true,"href":"https:\/\/sandovalpllc.com\/es\/wp-json\/wp\/v2\/users\/6"}],"replies":[{"embeddable":true,"href":"https:\/\/sandovalpllc.com\/es\/wp-json\/wp\/v2\/comments?post=86"}],"version-history":[{"count":0,"href":"https:\/\/sandovalpllc.com\/es\/wp-json\/wp\/v2\/pages\/86\/revisions"}],"up":[{"embeddable":true,"href":"https:\/\/sandovalpllc.com\/es\/wp-json\/wp\/v2\/pages\/82"}],"wp:featuredmedia":[{"embeddable":true,"href":"https:\/\/sandovalpllc.com\/es\/wp-json\/wp\/v2\/media\/87"}],"wp:attachment":[{"href":"https:\/\/sandovalpllc.com\/es\/wp-json\/wp\/v2\/media?parent=86"}],"curies":[{"name":"wp","href":"https:\/\/api.w.org\/{rel}","templated":true}]}}