{"id":84,"date":"2019-05-08T15:57:30","date_gmt":"2019-05-08T15:57:30","guid":{"rendered":"https:\/\/sandovalpllc.wpengine.com\/es\/?page_id=84"},"modified":"2025-10-30T15:30:07","modified_gmt":"2025-10-30T15:30:07","slug":"exposiciones-ocupacionales","status":"publish","type":"page","link":"https:\/\/sandovalpllc.com\/es\/abogado-accidentes-trabajo\/exposiciones-ocupacionales\/","title":{"rendered":"Exposiciones Ocupacionales"},"content":{"rendered":"<h2>EXPOSICIONES LABORALES<br \/>\n<span class=\"h2span\">LESIONES RESULTANTES DE LAS EXPOSICIONES A CONTAMINANTES Y CARCIN\u00d3GENOS<\/span><\/h2>\n<p>Durante los primeros 13 a\u00f1os, el abogado Sandoval dedic\u00f3 su carrera a representar a los jubilados ferroviarios que hab\u00edan desarrollado condiciones de salud debilitantes que estaban relacionadas con su exposici\u00f3n ocupacional a contaminantes y polvo que produce c\u00e1ncer, gases, productos qu\u00edmicos y vapores.<\/p>\n<p><img loading=\"lazy\" decoding=\"async\" class=\"aligncenter size-full wp-image-3360 lazy-load\" src=\"https:\/\/sandovalpllc.com\/es\/wp-content\/uploads\/sites\/2\/2024\/06\/exposiciones-ocupacionales.jpg\" alt=\"Exposiciones Ocupacionales\" width=\"768\" height=\"512\" \/><\/p>\n<p>El bufete de abogados Sandoval, PLLC maneja los casos que involucran exposiciones relacionadas con el trabajo a lo siguiente:<\/p>\n<ul>\n<li>Asbesto;<\/li>\n<li>Arena de s\u00edlice;<\/li>\n<li>Escape diesel;<\/li>\n<li>Humos de soldadura;<\/li>\n<li>Creosota;<\/li>\n<li>Productos qu\u00edmicos;<\/li>\n<\/ul>\n<p>No siempre es f\u00e1cil determinar si tu condici\u00f3n de salud espec\u00edfica puede atribuirse a la exposici\u00f3n laboral. A pesar de que existe un vasto compendio de literatura m\u00e9dica que vincula condiciones m\u00e9dicas espec\u00edficas con las exposiciones a los contaminantes anteriores, no es tan f\u00e1cil determinar d\u00f3nde y cu\u00e1ndo ocurri\u00f3 la exposici\u00f3n. Por lo tanto, si has desarrollado una condici\u00f3n de salud y estuviste expuesto a alguno de los contaminantes mencionados anteriormente, al comunicarte con el abogado Sandoval lo pones a trabajar para descubrir qui\u00e9n de tus empleadores puede ser responsable de la condici\u00f3n de salud resultante.<\/p>\n<p>El abogado Sandoval ha representado a trabajadores lesionados que han estado expuestos a polvo, humos, qu\u00edmicos y vapores en el trabajo y que han desarrollado las siguientes condiciones:<\/p>\n<ul>\n<li>Asbestosis;<\/li>\n<li>Mesotelioma y otros c\u00e1nceres relacionados con el asbesto;. Sandoval, \u00a1y haga que su reclamo sea investigado a fondo.<\/li>\n<li>Silicosis;<\/li>\n<li>C\u00e1nceres de pulm\u00f3n;<\/li>\n<li>Trastornos neurol\u00f3gicos relacionados con humos de soldadura y<\/li>\n<li>C\u00e1nceres de piel.<\/li>\n<\/ul>\n<p>Si has desarrollado una condici\u00f3n de salud que crees que puede estar relacionada con una exposici\u00f3n ocupacional, llama al abogado de lesiones laborales de Houston, H\u00e9ctor L. Sandoval y haz que tu reclamo sea investigado a fondo! Sandoval Law Firm, PLLC ayuda a trabajadores lesionados. \u00a1Llama al <strong><a href=\"tel:+13463477777\" class=\"click-to-call-body\">(346) 347-7777<\/a><\/strong> para solicitar una consulta gratuita e informativa!<\/p>\n<p>\u00a1Pelea y no renuncies a tus derechos!<\/p>\n","protected":false},"excerpt":{"rendered":"<p>EXPOSICIONES LABORALES LESIONES RESULTANTES DE LAS EXPOSICIONES A CONTAMINANTES Y CARCIN\u00d3GENOS Durante los primeros 13 a\u00f1os, el abogado Sandoval dedic\u00f3 su carrera a representar a los jubilados ferroviarios que hab\u00edan desarrollado condiciones de salud debilitantes que estaban relacionadas con su exposici\u00f3n ocupacional a contaminantes y polvo que produce c\u00e1ncer, gases, productos qu\u00edmicos y vapores. El&#8230; <a href=\"https:\/\/sandovalpllc.com\/es\/abogado-accidentes-trabajo\/exposiciones-ocupacionales\/\" class=\"learn-btn\">Continue Reading<\/a><\/p>\n","protected":false},"author":6,"featured_media":85,"parent":82,"menu_order":0,"comment_status":"closed","ping_status":"closed","template":"","meta":{"_acf_changed":false,"_genesis_hide_title":false,"_genesis_hide_breadcrumbs":false,"_genesis_hide_singular_image":false,"_genesis_hide_footer_widgets":false,"_genesis_custom_body_class":"","_genesis_custom_post_class":"","_genesis_layout":"","footnotes":""},"class_list":{"0":"post-84","1":"page","2":"type-page","3":"status-publish","4":"has-post-thumbnail","6":"entry"},"acf":[],"yoast_head":"<!-- This site is optimized with the Yoast SEO plugin v26.8 - https:\/\/yoast.com\/product\/yoast-seo-wordpress\/ -->\n<title>Exposiciones Ocupacionales - Bufete de Abogados Sandoval Da\u00f1os Personales y Muerte Injusta<\/title>\n<meta name=\"description\" content=\"EXPOSICIONES LABORALES LESIONES RESULTANTES DE LAS EXPOSICIONES A CONTAMINANTES Y CARCIN\u00d3GENOS Durante los primeros 13 a\u00f1os, el abogado Sandoval dedic\u00f3 su\" \/>\n<meta name=\"robots\" content=\"index, follow, max-snippet:-1, max-image-preview:large, max-video-preview:-1\" \/>\n<link rel=\"canonical\" href=\"https:\/\/sandovalpllc.com\/es\/abogado-accidentes-trabajo\/exposiciones-ocupacionales\/\" \/>\n<meta property=\"og:locale\" content=\"es_ES\" \/>\n<meta property=\"og:type\" content=\"article\" \/>\n<meta property=\"og:title\" content=\"Exposiciones Ocupacionales - Bufete de Abogados Sandoval Da\u00f1os Personales y Muerte Injusta\" \/>\n<meta property=\"og:description\" content=\"EXPOSICIONES LABORALES LESIONES RESULTANTES DE LAS EXPOSICIONES A CONTAMINANTES Y CARCIN\u00d3GENOS Durante los primeros 13 a\u00f1os, el abogado Sandoval dedic\u00f3 su\" \/>\n<meta property=\"og:url\" content=\"https:\/\/sandovalpllc.com\/es\/abogado-accidentes-trabajo\/exposiciones-ocupacionales\/\" \/>\n<meta property=\"og:site_name\" content=\"Bufete de Abogados Sandoval Da\u00f1os Personales y Muerte Injusta\" \/>\n<meta property=\"article:modified_time\" content=\"2025-10-30T15:30:07+00:00\" \/>\n<meta property=\"og:image\" content=\"https:\/\/sandovalpllc.com\/es\/wp-content\/uploads\/sites\/2\/2019\/05\/exposures.jpg\" \/>\n\t<meta property=\"og:image:width\" content=\"1920\" \/>\n\t<meta property=\"og:image:height\" content=\"594\" \/>\n\t<meta property=\"og:image:type\" content=\"image\/jpeg\" \/>\n<meta name=\"twitter:card\" content=\"summary_large_image\" \/>\n<meta name=\"twitter:label1\" content=\"Est. reading time\" \/>\n\t<meta name=\"twitter:data1\" content=\"2 minutos\" \/>\n<script type=\"application\/ld+json\" class=\"yoast-schema-graph\">{\"@context\":\"https:\/\/schema.org\",\"@graph\":[{\"@type\":\"WebPage\",\"@id\":\"https:\/\/sandovalpllc.com\/es\/abogado-accidentes-trabajo\/exposiciones-ocupacionales\/\",\"url\":\"https:\/\/sandovalpllc.com\/es\/abogado-accidentes-trabajo\/exposiciones-ocupacionales\/\",\"name\":\"Exposiciones Ocupacionales - Bufete de Abogados Sandoval Da\u00f1os Personales y Muerte Injusta\",\"isPartOf\":{\"@id\":\"https:\/\/sandovalpllc.com\/es\/#website\"},\"primaryImageOfPage\":{\"@id\":\"https:\/\/sandovalpllc.com\/es\/abogado-accidentes-trabajo\/exposiciones-ocupacionales\/#primaryimage\"},\"image\":{\"@id\":\"https:\/\/sandovalpllc.com\/es\/abogado-accidentes-trabajo\/exposiciones-ocupacionales\/#primaryimage\"},\"thumbnailUrl\":\"https:\/\/sandovalpllc.com\/es\/wp-content\/uploads\/sites\/2\/2019\/05\/exposures.jpg\",\"datePublished\":\"2019-05-08T15:57:30+00:00\",\"dateModified\":\"2025-10-30T15:30:07+00:00\",\"description\":\"EXPOSICIONES LABORALES LESIONES RESULTANTES DE LAS EXPOSICIONES A CONTAMINANTES Y CARCIN\u00d3GENOS Durante los primeros 13 a\u00f1os, el abogado Sandoval dedic\u00f3 su\",\"breadcrumb\":{\"@id\":\"https:\/\/sandovalpllc.com\/es\/abogado-accidentes-trabajo\/exposiciones-ocupacionales\/#breadcrumb\"},\"inLanguage\":\"es-PE\",\"potentialAction\":[{\"@type\":\"ReadAction\",\"target\":[\"https:\/\/sandovalpllc.com\/es\/abogado-accidentes-trabajo\/exposiciones-ocupacionales\/\"]}]},{\"@type\":\"ImageObject\",\"inLanguage\":\"es-PE\",\"@id\":\"https:\/\/sandovalpllc.com\/es\/abogado-accidentes-trabajo\/exposiciones-ocupacionales\/#primaryimage\",\"url\":\"https:\/\/sandovalpllc.com\/es\/wp-content\/uploads\/sites\/2\/2019\/05\/exposures.jpg\",\"contentUrl\":\"https:\/\/sandovalpllc.com\/es\/wp-content\/uploads\/sites\/2\/2019\/05\/exposures.jpg\",\"width\":1920,\"height\":594,\"caption\":\"exposures\"},{\"@type\":\"BreadcrumbList\",\"@id\":\"https:\/\/sandovalpllc.com\/es\/abogado-accidentes-trabajo\/exposiciones-ocupacionales\/#breadcrumb\",\"itemListElement\":[{\"@type\":\"ListItem\",\"position\":1,\"name\":\"Home\",\"item\":\"https:\/\/sandovalpllc.com\/es\/\"},{\"@type\":\"ListItem\",\"position\":2,\"name\":\"Abogado de Accidentes de Trabajo en Houston\",\"item\":\"https:\/\/sandovalpllc.com\/es\/abogado-accidentes-trabajo\/\"},{\"@type\":\"ListItem\",\"position\":3,\"name\":\"Exposiciones Ocupacionales\"}]},{\"@type\":\"WebSite\",\"@id\":\"https:\/\/sandovalpllc.com\/es\/#website\",\"url\":\"https:\/\/sandovalpllc.com\/es\/\",\"name\":\"Bufete de Abogados Sandoval Da\u00f1os Personales y Muerte Injusta\",\"description\":\"Just another Sandoval Law Firm, PLLC Sites site\",\"potentialAction\":[{\"@type\":\"SearchAction\",\"target\":{\"@type\":\"EntryPoint\",\"urlTemplate\":\"https:\/\/sandovalpllc.com\/es\/?s={search_term_string}\"},\"query-input\":{\"@type\":\"PropertyValueSpecification\",\"valueRequired\":true,\"valueName\":\"search_term_string\"}}],\"inLanguage\":\"es-PE\"}]}<\/script>\n<!-- \/ Yoast SEO plugin. -->","yoast_head_json":{"title":"Exposiciones Ocupacionales - Bufete de Abogados Sandoval Da\u00f1os Personales y Muerte Injusta","description":"EXPOSICIONES LABORALES LESIONES RESULTANTES DE LAS EXPOSICIONES A CONTAMINANTES Y CARCIN\u00d3GENOS Durante los primeros 13 a\u00f1os, el abogado Sandoval dedic\u00f3 su","robots":{"index":"index","follow":"follow","max-snippet":"max-snippet:-1","max-image-preview":"max-image-preview:large","max-video-preview":"max-video-preview:-1"},"canonical":"https:\/\/sandovalpllc.com\/es\/abogado-accidentes-trabajo\/exposiciones-ocupacionales\/","og_locale":"es_ES","og_type":"article","og_title":"Exposiciones Ocupacionales - Bufete de Abogados Sandoval Da\u00f1os Personales y Muerte Injusta","og_description":"EXPOSICIONES LABORALES LESIONES RESULTANTES DE LAS EXPOSICIONES A CONTAMINANTES Y CARCIN\u00d3GENOS Durante los primeros 13 a\u00f1os, el abogado Sandoval dedic\u00f3 su","og_url":"https:\/\/sandovalpllc.com\/es\/abogado-accidentes-trabajo\/exposiciones-ocupacionales\/","og_site_name":"Bufete de Abogados Sandoval Da\u00f1os Personales y Muerte Injusta","article_modified_time":"2025-10-30T15:30:07+00:00","og_image":[{"width":1920,"height":594,"url":"https:\/\/sandovalpllc.com\/es\/wp-content\/uploads\/sites\/2\/2019\/05\/exposures.jpg","type":"image\/jpeg"}],"twitter_card":"summary_large_image","twitter_misc":{"Est. reading time":"2 minutos"},"schema":{"@context":"https:\/\/schema.org","@graph":[{"@type":"WebPage","@id":"https:\/\/sandovalpllc.com\/es\/abogado-accidentes-trabajo\/exposiciones-ocupacionales\/","url":"https:\/\/sandovalpllc.com\/es\/abogado-accidentes-trabajo\/exposiciones-ocupacionales\/","name":"Exposiciones Ocupacionales - Bufete de Abogados Sandoval Da\u00f1os Personales y Muerte Injusta","isPartOf":{"@id":"https:\/\/sandovalpllc.com\/es\/#website"},"primaryImageOfPage":{"@id":"https:\/\/sandovalpllc.com\/es\/abogado-accidentes-trabajo\/exposiciones-ocupacionales\/#primaryimage"},"image":{"@id":"https:\/\/sandovalpllc.com\/es\/abogado-accidentes-trabajo\/exposiciones-ocupacionales\/#primaryimage"},"thumbnailUrl":"https:\/\/sandovalpllc.com\/es\/wp-content\/uploads\/sites\/2\/2019\/05\/exposures.jpg","datePublished":"2019-05-08T15:57:30+00:00","dateModified":"2025-10-30T15:30:07+00:00","description":"EXPOSICIONES LABORALES LESIONES RESULTANTES DE LAS EXPOSICIONES A CONTAMINANTES Y CARCIN\u00d3GENOS Durante los primeros 13 a\u00f1os, el abogado Sandoval dedic\u00f3 su","breadcrumb":{"@id":"https:\/\/sandovalpllc.com\/es\/abogado-accidentes-trabajo\/exposiciones-ocupacionales\/#breadcrumb"},"inLanguage":"es-PE","potentialAction":[{"@type":"ReadAction","target":["https:\/\/sandovalpllc.com\/es\/abogado-accidentes-trabajo\/exposiciones-ocupacionales\/"]}]},{"@type":"ImageObject","inLanguage":"es-PE","@id":"https:\/\/sandovalpllc.com\/es\/abogado-accidentes-trabajo\/exposiciones-ocupacionales\/#primaryimage","url":"https:\/\/sandovalpllc.com\/es\/wp-content\/uploads\/sites\/2\/2019\/05\/exposures.jpg","contentUrl":"https:\/\/sandovalpllc.com\/es\/wp-content\/uploads\/sites\/2\/2019\/05\/exposures.jpg","width":1920,"height":594,"caption":"exposures"},{"@type":"BreadcrumbList","@id":"https:\/\/sandovalpllc.com\/es\/abogado-accidentes-trabajo\/exposiciones-ocupacionales\/#breadcrumb","itemListElement":[{"@type":"ListItem","position":1,"name":"Home","item":"https:\/\/sandovalpllc.com\/es\/"},{"@type":"ListItem","position":2,"name":"Abogado de Accidentes de Trabajo en Houston","item":"https:\/\/sandovalpllc.com\/es\/abogado-accidentes-trabajo\/"},{"@type":"ListItem","position":3,"name":"Exposiciones Ocupacionales"}]},{"@type":"WebSite","@id":"https:\/\/sandovalpllc.com\/es\/#website","url":"https:\/\/sandovalpllc.com\/es\/","name":"Bufete de Abogados Sandoval Da\u00f1os Personales y Muerte Injusta","description":"Just another Sandoval Law Firm, PLLC Sites site","potentialAction":[{"@type":"SearchAction","target":{"@type":"EntryPoint","urlTemplate":"https:\/\/sandovalpllc.com\/es\/?s={search_term_string}"},"query-input":{"@type":"PropertyValueSpecification","valueRequired":true,"valueName":"search_term_string"}}],"inLanguage":"es-PE"}]}},"_links":{"self":[{"href":"https:\/\/sandovalpllc.com\/es\/wp-json\/wp\/v2\/pages\/84","targetHints":{"allow":["GET"]}}],"collection":[{"href":"https:\/\/sandovalpllc.com\/es\/wp-json\/wp\/v2\/pages"}],"about":[{"href":"https:\/\/sandovalpllc.com\/es\/wp-json\/wp\/v2\/types\/page"}],"author":[{"embeddable":true,"href":"https:\/\/sandovalpllc.com\/es\/wp-json\/wp\/v2\/users\/6"}],"replies":[{"embeddable":true,"href":"https:\/\/sandovalpllc.com\/es\/wp-json\/wp\/v2\/comments?post=84"}],"version-history":[{"count":0,"href":"https:\/\/sandovalpllc.com\/es\/wp-json\/wp\/v2\/pages\/84\/revisions"}],"up":[{"embeddable":true,"href":"https:\/\/sandovalpllc.com\/es\/wp-json\/wp\/v2\/pages\/82"}],"wp:featuredmedia":[{"embeddable":true,"href":"https:\/\/sandovalpllc.com\/es\/wp-json\/wp\/v2\/media\/85"}],"wp:attachment":[{"href":"https:\/\/sandovalpllc.com\/es\/wp-json\/wp\/v2\/media?parent=84"}],"curies":[{"name":"wp","href":"https:\/\/api.w.org\/{rel}","templated":true}]}}