{"id":80,"date":"2019-05-08T15:55:40","date_gmt":"2019-05-08T15:55:40","guid":{"rendered":"https:\/\/sandovalpllc.wpengine.com\/es\/?page_id=80"},"modified":"2025-10-20T16:40:27","modified_gmt":"2025-10-20T16:40:27","slug":"accidentes-de-bicicleta-y-pedestres","status":"publish","type":"page","link":"https:\/\/sandovalpllc.com\/es\/abogado-accidentes-de-auto\/accidentes-de-bicicleta-y-pedestres\/","title":{"rendered":"Accidentes de Bicicleta y Pedestres"},"content":{"rendered":"<h2><span class=\"h2span\">\u00a1NO CEDER EL PASO O DERECHO DE V\u00cdA!<\/span><\/h2>\n<p>Autom\u00f3viles, bicicletas y peatones comparten los caminos en Texas. Cuando los conductores de autom\u00f3viles no cumplen con las leyes de tr\u00e1nsito que protegen las \u00e1reas donde se cruzan las bicicletas y los peatones, es muy probable que ocurran lesiones graves. Existen reglas espec\u00edficas que se aplican a ciclistas y peatones que tienen la intenci\u00f3n de protegerlos y mantenerlos seguros en la carretera. Incluso cuando se siguen estas reglas, los conductores de autom\u00f3viles a menudo no logran mantener una vigilancia adecuada para los ciclistas y no ceden el derecho de paso a los peatones, causando lesiones debilitantes.<\/p>\n<p><img loading=\"lazy\" decoding=\"async\" class=\"aligncenter size-full wp-image-2964 lazy-load\" src=\"https:\/\/sandovalpllc.com\/es\/wp-content\/uploads\/sites\/2\/2025\/10\/accidentes-de-bicicleta-y-pedestres-img.jpg\" alt=\"\" width=\"768\" height=\"512\" srcset=\"https:\/\/sandovalpllc.com\/es\/wp-content\/uploads\/sites\/2\/2025\/10\/accidentes-de-bicicleta-y-pedestres-img.jpg 768w, https:\/\/sandovalpllc.com\/es\/wp-content\/uploads\/sites\/2\/2025\/10\/accidentes-de-bicicleta-y-pedestres-img-300x200.jpg 300w\" sizes=\"auto, (max-width: 768px) 100vw, 768px\" \/><\/p>\n<p>A diferencia de los accidentes automovil\u00edsticos, cuando ocurre un accidente entre un autom\u00f3vil, un peat\u00f3n y un ciclista, se hace m\u00e1s hincapi\u00e9 en determinar si se ignoraron las reglas que se aplican a las \u00e1reas compartidas. Existe cierta urgencia para preservar cualquier evidencia que pueda usarse para mostrar c\u00f3mo ocurri\u00f3 el incidente. Por ejemplo, si hay un v\u00eddeo del accidente que se produce en un estacionamiento, un cruce de caminos o una calle privada, se deben tomar medidas de inmediato para asegurarse de que los v\u00eddeos no se borren. \u00a1Estos casos son \u00fanicos y requieren que el caso sea examinado a fondo para aumentar tus posibilidades de responsabilizar a los conductores negligentes!<\/p>\n<center><div class=\"panel box-module-cta\">\r\n<span class=\"icon-title\"><i class=\"fa fa-lightbulb-o\" aria-hidden=\"true\"><\/i><\/span>\r\n<h5 class=\"h1\">\u00bfLesionado en accidente de auto?<\/h5>\r\n<p class=\"subtitle\">\u00a1Trabajamos en casos de accidentes de auto y ofrecemos consulta gratuita!<\/p>\r\n<h5 class=\"h1\">\u00a1Luchemos juntos!<\/h5>\r\n<p class=\"subtitle\"><strong>- Por el tratamiento m\u00e9dico que necesite<br>\r\n- Por la compensaci\u00f3n que se merece<br>\r\n- Para recuperar su vida.<\/strong><\/p>\r\n<p class=\"subtitle\">\u00a1No se conforme con el trato que proponga la compa\u00f1\u00eda de seguro!<\/p>\r\n<a href=\"tel:+13463477777\" onclick=\"sendEventToGoogle('Body', '\/work-injury-lawyer\/the-work-injury-case\/', '+13463477777');\"><button class=\"btn btn-default\" type=\"button\">\u00a1Llame al abogado Sandoval AHORA!<\/button><\/a>\r\n<\/div>\r\n<\/center>\n<p>El abogado de lesiones en Houston, H\u00e9ctor L. Sandoval, representa a las v\u00edctimas de accidentes de bicicleta y peatones que ocurren en:<\/p>\n<ul>\n<li>Sendas para bicicletas;<\/li>\n<li>Cruces peatonales;<\/li>\n<li>Estacionamientos (supermercados y centros comerciales);<\/li>\n<li>V\u00edas privadas;<\/li>\n<li>\u00c1reas de construcci\u00f3n.<\/li>\n<\/ul>\n<p>Si un conductor imprudente te ha lastimado como peat\u00f3n o ciclista, no pienses que tu caso es como cualquier otro accidente automovil\u00edstico. Es importante que inspeccionemos el \u00e1rea en la que ocurri\u00f3 el accidente. \u00a1Llama al abogado de lesiones personales de Houston, Hector L. Sandoval y obt\u00e9n la representaci\u00f3n que te mereces! Sandoval Law Firm, PLLC ayuda a las v\u00edctimas de accidentes a recuperar su vida anterior. \u00a1Llama al <strong><a href=\"tel:+13463477777\" class=\"click-to-call-body\">(346) 347-7777<\/a><\/strong> para solicitar una consulta gratuita e informativa!<\/p>\n","protected":false},"excerpt":{"rendered":"<p>\u00a1NO CEDER EL PASO O DERECHO DE V\u00cdA! Autom\u00f3viles, bicicletas y peatones comparten los caminos en Texas. Cuando los conductores de autom\u00f3viles no cumplen con las leyes de tr\u00e1nsito que protegen las \u00e1reas donde se cruzan las bicicletas y los peatones, es muy probable que ocurran lesiones graves. Existen reglas espec\u00edficas que se aplican a&#8230; <a href=\"https:\/\/sandovalpllc.com\/es\/abogado-accidentes-de-auto\/accidentes-de-bicicleta-y-pedestres\/\" class=\"learn-btn\">Continue Reading<\/a><\/p>\n","protected":false},"author":6,"featured_media":81,"parent":71,"menu_order":0,"comment_status":"closed","ping_status":"closed","template":"","meta":{"_acf_changed":false,"_genesis_hide_title":false,"_genesis_hide_breadcrumbs":false,"_genesis_hide_singular_image":false,"_genesis_hide_footer_widgets":false,"_genesis_custom_body_class":"","_genesis_custom_post_class":"","_genesis_layout":"","footnotes":""},"class_list":{"0":"post-80","1":"page","2":"type-page","3":"status-publish","4":"has-post-thumbnail","6":"entry"},"acf":[],"yoast_head":"<!-- This site is optimized with the Yoast SEO plugin v26.8 - https:\/\/yoast.com\/product\/yoast-seo-wordpress\/ -->\n<title>Accidentes de Bicicleta y Pedestres - Bufete de Abogados Sandoval Da\u00f1os Personales y Muerte Injusta<\/title>\n<meta name=\"description\" content=\"\u00a1NO CEDER EL PASO O DERECHO DE V\u00cdA! Autom\u00f3viles, bicicletas y peatones comparten los caminos en Texas. Cuando los conductores de autom\u00f3viles no cumplen\" \/>\n<meta name=\"robots\" content=\"index, follow, max-snippet:-1, max-image-preview:large, max-video-preview:-1\" \/>\n<link rel=\"canonical\" href=\"https:\/\/sandovalpllc.com\/es\/abogado-accidentes-de-auto\/accidentes-de-bicicleta-y-pedestres\/\" \/>\n<meta property=\"og:locale\" content=\"es_ES\" \/>\n<meta property=\"og:type\" content=\"article\" \/>\n<meta property=\"og:title\" content=\"Accidentes de Bicicleta y Pedestres - Bufete de Abogados Sandoval Da\u00f1os Personales y Muerte Injusta\" \/>\n<meta property=\"og:description\" content=\"\u00a1NO CEDER EL PASO O DERECHO DE V\u00cdA! Autom\u00f3viles, bicicletas y peatones comparten los caminos en Texas. Cuando los conductores de autom\u00f3viles no cumplen\" \/>\n<meta property=\"og:url\" content=\"https:\/\/sandovalpllc.com\/es\/abogado-accidentes-de-auto\/accidentes-de-bicicleta-y-pedestres\/\" \/>\n<meta property=\"og:site_name\" content=\"Bufete de Abogados Sandoval Da\u00f1os Personales y Muerte Injusta\" \/>\n<meta property=\"article:modified_time\" content=\"2025-10-20T16:40:27+00:00\" \/>\n<meta property=\"og:image\" content=\"https:\/\/sandovalpllc.com\/es\/wp-content\/uploads\/sites\/2\/2019\/05\/bicycle-accident.jpg\" \/>\n\t<meta property=\"og:image:width\" content=\"1920\" \/>\n\t<meta property=\"og:image:height\" content=\"594\" \/>\n\t<meta property=\"og:image:type\" content=\"image\/jpeg\" \/>\n<meta name=\"twitter:card\" content=\"summary_large_image\" \/>\n<meta name=\"twitter:label1\" content=\"Est. reading time\" \/>\n\t<meta name=\"twitter:data1\" content=\"2 minutos\" \/>\n<script type=\"application\/ld+json\" class=\"yoast-schema-graph\">{\"@context\":\"https:\/\/schema.org\",\"@graph\":[{\"@type\":\"WebPage\",\"@id\":\"https:\/\/sandovalpllc.com\/es\/abogado-accidentes-de-auto\/accidentes-de-bicicleta-y-pedestres\/\",\"url\":\"https:\/\/sandovalpllc.com\/es\/abogado-accidentes-de-auto\/accidentes-de-bicicleta-y-pedestres\/\",\"name\":\"Accidentes de Bicicleta y Pedestres - Bufete de Abogados Sandoval Da\u00f1os Personales y Muerte Injusta\",\"isPartOf\":{\"@id\":\"https:\/\/sandovalpllc.com\/es\/#website\"},\"primaryImageOfPage\":{\"@id\":\"https:\/\/sandovalpllc.com\/es\/abogado-accidentes-de-auto\/accidentes-de-bicicleta-y-pedestres\/#primaryimage\"},\"image\":{\"@id\":\"https:\/\/sandovalpllc.com\/es\/abogado-accidentes-de-auto\/accidentes-de-bicicleta-y-pedestres\/#primaryimage\"},\"thumbnailUrl\":\"https:\/\/sandovalpllc.com\/es\/wp-content\/uploads\/sites\/2\/2019\/05\/bicycle-accident.jpg\",\"datePublished\":\"2019-05-08T15:55:40+00:00\",\"dateModified\":\"2025-10-20T16:40:27+00:00\",\"description\":\"\u00a1NO CEDER EL PASO O DERECHO DE V\u00cdA! Autom\u00f3viles, bicicletas y peatones comparten los caminos en Texas. Cuando los conductores de autom\u00f3viles no cumplen\",\"breadcrumb\":{\"@id\":\"https:\/\/sandovalpllc.com\/es\/abogado-accidentes-de-auto\/accidentes-de-bicicleta-y-pedestres\/#breadcrumb\"},\"inLanguage\":\"es-PE\",\"potentialAction\":[{\"@type\":\"ReadAction\",\"target\":[\"https:\/\/sandovalpllc.com\/es\/abogado-accidentes-de-auto\/accidentes-de-bicicleta-y-pedestres\/\"]}]},{\"@type\":\"ImageObject\",\"inLanguage\":\"es-PE\",\"@id\":\"https:\/\/sandovalpllc.com\/es\/abogado-accidentes-de-auto\/accidentes-de-bicicleta-y-pedestres\/#primaryimage\",\"url\":\"https:\/\/sandovalpllc.com\/es\/wp-content\/uploads\/sites\/2\/2019\/05\/bicycle-accident.jpg\",\"contentUrl\":\"https:\/\/sandovalpllc.com\/es\/wp-content\/uploads\/sites\/2\/2019\/05\/bicycle-accident.jpg\",\"width\":1920,\"height\":594,\"caption\":\"bicycle-accident\"},{\"@type\":\"BreadcrumbList\",\"@id\":\"https:\/\/sandovalpllc.com\/es\/abogado-accidentes-de-auto\/accidentes-de-bicicleta-y-pedestres\/#breadcrumb\",\"itemListElement\":[{\"@type\":\"ListItem\",\"position\":1,\"name\":\"Home\",\"item\":\"https:\/\/sandovalpllc.com\/es\/\"},{\"@type\":\"ListItem\",\"position\":2,\"name\":\"Accidentes de Auto en Houston\",\"item\":\"https:\/\/sandovalpllc.com\/es\/abogado-accidentes-de-auto\/\"},{\"@type\":\"ListItem\",\"position\":3,\"name\":\"Accidentes de Bicicleta y Pedestres\"}]},{\"@type\":\"WebSite\",\"@id\":\"https:\/\/sandovalpllc.com\/es\/#website\",\"url\":\"https:\/\/sandovalpllc.com\/es\/\",\"name\":\"Bufete de Abogados Sandoval Da\u00f1os Personales y Muerte Injusta\",\"description\":\"Just another Sandoval Law Firm, PLLC Sites site\",\"potentialAction\":[{\"@type\":\"SearchAction\",\"target\":{\"@type\":\"EntryPoint\",\"urlTemplate\":\"https:\/\/sandovalpllc.com\/es\/?s={search_term_string}\"},\"query-input\":{\"@type\":\"PropertyValueSpecification\",\"valueRequired\":true,\"valueName\":\"search_term_string\"}}],\"inLanguage\":\"es-PE\"}]}<\/script>\n<!-- \/ Yoast SEO plugin. -->","yoast_head_json":{"title":"Accidentes de Bicicleta y Pedestres - Bufete de Abogados Sandoval Da\u00f1os Personales y Muerte Injusta","description":"\u00a1NO CEDER EL PASO O DERECHO DE V\u00cdA! Autom\u00f3viles, bicicletas y peatones comparten los caminos en Texas. Cuando los conductores de autom\u00f3viles no cumplen","robots":{"index":"index","follow":"follow","max-snippet":"max-snippet:-1","max-image-preview":"max-image-preview:large","max-video-preview":"max-video-preview:-1"},"canonical":"https:\/\/sandovalpllc.com\/es\/abogado-accidentes-de-auto\/accidentes-de-bicicleta-y-pedestres\/","og_locale":"es_ES","og_type":"article","og_title":"Accidentes de Bicicleta y Pedestres - Bufete de Abogados Sandoval Da\u00f1os Personales y Muerte Injusta","og_description":"\u00a1NO CEDER EL PASO O DERECHO DE V\u00cdA! Autom\u00f3viles, bicicletas y peatones comparten los caminos en Texas. Cuando los conductores de autom\u00f3viles no cumplen","og_url":"https:\/\/sandovalpllc.com\/es\/abogado-accidentes-de-auto\/accidentes-de-bicicleta-y-pedestres\/","og_site_name":"Bufete de Abogados Sandoval Da\u00f1os Personales y Muerte Injusta","article_modified_time":"2025-10-20T16:40:27+00:00","og_image":[{"width":1920,"height":594,"url":"https:\/\/sandovalpllc.com\/es\/wp-content\/uploads\/sites\/2\/2019\/05\/bicycle-accident.jpg","type":"image\/jpeg"}],"twitter_card":"summary_large_image","twitter_misc":{"Est. reading time":"2 minutos"},"schema":{"@context":"https:\/\/schema.org","@graph":[{"@type":"WebPage","@id":"https:\/\/sandovalpllc.com\/es\/abogado-accidentes-de-auto\/accidentes-de-bicicleta-y-pedestres\/","url":"https:\/\/sandovalpllc.com\/es\/abogado-accidentes-de-auto\/accidentes-de-bicicleta-y-pedestres\/","name":"Accidentes de Bicicleta y Pedestres - Bufete de Abogados Sandoval Da\u00f1os Personales y Muerte Injusta","isPartOf":{"@id":"https:\/\/sandovalpllc.com\/es\/#website"},"primaryImageOfPage":{"@id":"https:\/\/sandovalpllc.com\/es\/abogado-accidentes-de-auto\/accidentes-de-bicicleta-y-pedestres\/#primaryimage"},"image":{"@id":"https:\/\/sandovalpllc.com\/es\/abogado-accidentes-de-auto\/accidentes-de-bicicleta-y-pedestres\/#primaryimage"},"thumbnailUrl":"https:\/\/sandovalpllc.com\/es\/wp-content\/uploads\/sites\/2\/2019\/05\/bicycle-accident.jpg","datePublished":"2019-05-08T15:55:40+00:00","dateModified":"2025-10-20T16:40:27+00:00","description":"\u00a1NO CEDER EL PASO O DERECHO DE V\u00cdA! Autom\u00f3viles, bicicletas y peatones comparten los caminos en Texas. Cuando los conductores de autom\u00f3viles no cumplen","breadcrumb":{"@id":"https:\/\/sandovalpllc.com\/es\/abogado-accidentes-de-auto\/accidentes-de-bicicleta-y-pedestres\/#breadcrumb"},"inLanguage":"es-PE","potentialAction":[{"@type":"ReadAction","target":["https:\/\/sandovalpllc.com\/es\/abogado-accidentes-de-auto\/accidentes-de-bicicleta-y-pedestres\/"]}]},{"@type":"ImageObject","inLanguage":"es-PE","@id":"https:\/\/sandovalpllc.com\/es\/abogado-accidentes-de-auto\/accidentes-de-bicicleta-y-pedestres\/#primaryimage","url":"https:\/\/sandovalpllc.com\/es\/wp-content\/uploads\/sites\/2\/2019\/05\/bicycle-accident.jpg","contentUrl":"https:\/\/sandovalpllc.com\/es\/wp-content\/uploads\/sites\/2\/2019\/05\/bicycle-accident.jpg","width":1920,"height":594,"caption":"bicycle-accident"},{"@type":"BreadcrumbList","@id":"https:\/\/sandovalpllc.com\/es\/abogado-accidentes-de-auto\/accidentes-de-bicicleta-y-pedestres\/#breadcrumb","itemListElement":[{"@type":"ListItem","position":1,"name":"Home","item":"https:\/\/sandovalpllc.com\/es\/"},{"@type":"ListItem","position":2,"name":"Accidentes de Auto en Houston","item":"https:\/\/sandovalpllc.com\/es\/abogado-accidentes-de-auto\/"},{"@type":"ListItem","position":3,"name":"Accidentes de Bicicleta y Pedestres"}]},{"@type":"WebSite","@id":"https:\/\/sandovalpllc.com\/es\/#website","url":"https:\/\/sandovalpllc.com\/es\/","name":"Bufete de Abogados Sandoval Da\u00f1os Personales y Muerte Injusta","description":"Just another Sandoval Law Firm, PLLC Sites site","potentialAction":[{"@type":"SearchAction","target":{"@type":"EntryPoint","urlTemplate":"https:\/\/sandovalpllc.com\/es\/?s={search_term_string}"},"query-input":{"@type":"PropertyValueSpecification","valueRequired":true,"valueName":"search_term_string"}}],"inLanguage":"es-PE"}]}},"_links":{"self":[{"href":"https:\/\/sandovalpllc.com\/es\/wp-json\/wp\/v2\/pages\/80","targetHints":{"allow":["GET"]}}],"collection":[{"href":"https:\/\/sandovalpllc.com\/es\/wp-json\/wp\/v2\/pages"}],"about":[{"href":"https:\/\/sandovalpllc.com\/es\/wp-json\/wp\/v2\/types\/page"}],"author":[{"embeddable":true,"href":"https:\/\/sandovalpllc.com\/es\/wp-json\/wp\/v2\/users\/6"}],"replies":[{"embeddable":true,"href":"https:\/\/sandovalpllc.com\/es\/wp-json\/wp\/v2\/comments?post=80"}],"version-history":[{"count":0,"href":"https:\/\/sandovalpllc.com\/es\/wp-json\/wp\/v2\/pages\/80\/revisions"}],"up":[{"embeddable":true,"href":"https:\/\/sandovalpllc.com\/es\/wp-json\/wp\/v2\/pages\/71"}],"wp:featuredmedia":[{"embeddable":true,"href":"https:\/\/sandovalpllc.com\/es\/wp-json\/wp\/v2\/media\/81"}],"wp:attachment":[{"href":"https:\/\/sandovalpllc.com\/es\/wp-json\/wp\/v2\/media?parent=80"}],"curies":[{"name":"wp","href":"https:\/\/api.w.org\/{rel}","templated":true}]}}