{"id":78,"date":"2019-05-08T15:54:28","date_gmt":"2019-05-08T15:54:28","guid":{"rendered":"https:\/\/sandovalpllc.wpengine.com\/es\/?page_id=78"},"modified":"2024-05-03T14:04:00","modified_gmt":"2024-05-03T14:04:00","slug":"accidentes-de-camiones-grandes-o-de-18-ruedas","status":"publish","type":"page","link":"https:\/\/sandovalpllc.com\/es\/abogado-accidentes-de-auto\/accidentes-de-camiones-grandes-o-de-18-ruedas\/","title":{"rendered":"Accidentes de Camiones Grandes o de 18 Ruedas"},"content":{"rendered":"<h2>\u00a1ACCIDENTES DE CAMIONES GRANDES O DE 18 RUEDAS<br \/>\n<span class=\"h2span\">QUE NO SIGUEN LAS \u201cREGLAS DEL CAMINO\u201d ESPECIALES PARA CONDUCTORES DE CAMIONES!<\/span><\/h2>\n<p>Estar involucrado en un accidente con un cami\u00f3n de 18 ruedas puede tener un efecto traum\u00e1tico en una persona, e incluso causar accidentes fatales. Las lesiones graves casi siempre son el resultado, pero tambi\u00e9n existen otros efectos psicol\u00f3gicos duraderos. Para una v\u00edctima en un veh\u00edculo de 18 ruedas, subir al auto nunca es lo mismo.<\/p>\n<p><img loading=\"lazy\" decoding=\"async\" src=\"https:\/\/sandovalpllc.com\/es\/wp-content\/uploads\/sites\/2\/2024\/04\/abogado-accidentes-de-autoaccidentes-de-camiones-grandes-o-de-18-ruedas.jpg\" alt=\"Houston Abogado de Accidente de Cami\u00f3n\" width=\"768\" height=\"512\" class=\"aligncenter size-full wp-image-3360 lazy-load\" \/><\/p>\n<p>Con tantos productos que se env\u00edan por cami\u00f3n y viajan a trav\u00e9s de Texas, no es dif\u00edcil contar r\u00e1pidamente con cincuenta camiones grandes a los pocos minutos de llegar a cualquier carretera importante. Los camiones grandes que viajan por las carreteras de Texas son los mayores peligros en el camino, hasta pueden resultar con accidentes fatales. Cuando se produce un choque entre un cami\u00f3n de 18 ruedas y otro veh\u00edculo, siempre es grave y nunca se pregunta qu\u00e9 veh\u00edculo recibi\u00f3 el mayor da\u00f1o. Los choques entre un autom\u00f3vil de 18 ruedas y de pasajeros causan lesiones debilitantes muy graves, como traumatismo en la cabeza, columna vertebral, amputaciones e incluso la muerte.<\/p>\n<center><div class=\"panel box-module-cta\">\r\n<span class=\"icon-title\"><i class=\"fa fa-lightbulb-o\" aria-hidden=\"true\"><\/i><\/span>\r\n<h5 class=\"h1\">\u00bfLesionado en accidente con camiones grandes?<\/h5>\r\n<p class=\"subtitle\">\u00a1Trabajamos en casos de accidentes con camiones o de 18 Ruedas y ofrecemos consulta gratuita!<\/p>\r\n<h5 class=\"h1\">\u00a1Luchemos juntos!<\/h5>\r\n<p class=\"subtitle\"><strong>- Por el tratamiento m\u00e9dico que necesite<br>\r\n- Por la compensaci\u00f3n que se merece<br>\r\n- Para recuperar su vida.<\/strong><\/p>\r\n<p class=\"subtitle\">\u00a1No se conforme con el trato que proponga la compa\u00f1\u00eda de seguro!<\/p>\r\n<a href=\"tel:+13463477777\" onclick=\"sendEventToGoogle('Body', '\/work-injury-lawyer\/the-work-injury-case\/', '+13463477777');\"><button class=\"btn btn-default\" type=\"button\">\u00a1Llame al abogado Sandoval AHORA!<\/button><\/a>\r\n<\/div>\r\n<\/center>\n<p>Los choques de camiones grandes no son como un accidente de veh\u00edculos comunes. Hay varias cuestiones que deben investigarse cuidadosamente para determinar si el accidente fue causado por fatiga o negligencia del conductor, capacitaci\u00f3n o contrataci\u00f3n negligente de la compa\u00f1\u00eda de camiones, falta de mantenimiento del cami\u00f3n o incluso la falta de cumplimiento de regulaciones federales espec\u00edficas.<\/p>\n<p>Debido a la gravedad de las lesiones que resultan de cualquier choque que involucra a un cami\u00f3n grande, es muy dif\u00edcil tener la oportunidad de mantener un registro de los eventos posteriores al accidente. El foco casi nunca se centra en c\u00f3mo ocurri\u00f3 el accidente, sino que todos est\u00e1n m\u00e1s preocupados por llevar al personal m\u00e9dico a la escena. Eventualmente, es posible que te encuentres en la firma de tu abogado de lesiones personales, pero hay algunos pasos que puedes tomar inmediatamente despu\u00e9s de un choque con un cami\u00f3n grande para proteger tus derechos de presentar el reclamo o demanda en el futuro.<\/p>\n<p>Por favor llama para una consulta gratuita al <strong><a href=\"tel:+13463477777\" class=\"click-to-call-body\">(346) 347-7777<\/a><\/strong><\/p>\n<p><strong>Si t\u00fa o un miembro de tu familia ha estado involucrado en un accidente con un cami\u00f3n de 18 ruedas, debes seguir estos pasos:<\/strong><\/p>\n<p><strong>Llama al 911 y luego llama a un familiar o amigo cercano <\/strong> &#8211; Lo primero que debes hacer es llamar al personal de emergencia de inmediato y llevarlo a la escena del accidente. Deben comenzar a trabajar de inmediato para determinar c\u00f3mo ocurri\u00f3 el accidente y asegurarse de que todas las personas que lo necesitan reciban la atenci\u00f3n m\u00e9dica que adecuada. Adem\u00e1s, con tantas cosas que suceden despu\u00e9s de un choque grave, puede ser muy dif\u00edcil tomar fotograf\u00edas, escribir notas o asegurarse de hacer las preguntas correctas. Un miembro de la familia o un amigo cercano que puede llegar a la escena del accidente r\u00e1pidamente puede ayudarte a hacer todo lo que necesitas hacer para que tu vida vuelva a la normalidad despu\u00e9s del accidente.<\/p>\n<p><strong>Solicita atenci\u00f3n m\u00e9dica y seguimiento con tu m\u00e9dico <\/strong>\u00a0\u2013 una cosa en la que los abogados de accidentes de autos y la compa\u00f1\u00eda de seguros generalmente est\u00e1n de acuerdo; si te lesionas en un accidente automovil\u00edstico, debes buscar atenci\u00f3n m\u00e9dica adecuada de inmediato. Si se trata de una lesi\u00f3n grave, aquellas que involucran lesiones en la cabeza o la columna vertebral, o huesos rotos, significa que debes ir a una sala de emergencias en un buen hospital.d por el accidente. La atenci\u00f3n de seguimiento puede realizarse en el consultorio de un m\u00e9dico, pero la evaluaci\u00f3n inicial de una lesi\u00f3n grave solo debe realizarse en la sala de emergencias de un hospital. A pesar de que cualquiera que haya estado en un accidente automovil\u00edstico entiende que no siempre se siente el dolor en la escena del accidente, debes ejercer un buen juicio al tomar la decisi\u00f3n de ir al hospital el d\u00eda del accidente o ir a un m\u00e9dico al d\u00eda siguiente. Retrasar tu tratamiento podr\u00eda empeorar tu lesi\u00f3n y tambi\u00e9n hacer m\u00e1s dif\u00edcil argumentar que las lesiones est\u00e1n relacionadas con el accidente.<\/p>\n<p><strong>\u00a1Informa el incidente!<\/strong>\u00a0\u2013 No permitas que el otro conductor te convenza de no llamar a la polic\u00eda. \u00c9l o ella puede estar tratando de ocultar el uso de drogas o alcohol, o escapar de la responsabilidad por los da\u00f1os causados. Solamente la polic\u00eda puede documentar adecuadamente un accidente grave, que a menudo es necesario para probar los hechos del accidente. Adem\u00e1s, si le das tiempo al otro conductor de cambiar su historia, nueve de cada 10 veces, negar\u00e1 cualquier responsabilidad sobre la causa del accidente.<\/p>\n<p><strong>\u00a1Guarda y verifica toda la informaci\u00f3n de los testigos!<\/strong>\u00a0\u2013 \u00c9ste es uno de los pasos m\u00e1s importantes que puedes tomar para asegurarte de que los hechos relacionados con el accidente se puedan establecer f\u00e1cilmente. Aseg\u00farate de obtener los nombres, direcciones y n\u00fameros de tel\u00e9fono de todos los testigos que se detengan y te digan lo que vieron que sucedi\u00f3. Debes obtener sus nombres, direcciones, n\u00fameros de tel\u00e9fono y verificar que la informaci\u00f3n de contacto sea correcta. \u00a1Ll\u00e1malos al sitio si es necesario!<\/p>\n<p><strong>\u00a1Documenta la escena, toma fotos!<\/strong>\u00a0\u2013 Toma fotograf\u00edas de cualquier cosa que ayude a explicar c\u00f3mo ocurri\u00f3 la colisi\u00f3n, el da\u00f1o que se le hizo a tu veh\u00edculo y cualquier lesi\u00f3n visible.<\/p>\n<p><strong>Llama al abogado de Texas experto en accidentes automovil\u00edsticos con camionesde 18 ruedas, H\u00e9ctor L. Sandoval <\/strong>\u00a0\u2013 el abogado Sandoval revisar\u00e1 toda la informaci\u00f3n relacionada con tu caso y te brindar\u00e1 una evaluaci\u00f3n r\u00e1pida y honesta de tu caso. El abogado Sandoval cree que tanto el abogado como el posible cliente deben trabajar juntos para determinar si un caso debe abrirse y, ambos deben trabajar para llegar a un entendimiento de lo que cada uno puede esperar razonablemente como resultado del caso. \u00a1Incluso si otros abogados de lesiones personales te han dicho que no tienes un caso, el abogado Sandoval est\u00e1 dispuesto a revisar tu caso y brindarte la explicaci\u00f3n que mereces!<\/p>\n<p>Si has resultado lesionado en un accidente con un veh\u00edculo de 8 ruedas, no creas que tu caso es igual a cualquier otro caso de accidente automovil\u00edstico. Es importante que inspeccionemos el \u00e1rea en la que ocurri\u00f3 el accidente. \u00a1Llama a la firma de abogados de accidentes con cami\u00f3nes de 18 ruedas de Houston, Hector L. Sandoval y obt\u00e9n la representaci\u00f3n que te mereces! Sandoval Law Firm, PLLC ayuda a las v\u00edctimas de accidentes a recuperar su vida anterior. \u00a1Llama al <strong><a href=\"tel:+13463477777\" class=\"click-to-call-body\">(346) 347-7777<\/a><\/strong> para solicitar una consulta gratuita e informativa!<\/p>\n","protected":false},"excerpt":{"rendered":"<p>\u00a1ACCIDENTES DE CAMIONES GRANDES O DE 18 RUEDAS QUE NO SIGUEN LAS \u201cREGLAS DEL CAMINO\u201d ESPECIALES PARA CONDUCTORES DE CAMIONES! Estar involucrado en un accidente con un cami\u00f3n de 18 ruedas puede tener un efecto traum\u00e1tico en una persona, e incluso causar accidentes fatales. Las lesiones graves casi siempre son el resultado, pero tambi\u00e9n existen&#8230; <a href=\"https:\/\/sandovalpllc.com\/es\/abogado-accidentes-de-auto\/accidentes-de-camiones-grandes-o-de-18-ruedas\/\" class=\"learn-btn\">Continue Reading<\/a><\/p>\n","protected":false},"author":6,"featured_media":79,"parent":71,"menu_order":0,"comment_status":"closed","ping_status":"closed","template":"","meta":{"_acf_changed":false,"_genesis_hide_title":false,"_genesis_hide_breadcrumbs":false,"_genesis_hide_singular_image":false,"_genesis_hide_footer_widgets":false,"_genesis_custom_body_class":"","_genesis_custom_post_class":"","_genesis_layout":"","footnotes":""},"class_list":{"0":"post-78","1":"page","2":"type-page","3":"status-publish","4":"has-post-thumbnail","6":"entry"},"acf":[],"yoast_head":"<!-- This site is optimized with the Yoast SEO plugin v26.8 - https:\/\/yoast.com\/product\/yoast-seo-wordpress\/ -->\n<title>Accidentes de Camiones Grandes o de 18 Ruedas - Bufete de Abogados Sandoval Da\u00f1os Personales y Muerte Injusta<\/title>\n<meta name=\"description\" content=\"\u00a1ACCIDENTES DE CAMIONES GRANDES O DE 18 RUEDAS QUE NO SIGUEN LAS \u201cREGLAS DEL CAMINO\u201d ESPECIALES PARA CONDUCTORES DE CAMIONES! Estar involucrado en un\" \/>\n<meta name=\"robots\" content=\"index, follow, max-snippet:-1, max-image-preview:large, max-video-preview:-1\" \/>\n<link rel=\"canonical\" href=\"https:\/\/sandovalpllc.com\/es\/abogado-accidentes-de-auto\/accidentes-de-camiones-grandes-o-de-18-ruedas\/\" \/>\n<meta property=\"og:locale\" content=\"es_ES\" \/>\n<meta property=\"og:type\" content=\"article\" \/>\n<meta property=\"og:title\" content=\"Accidentes de Camiones Grandes o de 18 Ruedas - Bufete de Abogados Sandoval Da\u00f1os Personales y Muerte Injusta\" \/>\n<meta property=\"og:description\" content=\"\u00a1ACCIDENTES DE CAMIONES GRANDES O DE 18 RUEDAS QUE NO SIGUEN LAS \u201cREGLAS DEL CAMINO\u201d ESPECIALES PARA CONDUCTORES DE CAMIONES! Estar involucrado en un\" \/>\n<meta property=\"og:url\" content=\"https:\/\/sandovalpllc.com\/es\/abogado-accidentes-de-auto\/accidentes-de-camiones-grandes-o-de-18-ruedas\/\" \/>\n<meta property=\"og:site_name\" content=\"Bufete de Abogados Sandoval Da\u00f1os Personales y Muerte Injusta\" \/>\n<meta property=\"article:modified_time\" content=\"2024-05-03T14:04:00+00:00\" \/>\n<meta property=\"og:image\" content=\"https:\/\/sandovalpllc.com\/es\/wp-content\/uploads\/sites\/2\/2019\/05\/18-wheeler-crashes.jpg\" \/>\n\t<meta property=\"og:image:width\" content=\"1920\" \/>\n\t<meta property=\"og:image:height\" content=\"593\" \/>\n\t<meta property=\"og:image:type\" content=\"image\/jpeg\" \/>\n<meta name=\"twitter:card\" content=\"summary_large_image\" \/>\n<meta name=\"twitter:label1\" content=\"Est. reading time\" \/>\n\t<meta name=\"twitter:data1\" content=\"6 minutos\" \/>\n<script type=\"application\/ld+json\" class=\"yoast-schema-graph\">{\"@context\":\"https:\/\/schema.org\",\"@graph\":[{\"@type\":\"WebPage\",\"@id\":\"https:\/\/sandovalpllc.com\/es\/abogado-accidentes-de-auto\/accidentes-de-camiones-grandes-o-de-18-ruedas\/\",\"url\":\"https:\/\/sandovalpllc.com\/es\/abogado-accidentes-de-auto\/accidentes-de-camiones-grandes-o-de-18-ruedas\/\",\"name\":\"Accidentes de Camiones Grandes o de 18 Ruedas - Bufete de Abogados Sandoval Da\u00f1os Personales y Muerte Injusta\",\"isPartOf\":{\"@id\":\"https:\/\/sandovalpllc.com\/es\/#website\"},\"primaryImageOfPage\":{\"@id\":\"https:\/\/sandovalpllc.com\/es\/abogado-accidentes-de-auto\/accidentes-de-camiones-grandes-o-de-18-ruedas\/#primaryimage\"},\"image\":{\"@id\":\"https:\/\/sandovalpllc.com\/es\/abogado-accidentes-de-auto\/accidentes-de-camiones-grandes-o-de-18-ruedas\/#primaryimage\"},\"thumbnailUrl\":\"https:\/\/sandovalpllc.com\/es\/wp-content\/uploads\/sites\/2\/2019\/05\/18-wheeler-crashes.jpg\",\"datePublished\":\"2019-05-08T15:54:28+00:00\",\"dateModified\":\"2024-05-03T14:04:00+00:00\",\"description\":\"\u00a1ACCIDENTES DE CAMIONES GRANDES O DE 18 RUEDAS QUE NO SIGUEN LAS \u201cREGLAS DEL CAMINO\u201d ESPECIALES PARA CONDUCTORES DE CAMIONES! Estar involucrado en un\",\"breadcrumb\":{\"@id\":\"https:\/\/sandovalpllc.com\/es\/abogado-accidentes-de-auto\/accidentes-de-camiones-grandes-o-de-18-ruedas\/#breadcrumb\"},\"inLanguage\":\"es-PE\",\"potentialAction\":[{\"@type\":\"ReadAction\",\"target\":[\"https:\/\/sandovalpllc.com\/es\/abogado-accidentes-de-auto\/accidentes-de-camiones-grandes-o-de-18-ruedas\/\"]}]},{\"@type\":\"ImageObject\",\"inLanguage\":\"es-PE\",\"@id\":\"https:\/\/sandovalpllc.com\/es\/abogado-accidentes-de-auto\/accidentes-de-camiones-grandes-o-de-18-ruedas\/#primaryimage\",\"url\":\"https:\/\/sandovalpllc.com\/es\/wp-content\/uploads\/sites\/2\/2019\/05\/18-wheeler-crashes.jpg\",\"contentUrl\":\"https:\/\/sandovalpllc.com\/es\/wp-content\/uploads\/sites\/2\/2019\/05\/18-wheeler-crashes.jpg\",\"width\":1920,\"height\":593,\"caption\":\"18-wheeler-crashes\"},{\"@type\":\"BreadcrumbList\",\"@id\":\"https:\/\/sandovalpllc.com\/es\/abogado-accidentes-de-auto\/accidentes-de-camiones-grandes-o-de-18-ruedas\/#breadcrumb\",\"itemListElement\":[{\"@type\":\"ListItem\",\"position\":1,\"name\":\"Home\",\"item\":\"https:\/\/sandovalpllc.com\/es\/\"},{\"@type\":\"ListItem\",\"position\":2,\"name\":\"Accidentes de Auto en Houston\",\"item\":\"https:\/\/sandovalpllc.com\/es\/abogado-accidentes-de-auto\/\"},{\"@type\":\"ListItem\",\"position\":3,\"name\":\"Accidentes de Camiones Grandes o de 18 Ruedas\"}]},{\"@type\":\"WebSite\",\"@id\":\"https:\/\/sandovalpllc.com\/es\/#website\",\"url\":\"https:\/\/sandovalpllc.com\/es\/\",\"name\":\"Bufete de Abogados Sandoval Da\u00f1os Personales y Muerte Injusta\",\"description\":\"Just another Sandoval Law Firm, PLLC Sites site\",\"potentialAction\":[{\"@type\":\"SearchAction\",\"target\":{\"@type\":\"EntryPoint\",\"urlTemplate\":\"https:\/\/sandovalpllc.com\/es\/?s={search_term_string}\"},\"query-input\":{\"@type\":\"PropertyValueSpecification\",\"valueRequired\":true,\"valueName\":\"search_term_string\"}}],\"inLanguage\":\"es-PE\"}]}<\/script>\n<!-- \/ Yoast SEO plugin. -->","yoast_head_json":{"title":"Accidentes de Camiones Grandes o de 18 Ruedas - Bufete de Abogados Sandoval Da\u00f1os Personales y Muerte Injusta","description":"\u00a1ACCIDENTES DE CAMIONES GRANDES O DE 18 RUEDAS QUE NO SIGUEN LAS \u201cREGLAS DEL CAMINO\u201d ESPECIALES PARA CONDUCTORES DE CAMIONES! Estar involucrado en un","robots":{"index":"index","follow":"follow","max-snippet":"max-snippet:-1","max-image-preview":"max-image-preview:large","max-video-preview":"max-video-preview:-1"},"canonical":"https:\/\/sandovalpllc.com\/es\/abogado-accidentes-de-auto\/accidentes-de-camiones-grandes-o-de-18-ruedas\/","og_locale":"es_ES","og_type":"article","og_title":"Accidentes de Camiones Grandes o de 18 Ruedas - Bufete de Abogados Sandoval Da\u00f1os Personales y Muerte Injusta","og_description":"\u00a1ACCIDENTES DE CAMIONES GRANDES O DE 18 RUEDAS QUE NO SIGUEN LAS \u201cREGLAS DEL CAMINO\u201d ESPECIALES PARA CONDUCTORES DE CAMIONES! Estar involucrado en un","og_url":"https:\/\/sandovalpllc.com\/es\/abogado-accidentes-de-auto\/accidentes-de-camiones-grandes-o-de-18-ruedas\/","og_site_name":"Bufete de Abogados Sandoval Da\u00f1os Personales y Muerte Injusta","article_modified_time":"2024-05-03T14:04:00+00:00","og_image":[{"width":1920,"height":593,"url":"https:\/\/sandovalpllc.com\/es\/wp-content\/uploads\/sites\/2\/2019\/05\/18-wheeler-crashes.jpg","type":"image\/jpeg"}],"twitter_card":"summary_large_image","twitter_misc":{"Est. reading time":"6 minutos"},"schema":{"@context":"https:\/\/schema.org","@graph":[{"@type":"WebPage","@id":"https:\/\/sandovalpllc.com\/es\/abogado-accidentes-de-auto\/accidentes-de-camiones-grandes-o-de-18-ruedas\/","url":"https:\/\/sandovalpllc.com\/es\/abogado-accidentes-de-auto\/accidentes-de-camiones-grandes-o-de-18-ruedas\/","name":"Accidentes de Camiones Grandes o de 18 Ruedas - Bufete de Abogados Sandoval Da\u00f1os Personales y Muerte Injusta","isPartOf":{"@id":"https:\/\/sandovalpllc.com\/es\/#website"},"primaryImageOfPage":{"@id":"https:\/\/sandovalpllc.com\/es\/abogado-accidentes-de-auto\/accidentes-de-camiones-grandes-o-de-18-ruedas\/#primaryimage"},"image":{"@id":"https:\/\/sandovalpllc.com\/es\/abogado-accidentes-de-auto\/accidentes-de-camiones-grandes-o-de-18-ruedas\/#primaryimage"},"thumbnailUrl":"https:\/\/sandovalpllc.com\/es\/wp-content\/uploads\/sites\/2\/2019\/05\/18-wheeler-crashes.jpg","datePublished":"2019-05-08T15:54:28+00:00","dateModified":"2024-05-03T14:04:00+00:00","description":"\u00a1ACCIDENTES DE CAMIONES GRANDES O DE 18 RUEDAS QUE NO SIGUEN LAS \u201cREGLAS DEL CAMINO\u201d ESPECIALES PARA CONDUCTORES DE CAMIONES! Estar involucrado en un","breadcrumb":{"@id":"https:\/\/sandovalpllc.com\/es\/abogado-accidentes-de-auto\/accidentes-de-camiones-grandes-o-de-18-ruedas\/#breadcrumb"},"inLanguage":"es-PE","potentialAction":[{"@type":"ReadAction","target":["https:\/\/sandovalpllc.com\/es\/abogado-accidentes-de-auto\/accidentes-de-camiones-grandes-o-de-18-ruedas\/"]}]},{"@type":"ImageObject","inLanguage":"es-PE","@id":"https:\/\/sandovalpllc.com\/es\/abogado-accidentes-de-auto\/accidentes-de-camiones-grandes-o-de-18-ruedas\/#primaryimage","url":"https:\/\/sandovalpllc.com\/es\/wp-content\/uploads\/sites\/2\/2019\/05\/18-wheeler-crashes.jpg","contentUrl":"https:\/\/sandovalpllc.com\/es\/wp-content\/uploads\/sites\/2\/2019\/05\/18-wheeler-crashes.jpg","width":1920,"height":593,"caption":"18-wheeler-crashes"},{"@type":"BreadcrumbList","@id":"https:\/\/sandovalpllc.com\/es\/abogado-accidentes-de-auto\/accidentes-de-camiones-grandes-o-de-18-ruedas\/#breadcrumb","itemListElement":[{"@type":"ListItem","position":1,"name":"Home","item":"https:\/\/sandovalpllc.com\/es\/"},{"@type":"ListItem","position":2,"name":"Accidentes de Auto en Houston","item":"https:\/\/sandovalpllc.com\/es\/abogado-accidentes-de-auto\/"},{"@type":"ListItem","position":3,"name":"Accidentes de Camiones Grandes o de 18 Ruedas"}]},{"@type":"WebSite","@id":"https:\/\/sandovalpllc.com\/es\/#website","url":"https:\/\/sandovalpllc.com\/es\/","name":"Bufete de Abogados Sandoval Da\u00f1os Personales y Muerte Injusta","description":"Just another Sandoval Law Firm, PLLC Sites site","potentialAction":[{"@type":"SearchAction","target":{"@type":"EntryPoint","urlTemplate":"https:\/\/sandovalpllc.com\/es\/?s={search_term_string}"},"query-input":{"@type":"PropertyValueSpecification","valueRequired":true,"valueName":"search_term_string"}}],"inLanguage":"es-PE"}]}},"_links":{"self":[{"href":"https:\/\/sandovalpllc.com\/es\/wp-json\/wp\/v2\/pages\/78","targetHints":{"allow":["GET"]}}],"collection":[{"href":"https:\/\/sandovalpllc.com\/es\/wp-json\/wp\/v2\/pages"}],"about":[{"href":"https:\/\/sandovalpllc.com\/es\/wp-json\/wp\/v2\/types\/page"}],"author":[{"embeddable":true,"href":"https:\/\/sandovalpllc.com\/es\/wp-json\/wp\/v2\/users\/6"}],"replies":[{"embeddable":true,"href":"https:\/\/sandovalpllc.com\/es\/wp-json\/wp\/v2\/comments?post=78"}],"version-history":[{"count":0,"href":"https:\/\/sandovalpllc.com\/es\/wp-json\/wp\/v2\/pages\/78\/revisions"}],"up":[{"embeddable":true,"href":"https:\/\/sandovalpllc.com\/es\/wp-json\/wp\/v2\/pages\/71"}],"wp:featuredmedia":[{"embeddable":true,"href":"https:\/\/sandovalpllc.com\/es\/wp-json\/wp\/v2\/media\/79"}],"wp:attachment":[{"href":"https:\/\/sandovalpllc.com\/es\/wp-json\/wp\/v2\/media?parent=78"}],"curies":[{"name":"wp","href":"https:\/\/api.w.org\/{rel}","templated":true}]}}