{"id":67,"date":"2019-05-08T15:41:08","date_gmt":"2019-05-08T15:41:08","guid":{"rendered":"https:\/\/sandovalpllc.wpengine.com\/es\/?page_id=67"},"modified":"2025-11-21T20:23:36","modified_gmt":"2025-11-21T20:23:36","slug":"abogado-hector-sandoval","status":"publish","type":"page","link":"https:\/\/sandovalpllc.com\/es\/abogado-hector-sandoval\/","title":{"rendered":"Abogado de Accidentes de Houston Hector Sandoval"},"content":{"rendered":"<h2>Accidentes de Trabajo y Auto en Houston, TX.<\/h2>\n<p>Como <strong>abogado de accidentes de Houston<\/strong>, el abogado Sandoval se centra en el manejo de lesiones por <a href=\"https:\/\/sandovalpllc.com\/es\/abogado-accidentes-trabajo\/\" target=\"_blank\" rel=\"noopener noreferrer\">accidentes de trabajo<\/a> y los casos de <a href=\"https:\/\/sandovalpllc.com\/es\/abogado-accidentes-de-auto\/accidentes-de-automoviles-y-motos\/\" target=\"_blank\" rel=\"noopener noreferrer\">accidentes de auto<\/a> en <strong>Houston, <a href=\"https:\/\/sandovalpllc.com\/es\/areas-donde-servimos-en-texas\/dallas\/\" target=\"_blank\" rel=\"noopener noreferrer\">Dallas-Fort Worth Metroplex<\/a> and <a href=\"https:\/\/sandovalpllc.com\/es\/areas-donde-servimos-en-texas\/valle-del-rio-grande\/\" target=\"_blank\" rel=\"noopener noreferrer\">Rio Grande Valley<\/a><\/strong> (Edinburg, McAllen, Donna, Weslaco, Harlingen). Nuestra firma tiene su sede en Houston, pero m\u00e1s del 50% de los casos se encuentran cerca o en las principales ciudades de Texas. El abogado latino de Houston Sandoval se centra en el uso de las leyes que se aprobaron para proteger a los trabajadores lesionados y los conductores seguros y hacer que las empresas y los individuos negligentes asumir la responsabilidad de sus acciones negligentes.<\/p>\n<p><img loading=\"lazy\" decoding=\"async\" class=\"aligncenter size-full wp-image-3360 lazy-load\" src=\"\/es\/wp-content\/uploads\/sites\/2\/2025\/11\/abogado-hector-sandoval-spa.jpg\" alt=\"Abogado de Accidentes de Houston Hector Sandoval\" width=\"768\" height=\"512\" \/><\/p>\n<p>Como <a href=\"https:\/\/sandovalpllc.com\/es\/abogado-accidentes-de-auto\/\" target=\"_blank\" rel=\"noopener\">abogado de accidentes de auto<\/a>, el abogado Sandoval ha manejado casos de todos los tama\u00f1os. \u00c9l entiende que tratar con las compa\u00f1\u00edas de seguros es dif\u00edcil, sin importar la gravedad del accidente y las lesiones. Los reportes de la polic\u00eda y las declaraciones de los conductores no siempre cuentan toda la historia del accidente de auto. Cuando se lucha por las v\u00edctimas de accidentes de auto, el abogado Sandoval se centra en entrevistar a los testigos, visitar los lugares del accidente, examinar los da\u00f1os de los veh\u00edculos y buscar todos los dem\u00e1s factores que dejar\u00edan claro que el otro conductor fue negligente.<\/p>\n<p>El <a href=\"https:\/\/sandovalpllc.com\/es\/que-tipos-de-casos-maneja-un-abogado-de-accidentes\/\">abogado de lesiones laborales<\/a> Sandoval ha sido un abogado con experiencia durante toda su carrera jur\u00eddica. Se enorgullece de poder aprovechar los conocimientos y la experiencia que recibi\u00f3 al crecer el mismo como un trabajador f\u00edsico y utilizarlos para comprender mejor c\u00f3mo se produjeron las lesiones de sus clientes, incluido presentar un reclamo. El abogado de lesiones personales Sandoval habla el idioma de los trabajadores y es capaz de entender f\u00e1cilmente c\u00f3mo se podr\u00eda haber evitado un incidente. En casi todos los casos, va a visitar el lugar del incidente para que no haya dudas sobre c\u00f3mo se produjo la lesi\u00f3n en el trabajo. Contratar a un abogado es una tarea que requiere estudio ya que su caso de accidente es sumamente importante, especialmente si tiene lesiones cerebrales traum\u00e1ticas.<\/p>\n<div class=\"embed-responsive embed-responsive-16by9 mb-3\"><iframe class=\"lazy-load\" class=\"embed-responsive-item\" data-src=\"https:\/\/www.youtube.com\/embed\/mmFtUe-xdyo?list=PLYoxLwZEZVozcMUvcNhUVYLVrT8yScN2L&amp;index=5&amp;rel=0\"><\/iframe><\/div>\n<h3>\u00a1Lucho por los derechos de los trabajadores lesionados y sus familias!<\/h3>\n<p>Durante los primeros 12 a\u00f1os de su carrera, el <a href=\"\/es\/areas-de-practica\/lesiones-laborales\/\" target=\"_blank\" rel=\"noopener noreferrer\">abogado de accidentes de trabajo<\/a>, H\u00e9ctor L. Sandoval, represent\u00f3 a las v\u00edctimas de lesiones por accidentes en ferrocarriles y a sus familias en m\u00e1s de la mitad de los estados de los EE. UU. Luego de pasar mucho tiempo en la calle luchando por los derechos de las v\u00edctimas de accidentes ferroviarios, en 2015 Hector trajo su experiencia a Houston. Como uno de los tres accionistas de <a href=\"\/es\/historial-trabajo\/\" target=\"_blank\" rel=\"noopener noreferrer\">Sandoval &amp; Waldman, PLLC<\/a>, Hector centr\u00f3 su pr\u00e1ctica en representar a los trabajadores lesionados de Texas y sus familias en todo el estado de Texas. En un corto per\u00edodo de tres a\u00f1os, Hector desarroll\u00f3 una pr\u00e1ctica que se centr\u00f3 en responsabilizar a los empleadores no-suscriptores de Texas en casos de negligencia que causen lesiones graves a sus empleados. Durante este mismo tiempo, Hector tambi\u00e9n represent\u00f3 a personas que sufrieron lesiones graves en casos de accidentes automovil\u00edsticos, casos en las instalaciones y choques con camiones de 18 ruedas; durante este per\u00edodo adquiri\u00f3 una vasta experiencia en el trato con las compa\u00f1\u00edas de seguros. \u00a1En 2018, Hector decidi\u00f3 que era hora de aprovechar su experiencia nacional y estatal y crear una empresa que estuviera verdaderamente dedicada a representar \u00a1al trabajador lesionado del estado de Texas! Esto es lo que hacemos en la firma de abogado Hector Sandoval,\u00a1 <b><em>,\u00a1luchar por los derechos de los trabajadores lesionados y sus familias para que no solo puedan reembolsarle las facturas m\u00e9dicas pagadas sino tambien presentar un reclamo por p\u00e9rdida de ingresos, da\u00f1os a la propiedad y a su peersona!<\/em>. <\/b><br \/>\nPor favor llama para una consulta gratuita. <strong><a href=\"tel:+13463477777\" class=\"click-to-call-body\">(346) 347-7777<\/a><\/strong><\/p>\n<h3>SANDOVAL HA LLEVADO ADELANTE CASOS QUE INVOLUCRAN:<\/h3>\n<ul>\n<li>Reclamos de responsabilidad de las instalaciones (resbalones, tropiezos y ca\u00eddas)<\/li>\n<li>Lesiones por accidentes automovil\u00edsticos graves<\/li>\n<li>Lesiones resultantes de negligentes conductores de camiones de 18 ruedas<\/li>\n<li>Lesiones resultantes de los ataques de animales.<\/li>\n<li>Lesiones resultantes del uso de medicamentos farmac\u00e9uticos retirados del mercado o dispositivos m\u00e9dicos que amenazan la vida<\/li>\n<li><a href=\"https:\/\/sandovalpllc.com\/es\/abogado-accidentes-trabajo\/accidentes-de-ferrocarril-fela\/\" target=\"_blank\" rel=\"noopener\">Accidentes y lesiones de trabajadores ferroviarios (FELA)<\/a><\/li>\n<li>Reclamos derivados de la Ley Federal de Responsabilidad del Empleador (FELA) por lesiones de exposici\u00f3n ocupacional, incluyendo asbestosis, silicosis y otras lesiones traum\u00e1ticas inducidas por la ocupaci\u00f3n<\/li>\n<\/ul>\n<h3>SANDOVAL ES MIEMBRO DE LAS SIGUIENTES ORGANIZACIONES:<\/h3>\n<ul>\n<li>Colegio de Abogados de Texas<\/li>\n<li>Tribunal de Distrito de los Estados Unidos para el Distrito Sur de Texas<\/li>\n<li>Colegio de Abogados de Houston<\/li>\n<li>Abogados de Houston<\/li>\n<li>Colegio de Abogados del Condado de Harris<\/li>\n<li>Colegio de Abogados del Condado de Fort Bend<\/li>\n<li>Colegio de Abogados del Condado de Hidalgo<\/li>\n<li>El Colegio Mexicano de Abogados de Houston (MABAH)<\/li>\n<li>Colegio de Abogados Hispanos de Houston (HisBA)<\/li>\n<li>Asociaci\u00f3n Americana de Justicia<\/li>\n<li>Organizaci\u00f3n nacional de abogados litigantes<\/li>\n<\/ul>\n<h3>Porcentaje de litigios<\/h3>\n<p>100% de la pr\u00e1ctica dedicada al litigio<\/p>\n<h3>ADMISIONES DE COLEGIO DE ABOGADOS<\/h3>\n<ul>\n<li>Colegio de Abogados de Texas<\/li>\n<li>Tribunal de Distrito de los Estados Unidos para el Distrito Sur de Texas<\/li>\n<li>Tribunal de Distrito de los Estados Unidos para el Distrito Este de Texas<\/li>\n<\/ul>\n<h3>Educaci\u00f3n<\/h3>\n<ul>\n<li>Universidad de Texas en Austin \u2013 B.A. Gobierno (2000)<\/li>\n<li>Facultad de Derecho del Sur de Texas \u2013 J.D. (2003)<\/li>\n<\/ul>\n<p>El <a href=\"https:\/\/sandovalpllc.com\/es\/que-tipos-de-casos-maneja-un-abogado-de-accidentes\/\">abogado de lesiones personales Hector Sandoval<\/a> es miembro vitalicio de la Asociaci\u00f3n de Ex Alumnos de la Universidad de Texas, y contin\u00faa afirmando que su sangre es naranja. Ha sido un atleta toda su vida y sigue de cerca todos los deportes locales.<\/p>\n<p>La pasi\u00f3n de Hector por ayudar al trabajador de Texas lesionado proviene de una educaci\u00f3n en la que su familia le ense\u00f1\u00f3 el valor de un d\u00f3lar ganado con esfuerzo. A una edad muy temprana, aprendi\u00f3 a nunca rehuir el trabajo f\u00edsico. Esto le ha permitido al abogado Sandoval hacer lazos muy fuertes con sus clientes. La \u00e9tica laboral de Hector Sandoval est\u00e1 profundamente motivada por su fe, su amor por su esposa e hijos y la historia de las luchas diarias de todos los trabajadores que luchan por poner comida en la mesa para sus familias.<\/p>\n","protected":false},"excerpt":{"rendered":"<p>Accidentes de Trabajo y Auto en Houston, TX. Como abogado de accidentes de Houston, el abogado Sandoval se centra en el manejo de lesiones por accidentes de trabajo y los casos de accidentes de auto en Houston, Dallas-Fort Worth Metroplex and Rio Grande Valley (Edinburg, McAllen, Donna, Weslaco, Harlingen). Nuestra firma tiene su sede en&#8230; <a href=\"https:\/\/sandovalpllc.com\/es\/abogado-hector-sandoval\/\" class=\"learn-btn\">Continue Reading<\/a><\/p>\n","protected":false},"author":6,"featured_media":220,"parent":0,"menu_order":0,"comment_status":"closed","ping_status":"closed","template":"","meta":{"_acf_changed":false,"_genesis_hide_title":false,"_genesis_hide_breadcrumbs":false,"_genesis_hide_singular_image":false,"_genesis_hide_footer_widgets":false,"_genesis_custom_body_class":"","_genesis_custom_post_class":"","_genesis_layout":"","footnotes":""},"class_list":{"0":"post-67","1":"page","2":"type-page","3":"status-publish","4":"has-post-thumbnail","6":"entry"},"acf":[],"yoast_head":"<!-- This site is optimized with the Yoast SEO plugin v26.8 - https:\/\/yoast.com\/product\/yoast-seo-wordpress\/ -->\n<title>Abogado Hector Sandoval - Abogado de Accidentes en Houston TX<\/title>\n<meta name=\"description\" content=\"Accidentes de Trabajo y Auto en Houston, TX. Como abogado de accidentes de Houston, el abogado Sandoval se centra en el manejo de lesiones..\" \/>\n<meta name=\"robots\" content=\"index, follow, max-snippet:-1, max-image-preview:large, max-video-preview:-1\" \/>\n<link rel=\"canonical\" href=\"https:\/\/sandovalpllc.com\/es\/abogado-hector-sandoval\/\" \/>\n<meta property=\"og:locale\" content=\"es_ES\" \/>\n<meta property=\"og:type\" content=\"article\" \/>\n<meta property=\"og:title\" content=\"Abogado Hector Sandoval - Abogado de Accidentes en Houston TX\" \/>\n<meta property=\"og:description\" content=\"Accidentes de Trabajo y Auto en Houston, TX. Como abogado de accidentes de Houston, el abogado Sandoval se centra en el manejo de lesiones..\" \/>\n<meta property=\"og:url\" content=\"https:\/\/sandovalpllc.com\/es\/abogado-hector-sandoval\/\" \/>\n<meta property=\"og:site_name\" content=\"Bufete de Abogados Sandoval Da\u00f1os Personales y Muerte Injusta\" \/>\n<meta property=\"article:modified_time\" content=\"2025-11-21T20:23:36+00:00\" \/>\n<meta property=\"og:image\" content=\"https:\/\/sandovalpllc.com\/es\/wp-content\/uploads\/sites\/2\/2019\/05\/attorney-sandoval-bg.jpg\" \/>\n\t<meta property=\"og:image:width\" content=\"1920\" \/>\n\t<meta property=\"og:image:height\" content=\"594\" \/>\n\t<meta property=\"og:image:type\" content=\"image\/jpeg\" \/>\n<meta name=\"twitter:card\" content=\"summary_large_image\" \/>\n<meta name=\"twitter:label1\" content=\"Est. reading time\" \/>\n\t<meta name=\"twitter:data1\" content=\"5 minutos\" \/>\n<script type=\"application\/ld+json\" class=\"yoast-schema-graph\">{\"@context\":\"https:\/\/schema.org\",\"@graph\":[{\"@type\":\"WebPage\",\"@id\":\"https:\/\/sandovalpllc.com\/es\/abogado-hector-sandoval\/\",\"url\":\"https:\/\/sandovalpllc.com\/es\/abogado-hector-sandoval\/\",\"name\":\"Abogado Hector Sandoval - Abogado de Accidentes en Houston TX\",\"isPartOf\":{\"@id\":\"https:\/\/sandovalpllc.com\/es\/#website\"},\"primaryImageOfPage\":{\"@id\":\"https:\/\/sandovalpllc.com\/es\/abogado-hector-sandoval\/#primaryimage\"},\"image\":{\"@id\":\"https:\/\/sandovalpllc.com\/es\/abogado-hector-sandoval\/#primaryimage\"},\"thumbnailUrl\":\"https:\/\/sandovalpllc.com\/es\/wp-content\/uploads\/sites\/2\/2019\/05\/attorney-sandoval-bg.jpg\",\"datePublished\":\"2019-05-08T15:41:08+00:00\",\"dateModified\":\"2025-11-21T20:23:36+00:00\",\"description\":\"Accidentes de Trabajo y Auto en Houston, TX. Como abogado de accidentes de Houston, el abogado Sandoval se centra en el manejo de lesiones..\",\"breadcrumb\":{\"@id\":\"https:\/\/sandovalpllc.com\/es\/abogado-hector-sandoval\/#breadcrumb\"},\"inLanguage\":\"es-PE\",\"potentialAction\":[{\"@type\":\"ReadAction\",\"target\":[\"https:\/\/sandovalpllc.com\/es\/abogado-hector-sandoval\/\"]}]},{\"@type\":\"ImageObject\",\"inLanguage\":\"es-PE\",\"@id\":\"https:\/\/sandovalpllc.com\/es\/abogado-hector-sandoval\/#primaryimage\",\"url\":\"https:\/\/sandovalpllc.com\/es\/wp-content\/uploads\/sites\/2\/2019\/05\/attorney-sandoval-bg.jpg\",\"contentUrl\":\"https:\/\/sandovalpllc.com\/es\/wp-content\/uploads\/sites\/2\/2019\/05\/attorney-sandoval-bg.jpg\",\"width\":1920,\"height\":594,\"caption\":\"abogado hector sandoval\"},{\"@type\":\"BreadcrumbList\",\"@id\":\"https:\/\/sandovalpllc.com\/es\/abogado-hector-sandoval\/#breadcrumb\",\"itemListElement\":[{\"@type\":\"ListItem\",\"position\":1,\"name\":\"Home\",\"item\":\"https:\/\/sandovalpllc.com\/es\/\"},{\"@type\":\"ListItem\",\"position\":2,\"name\":\"Abogado de Accidentes de Houston Hector Sandoval\"}]},{\"@type\":\"WebSite\",\"@id\":\"https:\/\/sandovalpllc.com\/es\/#website\",\"url\":\"https:\/\/sandovalpllc.com\/es\/\",\"name\":\"Bufete de Abogados Sandoval Da\u00f1os Personales y Muerte Injusta\",\"description\":\"Just another Sandoval Law Firm, PLLC Sites site\",\"potentialAction\":[{\"@type\":\"SearchAction\",\"target\":{\"@type\":\"EntryPoint\",\"urlTemplate\":\"https:\/\/sandovalpllc.com\/es\/?s={search_term_string}\"},\"query-input\":{\"@type\":\"PropertyValueSpecification\",\"valueRequired\":true,\"valueName\":\"search_term_string\"}}],\"inLanguage\":\"es-PE\"}]}<\/script>\n<!-- \/ Yoast SEO plugin. -->","yoast_head_json":{"title":"Abogado Hector Sandoval - Abogado de Accidentes en Houston TX","description":"Accidentes de Trabajo y Auto en Houston, TX. Como abogado de accidentes de Houston, el abogado Sandoval se centra en el manejo de lesiones..","robots":{"index":"index","follow":"follow","max-snippet":"max-snippet:-1","max-image-preview":"max-image-preview:large","max-video-preview":"max-video-preview:-1"},"canonical":"https:\/\/sandovalpllc.com\/es\/abogado-hector-sandoval\/","og_locale":"es_ES","og_type":"article","og_title":"Abogado Hector Sandoval - Abogado de Accidentes en Houston TX","og_description":"Accidentes de Trabajo y Auto en Houston, TX. Como abogado de accidentes de Houston, el abogado Sandoval se centra en el manejo de lesiones..","og_url":"https:\/\/sandovalpllc.com\/es\/abogado-hector-sandoval\/","og_site_name":"Bufete de Abogados Sandoval Da\u00f1os Personales y Muerte Injusta","article_modified_time":"2025-11-21T20:23:36+00:00","og_image":[{"width":1920,"height":594,"url":"https:\/\/sandovalpllc.com\/es\/wp-content\/uploads\/sites\/2\/2019\/05\/attorney-sandoval-bg.jpg","type":"image\/jpeg"}],"twitter_card":"summary_large_image","twitter_misc":{"Est. reading time":"5 minutos"},"schema":{"@context":"https:\/\/schema.org","@graph":[{"@type":"WebPage","@id":"https:\/\/sandovalpllc.com\/es\/abogado-hector-sandoval\/","url":"https:\/\/sandovalpllc.com\/es\/abogado-hector-sandoval\/","name":"Abogado Hector Sandoval - Abogado de Accidentes en Houston TX","isPartOf":{"@id":"https:\/\/sandovalpllc.com\/es\/#website"},"primaryImageOfPage":{"@id":"https:\/\/sandovalpllc.com\/es\/abogado-hector-sandoval\/#primaryimage"},"image":{"@id":"https:\/\/sandovalpllc.com\/es\/abogado-hector-sandoval\/#primaryimage"},"thumbnailUrl":"https:\/\/sandovalpllc.com\/es\/wp-content\/uploads\/sites\/2\/2019\/05\/attorney-sandoval-bg.jpg","datePublished":"2019-05-08T15:41:08+00:00","dateModified":"2025-11-21T20:23:36+00:00","description":"Accidentes de Trabajo y Auto en Houston, TX. Como abogado de accidentes de Houston, el abogado Sandoval se centra en el manejo de lesiones..","breadcrumb":{"@id":"https:\/\/sandovalpllc.com\/es\/abogado-hector-sandoval\/#breadcrumb"},"inLanguage":"es-PE","potentialAction":[{"@type":"ReadAction","target":["https:\/\/sandovalpllc.com\/es\/abogado-hector-sandoval\/"]}]},{"@type":"ImageObject","inLanguage":"es-PE","@id":"https:\/\/sandovalpllc.com\/es\/abogado-hector-sandoval\/#primaryimage","url":"https:\/\/sandovalpllc.com\/es\/wp-content\/uploads\/sites\/2\/2019\/05\/attorney-sandoval-bg.jpg","contentUrl":"https:\/\/sandovalpllc.com\/es\/wp-content\/uploads\/sites\/2\/2019\/05\/attorney-sandoval-bg.jpg","width":1920,"height":594,"caption":"abogado hector sandoval"},{"@type":"BreadcrumbList","@id":"https:\/\/sandovalpllc.com\/es\/abogado-hector-sandoval\/#breadcrumb","itemListElement":[{"@type":"ListItem","position":1,"name":"Home","item":"https:\/\/sandovalpllc.com\/es\/"},{"@type":"ListItem","position":2,"name":"Abogado de Accidentes de Houston Hector Sandoval"}]},{"@type":"WebSite","@id":"https:\/\/sandovalpllc.com\/es\/#website","url":"https:\/\/sandovalpllc.com\/es\/","name":"Bufete de Abogados Sandoval Da\u00f1os Personales y Muerte Injusta","description":"Just another Sandoval Law Firm, PLLC Sites site","potentialAction":[{"@type":"SearchAction","target":{"@type":"EntryPoint","urlTemplate":"https:\/\/sandovalpllc.com\/es\/?s={search_term_string}"},"query-input":{"@type":"PropertyValueSpecification","valueRequired":true,"valueName":"search_term_string"}}],"inLanguage":"es-PE"}]}},"_links":{"self":[{"href":"https:\/\/sandovalpllc.com\/es\/wp-json\/wp\/v2\/pages\/67","targetHints":{"allow":["GET"]}}],"collection":[{"href":"https:\/\/sandovalpllc.com\/es\/wp-json\/wp\/v2\/pages"}],"about":[{"href":"https:\/\/sandovalpllc.com\/es\/wp-json\/wp\/v2\/types\/page"}],"author":[{"embeddable":true,"href":"https:\/\/sandovalpllc.com\/es\/wp-json\/wp\/v2\/users\/6"}],"replies":[{"embeddable":true,"href":"https:\/\/sandovalpllc.com\/es\/wp-json\/wp\/v2\/comments?post=67"}],"version-history":[{"count":0,"href":"https:\/\/sandovalpllc.com\/es\/wp-json\/wp\/v2\/pages\/67\/revisions"}],"wp:featuredmedia":[{"embeddable":true,"href":"https:\/\/sandovalpllc.com\/es\/wp-json\/wp\/v2\/media\/220"}],"wp:attachment":[{"href":"https:\/\/sandovalpllc.com\/es\/wp-json\/wp\/v2\/media?parent=67"}],"curies":[{"name":"wp","href":"https:\/\/api.w.org\/{rel}","templated":true}]}}