{"id":626,"date":"2020-05-11T15:19:11","date_gmt":"2020-05-11T15:19:11","guid":{"rendered":"https:\/\/sandovalpllc.com\/es\/?page_id=626"},"modified":"2025-10-20T18:19:37","modified_gmt":"2025-10-20T18:19:37","slug":"consultas-legales-virtuales","status":"publish","type":"page","link":"https:\/\/sandovalpllc.com\/es\/consultas-legales-virtuales\/","title":{"rendered":"Consultas legales virtuales"},"content":{"rendered":"<h2>Consulte en l\u00ednea con el abogado de accidentes Sandoval<br \/>\n<span class=\"h2pan\">\u00a1No tiene que esperar a que las firmas legales reabran f\u00edsicamente!<br \/>\n\u00a1LLAMA AHORA! <a href=\"tel:+13463477777\" class=\"click-to-call-body\">(346) 347-7777<\/a>.<\/span><\/h2>\n<p>Muchas empresas en todo el estado de Texas y el resto del pa\u00eds se han visto obligadas a cerrar debido a la <strong>pandemia de COVID-19<\/strong>. A medida que estos cierres y restricciones obligatorias comienzan a disminuir, muchos negocios tejanos ir\u00e1n de poco reabriendo. Es probable que esto sea un cambio gradual, ya que algunas industrias podr\u00e1n reabrir antes que otras, y seguro habr\u00e1 reglas y nuevos est\u00e1ndares a seguir. C\u00f3mo funcionar\u00e1n los lugares de trabajo en un mundo posterior al coronavirus esta por verse.<\/p>\n<p>En <strong><a href=\"https:\/\/sandovalpllc.com\/es\/abogado-hector-sandoval\/\" target=\"_blank\" rel=\"noopener noreferrer\">Sandoval Law Firm<\/a><\/strong>, hemos permanecido abiertos durante toda la pandemia del coronavirus haciendo todo lo necesario para avanzar en su caso. \u00a1Siempre luchando por los derechos de los tejanos lesionados, pase lo que pase! Ahora estamos atendiendo consultas legales en l\u00ednea para muchos de nuestros clientes que prefieren la comodidad de un entorno virtual (en lugar de acudir f\u00edsicamente a una oficina de abogados). Si su preferencia en este momento es comunicarse con nosotros en l\u00ednea, estamos aqu\u00ed para ayudarlo con una consulta legal virtual para discutir su caso. Esto le permite <strong>obtener una consulta legal de manera r\u00e1pida y segura<\/strong> para que no tenga que salir de su casa para poner en riesgo su salud. <strong>Nuestra comunidad es nuestra m\u00e1xima prioridad<\/strong> y estamos decididos a enfrentar esta crisis juntos de manera responsable y apoy\u00e1ndonos mutuamente.<\/p>\n<p><strong>Leer: <a href=\"https:\/\/sandovalpllc.com\/es\/precauciones-y-protocolo-por-covid-19\/\" target=\"_blank\" rel=\"noopener noreferrer\">Precauciones y Protocolo por COVID-19 en Sandoval Law Firm<\/a>.<\/strong><\/p>\n<p><img loading=\"lazy\" decoding=\"async\" class=\"aligncenter size-full wp-image-2970 lazy-load\" src=\"https:\/\/sandovalpllc.com\/es\/wp-content\/uploads\/sites\/2\/2025\/10\/consultas-legales-virtuales-img.jpg\" alt=\"Consultas legales virtuales\" width=\"768\" height=\"512\" srcset=\"https:\/\/sandovalpllc.com\/es\/wp-content\/uploads\/sites\/2\/2025\/10\/consultas-legales-virtuales-img.jpg 768w, https:\/\/sandovalpllc.com\/es\/wp-content\/uploads\/sites\/2\/2025\/10\/consultas-legales-virtuales-img-300x200.jpg 300w\" sizes=\"auto, (max-width: 768px) 100vw, 768px\" \/><\/p>\n<h3>Obteniendo la compensaci\u00f3n y la paz mental que se merece<\/h3>\n<p>Si usted o un ser querido ha sufriedo una <a href=\"https:\/\/sandovalpllc.com\/es\/muerte-por-negligencia-y-reclamos-de-sobrevivientes\/\" target=\"_blank\" rel=\"noopener noreferrer\">accidente catastr\u00f3fico<\/a>, favor llama a <a href=\"\/\">Sandoval Law Firm, PLLC<\/a> inmediatamente para una consulta gratuita. Hector L. Sandoval posee la experiencia y la tenacidad necesaria para obtener la compensaci\u00f3n que se merece. Solo pagar\u00e1 por gastos legales si ganamos su caso.<\/p>\n<p>Por favor llama para una consulta gratuita al <strong><a href=\"tel:+13463477777\" class=\"click-to-call-body\">(346) 347-7777<\/a><\/strong> o por mensaje de texto al <strong><a href=\"tel:+18324644147\">(832) 464-4147<\/a><\/strong>.<\/p>\n<p>Gracias por la confianza que ha depositado en nosotros y por la oportunidad de continuar atendiendo sus necesidades legales relacionadas accidentes de auto o trabajo.<\/p>\n<p>Sinceramente,<\/p>\n<h4>Hector L. Sandoval<\/h4>\n<p><a href=\"https:\/\/sandovalpllc.com\/es\/abogado-hector-sandoval\/\" target=\"_blank\" rel=\"noopener noreferrer\">Abogado de Accidentes Hector Sandoval<\/a><br \/>\n<img loading=\"lazy\" decoding=\"async\" class=\"alignleft size-full wp-image-228 lazy-load\" src=\"https:\/\/sandovalpllc.com\/es\/wp-content\/uploads\/sites\/2\/2019\/05\/cropped-sandoval-law-spain-png-1.png\" alt=\"Precauciones y Protocolo por COVID-19\" width=\"399\" height=\"146\" srcset=\"https:\/\/sandovalpllc.com\/es\/wp-content\/uploads\/sites\/2\/2019\/05\/cropped-sandoval-law-spain-png-1.png 399w, https:\/\/sandovalpllc.com\/es\/wp-content\/uploads\/sites\/2\/2019\/05\/cropped-sandoval-law-spain-png-1-300x110.png 300w\" sizes=\"auto, (max-width: 399px) 100vw, 399px\" \/><\/p>\n<p><img decoding=\"async\" class=\"img-responsive lazy-load\" src=\"\/wp-content\/uploads\/2019\/01\/9301-Web-Photo-SLF.jpg\" alt=\"Sandoval Pllc\" \/><\/p>\n<p><b>NUESTRA UBICACI\u00d3N<\/b><br \/>\n9709 Lakeside Blvd., Suite 525<br \/>\nThe Woodlands, Texas 77381<br \/>\nPhone: <a href=\"tel:+13463477777\" class=\"click-to-call-body\">(346) 347-7777<\/a><br \/>\nFax: 346-347-8888<\/p>\n","protected":false},"excerpt":{"rendered":"<p>Consulte en l\u00ednea con el abogado de accidentes Sandoval \u00a1No tiene que esperar a que las firmas legales reabran f\u00edsicamente! \u00a1LLAMA AHORA! . Muchas empresas en todo el estado de Texas y el resto del pa\u00eds se han visto obligadas a cerrar debido a la pandemia de COVID-19. A medida que estos cierres y restricciones&#8230; <a href=\"https:\/\/sandovalpllc.com\/es\/consultas-legales-virtuales\/\" class=\"learn-btn\">Continue Reading<\/a><\/p>\n","protected":false},"author":3,"featured_media":627,"parent":0,"menu_order":0,"comment_status":"closed","ping_status":"closed","template":"","meta":{"_acf_changed":false,"_genesis_hide_title":false,"_genesis_hide_breadcrumbs":false,"_genesis_hide_singular_image":false,"_genesis_hide_footer_widgets":false,"_genesis_custom_body_class":"","_genesis_custom_post_class":"","_genesis_layout":"","footnotes":""},"class_list":{"0":"post-626","1":"page","2":"type-page","3":"status-publish","4":"has-post-thumbnail","6":"entry"},"acf":[],"yoast_head":"<!-- This site is optimized with the Yoast SEO plugin v26.8 - https:\/\/yoast.com\/product\/yoast-seo-wordpress\/ -->\n<title>Consultas legales virtuales por Hector Sandoval, Houston Tx<\/title>\n<meta name=\"description\" content=\"A medida que estos cierres y restricciones obligatorias comienzan a disminuir, muchos negocios tejanos iran de poco reabriendo. Es probable que esto sea...\" \/>\n<meta name=\"robots\" content=\"index, follow, max-snippet:-1, max-image-preview:large, max-video-preview:-1\" \/>\n<link rel=\"canonical\" href=\"https:\/\/sandovalpllc.com\/es\/consultas-legales-virtuales\/\" \/>\n<meta property=\"og:locale\" content=\"es_ES\" \/>\n<meta property=\"og:type\" content=\"article\" \/>\n<meta property=\"og:title\" content=\"Consultas legales virtuales por Hector Sandoval, Houston Tx\" \/>\n<meta property=\"og:description\" content=\"A medida que estos cierres y restricciones obligatorias comienzan a disminuir, muchos negocios tejanos iran de poco reabriendo. Es probable que esto sea...\" \/>\n<meta property=\"og:url\" content=\"https:\/\/sandovalpllc.com\/es\/consultas-legales-virtuales\/\" \/>\n<meta property=\"og:site_name\" content=\"Bufete de Abogados Sandoval Da\u00f1os Personales y Muerte Injusta\" \/>\n<meta property=\"article:modified_time\" content=\"2025-10-20T18:19:37+00:00\" \/>\n<meta property=\"og:image\" content=\"https:\/\/sandovalpllc.com\/es\/wp-content\/uploads\/sites\/2\/2020\/05\/Virtual-legal-consultation_accident-attorney-hector-sandoval_1350px-1.jpg\" \/>\n\t<meta property=\"og:image:width\" content=\"1350\" \/>\n\t<meta property=\"og:image:height\" content=\"900\" \/>\n\t<meta property=\"og:image:type\" content=\"image\/jpeg\" \/>\n<meta name=\"twitter:card\" content=\"summary_large_image\" \/>\n<meta name=\"twitter:label1\" content=\"Est. reading time\" \/>\n\t<meta name=\"twitter:data1\" content=\"3 minutos\" \/>\n<script type=\"application\/ld+json\" class=\"yoast-schema-graph\">{\"@context\":\"https:\/\/schema.org\",\"@graph\":[{\"@type\":\"WebPage\",\"@id\":\"https:\/\/sandovalpllc.com\/es\/consultas-legales-virtuales\/\",\"url\":\"https:\/\/sandovalpllc.com\/es\/consultas-legales-virtuales\/\",\"name\":\"Consultas legales virtuales por Hector Sandoval, Houston Tx\",\"isPartOf\":{\"@id\":\"https:\/\/sandovalpllc.com\/es\/#website\"},\"primaryImageOfPage\":{\"@id\":\"https:\/\/sandovalpllc.com\/es\/consultas-legales-virtuales\/#primaryimage\"},\"image\":{\"@id\":\"https:\/\/sandovalpllc.com\/es\/consultas-legales-virtuales\/#primaryimage\"},\"thumbnailUrl\":\"https:\/\/sandovalpllc.com\/es\/wp-content\/uploads\/sites\/2\/2020\/05\/Virtual-legal-consultation_accident-attorney-hector-sandoval_1350px-1.jpg\",\"datePublished\":\"2020-05-11T15:19:11+00:00\",\"dateModified\":\"2025-10-20T18:19:37+00:00\",\"description\":\"A medida que estos cierres y restricciones obligatorias comienzan a disminuir, muchos negocios tejanos iran de poco reabriendo. Es probable que esto sea...\",\"breadcrumb\":{\"@id\":\"https:\/\/sandovalpllc.com\/es\/consultas-legales-virtuales\/#breadcrumb\"},\"inLanguage\":\"es-PE\",\"potentialAction\":[{\"@type\":\"ReadAction\",\"target\":[\"https:\/\/sandovalpllc.com\/es\/consultas-legales-virtuales\/\"]}]},{\"@type\":\"ImageObject\",\"inLanguage\":\"es-PE\",\"@id\":\"https:\/\/sandovalpllc.com\/es\/consultas-legales-virtuales\/#primaryimage\",\"url\":\"https:\/\/sandovalpllc.com\/es\/wp-content\/uploads\/sites\/2\/2020\/05\/Virtual-legal-consultation_accident-attorney-hector-sandoval_1350px-1.jpg\",\"contentUrl\":\"https:\/\/sandovalpllc.com\/es\/wp-content\/uploads\/sites\/2\/2020\/05\/Virtual-legal-consultation_accident-attorney-hector-sandoval_1350px-1.jpg\",\"width\":1350,\"height\":900,\"caption\":\"Close up of businessman talk with female business partner or client using video call on laptop, male employee talk consult with coach on webcam conference on computer, online consultation concept\"},{\"@type\":\"BreadcrumbList\",\"@id\":\"https:\/\/sandovalpllc.com\/es\/consultas-legales-virtuales\/#breadcrumb\",\"itemListElement\":[{\"@type\":\"ListItem\",\"position\":1,\"name\":\"Home\",\"item\":\"https:\/\/sandovalpllc.com\/es\/\"},{\"@type\":\"ListItem\",\"position\":2,\"name\":\"Consultas legales virtuales\"}]},{\"@type\":\"WebSite\",\"@id\":\"https:\/\/sandovalpllc.com\/es\/#website\",\"url\":\"https:\/\/sandovalpllc.com\/es\/\",\"name\":\"Bufete de Abogados Sandoval Da\u00f1os Personales y Muerte Injusta\",\"description\":\"Just another Sandoval Law Firm, PLLC Sites site\",\"potentialAction\":[{\"@type\":\"SearchAction\",\"target\":{\"@type\":\"EntryPoint\",\"urlTemplate\":\"https:\/\/sandovalpllc.com\/es\/?s={search_term_string}\"},\"query-input\":{\"@type\":\"PropertyValueSpecification\",\"valueRequired\":true,\"valueName\":\"search_term_string\"}}],\"inLanguage\":\"es-PE\"}]}<\/script>\n<!-- \/ Yoast SEO plugin. -->","yoast_head_json":{"title":"Consultas legales virtuales por Hector Sandoval, Houston Tx","description":"A medida que estos cierres y restricciones obligatorias comienzan a disminuir, muchos negocios tejanos iran de poco reabriendo. Es probable que esto sea...","robots":{"index":"index","follow":"follow","max-snippet":"max-snippet:-1","max-image-preview":"max-image-preview:large","max-video-preview":"max-video-preview:-1"},"canonical":"https:\/\/sandovalpllc.com\/es\/consultas-legales-virtuales\/","og_locale":"es_ES","og_type":"article","og_title":"Consultas legales virtuales por Hector Sandoval, Houston Tx","og_description":"A medida que estos cierres y restricciones obligatorias comienzan a disminuir, muchos negocios tejanos iran de poco reabriendo. Es probable que esto sea...","og_url":"https:\/\/sandovalpllc.com\/es\/consultas-legales-virtuales\/","og_site_name":"Bufete de Abogados Sandoval Da\u00f1os Personales y Muerte Injusta","article_modified_time":"2025-10-20T18:19:37+00:00","og_image":[{"width":1350,"height":900,"url":"https:\/\/sandovalpllc.com\/es\/wp-content\/uploads\/sites\/2\/2020\/05\/Virtual-legal-consultation_accident-attorney-hector-sandoval_1350px-1.jpg","type":"image\/jpeg"}],"twitter_card":"summary_large_image","twitter_misc":{"Est. reading time":"3 minutos"},"schema":{"@context":"https:\/\/schema.org","@graph":[{"@type":"WebPage","@id":"https:\/\/sandovalpllc.com\/es\/consultas-legales-virtuales\/","url":"https:\/\/sandovalpllc.com\/es\/consultas-legales-virtuales\/","name":"Consultas legales virtuales por Hector Sandoval, Houston Tx","isPartOf":{"@id":"https:\/\/sandovalpllc.com\/es\/#website"},"primaryImageOfPage":{"@id":"https:\/\/sandovalpllc.com\/es\/consultas-legales-virtuales\/#primaryimage"},"image":{"@id":"https:\/\/sandovalpllc.com\/es\/consultas-legales-virtuales\/#primaryimage"},"thumbnailUrl":"https:\/\/sandovalpllc.com\/es\/wp-content\/uploads\/sites\/2\/2020\/05\/Virtual-legal-consultation_accident-attorney-hector-sandoval_1350px-1.jpg","datePublished":"2020-05-11T15:19:11+00:00","dateModified":"2025-10-20T18:19:37+00:00","description":"A medida que estos cierres y restricciones obligatorias comienzan a disminuir, muchos negocios tejanos iran de poco reabriendo. Es probable que esto sea...","breadcrumb":{"@id":"https:\/\/sandovalpllc.com\/es\/consultas-legales-virtuales\/#breadcrumb"},"inLanguage":"es-PE","potentialAction":[{"@type":"ReadAction","target":["https:\/\/sandovalpllc.com\/es\/consultas-legales-virtuales\/"]}]},{"@type":"ImageObject","inLanguage":"es-PE","@id":"https:\/\/sandovalpllc.com\/es\/consultas-legales-virtuales\/#primaryimage","url":"https:\/\/sandovalpllc.com\/es\/wp-content\/uploads\/sites\/2\/2020\/05\/Virtual-legal-consultation_accident-attorney-hector-sandoval_1350px-1.jpg","contentUrl":"https:\/\/sandovalpllc.com\/es\/wp-content\/uploads\/sites\/2\/2020\/05\/Virtual-legal-consultation_accident-attorney-hector-sandoval_1350px-1.jpg","width":1350,"height":900,"caption":"Close up of businessman talk with female business partner or client using video call on laptop, male employee talk consult with coach on webcam conference on computer, online consultation concept"},{"@type":"BreadcrumbList","@id":"https:\/\/sandovalpllc.com\/es\/consultas-legales-virtuales\/#breadcrumb","itemListElement":[{"@type":"ListItem","position":1,"name":"Home","item":"https:\/\/sandovalpllc.com\/es\/"},{"@type":"ListItem","position":2,"name":"Consultas legales virtuales"}]},{"@type":"WebSite","@id":"https:\/\/sandovalpllc.com\/es\/#website","url":"https:\/\/sandovalpllc.com\/es\/","name":"Bufete de Abogados Sandoval Da\u00f1os Personales y Muerte Injusta","description":"Just another Sandoval Law Firm, PLLC Sites site","potentialAction":[{"@type":"SearchAction","target":{"@type":"EntryPoint","urlTemplate":"https:\/\/sandovalpllc.com\/es\/?s={search_term_string}"},"query-input":{"@type":"PropertyValueSpecification","valueRequired":true,"valueName":"search_term_string"}}],"inLanguage":"es-PE"}]}},"_links":{"self":[{"href":"https:\/\/sandovalpllc.com\/es\/wp-json\/wp\/v2\/pages\/626","targetHints":{"allow":["GET"]}}],"collection":[{"href":"https:\/\/sandovalpllc.com\/es\/wp-json\/wp\/v2\/pages"}],"about":[{"href":"https:\/\/sandovalpllc.com\/es\/wp-json\/wp\/v2\/types\/page"}],"author":[{"embeddable":true,"href":"https:\/\/sandovalpllc.com\/es\/wp-json\/wp\/v2\/users\/3"}],"replies":[{"embeddable":true,"href":"https:\/\/sandovalpllc.com\/es\/wp-json\/wp\/v2\/comments?post=626"}],"version-history":[{"count":0,"href":"https:\/\/sandovalpllc.com\/es\/wp-json\/wp\/v2\/pages\/626\/revisions"}],"wp:featuredmedia":[{"embeddable":true,"href":"https:\/\/sandovalpllc.com\/es\/wp-json\/wp\/v2\/media\/627"}],"wp:attachment":[{"href":"https:\/\/sandovalpllc.com\/es\/wp-json\/wp\/v2\/media?parent=626"}],"curies":[{"name":"wp","href":"https:\/\/api.w.org\/{rel}","templated":true}]}}