{"id":6,"date":"2019-05-08T14:43:05","date_gmt":"2019-05-08T14:43:05","guid":{"rendered":"https:\/\/sandovalpllc.wpengine.com\/es\/?page_id=6"},"modified":"2025-01-30T17:01:12","modified_gmt":"2025-01-30T17:01:12","slug":"inicio","status":"publish","type":"page","link":"https:\/\/sandovalpllc.com\/es\/","title":{"rendered":"Abogado de Accidentes de Trabajo y Auto de Texas"},"content":{"rendered":"<h2>Hector L. Sandoval, Abogado de Accidentes en Houston<\/h2>\n<p><strong class=\"highlight\" style=\"margin: 0; line-height: 1.2;\">\u00a1Que No Se Aprovechen, Pelea Por Tus Derechos!<\/strong><\/p>\n<h3>Por <a href=\"https:\/\/sandovalpllc.com\/es\/celebrando-20-anos-representando-a-trabajadores-lesionados\/\" target=\"_blank\" rel=\"noopener\">m\u00e1s de 20 a\u00f1os<\/a>, el <a href=\"https:\/\/sandovalpllc.com\/es\/abogado-hector-sandoval\/\" target=\"_blank\" rel=\"noopener noreferrer\">abogado de accidentes<\/a>, H\u00e9ctor L. Sandoval, ha representado a trabajadores lesionados y sus familias en todo Texas Y EN M\u00c1S DE LA MITAD DE LOS ESTADOS UNIDOS. Ayudar al trabajador lesionado a recuperarse lo antes posible y responsabilizar al empleador negligente es LA prioridad n\u00famero uno de SU FIRMA.<\/h3>\n<blockquote><p><img decoding=\"async\" class=\"alignleft lazy-load\" style=\"box-shadow: 4px 4px 0px 1px rgba(0, 0, 0, .7);\" title=\"Abogado de accidentes en Texas Hector Sandoval\" src=\"\/wp-content\/uploads\/2024\/03\/hector-sandoval-lawyer-img.jpeg\" alt=\"Abogado de accidentes en Texas Hector Sandoval\" width=\"225\" \/> Durante los \u00faltimos 9 a\u00f1os, mi enfoque principal ha sido ayudar a los tejanos lesionados que superan el proceso de lesiones por accidentes de trabajo para no suscriptores. Estos no son casos de compensaci\u00f3n laboral y la mayor\u00eda de las personas a\u00fan no saben la diferencia a pesar de que los no suscriptores han existido por m\u00e1s de 10 a\u00f1os. Nuestro segundo enfoque es ayudar a los tejanos lesionados cuyas vidas han cambiado como resultado de un accidente automovil\u00edstico\u201d.-Abogado H\u00e9ctor L. Sandoval<\/p><\/blockquote>\n<div class=\"text-home\">\n<p>\u00a1Ayudar a sus clientes lesionados a recuperarse lo antes posible y responsabilizar a los empleadores y conductores negligentes por sus acciones es la prioridad n\u00famero uno de nuestra firma!<\/p>\n<ol>\n<li><a href=\"https:\/\/sandovalpllc.com\/es\/que-debes-saber-en-su-caso-de-lesion-laboral-en-texas\/\" target=\"_blank\" rel=\"noopener\"><strong>Entendiendo su caso de lesi\u00f3n laboral en Texas<\/strong><\/a> &#8211; Ya sea que hayas sufrido recientemente un accidente de trabajo, o hayas estado luchando con la compa\u00f1\u00eda de seguros por varios meses, sabemos lo frustrante que es cuando tu empleador o los representantes de seguros no ayudan a descubrir lo que realmente est\u00e1 sucediendo con tu salud. E incluso cuando finalmente llegas al m\u00e9dico, \u00bfpuedes realmente confiar en ellos? \u00bfPor qu\u00e9 no puedes ver a un m\u00e9dico de tu elecci\u00f3n? Todas estas inquietudes son v\u00e1lidas y sigue tu instinto si te dice que no est\u00e1s recibiendo la atenci\u00f3n m\u00e9dica que mereces; entonces necesitas buscar asesor\u00eda legal AHORA de un abogado de lesiones laborales en Texas. El abogado de Houston, H\u00e9ctor L. Sandoval, se enfoca en brindarte una s\u00f3lida asesor\u00eda legal, proteger tus derechos, a tu familia y avanzar agresivamente en tu caso durante todo el proceso legal de litigio, tanto en accidentes de auto como de trabajo. Sandoval Law Firm atiende a clientes en casos de no suscriptores en todo el estado de Texas.<\/li>\n<li><strong><a href=\"https:\/\/sandovalpllc.com\/es\/que-debes-saber-en-su-caso-de-no-suscriptores-en-texas\/\" target=\"_blank\" rel=\"noopener\">Entendiendo su caso de no suscriptores en Texas<\/a><\/strong> &#8211; Los no suscriptores de Texas (Texas Non-subscribers) son empresas que han optado por salirse de la cobertura y las reglas del programa de Compensaci\u00f3n para trabajadores de Texas. Algunas empresas muy conocidas no tienen compensaci\u00f3n laboral: Walmart, Amazon, Lowe&#8217;s, Home Depot, HEB, Target y muchas m\u00e1s. la diferencia entre un caso de no suscriptor de Texas y un caso de compensaci\u00f3n de trabajadores de Texas es crucial para comprender sus derechos a compensaci\u00f3n y atenci\u00f3n m\u00e9dica. <a href=\"https:\/\/sandovalpllc.com\/es\/el-suyo-no-es-el-caso-tipico-de-compensacion-de-trabajadores-de-texas\/\" target=\"_blank\" rel=\"noopener\">Consulte algunas de las empresas no suscriptores de Texas<\/a>.<\/li>\n<li><a href=\"https:\/\/sandovalpllc.com\/es\/que-debes-saber-en-su-accidente-de-auto-en-texas\/\" target=\"_blank\" rel=\"noopener\"><strong>Entendiendo su caso de accidente de auto o de remolque de 18 ruedas en Texas<\/strong><\/a> &#8211; Si te han dicho que no necesitas un abogado para que te ayude en tu caso de accidente de auto, el consejo que est\u00e1s recibiendo proviene de alguien que puede no entender completamente (o no le convenga entender) tu caso y todos los obst\u00e1culos que podr\u00edas enfrentar en el camino. Las compa\u00f1\u00edas de seguros y sus representantes est\u00e1n preparados e instruidos (es su trabajo) para evaluar y pagar la menor cantidad de compensaci\u00f3n por lesiones y da\u00f1os a la propiedad. Si no re\u00fanes todas las pruebas que necesitas para mostrarle a la compa\u00f1\u00eda de seguros el verdadero valor de tu caso, podr\u00edas estar dejando mucho dinero sobre la mesa. Si la compa\u00f1\u00eda de seguros de autom\u00f3viles est\u00e1 demorando tu reclamo por cualquier raz\u00f3n, entonces es momento de buscar asesor\u00eda legal inmediatamente con un abogado de accidentes de auto de Texas.<\/li>\n<\/ol>\n<p>Llama al <strong><a href=\"tel:+13463477777\" class=\"click-to-call-body\">(346) 347-7777<\/a><\/strong> y pon al abogado hispano Sandoval de Houston a trabajar en tu caso!<\/p>\n<\/div>\n","protected":false},"excerpt":{"rendered":"<p>Hector L. Sandoval, Abogado de Accidentes en Houston \u00a1Que No Se Aprovechen, Pelea Por Tus Derechos! Por m\u00e1s de 20 a\u00f1os, el abogado de accidentes, H\u00e9ctor L. Sandoval, ha representado a trabajadores lesionados y sus familias en todo Texas Y EN M\u00c1S DE LA MITAD DE LOS ESTADOS UNIDOS. Ayudar al trabajador lesionado a recuperarse&#8230; <a href=\"https:\/\/sandovalpllc.com\/es\/\" class=\"learn-btn\">Continue Reading<\/a><\/p>\n","protected":false},"author":6,"featured_media":0,"parent":0,"menu_order":0,"comment_status":"closed","ping_status":"closed","template":"","meta":{"_acf_changed":false,"_genesis_hide_title":false,"_genesis_hide_breadcrumbs":false,"_genesis_hide_singular_image":false,"_genesis_hide_footer_widgets":false,"_genesis_custom_body_class":"","_genesis_custom_post_class":"","_genesis_layout":"","footnotes":""},"class_list":{"0":"post-6","1":"page","2":"type-page","3":"status-publish","5":"entry"},"acf":[],"yoast_head":"<!-- This site is optimized with the Yoast SEO plugin v26.8 - https:\/\/yoast.com\/product\/yoast-seo-wordpress\/ -->\n<title>Abogado de Accidentes de Trabajo y Auto de Texas - Sandoval Law Firm<\/title>\n<meta name=\"description\" content=\"El bufete de abogados de lesiones personales Sandoval Law Firm, PLLC maneja todo tipo de casos de accidentes en todo el Estado de Texas.\" \/>\n<meta name=\"robots\" content=\"index, follow, max-snippet:-1, max-image-preview:large, max-video-preview:-1\" \/>\n<link rel=\"canonical\" href=\"https:\/\/sandovalpllc.com\/es\/\" \/>\n<meta property=\"og:locale\" content=\"es_ES\" \/>\n<meta property=\"og:type\" content=\"article\" \/>\n<meta property=\"og:title\" content=\"Abogado de Accidentes de Trabajo y Auto de Texas - Sandoval Law Firm\" \/>\n<meta property=\"og:description\" content=\"El bufete de abogados de lesiones personales Sandoval Law Firm, PLLC maneja todo tipo de casos de accidentes en todo el Estado de Texas.\" \/>\n<meta property=\"og:url\" content=\"https:\/\/sandovalpllc.com\/es\/\" \/>\n<meta property=\"og:site_name\" content=\"Bufete de Abogados Sandoval Da\u00f1os Personales y Muerte Injusta\" \/>\n<meta property=\"article:modified_time\" content=\"2025-01-30T17:01:12+00:00\" \/>\n<meta name=\"twitter:card\" content=\"summary_large_image\" \/>\n<meta name=\"twitter:label1\" content=\"Est. reading time\" \/>\n\t<meta name=\"twitter:data1\" content=\"3 minutos\" \/>\n<script type=\"application\/ld+json\" class=\"yoast-schema-graph\">{\"@context\":\"https:\/\/schema.org\",\"@graph\":[{\"@type\":\"WebPage\",\"@id\":\"https:\/\/sandovalpllc.com\/es\/\",\"url\":\"https:\/\/sandovalpllc.com\/es\/\",\"name\":\"Abogado de Accidentes de Trabajo y Auto de Texas - Sandoval Law Firm\",\"isPartOf\":{\"@id\":\"https:\/\/sandovalpllc.com\/es\/#website\"},\"datePublished\":\"2019-05-08T14:43:05+00:00\",\"dateModified\":\"2025-01-30T17:01:12+00:00\",\"description\":\"El bufete de abogados de lesiones personales Sandoval Law Firm, PLLC maneja todo tipo de casos de accidentes en todo el Estado de Texas.\",\"breadcrumb\":{\"@id\":\"https:\/\/sandovalpllc.com\/es\/#breadcrumb\"},\"inLanguage\":\"es-PE\",\"potentialAction\":[{\"@type\":\"ReadAction\",\"target\":[\"https:\/\/sandovalpllc.com\/es\/\"]}]},{\"@type\":\"BreadcrumbList\",\"@id\":\"https:\/\/sandovalpllc.com\/es\/#breadcrumb\",\"itemListElement\":[{\"@type\":\"ListItem\",\"position\":1,\"name\":\"Home\",\"item\":\"https:\/\/sandovalpllc.com\/es\/\"},{\"@type\":\"ListItem\",\"position\":2,\"name\":\"Abogado de Accidentes de Trabajo y Auto de Texas\"}]},{\"@type\":\"WebSite\",\"@id\":\"https:\/\/sandovalpllc.com\/es\/#website\",\"url\":\"https:\/\/sandovalpllc.com\/es\/\",\"name\":\"Bufete de Abogados Sandoval Da\u00f1os Personales y Muerte Injusta\",\"description\":\"Just another Sandoval Law Firm, PLLC Sites site\",\"potentialAction\":[{\"@type\":\"SearchAction\",\"target\":{\"@type\":\"EntryPoint\",\"urlTemplate\":\"https:\/\/sandovalpllc.com\/es\/?s={search_term_string}\"},\"query-input\":{\"@type\":\"PropertyValueSpecification\",\"valueRequired\":true,\"valueName\":\"search_term_string\"}}],\"inLanguage\":\"es-PE\"}]}<\/script>\n<!-- \/ Yoast SEO plugin. -->","yoast_head_json":{"title":"Abogado de Accidentes de Trabajo y Auto de Texas - Sandoval Law Firm","description":"El bufete de abogados de lesiones personales Sandoval Law Firm, PLLC maneja todo tipo de casos de accidentes en todo el Estado de Texas.","robots":{"index":"index","follow":"follow","max-snippet":"max-snippet:-1","max-image-preview":"max-image-preview:large","max-video-preview":"max-video-preview:-1"},"canonical":"https:\/\/sandovalpllc.com\/es\/","og_locale":"es_ES","og_type":"article","og_title":"Abogado de Accidentes de Trabajo y Auto de Texas - Sandoval Law Firm","og_description":"El bufete de abogados de lesiones personales Sandoval Law Firm, PLLC maneja todo tipo de casos de accidentes en todo el Estado de Texas.","og_url":"https:\/\/sandovalpllc.com\/es\/","og_site_name":"Bufete de Abogados Sandoval Da\u00f1os Personales y Muerte Injusta","article_modified_time":"2025-01-30T17:01:12+00:00","twitter_card":"summary_large_image","twitter_misc":{"Est. reading time":"3 minutos"},"schema":{"@context":"https:\/\/schema.org","@graph":[{"@type":"WebPage","@id":"https:\/\/sandovalpllc.com\/es\/","url":"https:\/\/sandovalpllc.com\/es\/","name":"Abogado de Accidentes de Trabajo y Auto de Texas - Sandoval Law Firm","isPartOf":{"@id":"https:\/\/sandovalpllc.com\/es\/#website"},"datePublished":"2019-05-08T14:43:05+00:00","dateModified":"2025-01-30T17:01:12+00:00","description":"El bufete de abogados de lesiones personales Sandoval Law Firm, PLLC maneja todo tipo de casos de accidentes en todo el Estado de Texas.","breadcrumb":{"@id":"https:\/\/sandovalpllc.com\/es\/#breadcrumb"},"inLanguage":"es-PE","potentialAction":[{"@type":"ReadAction","target":["https:\/\/sandovalpllc.com\/es\/"]}]},{"@type":"BreadcrumbList","@id":"https:\/\/sandovalpllc.com\/es\/#breadcrumb","itemListElement":[{"@type":"ListItem","position":1,"name":"Home","item":"https:\/\/sandovalpllc.com\/es\/"},{"@type":"ListItem","position":2,"name":"Abogado de Accidentes de Trabajo y Auto de Texas"}]},{"@type":"WebSite","@id":"https:\/\/sandovalpllc.com\/es\/#website","url":"https:\/\/sandovalpllc.com\/es\/","name":"Bufete de Abogados Sandoval Da\u00f1os Personales y Muerte Injusta","description":"Just another Sandoval Law Firm, PLLC Sites site","potentialAction":[{"@type":"SearchAction","target":{"@type":"EntryPoint","urlTemplate":"https:\/\/sandovalpllc.com\/es\/?s={search_term_string}"},"query-input":{"@type":"PropertyValueSpecification","valueRequired":true,"valueName":"search_term_string"}}],"inLanguage":"es-PE"}]}},"_links":{"self":[{"href":"https:\/\/sandovalpllc.com\/es\/wp-json\/wp\/v2\/pages\/6","targetHints":{"allow":["GET"]}}],"collection":[{"href":"https:\/\/sandovalpllc.com\/es\/wp-json\/wp\/v2\/pages"}],"about":[{"href":"https:\/\/sandovalpllc.com\/es\/wp-json\/wp\/v2\/types\/page"}],"author":[{"embeddable":true,"href":"https:\/\/sandovalpllc.com\/es\/wp-json\/wp\/v2\/users\/6"}],"replies":[{"embeddable":true,"href":"https:\/\/sandovalpllc.com\/es\/wp-json\/wp\/v2\/comments?post=6"}],"version-history":[{"count":0,"href":"https:\/\/sandovalpllc.com\/es\/wp-json\/wp\/v2\/pages\/6\/revisions"}],"wp:attachment":[{"href":"https:\/\/sandovalpllc.com\/es\/wp-json\/wp\/v2\/media?parent=6"}],"curies":[{"name":"wp","href":"https:\/\/api.w.org\/{rel}","templated":true}]}}