{"id":591,"date":"2020-04-11T14:46:28","date_gmt":"2020-04-11T14:46:28","guid":{"rendered":"https:\/\/sandovalpllc.com\/es\/?page_id=591"},"modified":"2023-08-24T13:25:12","modified_gmt":"2023-08-24T13:25:12","slug":"temas-mas-comunes-sobre-seguros-de-auto","status":"publish","type":"page","link":"https:\/\/sandovalpllc.com\/es\/temas-mas-comunes-sobre-seguros-de-auto\/","title":{"rendered":"Los temas m\u00e1s comunes sobre seguros de auto"},"content":{"rendered":"<p>De acuerdo a la <a href=\"https:\/\/www-fars.nhtsa.dot.gov\/Vehicles\/VehiclesAllVehicles.aspx\" rel=\"noopener\" target=\"_blank\">data disponible sobre accidentes de autos<\/a> [Eng], los accidentes m\u00e1s comunes que provocaron una colisi\u00f3n durante 2019 fueron autos que circulaban en l\u00ednea recta.<\/a>[Eng] Estos choques pueden incluir accidentes por detr\u00e1s, colisiones frontales o incluso impactos laterales.<br \/>\n<\/p>\n<center><div class=\"panel box-module-cta\">\r\n<span class=\"icon-title\"><i class=\"fa fa-lightbulb-o\" aria-hidden=\"true\"><\/i><\/span>\r\n<h5 class=\"h1\">\u00bfLesionado en accidente de auto?<\/h5>\r\n<p class=\"subtitle\">\u00a1Trabajamos en casos de accidentes de auto y ofrecemos consulta gratuita!<\/p>\r\n<h5 class=\"h1\">\u00a1Luchemos juntos!<\/h5>\r\n<p class=\"subtitle\"><strong>- Por el tratamiento m\u00e9dico que necesite<br>\r\n- Por la compensaci\u00f3n que se merece<br>\r\n- Para recuperar su vida.<\/strong><\/p>\r\n<p class=\"subtitle\">\u00a1No se conforme con el trato que proponga la compa\u00f1\u00eda de seguro!<\/p>\r\n<a href=\"tel:+13463477777\" onclick=\"sendEventToGoogle('Body', '\/work-injury-lawyer\/the-work-injury-case\/', '+13463477777');\"><button class=\"btn btn-default\" type=\"button\">\u00a1Llame al abogado Sandoval AHORA!<\/button><\/a>\r\n<\/div>\r\n<\/center>\n<p>Hay muchos temas relacionados con el seguro de auto que toda persona debe conocer. \u00bfCu\u00e1l es exactamente el papel del seguro de autom\u00f3vil en un <a href=\"https:\/\/sandovalpllc.com\/es\/case-category\/accidente-de-auto\/\" rel=\"noopener noreferrer\" target=\"_blank\">caso de accidente de auto<\/a>? Examinemos esta y otras preguntas relacionadas en el contexto de diferentes tipos de cobertura de seguro vehicular.<\/p>\n<ol>\n<li>Cobertura de motorista con seguro insuficiente y sin seguro<\/li>\n<li>\u00bfQu\u00e9 es una cobertura total?<\/li>\n<li>Cobertura m\u00ednima de seguro de Texas (30\/60\/25)<\/li>\n<li>Protecci\u00f3n contra lesiones personales (PIP, por sus siglas en ingl\u00e9s)<\/li>\n<li>Cobertura m\u00e9dica (Med Pay)<\/li>\n<li>Personas Cubiertas vs. Conductores Excluidos<\/li>\n<li>\u00bfQu\u00e9 cobertura obtener? (UM \/ UIM, PIP y Med Pay)<\/li>\n<li>\u00bfAumenta mi pago si presento un reclamo con mi seguro?<\/li>\n<li>Usar su seguro de salud, medicare o medicaid para tratar sus lesiones despu\u00e9s de un accidente automovil\u00edstico. (\u00bfQu\u00e9 es la subrogaci\u00f3n?)<\/li>\n<li>\u00bfPor qu\u00e9 el Hospital donde fui despu\u00e9s del accidente tiene un &#8220;derecho de retenci\u00f3n&#8221; en mi reclamo? (\u00bfQu\u00e9 es un derecho de retenci\u00f3n del hospital?)<\/li>\n<\/ol>\n<h3 class=\"custom-audio\"><a href=\"https:\/\/sandovalpllc.com\/es\/wp-content\/uploads\/sites\/2\/2021\/03\/Spanish-Middle.mp3\" class=\"wpaudio\">\u00a1Te representamos ante las compa\u00f1\u00edas de seguro!<\/a><\/h3>\n<p><img loading=\"lazy\" decoding=\"async\" src=\"https:\/\/sandovalpllc.com\/es\/wp-content\/uploads\/sites\/2\/2021\/01\/Infografia-temas-mas-comunes-sobre-seguros-de-auto.jpg\" alt=\"Los temas m\u00e1s comunes sobre seguros de auto\" width=\"850\" height=\"3894\" class=\"aligncenter size-full wp-image-892 lazy-load\" \/><\/p>\n","protected":false},"excerpt":{"rendered":"<p>De acuerdo a la data disponible sobre accidentes de autos [Eng], los accidentes m\u00e1s comunes que provocaron una colisi\u00f3n durante 2019 fueron autos que circulaban en l\u00ednea recta.[Eng] Estos choques pueden incluir accidentes por detr\u00e1s, colisiones frontales o incluso impactos laterales. Hay muchos temas relacionados con el seguro de auto que toda persona debe conocer&#8230;. <a href=\"https:\/\/sandovalpllc.com\/es\/temas-mas-comunes-sobre-seguros-de-auto\/\" class=\"learn-btn\">Continue Reading<\/a><\/p>\n","protected":false},"author":3,"featured_media":592,"parent":0,"menu_order":0,"comment_status":"closed","ping_status":"closed","template":"","meta":{"_acf_changed":false,"_genesis_hide_title":false,"_genesis_hide_breadcrumbs":false,"_genesis_hide_singular_image":false,"_genesis_hide_footer_widgets":false,"_genesis_custom_body_class":"","_genesis_custom_post_class":"","_genesis_layout":"","footnotes":""},"class_list":{"0":"post-591","1":"page","2":"type-page","3":"status-publish","4":"has-post-thumbnail","6":"entry"},"acf":[],"yoast_head":"<!-- This site is optimized with the Yoast SEO plugin v26.8 - https:\/\/yoast.com\/product\/yoast-seo-wordpress\/ -->\n<title>Los temas m\u00e1s comunes sobre seguros de auto - Abogado Sandoval<\/title>\n<meta name=\"description\" content=\"Hay muchos temas relacionados con el seguro de auto que toda persona debe conocer. \u00bfCu\u00e1l es exactamente el papel del seguro de autom\u00f3vil...\" \/>\n<meta name=\"robots\" content=\"index, follow, max-snippet:-1, max-image-preview:large, max-video-preview:-1\" \/>\n<link rel=\"canonical\" href=\"https:\/\/sandovalpllc.com\/es\/temas-mas-comunes-sobre-seguros-de-auto\/\" \/>\n<meta property=\"og:locale\" content=\"es_ES\" \/>\n<meta property=\"og:type\" content=\"article\" \/>\n<meta property=\"og:title\" content=\"Los temas m\u00e1s comunes sobre seguros de auto - Abogado Sandoval\" \/>\n<meta property=\"og:description\" content=\"Hay muchos temas relacionados con el seguro de auto que toda persona debe conocer. \u00bfCu\u00e1l es exactamente el papel del seguro de autom\u00f3vil...\" \/>\n<meta property=\"og:url\" content=\"https:\/\/sandovalpllc.com\/es\/temas-mas-comunes-sobre-seguros-de-auto\/\" \/>\n<meta property=\"og:site_name\" content=\"Bufete de Abogados Sandoval Da\u00f1os Personales y Muerte Injusta\" \/>\n<meta property=\"article:modified_time\" content=\"2023-08-24T13:25:12+00:00\" \/>\n<meta property=\"og:image\" content=\"https:\/\/sandovalpllc.com\/es\/wp-content\/uploads\/sites\/2\/2020\/04\/bg-results.jpg\" \/>\n\t<meta property=\"og:image:width\" content=\"1920\" \/>\n\t<meta property=\"og:image:height\" content=\"704\" \/>\n\t<meta property=\"og:image:type\" content=\"image\/jpeg\" \/>\n<meta name=\"twitter:card\" content=\"summary_large_image\" \/>\n<meta name=\"twitter:label1\" content=\"Est. reading time\" \/>\n\t<meta name=\"twitter:data1\" content=\"2 minutos\" \/>\n<script type=\"application\/ld+json\" class=\"yoast-schema-graph\">{\"@context\":\"https:\/\/schema.org\",\"@graph\":[{\"@type\":\"WebPage\",\"@id\":\"https:\/\/sandovalpllc.com\/es\/temas-mas-comunes-sobre-seguros-de-auto\/\",\"url\":\"https:\/\/sandovalpllc.com\/es\/temas-mas-comunes-sobre-seguros-de-auto\/\",\"name\":\"Los temas m\u00e1s comunes sobre seguros de auto - Abogado Sandoval\",\"isPartOf\":{\"@id\":\"https:\/\/sandovalpllc.com\/es\/#website\"},\"primaryImageOfPage\":{\"@id\":\"https:\/\/sandovalpllc.com\/es\/temas-mas-comunes-sobre-seguros-de-auto\/#primaryimage\"},\"image\":{\"@id\":\"https:\/\/sandovalpllc.com\/es\/temas-mas-comunes-sobre-seguros-de-auto\/#primaryimage\"},\"thumbnailUrl\":\"https:\/\/sandovalpllc.com\/es\/wp-content\/uploads\/sites\/2\/2020\/04\/bg-results.jpg\",\"datePublished\":\"2020-04-11T14:46:28+00:00\",\"dateModified\":\"2023-08-24T13:25:12+00:00\",\"description\":\"Hay muchos temas relacionados con el seguro de auto que toda persona debe conocer. \u00bfCu\u00e1l es exactamente el papel del seguro de autom\u00f3vil...\",\"breadcrumb\":{\"@id\":\"https:\/\/sandovalpllc.com\/es\/temas-mas-comunes-sobre-seguros-de-auto\/#breadcrumb\"},\"inLanguage\":\"es-PE\",\"potentialAction\":[{\"@type\":\"ReadAction\",\"target\":[\"https:\/\/sandovalpllc.com\/es\/temas-mas-comunes-sobre-seguros-de-auto\/\"]}]},{\"@type\":\"ImageObject\",\"inLanguage\":\"es-PE\",\"@id\":\"https:\/\/sandovalpllc.com\/es\/temas-mas-comunes-sobre-seguros-de-auto\/#primaryimage\",\"url\":\"https:\/\/sandovalpllc.com\/es\/wp-content\/uploads\/sites\/2\/2020\/04\/bg-results.jpg\",\"contentUrl\":\"https:\/\/sandovalpllc.com\/es\/wp-content\/uploads\/sites\/2\/2020\/04\/bg-results.jpg\",\"width\":1920,\"height\":704,\"caption\":\"Temas relacionados a seguros de auto\"},{\"@type\":\"BreadcrumbList\",\"@id\":\"https:\/\/sandovalpllc.com\/es\/temas-mas-comunes-sobre-seguros-de-auto\/#breadcrumb\",\"itemListElement\":[{\"@type\":\"ListItem\",\"position\":1,\"name\":\"Home\",\"item\":\"https:\/\/sandovalpllc.com\/es\/\"},{\"@type\":\"ListItem\",\"position\":2,\"name\":\"Los temas m\u00e1s comunes sobre seguros de auto\"}]},{\"@type\":\"WebSite\",\"@id\":\"https:\/\/sandovalpllc.com\/es\/#website\",\"url\":\"https:\/\/sandovalpllc.com\/es\/\",\"name\":\"Bufete de Abogados Sandoval Da\u00f1os Personales y Muerte Injusta\",\"description\":\"Just another Sandoval Law Firm, PLLC Sites site\",\"potentialAction\":[{\"@type\":\"SearchAction\",\"target\":{\"@type\":\"EntryPoint\",\"urlTemplate\":\"https:\/\/sandovalpllc.com\/es\/?s={search_term_string}\"},\"query-input\":{\"@type\":\"PropertyValueSpecification\",\"valueRequired\":true,\"valueName\":\"search_term_string\"}}],\"inLanguage\":\"es-PE\"}]}<\/script>\n<!-- \/ Yoast SEO plugin. -->","yoast_head_json":{"title":"Los temas m\u00e1s comunes sobre seguros de auto - Abogado Sandoval","description":"Hay muchos temas relacionados con el seguro de auto que toda persona debe conocer. \u00bfCu\u00e1l es exactamente el papel del seguro de autom\u00f3vil...","robots":{"index":"index","follow":"follow","max-snippet":"max-snippet:-1","max-image-preview":"max-image-preview:large","max-video-preview":"max-video-preview:-1"},"canonical":"https:\/\/sandovalpllc.com\/es\/temas-mas-comunes-sobre-seguros-de-auto\/","og_locale":"es_ES","og_type":"article","og_title":"Los temas m\u00e1s comunes sobre seguros de auto - Abogado Sandoval","og_description":"Hay muchos temas relacionados con el seguro de auto que toda persona debe conocer. \u00bfCu\u00e1l es exactamente el papel del seguro de autom\u00f3vil...","og_url":"https:\/\/sandovalpllc.com\/es\/temas-mas-comunes-sobre-seguros-de-auto\/","og_site_name":"Bufete de Abogados Sandoval Da\u00f1os Personales y Muerte Injusta","article_modified_time":"2023-08-24T13:25:12+00:00","og_image":[{"width":1920,"height":704,"url":"https:\/\/sandovalpllc.com\/es\/wp-content\/uploads\/sites\/2\/2020\/04\/bg-results.jpg","type":"image\/jpeg"}],"twitter_card":"summary_large_image","twitter_misc":{"Est. reading time":"2 minutos"},"schema":{"@context":"https:\/\/schema.org","@graph":[{"@type":"WebPage","@id":"https:\/\/sandovalpllc.com\/es\/temas-mas-comunes-sobre-seguros-de-auto\/","url":"https:\/\/sandovalpllc.com\/es\/temas-mas-comunes-sobre-seguros-de-auto\/","name":"Los temas m\u00e1s comunes sobre seguros de auto - Abogado Sandoval","isPartOf":{"@id":"https:\/\/sandovalpllc.com\/es\/#website"},"primaryImageOfPage":{"@id":"https:\/\/sandovalpllc.com\/es\/temas-mas-comunes-sobre-seguros-de-auto\/#primaryimage"},"image":{"@id":"https:\/\/sandovalpllc.com\/es\/temas-mas-comunes-sobre-seguros-de-auto\/#primaryimage"},"thumbnailUrl":"https:\/\/sandovalpllc.com\/es\/wp-content\/uploads\/sites\/2\/2020\/04\/bg-results.jpg","datePublished":"2020-04-11T14:46:28+00:00","dateModified":"2023-08-24T13:25:12+00:00","description":"Hay muchos temas relacionados con el seguro de auto que toda persona debe conocer. \u00bfCu\u00e1l es exactamente el papel del seguro de autom\u00f3vil...","breadcrumb":{"@id":"https:\/\/sandovalpllc.com\/es\/temas-mas-comunes-sobre-seguros-de-auto\/#breadcrumb"},"inLanguage":"es-PE","potentialAction":[{"@type":"ReadAction","target":["https:\/\/sandovalpllc.com\/es\/temas-mas-comunes-sobre-seguros-de-auto\/"]}]},{"@type":"ImageObject","inLanguage":"es-PE","@id":"https:\/\/sandovalpllc.com\/es\/temas-mas-comunes-sobre-seguros-de-auto\/#primaryimage","url":"https:\/\/sandovalpllc.com\/es\/wp-content\/uploads\/sites\/2\/2020\/04\/bg-results.jpg","contentUrl":"https:\/\/sandovalpllc.com\/es\/wp-content\/uploads\/sites\/2\/2020\/04\/bg-results.jpg","width":1920,"height":704,"caption":"Temas relacionados a seguros de auto"},{"@type":"BreadcrumbList","@id":"https:\/\/sandovalpllc.com\/es\/temas-mas-comunes-sobre-seguros-de-auto\/#breadcrumb","itemListElement":[{"@type":"ListItem","position":1,"name":"Home","item":"https:\/\/sandovalpllc.com\/es\/"},{"@type":"ListItem","position":2,"name":"Los temas m\u00e1s comunes sobre seguros de auto"}]},{"@type":"WebSite","@id":"https:\/\/sandovalpllc.com\/es\/#website","url":"https:\/\/sandovalpllc.com\/es\/","name":"Bufete de Abogados Sandoval Da\u00f1os Personales y Muerte Injusta","description":"Just another Sandoval Law Firm, PLLC Sites site","potentialAction":[{"@type":"SearchAction","target":{"@type":"EntryPoint","urlTemplate":"https:\/\/sandovalpllc.com\/es\/?s={search_term_string}"},"query-input":{"@type":"PropertyValueSpecification","valueRequired":true,"valueName":"search_term_string"}}],"inLanguage":"es-PE"}]}},"_links":{"self":[{"href":"https:\/\/sandovalpllc.com\/es\/wp-json\/wp\/v2\/pages\/591","targetHints":{"allow":["GET"]}}],"collection":[{"href":"https:\/\/sandovalpllc.com\/es\/wp-json\/wp\/v2\/pages"}],"about":[{"href":"https:\/\/sandovalpllc.com\/es\/wp-json\/wp\/v2\/types\/page"}],"author":[{"embeddable":true,"href":"https:\/\/sandovalpllc.com\/es\/wp-json\/wp\/v2\/users\/3"}],"replies":[{"embeddable":true,"href":"https:\/\/sandovalpllc.com\/es\/wp-json\/wp\/v2\/comments?post=591"}],"version-history":[{"count":0,"href":"https:\/\/sandovalpllc.com\/es\/wp-json\/wp\/v2\/pages\/591\/revisions"}],"wp:featuredmedia":[{"embeddable":true,"href":"https:\/\/sandovalpllc.com\/es\/wp-json\/wp\/v2\/media\/592"}],"wp:attachment":[{"href":"https:\/\/sandovalpllc.com\/es\/wp-json\/wp\/v2\/media?parent=591"}],"curies":[{"name":"wp","href":"https:\/\/api.w.org\/{rel}","templated":true}]}}