{"id":588,"date":"2020-04-11T14:32:17","date_gmt":"2020-04-11T14:32:17","guid":{"rendered":"https:\/\/sandovalpllc.com\/es\/?page_id=588"},"modified":"2024-05-03T14:22:38","modified_gmt":"2024-05-03T14:22:38","slug":"accidentes-de-auto-mas-comunes","status":"publish","type":"page","link":"https:\/\/sandovalpllc.com\/es\/accidentes-de-auto-mas-comunes\/","title":{"rendered":"Los accidentes de auto m\u00e1s comunes"},"content":{"rendered":"<p>Seg\u00fan la Administraci\u00f3n Nacional de Seguridad del Tr\u00e1fico en las Carreteras (<a href=\"https:\/\/www.nhtsa.gov\/\" rel=\"noopener noreferrer\" target=\"_blank\">NHTSA<\/a>, por sus siglas en ingl\u00e9s), m\u00e1s de tres millones de personas resultan heridas cada a\u00f1o en <a href=\"https:\/\/sandovalpllc.com\/es\/abogado-accidentes-de-auto\/\" rel=\"noopener noreferrer\" target=\"_blank\">accidentes de auto<\/a> en todo el pa\u00eds. De todos los estados, Texas lidera constantemente a la naci\u00f3n en el n\u00famero de muertes por accidentes de tr\u00e1nsito. Aproximadamente 3,000 personas mueren en accidentes automovil\u00edsticos en Texas cada a\u00f1o.<\/p>\n<p>M\u00e1s de 12.000 autos se vieron involucrados en <a href=\"https:\/\/sandovalpllc.com\/es\/abogado-accidentes-de-auto\/\" rel=\"noopener\" target=\"_blank\">accidentes mortales<\/a> a 55 mph. Conducir m\u00e1s despacio es m\u00e1s seguro, seg\u00fan los datos de accidentes disponibles. La NHTSA informa que en 2019, 12,681 autos que viajaban a 50 a 60 mph estuvieron involucrados en un accidente fatal. 11.814 carros a m\u00e1s de 60 mph estuvieron involucrados en un accidente mortal. Por el contrario, menos de 4.800 veh\u00edculos que conduc\u00edan a 30 mph o menos estuvieron involucrados en un accidente fatal.<\/p>\n<center><div class=\"panel box-module-cta\">\r\n<span class=\"icon-title\"><i class=\"fa fa-lightbulb-o\" aria-hidden=\"true\"><\/i><\/span>\r\n<h5 class=\"h1\">\u00bfLesionado en accidente de auto?<\/h5>\r\n<p class=\"subtitle\">\u00a1Trabajamos en casos de accidentes de auto y ofrecemos consulta gratuita!<\/p>\r\n<h5 class=\"h1\">\u00a1Luchemos juntos!<\/h5>\r\n<p class=\"subtitle\"><strong>- Por el tratamiento m\u00e9dico que necesite<br>\r\n- Por la compensaci\u00f3n que se merece<br>\r\n- Para recuperar su vida.<\/strong><\/p>\r\n<p class=\"subtitle\">\u00a1No se conforme con el trato que proponga la compa\u00f1\u00eda de seguro!<\/p>\r\n<a href=\"tel:+13463477777\" onclick=\"sendEventToGoogle('Body', '\/work-injury-lawyer\/the-work-injury-case\/', '+13463477777');\"><button class=\"btn btn-default\" type=\"button\">\u00a1Llame al abogado Sandoval AHORA!<\/button><\/a>\r\n<\/div>\r\n<\/center>\n<p>Si bien las lesiones por accidentes de auto pueden variar de persona a persona y de un choque a otro, hay algunas bastante comunes. Aqu\u00ed hay algunas de las lesiones m\u00e1s comunes como consecuencia de un accidente automovil\u00edstico, seg\u00fan los datos analizados de <a href=\"https:\/\/sandovalpllc.com\/es\/case-category\/accidente-de-auto\/\" rel=\"noopener noreferrer\" target=\"_blank\">nuestros clientes<\/a>.<\/p>\n<ol>\n<li>Hernias (cervicales, tor\u00e1cicas y lumbares)<\/li>\n<li>Lesiones de hombro (roturas del manguito rotador)<\/li>\n<li>Lesi\u00f3n cerebral traum\u00e1tica (traumatismo craneal, conmociones cerebrales, efectos a largo plazo)<\/li>\n<li>Lesiones de rodilla (desgarros tendinosos, desgarros meniscales)<\/li>\n<li>Huesos fracturados<\/li>\n<li>Trastorno de estr\u00e9s postraum\u00e1tico (no poder conducir)<\/li>\n<\/ol>\n<p>Hay diferentes tipos de accidentes, pero muchos de los accidentes graves, ya sean accidentes de coche o de camiones grandes, son causados por conducir distra\u00eddo, no usar el cintur\u00f3n de seguridad, y no respetar los l\u00edmites de velocidad.<\/p>\n<p><img loading=\"lazy\" decoding=\"async\" src=\"https:\/\/sandovalpllc.com\/es\/wp-content\/uploads\/sites\/2\/2020\/04\/Infografia-accidentes-de-auto-mas-comunes.jpg\" alt=\"Los accidentes de auto m\u00e1s comunes\" width=\"850\" height=\"2659\" class=\"aligncenter size-full wp-image-604 lazy-load\" \/><\/p>\n<p>Necesita contactar a un abogado con experiencia? Llame a Hector L. Sandoval.<\/p>\n","protected":false},"excerpt":{"rendered":"<p>Seg\u00fan la Administraci\u00f3n Nacional de Seguridad del Tr\u00e1fico en las Carreteras (NHTSA, por sus siglas en ingl\u00e9s), m\u00e1s de tres millones de personas resultan heridas cada a\u00f1o en accidentes de auto en todo el pa\u00eds. De todos los estados, Texas lidera constantemente a la naci\u00f3n en el n\u00famero de muertes por accidentes de tr\u00e1nsito. Aproximadamente&#8230; <a href=\"https:\/\/sandovalpllc.com\/es\/accidentes-de-auto-mas-comunes\/\" class=\"learn-btn\">Continue Reading<\/a><\/p>\n","protected":false},"author":3,"featured_media":590,"parent":0,"menu_order":0,"comment_status":"closed","ping_status":"closed","template":"","meta":{"_acf_changed":false,"_genesis_hide_title":false,"_genesis_hide_breadcrumbs":false,"_genesis_hide_singular_image":false,"_genesis_hide_footer_widgets":false,"_genesis_custom_body_class":"","_genesis_custom_post_class":"","_genesis_layout":"","footnotes":""},"class_list":{"0":"post-588","1":"page","2":"type-page","3":"status-publish","4":"has-post-thumbnail","6":"entry"},"acf":[],"yoast_head":"<!-- This site is optimized with the Yoast SEO plugin v26.8 - https:\/\/yoast.com\/product\/yoast-seo-wordpress\/ -->\n<title>Los accidentes de auto m\u00e1s comunes en el estado de Texas<\/title>\n<meta name=\"description\" content=\"Si bien las lesiones por accidentes de auto pueden variar de persona a persona y de un choque a otro, hay algunas bastante comunes. Aqu\u00ed hay algunas de...\" \/>\n<meta name=\"robots\" content=\"index, follow, max-snippet:-1, max-image-preview:large, max-video-preview:-1\" \/>\n<link rel=\"canonical\" href=\"https:\/\/sandovalpllc.com\/es\/accidentes-de-auto-mas-comunes\/\" \/>\n<meta property=\"og:locale\" content=\"es_ES\" \/>\n<meta property=\"og:type\" content=\"article\" \/>\n<meta property=\"og:title\" content=\"Los accidentes de auto m\u00e1s comunes en el estado de Texas\" \/>\n<meta property=\"og:description\" content=\"Si bien las lesiones por accidentes de auto pueden variar de persona a persona y de un choque a otro, hay algunas bastante comunes. Aqu\u00ed hay algunas de...\" \/>\n<meta property=\"og:url\" content=\"https:\/\/sandovalpllc.com\/es\/accidentes-de-auto-mas-comunes\/\" \/>\n<meta property=\"og:site_name\" content=\"Bufete de Abogados Sandoval Da\u00f1os Personales y Muerte Injusta\" \/>\n<meta property=\"article:modified_time\" content=\"2024-05-03T14:22:38+00:00\" \/>\n<meta property=\"og:image\" content=\"https:\/\/sandovalpllc.com\/es\/wp-content\/uploads\/sites\/2\/2020\/04\/accidentes-de-auto.jpg\" \/>\n\t<meta property=\"og:image:width\" content=\"1920\" \/>\n\t<meta property=\"og:image:height\" content=\"594\" \/>\n\t<meta property=\"og:image:type\" content=\"image\/jpeg\" \/>\n<meta name=\"twitter:card\" content=\"summary_large_image\" \/>\n<meta name=\"twitter:label1\" content=\"Est. reading time\" \/>\n\t<meta name=\"twitter:data1\" content=\"2 minutos\" \/>\n<script type=\"application\/ld+json\" class=\"yoast-schema-graph\">{\"@context\":\"https:\/\/schema.org\",\"@graph\":[{\"@type\":\"WebPage\",\"@id\":\"https:\/\/sandovalpllc.com\/es\/accidentes-de-auto-mas-comunes\/\",\"url\":\"https:\/\/sandovalpllc.com\/es\/accidentes-de-auto-mas-comunes\/\",\"name\":\"Los accidentes de auto m\u00e1s comunes en el estado de Texas\",\"isPartOf\":{\"@id\":\"https:\/\/sandovalpllc.com\/es\/#website\"},\"primaryImageOfPage\":{\"@id\":\"https:\/\/sandovalpllc.com\/es\/accidentes-de-auto-mas-comunes\/#primaryimage\"},\"image\":{\"@id\":\"https:\/\/sandovalpllc.com\/es\/accidentes-de-auto-mas-comunes\/#primaryimage\"},\"thumbnailUrl\":\"https:\/\/sandovalpllc.com\/es\/wp-content\/uploads\/sites\/2\/2020\/04\/accidentes-de-auto.jpg\",\"datePublished\":\"2020-04-11T14:32:17+00:00\",\"dateModified\":\"2024-05-03T14:22:38+00:00\",\"description\":\"Si bien las lesiones por accidentes de auto pueden variar de persona a persona y de un choque a otro, hay algunas bastante comunes. Aqu\u00ed hay algunas de...\",\"breadcrumb\":{\"@id\":\"https:\/\/sandovalpllc.com\/es\/accidentes-de-auto-mas-comunes\/#breadcrumb\"},\"inLanguage\":\"es-PE\",\"potentialAction\":[{\"@type\":\"ReadAction\",\"target\":[\"https:\/\/sandovalpllc.com\/es\/accidentes-de-auto-mas-comunes\/\"]}]},{\"@type\":\"ImageObject\",\"inLanguage\":\"es-PE\",\"@id\":\"https:\/\/sandovalpllc.com\/es\/accidentes-de-auto-mas-comunes\/#primaryimage\",\"url\":\"https:\/\/sandovalpllc.com\/es\/wp-content\/uploads\/sites\/2\/2020\/04\/accidentes-de-auto.jpg\",\"contentUrl\":\"https:\/\/sandovalpllc.com\/es\/wp-content\/uploads\/sites\/2\/2020\/04\/accidentes-de-auto.jpg\",\"width\":1920,\"height\":594,\"caption\":\"accidentes de auto houston\"},{\"@type\":\"BreadcrumbList\",\"@id\":\"https:\/\/sandovalpllc.com\/es\/accidentes-de-auto-mas-comunes\/#breadcrumb\",\"itemListElement\":[{\"@type\":\"ListItem\",\"position\":1,\"name\":\"Home\",\"item\":\"https:\/\/sandovalpllc.com\/es\/\"},{\"@type\":\"ListItem\",\"position\":2,\"name\":\"Los accidentes de auto m\u00e1s comunes\"}]},{\"@type\":\"WebSite\",\"@id\":\"https:\/\/sandovalpllc.com\/es\/#website\",\"url\":\"https:\/\/sandovalpllc.com\/es\/\",\"name\":\"Bufete de Abogados Sandoval Da\u00f1os Personales y Muerte Injusta\",\"description\":\"Just another Sandoval Law Firm, PLLC Sites site\",\"potentialAction\":[{\"@type\":\"SearchAction\",\"target\":{\"@type\":\"EntryPoint\",\"urlTemplate\":\"https:\/\/sandovalpllc.com\/es\/?s={search_term_string}\"},\"query-input\":{\"@type\":\"PropertyValueSpecification\",\"valueRequired\":true,\"valueName\":\"search_term_string\"}}],\"inLanguage\":\"es-PE\"}]}<\/script>\n<!-- \/ Yoast SEO plugin. -->","yoast_head_json":{"title":"Los accidentes de auto m\u00e1s comunes en el estado de Texas","description":"Si bien las lesiones por accidentes de auto pueden variar de persona a persona y de un choque a otro, hay algunas bastante comunes. Aqu\u00ed hay algunas de...","robots":{"index":"index","follow":"follow","max-snippet":"max-snippet:-1","max-image-preview":"max-image-preview:large","max-video-preview":"max-video-preview:-1"},"canonical":"https:\/\/sandovalpllc.com\/es\/accidentes-de-auto-mas-comunes\/","og_locale":"es_ES","og_type":"article","og_title":"Los accidentes de auto m\u00e1s comunes en el estado de Texas","og_description":"Si bien las lesiones por accidentes de auto pueden variar de persona a persona y de un choque a otro, hay algunas bastante comunes. Aqu\u00ed hay algunas de...","og_url":"https:\/\/sandovalpllc.com\/es\/accidentes-de-auto-mas-comunes\/","og_site_name":"Bufete de Abogados Sandoval Da\u00f1os Personales y Muerte Injusta","article_modified_time":"2024-05-03T14:22:38+00:00","og_image":[{"width":1920,"height":594,"url":"https:\/\/sandovalpllc.com\/es\/wp-content\/uploads\/sites\/2\/2020\/04\/accidentes-de-auto.jpg","type":"image\/jpeg"}],"twitter_card":"summary_large_image","twitter_misc":{"Est. reading time":"2 minutos"},"schema":{"@context":"https:\/\/schema.org","@graph":[{"@type":"WebPage","@id":"https:\/\/sandovalpllc.com\/es\/accidentes-de-auto-mas-comunes\/","url":"https:\/\/sandovalpllc.com\/es\/accidentes-de-auto-mas-comunes\/","name":"Los accidentes de auto m\u00e1s comunes en el estado de Texas","isPartOf":{"@id":"https:\/\/sandovalpllc.com\/es\/#website"},"primaryImageOfPage":{"@id":"https:\/\/sandovalpllc.com\/es\/accidentes-de-auto-mas-comunes\/#primaryimage"},"image":{"@id":"https:\/\/sandovalpllc.com\/es\/accidentes-de-auto-mas-comunes\/#primaryimage"},"thumbnailUrl":"https:\/\/sandovalpllc.com\/es\/wp-content\/uploads\/sites\/2\/2020\/04\/accidentes-de-auto.jpg","datePublished":"2020-04-11T14:32:17+00:00","dateModified":"2024-05-03T14:22:38+00:00","description":"Si bien las lesiones por accidentes de auto pueden variar de persona a persona y de un choque a otro, hay algunas bastante comunes. Aqu\u00ed hay algunas de...","breadcrumb":{"@id":"https:\/\/sandovalpllc.com\/es\/accidentes-de-auto-mas-comunes\/#breadcrumb"},"inLanguage":"es-PE","potentialAction":[{"@type":"ReadAction","target":["https:\/\/sandovalpllc.com\/es\/accidentes-de-auto-mas-comunes\/"]}]},{"@type":"ImageObject","inLanguage":"es-PE","@id":"https:\/\/sandovalpllc.com\/es\/accidentes-de-auto-mas-comunes\/#primaryimage","url":"https:\/\/sandovalpllc.com\/es\/wp-content\/uploads\/sites\/2\/2020\/04\/accidentes-de-auto.jpg","contentUrl":"https:\/\/sandovalpllc.com\/es\/wp-content\/uploads\/sites\/2\/2020\/04\/accidentes-de-auto.jpg","width":1920,"height":594,"caption":"accidentes de auto houston"},{"@type":"BreadcrumbList","@id":"https:\/\/sandovalpllc.com\/es\/accidentes-de-auto-mas-comunes\/#breadcrumb","itemListElement":[{"@type":"ListItem","position":1,"name":"Home","item":"https:\/\/sandovalpllc.com\/es\/"},{"@type":"ListItem","position":2,"name":"Los accidentes de auto m\u00e1s comunes"}]},{"@type":"WebSite","@id":"https:\/\/sandovalpllc.com\/es\/#website","url":"https:\/\/sandovalpllc.com\/es\/","name":"Bufete de Abogados Sandoval Da\u00f1os Personales y Muerte Injusta","description":"Just another Sandoval Law Firm, PLLC Sites site","potentialAction":[{"@type":"SearchAction","target":{"@type":"EntryPoint","urlTemplate":"https:\/\/sandovalpllc.com\/es\/?s={search_term_string}"},"query-input":{"@type":"PropertyValueSpecification","valueRequired":true,"valueName":"search_term_string"}}],"inLanguage":"es-PE"}]}},"_links":{"self":[{"href":"https:\/\/sandovalpllc.com\/es\/wp-json\/wp\/v2\/pages\/588","targetHints":{"allow":["GET"]}}],"collection":[{"href":"https:\/\/sandovalpllc.com\/es\/wp-json\/wp\/v2\/pages"}],"about":[{"href":"https:\/\/sandovalpllc.com\/es\/wp-json\/wp\/v2\/types\/page"}],"author":[{"embeddable":true,"href":"https:\/\/sandovalpllc.com\/es\/wp-json\/wp\/v2\/users\/3"}],"replies":[{"embeddable":true,"href":"https:\/\/sandovalpllc.com\/es\/wp-json\/wp\/v2\/comments?post=588"}],"version-history":[{"count":0,"href":"https:\/\/sandovalpllc.com\/es\/wp-json\/wp\/v2\/pages\/588\/revisions"}],"wp:featuredmedia":[{"embeddable":true,"href":"https:\/\/sandovalpllc.com\/es\/wp-json\/wp\/v2\/media\/590"}],"wp:attachment":[{"href":"https:\/\/sandovalpllc.com\/es\/wp-json\/wp\/v2\/media?parent=588"}],"curies":[{"name":"wp","href":"https:\/\/api.w.org\/{rel}","templated":true}]}}