{"id":550,"date":"2020-02-07T15:47:04","date_gmt":"2020-02-07T15:47:04","guid":{"rendered":"https:\/\/sandovalpllc.com\/es\/?page_id=550"},"modified":"2023-11-30T04:19:32","modified_gmt":"2023-11-30T04:19:32","slug":"valle-del-rio-grande","status":"publish","type":"page","link":"https:\/\/sandovalpllc.com\/es\/areas-donde-servimos-en-texas\/valle-del-rio-grande\/","title":{"rendered":"Abogado de Accidentes de Trabajo del Valle del R\u00edo Grande, H\u00e9ctor Sandoval"},"content":{"rendered":"<h2>Sandoval Law Firm Sirviendo el Valle del Rio Grande en Texas<\/h2>\n<p>Si ha sufrido recientemente un <a href=\"https:\/\/sandovalpllc.com\/es\/abogado-accidentes-trabajo\/\" rel=\"noopener noreferrer\" target=\"_blank\">accidente laboral<\/a> en la regi\u00f3n del Valle del R\u00edo Grande en TX y no est\u00e1 seguro de qu\u00e9 hacer, comun\u00edquese con Sandoval Law Firm, PLLC al <strong><a href=\"tel:+13463477777\" class=\"click-to-call-body\">(346) 347-7777<\/a><\/strong> para solicitar una consulta inicial para discutir su caso.<\/p>\n<p>Durante los \u00faltimos 5 a\u00f1os, el <a href=\"https:\/\/sandovalpllc.com\/es\/abogado-hector-sandoval\/\" rel=\"noopener noreferrer\" target=\"_blank\">abogado de accidentes de trabajo en Houston<\/a>, Hector Sandoval ha representado a trabajadores lesionados en reclamos de No Suscriptores en Houston, Dallas, Austin, Corpus Christi, San Antonio y Valle del R\u00edo Grande.<\/p>\n<h3>Accidentes de trabajo en el Valle del R\u00edo Grande en Texas<\/h3>\n<blockquote>\n<p>Crecer en el Valle de R\u00edo Grande ha sido muy especial. En tiempos dif\u00edciles, aprendes que el trabajo duro y la dedicaci\u00f3n siguen siendo el mejor camino para hacer algo que tenga significado para t\u00ed y tu familia en la vida<\/p>\n<p class=\"author\">&#8211; Abogado Sandoval<\/p>\n<\/blockquote>\n<p>El abogado H\u00e9ctor Sandoval naci\u00f3 en San Juan, Texas, y creci\u00f3 en Donna, Texas. Pas\u00f3 los veranos trabajando en el manteniendo un patio y almac\u00e9n de una empresa de piscinas y, a medida que crec\u00eda, conduc\u00eda un cami\u00f3n de mantenimiento de piscinas en las distintas ciudades de &#8220;The Valley&#8221;, limpiando piscinas para los negocios de su padre y hermanos.<\/p>\n<blockquote>\n<p>Hay algo especial sobre la gente del Valle del R\u00edo Grande. Nunca temen al trabajo duro y hacer lo que tienen que hacer para tener \u00e9xito en la vida<\/p>\n<p class=\"author\">&#8211; Abogado Sandoval<\/p>\n<\/blockquote>\n<p>Ahora representando a los trabajadores lesionados y a las v\u00edctimas en casos de accidentes en su firma de abogados Sandoval, PLLC, el Abogado Sandoval aplica estos valores centrales a su vida cotidiana. Aunque ha hecho de Houston su hogar, Sandoval contin\u00faa sirviendo a los residentes del Valle del R\u00edo Grande.<\/p>\n<p>Con poblados a lo largo de la frontera con M\u00e9xico, el Valle del R\u00edo Grande se encuentra en el sur de Texas. Algunas de las ciudades que servimos en el \u00e1rea del Valle del R\u00edo Grande son:<\/p>\n<h3>Ciudades que servimos en el Estado de Texas<\/h3>\r\n<div class=\"companies-widget container\">\r\n    <div class=\"row\">\r\n        <div class=\"col-md-6 col-sm-12\">\r\n\t\t\t<ul>\r\n\t\t\t\t<li><strong><a href=\"https:\/\/sandovalpllc.com\/es\/abogado-accidentes-trabajo-houston\/\">Houston<\/a>;<\/strong><\/li>\r\n<li><strong>Galveston;<\/strong><\/li>\r\n<li><strong>McAllen;<\/strong><\/li>\r\n<li><strong>Mission;<\/strong><\/li>\r\n<li><strong>Edinburg;<\/strong><\/li>\r\n<li><strong>Weslaco;<\/strong><\/li>\r\n<li><strong>Donna;<\/strong><\/li>\r\n<li><strong>Laredo;<\/strong><\/li>\r\n<li><strong>Brownsville;<\/strong><\/li>\r\n<li><strong>Harlingen;<\/strong><\/li>\r\n<li><strong>Sugar Land;<\/strong><\/li>\r\n<li><strong>Rosenberg;<\/strong><\/li>\r\n<li><strong>Conroe;<\/strong><\/li>\r\n <\/ul>\r\n        <\/div>\r\n        <div class=\"col-md-6 col-sm-12\">\r\n            <ul>\r\n<li><strong>Victoria;<\/strong><\/li>\r\n<li><strong>Corpus Christi;<\/strong><\/li>\r\n\t\t\t\t<li><strong><a href=\"https:\/\/sandovalpllc.com\/es\/areas-donde-servimos-en-texas\/san-antonio\/\">San Antonio<\/a>;<\/strong><\/li>\r\n<li><strong>New Braunfels;<\/strong><\/li>\r\n\t\t\t\t<li><strong><a href=\"https:\/\/sandovalpllc.com\/es\/areas-donde-servimos-en-texas\/austin\/\">Austin Work Injury Lawyer<\/a>;<\/strong><\/li>\r\n<li><strong>Killeen;<\/strong><\/li>\r\n<li><strong><a href=\"https:\/\/sandovalpllc.com\/es\/areas-donde-servimos-en-texas\/dallas\/\">Dallas<\/a>;<\/strong><\/li>\r\n<li><strong>Fort Worth;<\/strong><\/li>\r\n<li><strong>Cleburne;<\/strong><\/li>\r\n<li><strong>Paris;<\/strong><\/li>\r\n<li><strong>Sherman;<\/strong><\/li>\r\n<li><strong><a href=\"https:\/\/sandovalpllc.com\/es\/areas-donde-servimos-en-texas\/valle-del-rio-grande\/\">Rio Grande Valley<\/a> and<\/strong><\/li>\r\n<li><strong>Several other areas of State.<\/strong><\/li>\r\n <\/ul>\r\n        <\/div>\r\n    <\/div>\r\n<\/div>\n<h3>Accidentes laborales en Texas: estad\u00edsticas alarmantes<\/h3>\n<p>En Texas, un trabajador muere en su lugar de trabajo todos los d\u00edas. Cada a\u00f1o desde 2009, Texas ha tenido m\u00e1s muertes en el trabajo que cualquier otro estado, actualmente tiene la tasa m\u00e1s alta per c\u00e1pita de los diez estados m\u00e1s poblados de la naci\u00f3n.<\/p>\n<h3>El estado de Texas tiene la tasa m\u00e1s alta de muertes en el lugar de trabajo en los Estados Unidos<\/h3>\n<p>La mayor\u00eda de las muertes en el lugar de trabajo ocurren por <a href=\"https:\/\/sandovalpllc.com\/es\/abogado-accidentes-trabajo\/accidentes-en-el-sitio-de-construccion\/\" rel=\"noopener noreferrer\" target=\"_blank\">acccidentes en sitios de construcci\u00f3n<\/a>, pero uno puede preguntarse qu\u00e9 hace que los sitios de construcci\u00f3n de Texas sean tan peligrosos para los trabajadores tejanos.<\/p>\n<p>Muchos especulan que la alta tasa de mortalidad puede atribuirse a fallas de ciertas pol\u00edticas de Texas, algunas de las cuales se enumeran aqu\u00ed:<\/p>\n<ul>\n<li>En el estado de Texas, los empleadores no est\u00e1n obligados a proporcionar descansos regulares para los trabajadores de la construcci\u00f3n<\/li>\n<li>Texas no requiere seguro de compensaci\u00f3n para trabajadores para empleadores privados<\/li>\n<li>La baja participaci\u00f3n sindical en Texas ha llevado a un ambiente de trabajo m\u00e1s peligroso para los trabajadores de la construcci\u00f3n<\/li>\n<\/ul>\n<p>Independientemente de cuales sean las razones, la tasa a la que est\u00e1n muriendo los obreros en sus sitios de trabajo es alarmantemente alta, y las familias de los que han muerto como resultado de negligencia tienen derecho a una compensaci\u00f3n justa.<\/p>\n<p>Nuestra oficina se encuentra en Houston, Texas, pero el abogado de accidentes laborales Sandoval ha representado a trabajadores lesionados que viven en las siguientes ciudades de Texas o cerca de ellas.<\/p>\n<h3>Tipos de cobertura por accidentes de trabajo<\/h3>\n<p>Los <a href=\"\/es\/abogado-accidentes-trabajo\/\" rel=\"noopener noreferrer\" target=\"_blank\">accidentes de trabajo en Texas<\/a> pueden ocurrir bajo una variedad de circunstancias, cada una de las cuales determina el tipo de caso que usted puede tener. Como el Sr. Sandoval subraya, si usted sufre una lesi\u00f3n en el trabajo, usted necesita enfocarse inmediatamente en averiguar qu\u00e9 tipo de cobertura est\u00e1 disponible para sus lesiones. Su lesi\u00f3n de trabajo podr\u00eda caer bajo cualquiera de los siguientes tipos de escenarios de cobertura de lesiones de trabajo en Texas: <\/p>\n<ul>\n<li>El empleador podr\u00eda tener la <a href=\"https:\/\/sandovalpllc.com\/es\/abogado-accidentes-trabajo\/compensacion-de-trabajadores\/\" rel=\"noopener noreferrer\" target=\"_blank\">Compensaci\u00f3n de Trabajadores de Texas<\/a>;<\/li>\n<li>El empleador podr\u00eda tener una p\u00f3liza de No Suscriptores de Texas (ERISA);<\/li>\n<li>El empleador podr\u00eda estar auto asegurado o, <\/li>\n<li>\u00a1El empleador podr\u00eda estar operando su negocio sin ninguna cobertura de lesiones laborales en absoluto! <\/li>\n<\/ul>\n<p>En Sandoval Law Firm, PLLC, nos enorgullecemos de ponernos a trabajar inmediatamente despu\u00e9s de ser contratado por un trabajador lesionado y averiguar qu\u00e9 tipo de caso tenemos. Esto nos permite proporcionar r\u00e1pidamente algunas respuestas a nuestros clientes en cuanto a la forma en que van a pagar las cuentas m\u00e9dicas y recuperar los salarios perdidos. Lo m\u00e1s importante es que nos enfocamos en ayudar a nuestros clientes a estar sanos y a volver al trabajo.<\/p>\n<h4>Leer tambi\u00e9n<\/h4>\n<ul>\n<li><a href=\"https:\/\/sandovalpllc.com\/es\/areas-donde-servimos-en-texas\/#lahistoriadehectorsandoval\" rel=\"noopener noreferrer\" target=\"_blank\">La historia del abogado de lesiones laborales de Texas H\u00e9ctor Sandoval<\/a><\/li>\n<li><a href=\"https:\/\/sandovalpllc.com\/es\/areas-donde-servimos-en-texas\/#ayudalegal\" rel=\"noopener noreferrer\" target=\"_blank\">Busque consejer\u00eda legal en su caso de lesiones laborales<\/a><\/li>\n<\/ul>\n<p>Por favor llama para una consulta gratuita al <strong><a href=\"tel:+13463477777\" class=\"click-to-call-body\">(346) 347-7777<\/a><\/strong><\/p>\n","protected":false},"excerpt":{"rendered":"<p>Sandoval Law Firm Sirviendo el Valle del Rio Grande en Texas Si ha sufrido recientemente un accidente laboral en la regi\u00f3n del Valle del R\u00edo Grande en TX y no est\u00e1 seguro de qu\u00e9 hacer, comun\u00edquese con Sandoval Law Firm, PLLC al para solicitar una consulta inicial para discutir su caso. Durante los \u00faltimos 5&#8230; <a href=\"https:\/\/sandovalpllc.com\/es\/areas-donde-servimos-en-texas\/valle-del-rio-grande\/\" class=\"learn-btn\">Continue Reading<\/a><\/p>\n","protected":false},"author":3,"featured_media":551,"parent":476,"menu_order":0,"comment_status":"closed","ping_status":"closed","template":"","meta":{"_acf_changed":false,"_genesis_hide_title":false,"_genesis_hide_breadcrumbs":false,"_genesis_hide_singular_image":false,"_genesis_hide_footer_widgets":false,"_genesis_custom_body_class":"","_genesis_custom_post_class":"","_genesis_layout":"","footnotes":""},"class_list":{"0":"post-550","1":"page","2":"type-page","3":"status-publish","4":"has-post-thumbnail","6":"entry"},"acf":[],"yoast_head":"<!-- This site is optimized with the Yoast SEO plugin v26.8 - https:\/\/yoast.com\/product\/yoast-seo-wordpress\/ -->\n<title>Abogado de Accidentes de Trabajo del Valle del R\u00edo Grande, Tx<\/title>\n<meta name=\"description\" content=\"Aunque ha hecho de Houston su hogar, Sandoval contin\u00faa sirviendo a los residentes del Valle del R\u00edo Grande.\" \/>\n<meta name=\"robots\" content=\"index, follow, max-snippet:-1, max-image-preview:large, max-video-preview:-1\" \/>\n<link rel=\"canonical\" href=\"https:\/\/sandovalpllc.com\/es\/areas-donde-servimos-en-texas\/valle-del-rio-grande\/\" \/>\n<meta property=\"og:locale\" content=\"es_ES\" \/>\n<meta property=\"og:type\" content=\"article\" \/>\n<meta property=\"og:title\" content=\"Abogado de Accidentes de Trabajo del Valle del R\u00edo Grande, Tx\" \/>\n<meta property=\"og:description\" content=\"Aunque ha hecho de Houston su hogar, Sandoval contin\u00faa sirviendo a los residentes del Valle del R\u00edo Grande.\" \/>\n<meta property=\"og:url\" content=\"https:\/\/sandovalpllc.com\/es\/areas-donde-servimos-en-texas\/valle-del-rio-grande\/\" \/>\n<meta property=\"og:site_name\" content=\"Bufete de Abogados Sandoval Da\u00f1os Personales y Muerte Injusta\" \/>\n<meta property=\"article:modified_time\" content=\"2023-11-30T04:19:32+00:00\" \/>\n<meta property=\"og:image\" content=\"https:\/\/sandovalpllc.com\/es\/wp-content\/uploads\/sites\/2\/2020\/02\/rio-grande-valley-tx.jpg\" \/>\n\t<meta property=\"og:image:width\" content=\"1500\" \/>\n\t<meta property=\"og:image:height\" content=\"842\" \/>\n\t<meta property=\"og:image:type\" content=\"image\/jpeg\" \/>\n<meta name=\"twitter:card\" content=\"summary_large_image\" \/>\n<meta name=\"twitter:label1\" content=\"Est. reading time\" \/>\n\t<meta name=\"twitter:data1\" content=\"4 minutos\" \/>\n<script type=\"application\/ld+json\" class=\"yoast-schema-graph\">{\"@context\":\"https:\/\/schema.org\",\"@graph\":[{\"@type\":\"WebPage\",\"@id\":\"https:\/\/sandovalpllc.com\/es\/areas-donde-servimos-en-texas\/valle-del-rio-grande\/\",\"url\":\"https:\/\/sandovalpllc.com\/es\/areas-donde-servimos-en-texas\/valle-del-rio-grande\/\",\"name\":\"Abogado de Accidentes de Trabajo del Valle del R\u00edo Grande, Tx\",\"isPartOf\":{\"@id\":\"https:\/\/sandovalpllc.com\/es\/#website\"},\"primaryImageOfPage\":{\"@id\":\"https:\/\/sandovalpllc.com\/es\/areas-donde-servimos-en-texas\/valle-del-rio-grande\/#primaryimage\"},\"image\":{\"@id\":\"https:\/\/sandovalpllc.com\/es\/areas-donde-servimos-en-texas\/valle-del-rio-grande\/#primaryimage\"},\"thumbnailUrl\":\"https:\/\/sandovalpllc.com\/es\/wp-content\/uploads\/sites\/2\/2020\/02\/rio-grande-valley-tx.jpg\",\"datePublished\":\"2020-02-07T15:47:04+00:00\",\"dateModified\":\"2023-11-30T04:19:32+00:00\",\"description\":\"Aunque ha hecho de Houston su hogar, Sandoval contin\u00faa sirviendo a los residentes del Valle del R\u00edo Grande.\",\"breadcrumb\":{\"@id\":\"https:\/\/sandovalpllc.com\/es\/areas-donde-servimos-en-texas\/valle-del-rio-grande\/#breadcrumb\"},\"inLanguage\":\"es-PE\",\"potentialAction\":[{\"@type\":\"ReadAction\",\"target\":[\"https:\/\/sandovalpllc.com\/es\/areas-donde-servimos-en-texas\/valle-del-rio-grande\/\"]}]},{\"@type\":\"ImageObject\",\"inLanguage\":\"es-PE\",\"@id\":\"https:\/\/sandovalpllc.com\/es\/areas-donde-servimos-en-texas\/valle-del-rio-grande\/#primaryimage\",\"url\":\"https:\/\/sandovalpllc.com\/es\/wp-content\/uploads\/sites\/2\/2020\/02\/rio-grande-valley-tx.jpg\",\"contentUrl\":\"https:\/\/sandovalpllc.com\/es\/wp-content\/uploads\/sites\/2\/2020\/02\/rio-grande-valley-tx.jpg\",\"width\":1500,\"height\":842,\"caption\":\"valle del rio grande\"},{\"@type\":\"BreadcrumbList\",\"@id\":\"https:\/\/sandovalpllc.com\/es\/areas-donde-servimos-en-texas\/valle-del-rio-grande\/#breadcrumb\",\"itemListElement\":[{\"@type\":\"ListItem\",\"position\":1,\"name\":\"Home\",\"item\":\"https:\/\/sandovalpllc.com\/es\/\"},{\"@type\":\"ListItem\",\"position\":2,\"name\":\"Sandoval Law Firm Sirviendo al Estado de Texas\",\"item\":\"https:\/\/sandovalpllc.com\/es\/areas-donde-servimos-en-texas\/\"},{\"@type\":\"ListItem\",\"position\":3,\"name\":\"Abogado de Accidentes de Trabajo del Valle del R\u00edo Grande, H\u00e9ctor Sandoval\"}]},{\"@type\":\"WebSite\",\"@id\":\"https:\/\/sandovalpllc.com\/es\/#website\",\"url\":\"https:\/\/sandovalpllc.com\/es\/\",\"name\":\"Bufete de Abogados Sandoval Da\u00f1os Personales y Muerte Injusta\",\"description\":\"Just another Sandoval Law Firm, PLLC Sites site\",\"potentialAction\":[{\"@type\":\"SearchAction\",\"target\":{\"@type\":\"EntryPoint\",\"urlTemplate\":\"https:\/\/sandovalpllc.com\/es\/?s={search_term_string}\"},\"query-input\":{\"@type\":\"PropertyValueSpecification\",\"valueRequired\":true,\"valueName\":\"search_term_string\"}}],\"inLanguage\":\"es-PE\"}]}<\/script>\n<!-- \/ Yoast SEO plugin. -->","yoast_head_json":{"title":"Abogado de Accidentes de Trabajo del Valle del R\u00edo Grande, Tx","description":"Aunque ha hecho de Houston su hogar, Sandoval contin\u00faa sirviendo a los residentes del Valle del R\u00edo Grande.","robots":{"index":"index","follow":"follow","max-snippet":"max-snippet:-1","max-image-preview":"max-image-preview:large","max-video-preview":"max-video-preview:-1"},"canonical":"https:\/\/sandovalpllc.com\/es\/areas-donde-servimos-en-texas\/valle-del-rio-grande\/","og_locale":"es_ES","og_type":"article","og_title":"Abogado de Accidentes de Trabajo del Valle del R\u00edo Grande, Tx","og_description":"Aunque ha hecho de Houston su hogar, Sandoval contin\u00faa sirviendo a los residentes del Valle del R\u00edo Grande.","og_url":"https:\/\/sandovalpllc.com\/es\/areas-donde-servimos-en-texas\/valle-del-rio-grande\/","og_site_name":"Bufete de Abogados Sandoval Da\u00f1os Personales y Muerte Injusta","article_modified_time":"2023-11-30T04:19:32+00:00","og_image":[{"width":1500,"height":842,"url":"https:\/\/sandovalpllc.com\/es\/wp-content\/uploads\/sites\/2\/2020\/02\/rio-grande-valley-tx.jpg","type":"image\/jpeg"}],"twitter_card":"summary_large_image","twitter_misc":{"Est. reading time":"4 minutos"},"schema":{"@context":"https:\/\/schema.org","@graph":[{"@type":"WebPage","@id":"https:\/\/sandovalpllc.com\/es\/areas-donde-servimos-en-texas\/valle-del-rio-grande\/","url":"https:\/\/sandovalpllc.com\/es\/areas-donde-servimos-en-texas\/valle-del-rio-grande\/","name":"Abogado de Accidentes de Trabajo del Valle del R\u00edo Grande, Tx","isPartOf":{"@id":"https:\/\/sandovalpllc.com\/es\/#website"},"primaryImageOfPage":{"@id":"https:\/\/sandovalpllc.com\/es\/areas-donde-servimos-en-texas\/valle-del-rio-grande\/#primaryimage"},"image":{"@id":"https:\/\/sandovalpllc.com\/es\/areas-donde-servimos-en-texas\/valle-del-rio-grande\/#primaryimage"},"thumbnailUrl":"https:\/\/sandovalpllc.com\/es\/wp-content\/uploads\/sites\/2\/2020\/02\/rio-grande-valley-tx.jpg","datePublished":"2020-02-07T15:47:04+00:00","dateModified":"2023-11-30T04:19:32+00:00","description":"Aunque ha hecho de Houston su hogar, Sandoval contin\u00faa sirviendo a los residentes del Valle del R\u00edo Grande.","breadcrumb":{"@id":"https:\/\/sandovalpllc.com\/es\/areas-donde-servimos-en-texas\/valle-del-rio-grande\/#breadcrumb"},"inLanguage":"es-PE","potentialAction":[{"@type":"ReadAction","target":["https:\/\/sandovalpllc.com\/es\/areas-donde-servimos-en-texas\/valle-del-rio-grande\/"]}]},{"@type":"ImageObject","inLanguage":"es-PE","@id":"https:\/\/sandovalpllc.com\/es\/areas-donde-servimos-en-texas\/valle-del-rio-grande\/#primaryimage","url":"https:\/\/sandovalpllc.com\/es\/wp-content\/uploads\/sites\/2\/2020\/02\/rio-grande-valley-tx.jpg","contentUrl":"https:\/\/sandovalpllc.com\/es\/wp-content\/uploads\/sites\/2\/2020\/02\/rio-grande-valley-tx.jpg","width":1500,"height":842,"caption":"valle del rio grande"},{"@type":"BreadcrumbList","@id":"https:\/\/sandovalpllc.com\/es\/areas-donde-servimos-en-texas\/valle-del-rio-grande\/#breadcrumb","itemListElement":[{"@type":"ListItem","position":1,"name":"Home","item":"https:\/\/sandovalpllc.com\/es\/"},{"@type":"ListItem","position":2,"name":"Sandoval Law Firm Sirviendo al Estado de Texas","item":"https:\/\/sandovalpllc.com\/es\/areas-donde-servimos-en-texas\/"},{"@type":"ListItem","position":3,"name":"Abogado de Accidentes de Trabajo del Valle del R\u00edo Grande, H\u00e9ctor Sandoval"}]},{"@type":"WebSite","@id":"https:\/\/sandovalpllc.com\/es\/#website","url":"https:\/\/sandovalpllc.com\/es\/","name":"Bufete de Abogados Sandoval Da\u00f1os Personales y Muerte Injusta","description":"Just another Sandoval Law Firm, PLLC Sites site","potentialAction":[{"@type":"SearchAction","target":{"@type":"EntryPoint","urlTemplate":"https:\/\/sandovalpllc.com\/es\/?s={search_term_string}"},"query-input":{"@type":"PropertyValueSpecification","valueRequired":true,"valueName":"search_term_string"}}],"inLanguage":"es-PE"}]}},"_links":{"self":[{"href":"https:\/\/sandovalpllc.com\/es\/wp-json\/wp\/v2\/pages\/550","targetHints":{"allow":["GET"]}}],"collection":[{"href":"https:\/\/sandovalpllc.com\/es\/wp-json\/wp\/v2\/pages"}],"about":[{"href":"https:\/\/sandovalpllc.com\/es\/wp-json\/wp\/v2\/types\/page"}],"author":[{"embeddable":true,"href":"https:\/\/sandovalpllc.com\/es\/wp-json\/wp\/v2\/users\/3"}],"replies":[{"embeddable":true,"href":"https:\/\/sandovalpllc.com\/es\/wp-json\/wp\/v2\/comments?post=550"}],"version-history":[{"count":0,"href":"https:\/\/sandovalpllc.com\/es\/wp-json\/wp\/v2\/pages\/550\/revisions"}],"up":[{"embeddable":true,"href":"https:\/\/sandovalpllc.com\/es\/wp-json\/wp\/v2\/pages\/476"}],"wp:featuredmedia":[{"embeddable":true,"href":"https:\/\/sandovalpllc.com\/es\/wp-json\/wp\/v2\/media\/551"}],"wp:attachment":[{"href":"https:\/\/sandovalpllc.com\/es\/wp-json\/wp\/v2\/media?parent=550"}],"curies":[{"name":"wp","href":"https:\/\/api.w.org\/{rel}","templated":true}]}}