{"id":547,"date":"2020-02-07T14:55:48","date_gmt":"2020-02-07T14:55:48","guid":{"rendered":"https:\/\/sandovalpllc.com\/es\/?page_id=547"},"modified":"2024-06-06T03:44:52","modified_gmt":"2024-06-06T03:44:52","slug":"sandoval-law-firm-pllc-declaracion-de-intenciones","status":"publish","type":"page","link":"https:\/\/sandovalpllc.com\/es\/sandoval-law-firm-pllc-declaracion-de-intenciones\/","title":{"rendered":"La Misi\u00f3n de Nuestra Firma Legal Sandoval Law Firm, PLLC."},"content":{"rendered":"<p><img loading=\"lazy\" decoding=\"async\" src=\"https:\/\/sandovalpllc.com\/es\/wp-content\/uploads\/sites\/2\/2020\/01\/sandoval-law-firm-pllc-mission-statement-300x178.jpg\" alt=\"sandoval law firm pllc mission statement\" width=\"300\" height=\"178\" class=\"alignleft size-medium wp-image-511 lazy-load\" srcset=\"https:\/\/sandovalpllc.com\/es\/wp-content\/uploads\/sites\/2\/2020\/01\/sandoval-law-firm-pllc-mission-statement-300x178.jpg 300w, https:\/\/sandovalpllc.com\/es\/wp-content\/uploads\/sites\/2\/2020\/01\/sandoval-law-firm-pllc-mission-statement-768x456.jpg 768w, https:\/\/sandovalpllc.com\/es\/wp-content\/uploads\/sites\/2\/2020\/01\/sandoval-law-firm-pllc-mission-statement.jpg 850w\" sizes=\"auto, (max-width: 300px) 100vw, 300px\" \/>El <a href=\"https:\/\/sandovalpllc.com\/es\/abogado-hector-sandoval\/\" rel=\"noopener noreferrer\" target=\"_blank\">abogado de accidentes y muerte injusta de Houston<\/a>, H\u00e9ctor Sandoval, se dedica a representar a las personas y sus familiares que han sufrido graves lesiones personales debilitantes como resultado de la negligencia, la imprudencia o el descuido de otros. Sandoval Law Firm, PLLC, se enfoca en <a href=\"https:\/\/sandovalpllc.com\/es\/abogado-accidentes-trabajo\/\" rel=\"noopener\" target=\"_blank\">luchar por los derechos de los trabajadores lesionados<\/a> y las v\u00edctimas de conductores negligentes que causan graves choques automovil\u00edsticos y <a href=\"https:\/\/sandovalpllc.com\/es\/abogado-accidentes-de-auto\/accidentes-de-camiones-grandes-o-de-18-ruedas\/\" rel=\"noopener noreferrer\" target=\"_blank\">accidentes con camiones de 18 ruedas<\/a>.<\/p>\n<p>El Sr. Sandoval se enorgullece de estar disponible y de poder ser contactado f\u00e1cilmente cuando se presenta una emergencia y las preguntas deben ser respondidas r\u00e1pidamente.<\/p>\n<p><em>&#8220;Quiero que el futuro de esta firma descanse en una base de relaciones fuertes entre abogado y cliente construidas sobre la confianza y el respeto&#8221;<\/em> <a href=\"https:\/\/sandovalpllc.com\/es\/abogado-accidentes-trabajo-houston\/\" rel=\"noopener\" target=\"_blank\">Abogado Hector L. Sandoval<\/a><\/p>\n<p>Los objetivos principales de nuestra firma son proteger los derechos de los tejanos lesionados, representar celosamente sus intereses y buscar la m\u00e1xima recuperaci\u00f3n monetaria por sus lesiones.<\/p>\n<p>\u00a1Usamos nuestra habilidad legal para hacer todo lo que podemos para asegurar que nadie se aproveche de nuestros clientes!<\/p>\n<div class=\"widget-internal\">\r\n\t<div class=\"card card--full-width\">\r\n\t\t<div class=\"widget-image\"><a href=\"https:\/\/sandovalpllc.com\/es\/celebrando-20-anos-representando-a-trabajadores-lesionados\/\" target=\"_blank\"><img loading=\"lazy\" decoding=\"async\" src=\"https:\/\/sandovalpllc.com\/es\/wp-content\/uploads\/sites\/2\/2024\/04\/celebrando-20-anos.jpg\" width=\"400\" height=\"266\"><\/a><\/div>\r\n\t\t<div class=\"widget-content\"><div class=\"card__title\"><a href=\"https:\/\/sandovalpllc.com\/es\/celebrando-20-anos-representando-a-trabajadores-lesionados\/\" target=\"_blank\">Celebrando 20 a\u00f1os representando a trabajadores lesionados!<\/a><\/div> <div class=\"card__summary typog-body\">Lo que he aprendido en mi carrera de 20 a\u00f1os como abogado de lesiones laborales en Texas! En primer lugar, he aprendido a estar agradecido por cada d\u00eda que se me ha dado en esta tierra y por estar haciendo lo que estoy haciendo...<\/div>\r\n\t\t<a href=\"https:\/\/sandovalpllc.com\/es\/celebrando-20-anos-representando-a-trabajadores-lesionados\/\" class=\"link link--cta card__cta\">Leer m\u00e1s<\/a><\/div>\r\n\t<\/div>\r\n<\/div>\n<p>El Sr. Sandoval se compromete a invertir el tiempo necesario escuchando y discutiendo la naturaleza de los asuntos legales que nuestros clientes est\u00e1n enfrentando. Se centra en proporcionar a los clientes el consejo necesario para comprender plenamente sus derechos.  A continuaci\u00f3n, haremos lo necesario para aplicar nuestra experiencia legal para lograr los objetivos de nuestros clientes.<\/p>\n<p>Con el fin de lograr los objetivos de nuestros clientes, nuestra firma se gu\u00eda por los siguientes principios:<\/p>\n<h3>COMPROMISO CON NUESTROS CLIENTES<\/h3>\n<p>El compromiso personal y la dedicaci\u00f3n a cada cliente son principios fundamentales de nuestra firma. Trabajamos con diligencia y rapidez para investigar a fondo, preparar minuciosamente y litigar profesionalmente cada caso.<\/p>\n<h3>COMPASI\u00d3N Y COMPRENSI\u00d3N<\/h3>\n<p>Nos damos cuenta de que una lesi\u00f3n grave causa una interrupci\u00f3n significativa en la vida de nuestros clientes y en las vidas de su familia. Por lo tanto, abordamos las preocupaciones de cada cliente con paciencia y comprensi\u00f3n, teniendo en cuenta la p\u00e9rdida que ha sufrido.<\/p>\n<h3>CONFIANZA Y SEGURIDAD<\/h3>\n<p>Nuestros clientes pueden estar seguros de que nuestra lealtad siempre se basa \u00fanicamente en la protecci\u00f3n de sus intereses. Aunque a veces pueda parecer tentador resolver r\u00e1pidamente un caso de accidente, nunca recomendamos que un cliente sacrifique su leg\u00edtimo derecho a una compensaci\u00f3n justa y equitativa, con el fin de obtener un acuerdo r\u00e1pido.<\/p>\n<h3>RESPETO<\/h3>\n<p>Cada uno de nuestros clientes es tratado con dignidad y respeto. Nunca perdemos de vista el hecho de que los clientes son personas, no casos. Estamos en el negocio de proporcionar consejer\u00eda jur\u00eddicA profesional a nuestros clientes, sin embargo siempre respetamos el derecho de cada cliente a tomar la decisi\u00f3n final sobre cuestiones importantes, incluyendo si aceptar o rechazar una oferta de acuerdo.<\/p>\n<h3>RESOLUCIONES<\/h3>\n<p>Cada a\u00f1o, Sandoval Law Firm, PLLC representa a cientos de tejanos lesionados. En \u00faltima instancia, nuestra firma y nuestros clientes comparten una meta com\u00fan muy significativa. Queremos llegar a alguna resoluci\u00f3n para el asunto legal de nuestro cliente. Ya sea que se trate de cerrar los casos de nuestros clientes en forma de un acuerdo o de llevar el caso hasta el juicio, nuestro objetivo es siempre trabajar en el avance del caso para cumplir con los objetivos de nuestros clientes.<\/p>\n<div style=\"padding:56.25% 0 0 0;position:relative;\"><iframe class=\"lazy-load\" data-src=\"https:\/\/player.vimeo.com\/video\/799178135?h=2b16422675&amp;badge=0&amp;autopause=0&amp;player_id=0&amp;app_id=58479\" frameborder=\"0\" allow=\"autoplay; fullscreen; picture-in-picture\" allowfullscreen style=\"position:absolute;top:0;left:0;width:100%;height:100%;\" title=\"Contacta, Consulta y Conf&amp;iacute;a en el Abogado Sandoval para tu caso de accidente en Texas\"><\/iframe><\/div>\n<p><script src=\"https:\/\/player.vimeo.com\/api\/player.js\"><\/script><\/p>\n<h2>\u00bfNECESITA UN ABOGADO DE LESIONES PERSONALES?<\/h2>\n<p>Cuando usted sufre una lesi\u00f3n como resultado de un <a href=\"https:\/\/sandovalpllc.com\/es\/abogado-accidentes-de-auto\/accidentes-de-automoviles-y-motos\/\" rel=\"noopener noreferrer\" target=\"_blank\">accidente de auto<\/a> o un <a href=\"https:\/\/sandovalpllc.com\/es\/abogado-accidentes-trabajo\/\" rel=\"noopener noreferrer\" target=\"_blank\">accidente de trabajo en Houston<\/a>, usted puede quedar con varias preguntas, confusi\u00f3n y hasta ansiedad acerca de lo que puede esperar en su futuro. Puede sentir que no ha hecho nada malo y, sin embargo, se ha lesionado gravemente, su capacidad de trabajo se ha visto comprometida y es posible que ya no pueda mantener a su familia. Adem\u00e1s, el hecho de resultar herido en cualquier tipo de accidente puede crear problemas importantes y podr\u00eda ocasionar gastos importantes.<\/p>\n<p>Por eso, si usted ha sufrido una lesi\u00f3n catastr\u00f3fica o debilitante o, si ha perdido a un ser querido como resultado de un accidente grave, es de vital importancia que se ponga en contacto con un abogado experimentado en lesiones personales que pueda aconsejarlo sobre sus derechos, responder a sus preguntas y ayudarlo a buscar la compensaci\u00f3n econ\u00f3mica que pueda merecer.<\/p>\n<p>El <a href=\"https:\/\/sandovalpllc.com\/es\/abogado-accidentes-trabajo\/\" rel=\"noopener noreferrer\" target=\"_blank\">abogado de accidentes laborales<\/a> y de auto H\u00e9ctor Sandoval tiene experiencia en la representaci\u00f3n de tejanos que han sufrido lesiones catastr\u00f3ficas y debilitantes en los siguientes tipos de casos:<\/p>\n<ul>\n<li>Lesi\u00f3n laboral<\/li>\n<li>Lesi\u00f3n laboral de no suscriptores<\/li>\n<li>Ley Federal de Responsabilidad de los Empleadores (FELA, por sus siglas en ingl\u00e9s) Lesiones laborales<\/li>\n<li>Lesi\u00f3n laboral en la construcci\u00f3n<\/li>\n<li>Casos de Compensaci\u00f3n de Trabajadores<\/li>\n<li>Accidentes de auto (Accidentes de auto que resultan de conductores descuidados o borrachos)<\/li>\n<li>Accidentes de 18 ruedas (Lesiones graves por conductores imprudentes o cansados)<\/li>\n<li>Muerte por negligencia (Lesiones en el trabajo y accidentes automovil\u00edsticos)<\/li>\n<li>Responsabilidad de las instalaciones (Lesiones en la propiedad ajena)<\/li>\n<li>Choques de motos<\/li>\n<li>Choques de Bicicletas<\/li>\n<\/ul>\n<p>Si usted o un ser querido ha sufrido una lesi\u00f3n grave, considere la posibilidad de ponerse en contacto con Sandoval Law Firm, PLLC para una consulta gratuita con el abogado de accidentes H\u00e9ctor L. Sandoval. El Sr. Sandoval le proporcionar\u00e1 la asistencia legal que necesita en su posible caso de lesiones personales.<\/p>\n","protected":false},"excerpt":{"rendered":"<p>El abogado de accidentes y muerte injusta de Houston, H\u00e9ctor Sandoval, se dedica a representar a las personas y sus familiares que han sufrido graves lesiones personales debilitantes como resultado de la negligencia, la imprudencia o el descuido de otros. Sandoval Law Firm, PLLC, se enfoca en luchar por los derechos de los trabajadores lesionados&#8230; <a href=\"https:\/\/sandovalpllc.com\/es\/sandoval-law-firm-pllc-declaracion-de-intenciones\/\" class=\"learn-btn\">Continue Reading<\/a><\/p>\n","protected":false},"author":3,"featured_media":401,"parent":0,"menu_order":0,"comment_status":"closed","ping_status":"closed","template":"","meta":{"_acf_changed":false,"_genesis_hide_title":false,"_genesis_hide_breadcrumbs":false,"_genesis_hide_singular_image":false,"_genesis_hide_footer_widgets":false,"_genesis_custom_body_class":"","_genesis_custom_post_class":"","_genesis_layout":"","footnotes":""},"class_list":{"0":"post-547","1":"page","2":"type-page","3":"status-publish","4":"has-post-thumbnail","6":"entry"},"acf":[],"yoast_head":"<!-- This site is optimized with the Yoast SEO plugin v26.8 - https:\/\/yoast.com\/product\/yoast-seo-wordpress\/ -->\n<title>SANDOVAL LAW FIRM, PLLC DECLARACI\u00d3N DE INTENCIONES<\/title>\n<meta name=\"description\" content=\"El abogado de lesiones personales y muerte injusta de Houston, H\u00e9ctor Sandoval, se dedica a representar a las personas y sus familiares que han sufrido...\" \/>\n<meta name=\"robots\" content=\"index, follow, max-snippet:-1, max-image-preview:large, max-video-preview:-1\" \/>\n<link rel=\"canonical\" href=\"https:\/\/sandovalpllc.com\/es\/sandoval-law-firm-pllc-declaracion-de-intenciones\/\" \/>\n<meta property=\"og:locale\" content=\"es_ES\" \/>\n<meta property=\"og:type\" content=\"article\" \/>\n<meta property=\"og:title\" content=\"SANDOVAL LAW FIRM, PLLC DECLARACI\u00d3N DE INTENCIONES\" \/>\n<meta property=\"og:description\" content=\"El abogado de lesiones personales y muerte injusta de Houston, H\u00e9ctor Sandoval, se dedica a representar a las personas y sus familiares que han sufrido...\" \/>\n<meta property=\"og:url\" content=\"https:\/\/sandovalpllc.com\/es\/sandoval-law-firm-pllc-declaracion-de-intenciones\/\" \/>\n<meta property=\"og:site_name\" content=\"Bufete de Abogados Sandoval Da\u00f1os Personales y Muerte Injusta\" \/>\n<meta property=\"article:modified_time\" content=\"2024-06-06T03:44:52+00:00\" \/>\n<meta property=\"og:image\" content=\"https:\/\/sandovalpllc.com\/es\/wp-content\/uploads\/sites\/2\/2019\/10\/10-mitos-en-los-casos-de-lesiones-laborales.jpg\" \/>\n\t<meta property=\"og:image:width\" content=\"850\" \/>\n\t<meta property=\"og:image:height\" content=\"567\" \/>\n\t<meta property=\"og:image:type\" content=\"image\/jpeg\" \/>\n<meta name=\"twitter:card\" content=\"summary_large_image\" \/>\n<meta name=\"twitter:label1\" content=\"Est. reading time\" \/>\n\t<meta name=\"twitter:data1\" content=\"5 minutos\" \/>\n<script type=\"application\/ld+json\" class=\"yoast-schema-graph\">{\"@context\":\"https:\/\/schema.org\",\"@graph\":[{\"@type\":\"WebPage\",\"@id\":\"https:\/\/sandovalpllc.com\/es\/sandoval-law-firm-pllc-declaracion-de-intenciones\/\",\"url\":\"https:\/\/sandovalpllc.com\/es\/sandoval-law-firm-pllc-declaracion-de-intenciones\/\",\"name\":\"SANDOVAL LAW FIRM, PLLC DECLARACI\u00d3N DE INTENCIONES\",\"isPartOf\":{\"@id\":\"https:\/\/sandovalpllc.com\/es\/#website\"},\"primaryImageOfPage\":{\"@id\":\"https:\/\/sandovalpllc.com\/es\/sandoval-law-firm-pllc-declaracion-de-intenciones\/#primaryimage\"},\"image\":{\"@id\":\"https:\/\/sandovalpllc.com\/es\/sandoval-law-firm-pllc-declaracion-de-intenciones\/#primaryimage\"},\"thumbnailUrl\":\"https:\/\/sandovalpllc.com\/es\/wp-content\/uploads\/sites\/2\/2019\/10\/10-mitos-en-los-casos-de-lesiones-laborales.jpg\",\"datePublished\":\"2020-02-07T14:55:48+00:00\",\"dateModified\":\"2024-06-06T03:44:52+00:00\",\"description\":\"El abogado de lesiones personales y muerte injusta de Houston, H\u00e9ctor Sandoval, se dedica a representar a las personas y sus familiares que han sufrido...\",\"breadcrumb\":{\"@id\":\"https:\/\/sandovalpllc.com\/es\/sandoval-law-firm-pllc-declaracion-de-intenciones\/#breadcrumb\"},\"inLanguage\":\"es-PE\",\"potentialAction\":[{\"@type\":\"ReadAction\",\"target\":[\"https:\/\/sandovalpllc.com\/es\/sandoval-law-firm-pllc-declaracion-de-intenciones\/\"]}]},{\"@type\":\"ImageObject\",\"inLanguage\":\"es-PE\",\"@id\":\"https:\/\/sandovalpllc.com\/es\/sandoval-law-firm-pllc-declaracion-de-intenciones\/#primaryimage\",\"url\":\"https:\/\/sandovalpllc.com\/es\/wp-content\/uploads\/sites\/2\/2019\/10\/10-mitos-en-los-casos-de-lesiones-laborales.jpg\",\"contentUrl\":\"https:\/\/sandovalpllc.com\/es\/wp-content\/uploads\/sites\/2\/2019\/10\/10-mitos-en-los-casos-de-lesiones-laborales.jpg\",\"width\":850,\"height\":567,\"caption\":\"\u00a1LOS 10 MITOS EN LOS CASOS DE LESIONES LABORALES!\"},{\"@type\":\"BreadcrumbList\",\"@id\":\"https:\/\/sandovalpllc.com\/es\/sandoval-law-firm-pllc-declaracion-de-intenciones\/#breadcrumb\",\"itemListElement\":[{\"@type\":\"ListItem\",\"position\":1,\"name\":\"Home\",\"item\":\"https:\/\/sandovalpllc.com\/es\/\"},{\"@type\":\"ListItem\",\"position\":2,\"name\":\"La Misi\u00f3n de Nuestra Firma Legal Sandoval Law Firm, PLLC.\"}]},{\"@type\":\"WebSite\",\"@id\":\"https:\/\/sandovalpllc.com\/es\/#website\",\"url\":\"https:\/\/sandovalpllc.com\/es\/\",\"name\":\"Bufete de Abogados Sandoval Da\u00f1os Personales y Muerte Injusta\",\"description\":\"Just another Sandoval Law Firm, PLLC Sites site\",\"potentialAction\":[{\"@type\":\"SearchAction\",\"target\":{\"@type\":\"EntryPoint\",\"urlTemplate\":\"https:\/\/sandovalpllc.com\/es\/?s={search_term_string}\"},\"query-input\":{\"@type\":\"PropertyValueSpecification\",\"valueRequired\":true,\"valueName\":\"search_term_string\"}}],\"inLanguage\":\"es-PE\"}]}<\/script>\n<!-- \/ Yoast SEO plugin. -->","yoast_head_json":{"title":"SANDOVAL LAW FIRM, PLLC DECLARACI\u00d3N DE INTENCIONES","description":"El abogado de lesiones personales y muerte injusta de Houston, H\u00e9ctor Sandoval, se dedica a representar a las personas y sus familiares que han sufrido...","robots":{"index":"index","follow":"follow","max-snippet":"max-snippet:-1","max-image-preview":"max-image-preview:large","max-video-preview":"max-video-preview:-1"},"canonical":"https:\/\/sandovalpllc.com\/es\/sandoval-law-firm-pllc-declaracion-de-intenciones\/","og_locale":"es_ES","og_type":"article","og_title":"SANDOVAL LAW FIRM, PLLC DECLARACI\u00d3N DE INTENCIONES","og_description":"El abogado de lesiones personales y muerte injusta de Houston, H\u00e9ctor Sandoval, se dedica a representar a las personas y sus familiares que han sufrido...","og_url":"https:\/\/sandovalpllc.com\/es\/sandoval-law-firm-pllc-declaracion-de-intenciones\/","og_site_name":"Bufete de Abogados Sandoval Da\u00f1os Personales y Muerte Injusta","article_modified_time":"2024-06-06T03:44:52+00:00","og_image":[{"width":850,"height":567,"url":"https:\/\/sandovalpllc.com\/es\/wp-content\/uploads\/sites\/2\/2019\/10\/10-mitos-en-los-casos-de-lesiones-laborales.jpg","type":"image\/jpeg"}],"twitter_card":"summary_large_image","twitter_misc":{"Est. reading time":"5 minutos"},"schema":{"@context":"https:\/\/schema.org","@graph":[{"@type":"WebPage","@id":"https:\/\/sandovalpllc.com\/es\/sandoval-law-firm-pllc-declaracion-de-intenciones\/","url":"https:\/\/sandovalpllc.com\/es\/sandoval-law-firm-pllc-declaracion-de-intenciones\/","name":"SANDOVAL LAW FIRM, PLLC DECLARACI\u00d3N DE INTENCIONES","isPartOf":{"@id":"https:\/\/sandovalpllc.com\/es\/#website"},"primaryImageOfPage":{"@id":"https:\/\/sandovalpllc.com\/es\/sandoval-law-firm-pllc-declaracion-de-intenciones\/#primaryimage"},"image":{"@id":"https:\/\/sandovalpllc.com\/es\/sandoval-law-firm-pllc-declaracion-de-intenciones\/#primaryimage"},"thumbnailUrl":"https:\/\/sandovalpllc.com\/es\/wp-content\/uploads\/sites\/2\/2019\/10\/10-mitos-en-los-casos-de-lesiones-laborales.jpg","datePublished":"2020-02-07T14:55:48+00:00","dateModified":"2024-06-06T03:44:52+00:00","description":"El abogado de lesiones personales y muerte injusta de Houston, H\u00e9ctor Sandoval, se dedica a representar a las personas y sus familiares que han sufrido...","breadcrumb":{"@id":"https:\/\/sandovalpllc.com\/es\/sandoval-law-firm-pllc-declaracion-de-intenciones\/#breadcrumb"},"inLanguage":"es-PE","potentialAction":[{"@type":"ReadAction","target":["https:\/\/sandovalpllc.com\/es\/sandoval-law-firm-pllc-declaracion-de-intenciones\/"]}]},{"@type":"ImageObject","inLanguage":"es-PE","@id":"https:\/\/sandovalpllc.com\/es\/sandoval-law-firm-pllc-declaracion-de-intenciones\/#primaryimage","url":"https:\/\/sandovalpllc.com\/es\/wp-content\/uploads\/sites\/2\/2019\/10\/10-mitos-en-los-casos-de-lesiones-laborales.jpg","contentUrl":"https:\/\/sandovalpllc.com\/es\/wp-content\/uploads\/sites\/2\/2019\/10\/10-mitos-en-los-casos-de-lesiones-laborales.jpg","width":850,"height":567,"caption":"\u00a1LOS 10 MITOS EN LOS CASOS DE LESIONES LABORALES!"},{"@type":"BreadcrumbList","@id":"https:\/\/sandovalpllc.com\/es\/sandoval-law-firm-pllc-declaracion-de-intenciones\/#breadcrumb","itemListElement":[{"@type":"ListItem","position":1,"name":"Home","item":"https:\/\/sandovalpllc.com\/es\/"},{"@type":"ListItem","position":2,"name":"La Misi\u00f3n de Nuestra Firma Legal Sandoval Law Firm, PLLC."}]},{"@type":"WebSite","@id":"https:\/\/sandovalpllc.com\/es\/#website","url":"https:\/\/sandovalpllc.com\/es\/","name":"Bufete de Abogados Sandoval Da\u00f1os Personales y Muerte Injusta","description":"Just another Sandoval Law Firm, PLLC Sites site","potentialAction":[{"@type":"SearchAction","target":{"@type":"EntryPoint","urlTemplate":"https:\/\/sandovalpllc.com\/es\/?s={search_term_string}"},"query-input":{"@type":"PropertyValueSpecification","valueRequired":true,"valueName":"search_term_string"}}],"inLanguage":"es-PE"}]}},"_links":{"self":[{"href":"https:\/\/sandovalpllc.com\/es\/wp-json\/wp\/v2\/pages\/547","targetHints":{"allow":["GET"]}}],"collection":[{"href":"https:\/\/sandovalpllc.com\/es\/wp-json\/wp\/v2\/pages"}],"about":[{"href":"https:\/\/sandovalpllc.com\/es\/wp-json\/wp\/v2\/types\/page"}],"author":[{"embeddable":true,"href":"https:\/\/sandovalpllc.com\/es\/wp-json\/wp\/v2\/users\/3"}],"replies":[{"embeddable":true,"href":"https:\/\/sandovalpllc.com\/es\/wp-json\/wp\/v2\/comments?post=547"}],"version-history":[{"count":0,"href":"https:\/\/sandovalpllc.com\/es\/wp-json\/wp\/v2\/pages\/547\/revisions"}],"wp:featuredmedia":[{"embeddable":true,"href":"https:\/\/sandovalpllc.com\/es\/wp-json\/wp\/v2\/media\/401"}],"wp:attachment":[{"href":"https:\/\/sandovalpllc.com\/es\/wp-json\/wp\/v2\/media?parent=547"}],"curies":[{"name":"wp","href":"https:\/\/api.w.org\/{rel}","templated":true}]}}