{"id":525,"date":"2020-01-31T22:45:21","date_gmt":"2020-01-31T22:45:21","guid":{"rendered":"https:\/\/sandovalpllc.com\/es\/?page_id=525"},"modified":"2025-10-28T16:22:34","modified_gmt":"2025-10-28T16:22:34","slug":"el-estatuto-de-limitaciones-para-un-caso-de-accidentes-en-texas","status":"publish","type":"page","link":"https:\/\/sandovalpllc.com\/es\/el-estatuto-de-limitaciones-para-un-caso-de-accidentes-en-texas\/","title":{"rendered":"\u00bfCu\u00e1l es el estatuto de limitaciones para un caso de accidentes en Texas?"},"content":{"rendered":"<h2>Es de 2 a\u00f1os a partir de la fecha en que se devenga la causa de la acci\u00f3n.<\/h2>\n<p>En t\u00e9rminos simples, tiene dos a\u00f1os desde la fecha de la lesi\u00f3n laboral, el <a href=\"https:\/\/sandovalpllc.com\/es\/abogado-accidentes-de-auto\/accidentes-de-automoviles-y-motos\/\" target=\"_blank\" rel=\"noopener noreferrer\">accidente de auto<\/a> o el resbal\u00f3n y ca\u00edda, para presentar su demanda o arriesgarse a perder todos los derechos relacionados con ese incidente.<\/p>\n<h3>\u00bfCu\u00e1nto tiempo tiene para presentar un caso de accidente de auto o de lesi\u00f3n en el trabajo?<\/h3>\n<p>El estatuto de limitaciones de Texas para lesiones personales es una ley que establece la cantidad de tiempo que una parte lesionada tiene para presentar una demanda por accidentes, contra el individuo o la compa\u00f1\u00eda responsable de causar el incidente y las lesiones.\u00a0 Esto significa que la Legislatura del Estado de Texas decidi\u00f3 que, si usted no presenta su caso dentro del tiempo permitido en el estatuto, usted pierde todos los derechos para proseguir con su caso en el futuro.<\/p>\n<h3>El estatuto de limitaci\u00f3n de dos a\u00f1os por accidentes en Texas<\/h3>\n<p>Entonces, \u00bfcu\u00e1l es el estatuto de limitaciones para un <em>accidente de auto o una lesi\u00f3n de trabajo o un caso local<\/em>? Una persona debe presentar una demanda por da\u00f1os personales a m\u00e1s tardar <strong><em><u>dos a\u00f1os<\/u> despu\u00e9s del d\u00eda en que se devengue la causa de la acci\u00f3n<\/em>. El Tex. Civ. Prac. &amp; Rem. C\u00f3digo secci\u00f3n 16.003.<\/strong> Esencialmente, tiene dos a\u00f1os a partir del d\u00eda del accidente que caus\u00f3 sus lesiones para presentar una demanda. Si no presenta una demanda, no podr\u00e1 reclamar por las lesiones y da\u00f1os que resultaron de ese incidente.<\/p>\n<p><img loading=\"lazy\" decoding=\"async\" class=\"aligncenter size-full wp-image-2977 lazy-load\" src=\"https:\/\/sandovalpllc.com\/es\/wp-content\/uploads\/sites\/2\/2025\/10\/el-estatuto-de-limitaciones-para-un-caso-de-accidentes-en-texas-img.jpg\" alt=\"\" width=\"768\" height=\"512\" srcset=\"https:\/\/sandovalpllc.com\/es\/wp-content\/uploads\/sites\/2\/2025\/10\/el-estatuto-de-limitaciones-para-un-caso-de-accidentes-en-texas-img.jpg 768w, https:\/\/sandovalpllc.com\/es\/wp-content\/uploads\/sites\/2\/2025\/10\/el-estatuto-de-limitaciones-para-un-caso-de-accidentes-en-texas-img-300x200.jpg 300w\" sizes=\"auto, (max-width: 768px) 100vw, 768px\" \/><\/p>\n<p>En el contexto de los tipos de casos que maneja <em>Sandoval Law Firm<\/em>, la ley de prescripci\u00f3n de dos a\u00f1os se aplica a los casos de lesiones personales como accidentes de auto, accidentes de 18 ruedas y lesiones de trabajo.<\/p>\n<p>Para proteger sus derechos hay leyes espec\u00edficas que se aplican a los casos de <a href=\"https:\/\/sandovalpllc.com\/es\/abogado-accidentes-trabajo\/compensacion-de-trabajadores\/\" target=\"_blank\" rel=\"noopener noreferrer\">Compensaci\u00f3n de Trabajadores de Texas<\/a> bajo el Acta de Compensaci\u00f3n de Trabajadores. Por lo tanto, en ese tipo de casos, siempre es mejor consultar a un abogado de lesiones laborales tan pronto como pueda despu\u00e9s del incidente.<\/p>\n<p>Aunque tiene dos a\u00f1os a partir de la fecha del incidente para presentar una demanda y proteger sus derechos, no es una situaci\u00f3n ideal esperar hasta el \u00faltimo minuto para consultar con un abogado de lesiones personales sobre sus derechos. El tiempo es esencial. La \u00fanica manera de evitar que el tiempo se agote, es presentar una demanda.<\/p>\n<h3>\u00bfHay excepciones al per\u00edodo de limitaci\u00f3n de dos a\u00f1os?<\/h3>\n<p>En ciertos casos, el per\u00edodo de dos a\u00f1os de un individuo lesionado no puede empezar a correr hasta que algo espec\u00edfico suceda. Esto no ocurre en un caso t\u00edpico de lesiones personales como un accidente de auto o una lesi\u00f3n de trabajo. Esto se ve normalmente en casos que involucran a un menor o, en casos donde la lesi\u00f3n no es inmediatamente aparente.<\/p>\n<h3>Estatuto de limitaciones contractual de 1 a\u00f1o en casos de lesiones laborales de No-Suscriptores<\/h3>\n<p>Una de las cuestiones m\u00e1s inquietantes que surgen en los casos de lesiones laborales de los no suscriptores es la alteraci\u00f3n del estatuto de prescripci\u00f3n de dos a\u00f1os de Texas por contrato o acuerdo de arbitraje.<\/p>\n<p>En los casos de no suscriptores, los empleadores eligen estar fuera de la Compensaci\u00f3n de Trabajadores de Texas y en su lugar, proporcionan beneficios de trabajo en las lesiones de trabajo bajo un Plan ERISA. Uno de los efectos de la elecci\u00f3n de la condici\u00f3n de no suscriptor es que un empleado lesionado tiene derecho a demandar a la empresa si la lesi\u00f3n se produjo por negligencia en el lugar de trabajo. Generalmente, un empleado lesionado no puede demandar a su empleador en un caso de Compensaci\u00f3n de Trabajadores de Texas. Para protegerse de ser demandado en un tribunal estatal o federal, los no suscriptores de Texas requieren que los empleados firmen un <strong>acuerdo de arbitraje<\/strong>. \u00a1Es en este acuerdo que las compa\u00f1\u00edas no suscriptoras intentan cambiar el estatuto de limitaciones de dos a\u00f1os a un a\u00f1o o menos! La mayor\u00eda de los empleados ni siquiera se dan cuenta de que han acordado contractualmente renunciar o abandonar parte del tiempo, que de otra manera habr\u00edan tenido que presentar un caso de lesiones laborales.<\/p>\n<h3>\u00bfQu\u00e9 debe hacer si su caso de lesi\u00f3n ocurri\u00f3 hace m\u00e1s de un a\u00f1o?<\/h3>\n<p>No espere m\u00e1s. Si se lesiona y necesita una consulta legal, no duerma sobre sus derechos. Necesita buscar consejer\u00eda legal antes de decidir el mejor curso de acci\u00f3n. No piense que ha perdido todos sus derechos s\u00f3lo porque su lesi\u00f3n ocurri\u00f3 hace m\u00e1s de un a\u00f1o. Si tiene dudas, busque ayuda. Es gratis y le dar\u00e1 tranquilidad.<\/p>\n<h3>\u00bfC\u00f3mo puede un abogado de lesiones personales ayudar a proteger su caso?<\/h3>\n<p>Sandoval Law Firm, PLLC puede ayudar presentando su demanda o arbitraje de manera oportuna. \u00a1Eso significa que vamos a investigar su caso, determinar la fecha de la ley de prescripci\u00f3n en su caso y, vamos a presentar su demanda y proteger sus derechos!<\/p>\n<p>Cuando est\u00e9 listo para discutir su caso de lesiones personales, llame al <a href=\"https:\/\/sandovalpllc.com\/es\/abogado-hector-sandoval\/\" target=\"_blank\" rel=\"noopener noreferrer\">abogado de accidentes de Houston<\/a> H\u00e9ctor L. Sandoval al <a href=\"tel:+13463477777\" class=\"click-to-call-body\">(346) 347-7777<\/a><br \/>\n. \u00a1Llame y ponga a Sandoval a trabajar para usted!<\/p>\n","protected":false},"excerpt":{"rendered":"<p>Es de 2 a\u00f1os a partir de la fecha en que se devenga la causa de la acci\u00f3n. En t\u00e9rminos simples, tiene dos a\u00f1os desde la fecha de la lesi\u00f3n laboral, el accidente de auto o el resbal\u00f3n y ca\u00edda, para presentar su demanda o arriesgarse a perder todos los derechos relacionados con ese incidente&#8230;. <a href=\"https:\/\/sandovalpllc.com\/es\/el-estatuto-de-limitaciones-para-un-caso-de-accidentes-en-texas\/\" class=\"learn-btn\">Continue Reading<\/a><\/p>\n","protected":false},"author":3,"featured_media":527,"parent":0,"menu_order":0,"comment_status":"closed","ping_status":"closed","template":"","meta":{"_acf_changed":false,"_genesis_hide_title":false,"_genesis_hide_breadcrumbs":false,"_genesis_hide_singular_image":false,"_genesis_hide_footer_widgets":false,"_genesis_custom_body_class":"","_genesis_custom_post_class":"","_genesis_layout":"","footnotes":""},"class_list":{"0":"post-525","1":"page","2":"type-page","3":"status-publish","4":"has-post-thumbnail","6":"entry"},"acf":[],"yoast_head":"<!-- This site is optimized with the Yoast SEO plugin v26.8 - https:\/\/yoast.com\/product\/yoast-seo-wordpress\/ -->\n<title>\u00bfCu\u00e1l es el estatuto de limitaciones para un caso de lesiones personales?<\/title>\n<meta name=\"description\" content=\"En Texas es de 2 a\u00f1os a partir de la fecha en que se devenga la causa de la acci\u00f3n. En t\u00e9rminos simples, tiene dos a\u00f1os desde la fecha de la lesi\u00f3n laboral.\" \/>\n<meta name=\"robots\" content=\"index, follow, max-snippet:-1, max-image-preview:large, max-video-preview:-1\" \/>\n<link rel=\"canonical\" href=\"https:\/\/sandovalpllc.com\/es\/el-estatuto-de-limitaciones-para-un-caso-de-accidentes-en-texas\/\" \/>\n<meta property=\"og:locale\" content=\"es_ES\" \/>\n<meta property=\"og:type\" content=\"article\" \/>\n<meta property=\"og:title\" content=\"\u00bfCu\u00e1l es el estatuto de limitaciones para un caso de lesiones personales?\" \/>\n<meta property=\"og:description\" content=\"En Texas es de 2 a\u00f1os a partir de la fecha en que se devenga la causa de la acci\u00f3n. En t\u00e9rminos simples, tiene dos a\u00f1os desde la fecha de la lesi\u00f3n laboral.\" \/>\n<meta property=\"og:url\" content=\"https:\/\/sandovalpllc.com\/es\/el-estatuto-de-limitaciones-para-un-caso-de-accidentes-en-texas\/\" \/>\n<meta property=\"og:site_name\" content=\"Bufete de Abogados Sandoval Da\u00f1os Personales y Muerte Injusta\" \/>\n<meta property=\"article:modified_time\" content=\"2025-10-28T16:22:34+00:00\" \/>\n<meta property=\"og:image\" content=\"https:\/\/sandovalpllc.com\/es\/wp-content\/uploads\/sites\/2\/2020\/01\/slide1.jpg\" \/>\n\t<meta property=\"og:image:width\" content=\"1920\" \/>\n\t<meta property=\"og:image:height\" content=\"951\" \/>\n\t<meta property=\"og:image:type\" content=\"image\/jpeg\" \/>\n<meta name=\"twitter:card\" content=\"summary_large_image\" \/>\n<meta name=\"twitter:label1\" content=\"Est. reading time\" \/>\n\t<meta name=\"twitter:data1\" content=\"5 minutos\" \/>\n<script type=\"application\/ld+json\" class=\"yoast-schema-graph\">{\"@context\":\"https:\/\/schema.org\",\"@graph\":[{\"@type\":\"WebPage\",\"@id\":\"https:\/\/sandovalpllc.com\/es\/el-estatuto-de-limitaciones-para-un-caso-de-accidentes-en-texas\/\",\"url\":\"https:\/\/sandovalpllc.com\/es\/el-estatuto-de-limitaciones-para-un-caso-de-accidentes-en-texas\/\",\"name\":\"\u00bfCu\u00e1l es el estatuto de limitaciones para un caso de lesiones personales?\",\"isPartOf\":{\"@id\":\"https:\/\/sandovalpllc.com\/es\/#website\"},\"primaryImageOfPage\":{\"@id\":\"https:\/\/sandovalpllc.com\/es\/el-estatuto-de-limitaciones-para-un-caso-de-accidentes-en-texas\/#primaryimage\"},\"image\":{\"@id\":\"https:\/\/sandovalpllc.com\/es\/el-estatuto-de-limitaciones-para-un-caso-de-accidentes-en-texas\/#primaryimage\"},\"thumbnailUrl\":\"https:\/\/sandovalpllc.com\/es\/wp-content\/uploads\/sites\/2\/2020\/01\/slide1.jpg\",\"datePublished\":\"2020-01-31T22:45:21+00:00\",\"dateModified\":\"2025-10-28T16:22:34+00:00\",\"description\":\"En Texas es de 2 a\u00f1os a partir de la fecha en que se devenga la causa de la acci\u00f3n. En t\u00e9rminos simples, tiene dos a\u00f1os desde la fecha de la lesi\u00f3n laboral.\",\"breadcrumb\":{\"@id\":\"https:\/\/sandovalpllc.com\/es\/el-estatuto-de-limitaciones-para-un-caso-de-accidentes-en-texas\/#breadcrumb\"},\"inLanguage\":\"es-PE\",\"potentialAction\":[{\"@type\":\"ReadAction\",\"target\":[\"https:\/\/sandovalpllc.com\/es\/el-estatuto-de-limitaciones-para-un-caso-de-accidentes-en-texas\/\"]}]},{\"@type\":\"ImageObject\",\"inLanguage\":\"es-PE\",\"@id\":\"https:\/\/sandovalpllc.com\/es\/el-estatuto-de-limitaciones-para-un-caso-de-accidentes-en-texas\/#primaryimage\",\"url\":\"https:\/\/sandovalpllc.com\/es\/wp-content\/uploads\/sites\/2\/2020\/01\/slide1.jpg\",\"contentUrl\":\"https:\/\/sandovalpllc.com\/es\/wp-content\/uploads\/sites\/2\/2020\/01\/slide1.jpg\",\"width\":1920,\"height\":951},{\"@type\":\"BreadcrumbList\",\"@id\":\"https:\/\/sandovalpllc.com\/es\/el-estatuto-de-limitaciones-para-un-caso-de-accidentes-en-texas\/#breadcrumb\",\"itemListElement\":[{\"@type\":\"ListItem\",\"position\":1,\"name\":\"Home\",\"item\":\"https:\/\/sandovalpllc.com\/es\/\"},{\"@type\":\"ListItem\",\"position\":2,\"name\":\"\u00bfCu\u00e1l es el estatuto de limitaciones para un caso de accidentes en Texas?\"}]},{\"@type\":\"WebSite\",\"@id\":\"https:\/\/sandovalpllc.com\/es\/#website\",\"url\":\"https:\/\/sandovalpllc.com\/es\/\",\"name\":\"Bufete de Abogados Sandoval Da\u00f1os Personales y Muerte Injusta\",\"description\":\"Just another Sandoval Law Firm, PLLC Sites site\",\"potentialAction\":[{\"@type\":\"SearchAction\",\"target\":{\"@type\":\"EntryPoint\",\"urlTemplate\":\"https:\/\/sandovalpllc.com\/es\/?s={search_term_string}\"},\"query-input\":{\"@type\":\"PropertyValueSpecification\",\"valueRequired\":true,\"valueName\":\"search_term_string\"}}],\"inLanguage\":\"es-PE\"}]}<\/script>\n<!-- \/ Yoast SEO plugin. -->","yoast_head_json":{"title":"\u00bfCu\u00e1l es el estatuto de limitaciones para un caso de lesiones personales?","description":"En Texas es de 2 a\u00f1os a partir de la fecha en que se devenga la causa de la acci\u00f3n. En t\u00e9rminos simples, tiene dos a\u00f1os desde la fecha de la lesi\u00f3n laboral.","robots":{"index":"index","follow":"follow","max-snippet":"max-snippet:-1","max-image-preview":"max-image-preview:large","max-video-preview":"max-video-preview:-1"},"canonical":"https:\/\/sandovalpllc.com\/es\/el-estatuto-de-limitaciones-para-un-caso-de-accidentes-en-texas\/","og_locale":"es_ES","og_type":"article","og_title":"\u00bfCu\u00e1l es el estatuto de limitaciones para un caso de lesiones personales?","og_description":"En Texas es de 2 a\u00f1os a partir de la fecha en que se devenga la causa de la acci\u00f3n. En t\u00e9rminos simples, tiene dos a\u00f1os desde la fecha de la lesi\u00f3n laboral.","og_url":"https:\/\/sandovalpllc.com\/es\/el-estatuto-de-limitaciones-para-un-caso-de-accidentes-en-texas\/","og_site_name":"Bufete de Abogados Sandoval Da\u00f1os Personales y Muerte Injusta","article_modified_time":"2025-10-28T16:22:34+00:00","og_image":[{"width":1920,"height":951,"url":"https:\/\/sandovalpllc.com\/es\/wp-content\/uploads\/sites\/2\/2020\/01\/slide1.jpg","type":"image\/jpeg"}],"twitter_card":"summary_large_image","twitter_misc":{"Est. reading time":"5 minutos"},"schema":{"@context":"https:\/\/schema.org","@graph":[{"@type":"WebPage","@id":"https:\/\/sandovalpllc.com\/es\/el-estatuto-de-limitaciones-para-un-caso-de-accidentes-en-texas\/","url":"https:\/\/sandovalpllc.com\/es\/el-estatuto-de-limitaciones-para-un-caso-de-accidentes-en-texas\/","name":"\u00bfCu\u00e1l es el estatuto de limitaciones para un caso de lesiones personales?","isPartOf":{"@id":"https:\/\/sandovalpllc.com\/es\/#website"},"primaryImageOfPage":{"@id":"https:\/\/sandovalpllc.com\/es\/el-estatuto-de-limitaciones-para-un-caso-de-accidentes-en-texas\/#primaryimage"},"image":{"@id":"https:\/\/sandovalpllc.com\/es\/el-estatuto-de-limitaciones-para-un-caso-de-accidentes-en-texas\/#primaryimage"},"thumbnailUrl":"https:\/\/sandovalpllc.com\/es\/wp-content\/uploads\/sites\/2\/2020\/01\/slide1.jpg","datePublished":"2020-01-31T22:45:21+00:00","dateModified":"2025-10-28T16:22:34+00:00","description":"En Texas es de 2 a\u00f1os a partir de la fecha en que se devenga la causa de la acci\u00f3n. En t\u00e9rminos simples, tiene dos a\u00f1os desde la fecha de la lesi\u00f3n laboral.","breadcrumb":{"@id":"https:\/\/sandovalpllc.com\/es\/el-estatuto-de-limitaciones-para-un-caso-de-accidentes-en-texas\/#breadcrumb"},"inLanguage":"es-PE","potentialAction":[{"@type":"ReadAction","target":["https:\/\/sandovalpllc.com\/es\/el-estatuto-de-limitaciones-para-un-caso-de-accidentes-en-texas\/"]}]},{"@type":"ImageObject","inLanguage":"es-PE","@id":"https:\/\/sandovalpllc.com\/es\/el-estatuto-de-limitaciones-para-un-caso-de-accidentes-en-texas\/#primaryimage","url":"https:\/\/sandovalpllc.com\/es\/wp-content\/uploads\/sites\/2\/2020\/01\/slide1.jpg","contentUrl":"https:\/\/sandovalpllc.com\/es\/wp-content\/uploads\/sites\/2\/2020\/01\/slide1.jpg","width":1920,"height":951},{"@type":"BreadcrumbList","@id":"https:\/\/sandovalpllc.com\/es\/el-estatuto-de-limitaciones-para-un-caso-de-accidentes-en-texas\/#breadcrumb","itemListElement":[{"@type":"ListItem","position":1,"name":"Home","item":"https:\/\/sandovalpllc.com\/es\/"},{"@type":"ListItem","position":2,"name":"\u00bfCu\u00e1l es el estatuto de limitaciones para un caso de accidentes en Texas?"}]},{"@type":"WebSite","@id":"https:\/\/sandovalpllc.com\/es\/#website","url":"https:\/\/sandovalpllc.com\/es\/","name":"Bufete de Abogados Sandoval Da\u00f1os Personales y Muerte Injusta","description":"Just another Sandoval Law Firm, PLLC Sites site","potentialAction":[{"@type":"SearchAction","target":{"@type":"EntryPoint","urlTemplate":"https:\/\/sandovalpllc.com\/es\/?s={search_term_string}"},"query-input":{"@type":"PropertyValueSpecification","valueRequired":true,"valueName":"search_term_string"}}],"inLanguage":"es-PE"}]}},"_links":{"self":[{"href":"https:\/\/sandovalpllc.com\/es\/wp-json\/wp\/v2\/pages\/525","targetHints":{"allow":["GET"]}}],"collection":[{"href":"https:\/\/sandovalpllc.com\/es\/wp-json\/wp\/v2\/pages"}],"about":[{"href":"https:\/\/sandovalpllc.com\/es\/wp-json\/wp\/v2\/types\/page"}],"author":[{"embeddable":true,"href":"https:\/\/sandovalpllc.com\/es\/wp-json\/wp\/v2\/users\/3"}],"replies":[{"embeddable":true,"href":"https:\/\/sandovalpllc.com\/es\/wp-json\/wp\/v2\/comments?post=525"}],"version-history":[{"count":0,"href":"https:\/\/sandovalpllc.com\/es\/wp-json\/wp\/v2\/pages\/525\/revisions"}],"wp:featuredmedia":[{"embeddable":true,"href":"https:\/\/sandovalpllc.com\/es\/wp-json\/wp\/v2\/media\/527"}],"wp:attachment":[{"href":"https:\/\/sandovalpllc.com\/es\/wp-json\/wp\/v2\/media?parent=525"}],"curies":[{"name":"wp","href":"https:\/\/api.w.org\/{rel}","templated":true}]}}