{"id":3001,"date":"2025-11-20T16:53:57","date_gmt":"2025-11-20T16:53:57","guid":{"rendered":"https:\/\/sandovalpllc.com\/es\/?page_id=3001"},"modified":"2025-12-08T04:16:01","modified_gmt":"2025-12-08T04:16:01","slug":"pregunte-a-hex-una-mejor-manera-de-conectar-con-usted-mediante-inteligencia-artificial","status":"publish","type":"page","link":"https:\/\/sandovalpllc.com\/es\/pregunte-a-hex-una-mejor-manera-de-conectar-con-usted-mediante-inteligencia-artificial\/","title":{"rendered":"\u00a1Pregunte a HEX! \u00a1Una mejor manera de conectar con usted mediante Inteligencia Artificial!"},"content":{"rendered":"<h2>Pregunte a HEX \u2013 Asistencia Legal Impulsada por IA de Sandoval Law Firm<\/h2>\n<h3>Vivimos una Revoluci\u00f3n Tecnol\u00f3gica<\/h3>\n<p>Actualmente nos encontramos en una revoluci\u00f3n tecnol\u00f3gica que, nos guste o no, afectar\u00e1 todo lo que hacemos en nuestro d\u00eda a d\u00eda. La inteligencia artificial (IA) est\u00e1 en todas partes en l\u00ednea y muchas profesiones la est\u00e1n utilizando para servir mejor a sus clientes.<\/p>\n<p>Cuando las personas buscan respuestas legales, a menudo escriben preguntas en Google u otro motor de b\u00fasqueda. La IA genera entonces una respuesta basada en contenido de todo internet. Si bien esto puede ser \u00fatil para una investigaci\u00f3n general, las respuestas m\u00e1s precisas a menudo provienen directamente de las fuentes originales referenciadas por la IA.<\/p>\n<p>Entendiendo la importancia de contar con informaci\u00f3n legal confiable y de alta calidad, creamos <strong>Pregunte a HEX<\/strong>.<\/p>\n<h3>\u00bfQu\u00e9 es Pregunte a HEX?<\/h3>\n<p>Pregunte a HEX es una herramienta de IA implementada por Sandoval Law Firm para asistir a clientes actuales y potenciales que est\u00e1n investigando preguntas relacionadas con la ley de lesiones personales en Texas.<\/p>\n<p>Un cliente potencial lesionado en un <a href=\"https:\/\/sandovalpllc.com\/es\/abogado-accidentes-trabajo\/no-suscriptores\/\" target=\"_blank\" rel=\"noopener\">accidente laboral de no suscriptores<\/a> o en un <a href=\"https:\/\/sandovalpllc.com\/es\/abogado-accidentes-de-auto\/\" target=\"_blank\" rel=\"noopener\">choque o accidente automovil\u00edstico<\/a> puede usar Pregunte a HEX para enviar una pregunta. El sistema genera entonces una respuesta basada enteramente en contenido legal escrito o aprobado por el Abogado H\u00e9ctor Sandoval. Pregunte a HEX:<\/p>\n<ul>\n<li>Proporcionar\u00e1 respuestas informadas por la experiencia del Abogado Sandoval.<\/li>\n<li>Recomendar\u00e1 art\u00edculos, videos y recursos relacionados del sitio web de Sandoval Law Firm.<\/li>\n<li>Ayudar\u00e1 a los clientes a encontrar informaci\u00f3n legal precisa de manera r\u00e1pida y sencilla.<\/li>\n<\/ul>\n<h3>C\u00f3mo ayuda Pregunte a HEX a los trabajadores lesionados y v\u00edctimas de accidentes<\/h3>\n<p>Pregunte a HEX le permite obtener informaci\u00f3n \u00fatil del contenido propio del Abogado Sandoval antes de programar una consulta.<\/p>\n<p>Usted puede usar Pregunte a HEX para entender mejor si podr\u00eda tener:<\/p>\n<ul>\n<li>Un caso s\u00f3lido de lesi\u00f3n laboral con no suscriptores<\/li>\n<li>Un caso s\u00f3lido de choque o accidente automovil\u00edstico<\/li>\n<\/ul>\n<p>En lugar de buscar a trav\u00e9s de docenas de p\u00e1ginas, Pregunte a HEX extrae informaci\u00f3n de todo el sitio web de Sandoval Law Firm \u2014incluyendo blogs, videos, preguntas frecuentes, infograf\u00edas y explicaciones de casos\u2014 y se la presenta en un solo lugar.<\/p>\n<h3>Por qu\u00e9 lo llamamos Pregunte a HEX<\/h3>\n<p>El nombre \u201cHEX\u201d era el apodo del Abogado Sandoval durante su adolescencia y juventud temprana. La idea es simple: cuando usted utiliza &#8220;Pregunte a HEX&#8221;, esencialmente le est\u00e1 preguntando al propio Abogado Sandoval.<\/p>\n<p>Su respuesta no proviene de una IA gen\u00e9rica. Proviene directamente de informaci\u00f3n legal que el Abogado Sandoval ha escrito, revisado o aprobado.<\/p>\n<h3>Una herramienta dise\u00f1ada para servirle mejor<\/h3>\n<p>El Abogado Sandoval cre\u00f3 Pregunte a HEX para ayudar a los clientes potenciales a localizar r\u00e1pidamente la informaci\u00f3n m\u00e1s importante sobre su situaci\u00f3n legal. En lugar de depender de contenido en l\u00ednea amplio o inexacto, Pregunte a HEX lo mantiene enfocado en contenido espec\u00edficamente sobre lesiones laborales en Texas y casos de accidentes automovil\u00edsticos en Texas.<\/p>\n<blockquote>Quiero que el futuro de esta firma descanse sobre una base de s\u00f3lidas relaciones Abogado-Cliente construidas en la Confianza, la Seguridad y el Respeto.\" - <a href=\"https:\/\/sandovalpllc.com\/es\/abogado-accidentes-trabajo-houston\/\">Abogado de Accidentes H\u00e9ctor L. Sandoval<\/a><\/blockquote>\n<h3>Pruebe Pregunte a HEX en el sitio web de Sandoval Law Firm<\/h3>\n<p>Contin\u00fae navegando por nuestras p\u00e1ginas en el sitio web de Sandoval Law Firm y busque la funci\u00f3n <strong>Pregunte a HEX<\/strong>. Escriba su pregunta y explore art\u00edculos y recursos que provienen directamente de la experiencia del Abogado Sandoval representando a tejanos lesionados.<\/p>\n<p>Cuando est\u00e9 listo para hablar sobre su caso espec\u00edfico, contacte a Sandoval Law Firm para <strong><a href=\"https:\/\/sandovalpllc.com\/es\/contactese\/\" target=\"_blank\" rel=\"noopener\">programar su consulta<\/a><\/strong>.<\/p>\n<center><div class=\"panel box-module-cta\">\r\n<span class=\"icon-title\"><i class=\"fa fa-lightbulb-o\" aria-hidden=\"true\"><\/i><\/span>\r\n<h5 class=\"h1\">\u00bfNecesita un <a href=\"\/es\/que-tipos-de-casos-maneja-un-abogado-de-accidentes\/\">abogado de lesiones personales<\/a>?<\/h5>\r\n<p class=\"subtitle\">\u00a1Estamos disponibles y ofrecemos consulta gratuita!<\/p>\r\n<h5 class=\"h1\">\u00a1Luchemos juntos!<\/h5>\r\n<p class=\"subtitle\"><strong>- Por el tratamiento m\u00e9dico que necesite<br>\r\n- Por la compensaci\u00f3n que se merece<br>\r\n- Su pago es condicional a que recuperemos los da\u00f1os por usted<\/strong><\/p>\r\n<p class=\"subtitle\">\u00a1No tienes que sufrir! Estamos aqu\u00ed para ayudar.<\/p>\r\n<a href=\"tel:+13463477777\" onclick=\"sendEventToGoogle('Body', '\/work-injury-lawyer\/the-work-injury-case\/', '+13463477777');\"><button class=\"btn btn-default\" type=\"button\">\u00a1Llame al abogado Sandoval AHORA!<\/button><\/a>\r\n<\/div>\r\n<\/center>\n","protected":false},"excerpt":{"rendered":"<p>Pregunte a HEX \u2013 Asistencia Legal Impulsada por IA de Sandoval Law Firm Vivimos una Revoluci\u00f3n Tecnol\u00f3gica Actualmente nos encontramos en una revoluci\u00f3n tecnol\u00f3gica que, nos guste o no, afectar\u00e1 todo lo que hacemos en nuestro d\u00eda a d\u00eda. La inteligencia artificial (IA) est\u00e1 en todas partes en l\u00ednea y muchas profesiones la est\u00e1n utilizando&#8230; <a href=\"https:\/\/sandovalpllc.com\/es\/pregunte-a-hex-una-mejor-manera-de-conectar-con-usted-mediante-inteligencia-artificial\/\" class=\"learn-btn\">Continue Reading<\/a><\/p>\n","protected":false},"author":6,"featured_media":0,"parent":0,"menu_order":0,"comment_status":"closed","ping_status":"closed","template":"page-nobanner.php","meta":{"_acf_changed":false,"_genesis_hide_title":false,"_genesis_hide_breadcrumbs":false,"_genesis_hide_singular_image":false,"_genesis_hide_footer_widgets":false,"_genesis_custom_body_class":"","_genesis_custom_post_class":"","_genesis_layout":"","footnotes":""},"class_list":{"0":"post-3001","1":"page","2":"type-page","3":"status-publish","5":"entry"},"acf":[],"yoast_head":"<!-- This site is optimized with the Yoast SEO plugin v26.8 - https:\/\/yoast.com\/product\/yoast-seo-wordpress\/ -->\n<title>\u00a1Pregunte a HEX! \u00a1Una mejor manera de conectar con usted! - Bufete de Abogados Sandoval Da\u00f1os Personales y Muerte Injusta<\/title>\n<meta name=\"description\" content=\"Actualmente nos encontramos en una revoluci\u00f3n tecnol\u00f3gica que, nos guste o no, afectar\u00e1 todo lo que hacemos en nuestro d\u00eda a d\u00eda...\" \/>\n<meta name=\"robots\" content=\"index, follow, max-snippet:-1, max-image-preview:large, max-video-preview:-1\" \/>\n<link rel=\"canonical\" href=\"https:\/\/sandovalpllc.com\/es\/pregunte-a-hex-una-mejor-manera-de-conectar-con-usted-mediante-inteligencia-artificial\/\" \/>\n<meta property=\"og:locale\" content=\"es_ES\" \/>\n<meta property=\"og:type\" content=\"article\" \/>\n<meta property=\"og:title\" content=\"\u00a1Pregunte a HEX! \u00a1Una mejor manera de conectar con usted! - Bufete de Abogados Sandoval Da\u00f1os Personales y Muerte Injusta\" \/>\n<meta property=\"og:description\" content=\"Actualmente nos encontramos en una revoluci\u00f3n tecnol\u00f3gica que, nos guste o no, afectar\u00e1 todo lo que hacemos en nuestro d\u00eda a d\u00eda...\" \/>\n<meta property=\"og:url\" content=\"https:\/\/sandovalpllc.com\/es\/pregunte-a-hex-una-mejor-manera-de-conectar-con-usted-mediante-inteligencia-artificial\/\" \/>\n<meta property=\"og:site_name\" content=\"Bufete de Abogados Sandoval Da\u00f1os Personales y Muerte Injusta\" \/>\n<meta property=\"article:modified_time\" content=\"2025-12-08T04:16:01+00:00\" \/>\n<meta name=\"twitter:card\" content=\"summary_large_image\" \/>\n<meta name=\"twitter:label1\" content=\"Est. reading time\" \/>\n\t<meta name=\"twitter:data1\" content=\"3 minutos\" \/>\n<script type=\"application\/ld+json\" class=\"yoast-schema-graph\">{\"@context\":\"https:\/\/schema.org\",\"@graph\":[{\"@type\":\"WebPage\",\"@id\":\"https:\/\/sandovalpllc.com\/es\/pregunte-a-hex-una-mejor-manera-de-conectar-con-usted-mediante-inteligencia-artificial\/\",\"url\":\"https:\/\/sandovalpllc.com\/es\/pregunte-a-hex-una-mejor-manera-de-conectar-con-usted-mediante-inteligencia-artificial\/\",\"name\":\"\u00a1Pregunte a HEX! \u00a1Una mejor manera de conectar con usted! - Bufete de Abogados Sandoval Da\u00f1os Personales y Muerte Injusta\",\"isPartOf\":{\"@id\":\"https:\/\/sandovalpllc.com\/es\/#website\"},\"datePublished\":\"2025-11-20T16:53:57+00:00\",\"dateModified\":\"2025-12-08T04:16:01+00:00\",\"description\":\"Actualmente nos encontramos en una revoluci\u00f3n tecnol\u00f3gica que, nos guste o no, afectar\u00e1 todo lo que hacemos en nuestro d\u00eda a d\u00eda...\",\"breadcrumb\":{\"@id\":\"https:\/\/sandovalpllc.com\/es\/pregunte-a-hex-una-mejor-manera-de-conectar-con-usted-mediante-inteligencia-artificial\/#breadcrumb\"},\"inLanguage\":\"es-PE\",\"potentialAction\":[{\"@type\":\"ReadAction\",\"target\":[\"https:\/\/sandovalpllc.com\/es\/pregunte-a-hex-una-mejor-manera-de-conectar-con-usted-mediante-inteligencia-artificial\/\"]}]},{\"@type\":\"BreadcrumbList\",\"@id\":\"https:\/\/sandovalpllc.com\/es\/pregunte-a-hex-una-mejor-manera-de-conectar-con-usted-mediante-inteligencia-artificial\/#breadcrumb\",\"itemListElement\":[{\"@type\":\"ListItem\",\"position\":1,\"name\":\"Home\",\"item\":\"https:\/\/sandovalpllc.com\/es\/\"},{\"@type\":\"ListItem\",\"position\":2,\"name\":\"\u00a1Pregunte a HEX!\"}]},{\"@type\":\"WebSite\",\"@id\":\"https:\/\/sandovalpllc.com\/es\/#website\",\"url\":\"https:\/\/sandovalpllc.com\/es\/\",\"name\":\"Bufete de Abogados Sandoval Da\u00f1os Personales y Muerte Injusta\",\"description\":\"Just another Sandoval Law Firm, PLLC Sites site\",\"potentialAction\":[{\"@type\":\"SearchAction\",\"target\":{\"@type\":\"EntryPoint\",\"urlTemplate\":\"https:\/\/sandovalpllc.com\/es\/?s={search_term_string}\"},\"query-input\":{\"@type\":\"PropertyValueSpecification\",\"valueRequired\":true,\"valueName\":\"search_term_string\"}}],\"inLanguage\":\"es-PE\"}]}<\/script>\n<!-- \/ Yoast SEO plugin. -->","yoast_head_json":{"title":"\u00a1Pregunte a HEX! \u00a1Una mejor manera de conectar con usted! - Bufete de Abogados Sandoval Da\u00f1os Personales y Muerte Injusta","description":"Actualmente nos encontramos en una revoluci\u00f3n tecnol\u00f3gica que, nos guste o no, afectar\u00e1 todo lo que hacemos en nuestro d\u00eda a d\u00eda...","robots":{"index":"index","follow":"follow","max-snippet":"max-snippet:-1","max-image-preview":"max-image-preview:large","max-video-preview":"max-video-preview:-1"},"canonical":"https:\/\/sandovalpllc.com\/es\/pregunte-a-hex-una-mejor-manera-de-conectar-con-usted-mediante-inteligencia-artificial\/","og_locale":"es_ES","og_type":"article","og_title":"\u00a1Pregunte a HEX! \u00a1Una mejor manera de conectar con usted! - Bufete de Abogados Sandoval Da\u00f1os Personales y Muerte Injusta","og_description":"Actualmente nos encontramos en una revoluci\u00f3n tecnol\u00f3gica que, nos guste o no, afectar\u00e1 todo lo que hacemos en nuestro d\u00eda a d\u00eda...","og_url":"https:\/\/sandovalpllc.com\/es\/pregunte-a-hex-una-mejor-manera-de-conectar-con-usted-mediante-inteligencia-artificial\/","og_site_name":"Bufete de Abogados Sandoval Da\u00f1os Personales y Muerte Injusta","article_modified_time":"2025-12-08T04:16:01+00:00","twitter_card":"summary_large_image","twitter_misc":{"Est. reading time":"3 minutos"},"schema":{"@context":"https:\/\/schema.org","@graph":[{"@type":"WebPage","@id":"https:\/\/sandovalpllc.com\/es\/pregunte-a-hex-una-mejor-manera-de-conectar-con-usted-mediante-inteligencia-artificial\/","url":"https:\/\/sandovalpllc.com\/es\/pregunte-a-hex-una-mejor-manera-de-conectar-con-usted-mediante-inteligencia-artificial\/","name":"\u00a1Pregunte a HEX! \u00a1Una mejor manera de conectar con usted! - Bufete de Abogados Sandoval Da\u00f1os Personales y Muerte Injusta","isPartOf":{"@id":"https:\/\/sandovalpllc.com\/es\/#website"},"datePublished":"2025-11-20T16:53:57+00:00","dateModified":"2025-12-08T04:16:01+00:00","description":"Actualmente nos encontramos en una revoluci\u00f3n tecnol\u00f3gica que, nos guste o no, afectar\u00e1 todo lo que hacemos en nuestro d\u00eda a d\u00eda...","breadcrumb":{"@id":"https:\/\/sandovalpllc.com\/es\/pregunte-a-hex-una-mejor-manera-de-conectar-con-usted-mediante-inteligencia-artificial\/#breadcrumb"},"inLanguage":"es-PE","potentialAction":[{"@type":"ReadAction","target":["https:\/\/sandovalpllc.com\/es\/pregunte-a-hex-una-mejor-manera-de-conectar-con-usted-mediante-inteligencia-artificial\/"]}]},{"@type":"BreadcrumbList","@id":"https:\/\/sandovalpllc.com\/es\/pregunte-a-hex-una-mejor-manera-de-conectar-con-usted-mediante-inteligencia-artificial\/#breadcrumb","itemListElement":[{"@type":"ListItem","position":1,"name":"Home","item":"https:\/\/sandovalpllc.com\/es\/"},{"@type":"ListItem","position":2,"name":"\u00a1Pregunte a HEX!"}]},{"@type":"WebSite","@id":"https:\/\/sandovalpllc.com\/es\/#website","url":"https:\/\/sandovalpllc.com\/es\/","name":"Bufete de Abogados Sandoval Da\u00f1os Personales y Muerte Injusta","description":"Just another Sandoval Law Firm, PLLC Sites site","potentialAction":[{"@type":"SearchAction","target":{"@type":"EntryPoint","urlTemplate":"https:\/\/sandovalpllc.com\/es\/?s={search_term_string}"},"query-input":{"@type":"PropertyValueSpecification","valueRequired":true,"valueName":"search_term_string"}}],"inLanguage":"es-PE"}]}},"_links":{"self":[{"href":"https:\/\/sandovalpllc.com\/es\/wp-json\/wp\/v2\/pages\/3001","targetHints":{"allow":["GET"]}}],"collection":[{"href":"https:\/\/sandovalpllc.com\/es\/wp-json\/wp\/v2\/pages"}],"about":[{"href":"https:\/\/sandovalpllc.com\/es\/wp-json\/wp\/v2\/types\/page"}],"author":[{"embeddable":true,"href":"https:\/\/sandovalpllc.com\/es\/wp-json\/wp\/v2\/users\/6"}],"replies":[{"embeddable":true,"href":"https:\/\/sandovalpllc.com\/es\/wp-json\/wp\/v2\/comments?post=3001"}],"version-history":[{"count":0,"href":"https:\/\/sandovalpllc.com\/es\/wp-json\/wp\/v2\/pages\/3001\/revisions"}],"wp:attachment":[{"href":"https:\/\/sandovalpllc.com\/es\/wp-json\/wp\/v2\/media?parent=3001"}],"curies":[{"name":"wp","href":"https:\/\/api.w.org\/{rel}","templated":true}]}}