{"id":2947,"date":"2025-10-03T15:38:44","date_gmt":"2025-10-03T15:38:44","guid":{"rendered":"https:\/\/sandovalpllc.com\/es\/?page_id=2947"},"modified":"2026-02-13T16:34:25","modified_gmt":"2026-02-13T16:34:25","slug":"buscar","status":"publish","type":"page","link":"https:\/\/sandovalpllc.com\/es\/buscar\/","title":{"rendered":"Buscar"},"content":{"rendered":"    \r\n\t<div class=\"cgs-search search_page\" id=\"cgs_825421c5-be14-4dd0-8073-041cc7f32d23\">\r\n\t\r\n\t\t<form class=\"cgs-form newsearchform\" method=\"get\" action=\"https:\/\/sandovalpllc.com\/es\/buscar\/\" role=\"search\">\r\n\t\t\t<input class=\"cgs-input label-input\" type=\"text\" name=\"chatgpt_query\" id=\"chatgpt_query_cgs_825421c5-be14-4dd0-8073-041cc7f32d23\" placeholder=\"Escribe tu pregunta aqu\u00ed y obt\u00e9n una respuesta instant\u00e1nea gracias a nuestra funci\u00f3n de IA HEX...\" value=\"\" \/>\r\n\t\t\t<div class=\"buttoni\">\r\n\t\t\t\t<button id=\"start-voice-recording-voice-search\" type=\"button\"><svg class=\"icon-microphone-voice-search-plugin\" viewBox=\"0 0 384 512\" xmlns=\"http:\/\/www.w3.org\/2000\/svg\" aria-hidden=\"true\">\r\n  <path fill=\"currentColor\" d=\"M192 352c53 0 96-43 96-96V96c0-53-43-96-96-96S96 43 96 96v160c0 53 43 96 96 96zm176-96c0 97.2-78.8 176-176 176S16 353.2 16 256H0c0 115 89.4 209.5 200 223.2V512h-48c-8.8 0-16 7.2-16 16s7.2 16 16 16h128c8.8 0 16-7.2 16-16s-7.2-16-16-16h-48v-32.8C294.6 465.5 384 371 384 256h-16z\"\/>\r\n<\/svg><\/button> \r\n\t\t\t\t<input class=\"button\" type=\"submit\" id=\"searchsubmit_cgs_825421c5-be14-4dd0-8073-041cc7f32d23\" value=\"\" \/>\r\n\t\t\t<\/div>\r\n\t\t\t<input type=\"hidden\" name=\"source\" value=\"search_page\" \/>\r\n\t\t<\/form>\r\n\t\t<div class=\"poweredchatgpt\"><div class=\"poweredchatgpt\">AI-Powered Ask HEX!<\/div><\/div>\r\n\t\r\n\t<\/div>\r\n\t\r\n\t\n","protected":false},"excerpt":{"rendered":"<p>Descubre estrategias efectivas y consejos pr\u00e1cticos para mejorar tu b\u00fasqueda y alcanzar tus objetivos de manera m\u00e1s eficiente.<\/p>\n","protected":false},"author":6,"featured_media":0,"parent":0,"menu_order":0,"comment_status":"closed","ping_status":"closed","template":"page-nobanner.php","meta":{"_acf_changed":false,"_genesis_hide_title":false,"_genesis_hide_breadcrumbs":false,"_genesis_hide_singular_image":false,"_genesis_hide_footer_widgets":false,"_genesis_custom_body_class":"","_genesis_custom_post_class":"","_genesis_layout":"full-width-content","footnotes":""},"class_list":{"0":"post-2947","1":"page","2":"type-page","3":"status-publish","5":"entry"},"acf":[],"yoast_head":"<!-- This site is optimized with the Yoast SEO plugin v26.8 - https:\/\/yoast.com\/product\/yoast-seo-wordpress\/ -->\n<title>Buscar - Bufete de Abogados Sandoval Da\u00f1os Personales y Muerte Injusta<\/title>\n<meta name=\"description\" content=\"Descubre estrategias efectivas y consejos pr\u00e1cticos para mejorar tu b\u00fasqueda y alcanzar tus objetivos de manera m\u00e1s eficiente.\" \/>\n<meta name=\"robots\" content=\"index, follow, max-snippet:-1, max-image-preview:large, max-video-preview:-1\" \/>\n<link rel=\"canonical\" href=\"https:\/\/sandovalpllc.com\/es\/buscar\/\" \/>\n<meta property=\"og:locale\" content=\"es_ES\" \/>\n<meta property=\"og:type\" content=\"article\" \/>\n<meta property=\"og:title\" content=\"Buscar - Bufete de Abogados Sandoval Da\u00f1os Personales y Muerte Injusta\" \/>\n<meta property=\"og:description\" content=\"Descubre estrategias efectivas y consejos pr\u00e1cticos para mejorar tu b\u00fasqueda y alcanzar tus objetivos de manera m\u00e1s eficiente.\" \/>\n<meta property=\"og:url\" content=\"https:\/\/sandovalpllc.com\/es\/buscar\/\" \/>\n<meta property=\"og:site_name\" content=\"Bufete de Abogados Sandoval Da\u00f1os Personales y Muerte Injusta\" \/>\n<meta property=\"article:modified_time\" content=\"2026-02-13T16:34:25+00:00\" \/>\n<meta name=\"twitter:card\" content=\"summary_large_image\" \/>\n<meta name=\"twitter:label1\" content=\"Est. reading time\" \/>\n\t<meta name=\"twitter:data1\" content=\"1 minuto\" \/>\n<script type=\"application\/ld+json\" class=\"yoast-schema-graph\">{\"@context\":\"https:\/\/schema.org\",\"@graph\":[{\"@type\":\"WebPage\",\"@id\":\"https:\/\/sandovalpllc.com\/es\/buscar\/\",\"url\":\"https:\/\/sandovalpllc.com\/es\/buscar\/\",\"name\":\"Buscar - Bufete de Abogados Sandoval Da\u00f1os Personales y Muerte Injusta\",\"isPartOf\":{\"@id\":\"https:\/\/sandovalpllc.com\/es\/#website\"},\"datePublished\":\"2025-10-03T15:38:44+00:00\",\"dateModified\":\"2026-02-13T16:34:25+00:00\",\"description\":\"Descubre estrategias efectivas y consejos pr\u00e1cticos para mejorar tu b\u00fasqueda y alcanzar tus objetivos de manera m\u00e1s eficiente.\",\"breadcrumb\":{\"@id\":\"https:\/\/sandovalpllc.com\/es\/buscar\/#breadcrumb\"},\"inLanguage\":\"es-PE\",\"potentialAction\":[{\"@type\":\"ReadAction\",\"target\":[\"https:\/\/sandovalpllc.com\/es\/buscar\/\"]}]},{\"@type\":\"BreadcrumbList\",\"@id\":\"https:\/\/sandovalpllc.com\/es\/buscar\/#breadcrumb\",\"itemListElement\":[{\"@type\":\"ListItem\",\"position\":1,\"name\":\"Home\",\"item\":\"https:\/\/sandovalpllc.com\/es\/\"},{\"@type\":\"ListItem\",\"position\":2,\"name\":\"Buscar\"}]},{\"@type\":\"WebSite\",\"@id\":\"https:\/\/sandovalpllc.com\/es\/#website\",\"url\":\"https:\/\/sandovalpllc.com\/es\/\",\"name\":\"Bufete de Abogados Sandoval Da\u00f1os Personales y Muerte Injusta\",\"description\":\"Just another Sandoval Law Firm, PLLC Sites site\",\"potentialAction\":[{\"@type\":\"SearchAction\",\"target\":{\"@type\":\"EntryPoint\",\"urlTemplate\":\"https:\/\/sandovalpllc.com\/es\/?s={search_term_string}\"},\"query-input\":{\"@type\":\"PropertyValueSpecification\",\"valueRequired\":true,\"valueName\":\"search_term_string\"}}],\"inLanguage\":\"es-PE\"}]}<\/script>\n<!-- \/ Yoast SEO plugin. -->","yoast_head_json":{"title":"Buscar - Bufete de Abogados Sandoval Da\u00f1os Personales y Muerte Injusta","description":"Descubre estrategias efectivas y consejos pr\u00e1cticos para mejorar tu b\u00fasqueda y alcanzar tus objetivos de manera m\u00e1s eficiente.","robots":{"index":"index","follow":"follow","max-snippet":"max-snippet:-1","max-image-preview":"max-image-preview:large","max-video-preview":"max-video-preview:-1"},"canonical":"https:\/\/sandovalpllc.com\/es\/buscar\/","og_locale":"es_ES","og_type":"article","og_title":"Buscar - Bufete de Abogados Sandoval Da\u00f1os Personales y Muerte Injusta","og_description":"Descubre estrategias efectivas y consejos pr\u00e1cticos para mejorar tu b\u00fasqueda y alcanzar tus objetivos de manera m\u00e1s eficiente.","og_url":"https:\/\/sandovalpllc.com\/es\/buscar\/","og_site_name":"Bufete de Abogados Sandoval Da\u00f1os Personales y Muerte Injusta","article_modified_time":"2026-02-13T16:34:25+00:00","twitter_card":"summary_large_image","twitter_misc":{"Est. reading time":"1 minuto"},"schema":{"@context":"https:\/\/schema.org","@graph":[{"@type":"WebPage","@id":"https:\/\/sandovalpllc.com\/es\/buscar\/","url":"https:\/\/sandovalpllc.com\/es\/buscar\/","name":"Buscar - Bufete de Abogados Sandoval Da\u00f1os Personales y Muerte Injusta","isPartOf":{"@id":"https:\/\/sandovalpllc.com\/es\/#website"},"datePublished":"2025-10-03T15:38:44+00:00","dateModified":"2026-02-13T16:34:25+00:00","description":"Descubre estrategias efectivas y consejos pr\u00e1cticos para mejorar tu b\u00fasqueda y alcanzar tus objetivos de manera m\u00e1s eficiente.","breadcrumb":{"@id":"https:\/\/sandovalpllc.com\/es\/buscar\/#breadcrumb"},"inLanguage":"es-PE","potentialAction":[{"@type":"ReadAction","target":["https:\/\/sandovalpllc.com\/es\/buscar\/"]}]},{"@type":"BreadcrumbList","@id":"https:\/\/sandovalpllc.com\/es\/buscar\/#breadcrumb","itemListElement":[{"@type":"ListItem","position":1,"name":"Home","item":"https:\/\/sandovalpllc.com\/es\/"},{"@type":"ListItem","position":2,"name":"Buscar"}]},{"@type":"WebSite","@id":"https:\/\/sandovalpllc.com\/es\/#website","url":"https:\/\/sandovalpllc.com\/es\/","name":"Bufete de Abogados Sandoval Da\u00f1os Personales y Muerte Injusta","description":"Just another Sandoval Law Firm, PLLC Sites site","potentialAction":[{"@type":"SearchAction","target":{"@type":"EntryPoint","urlTemplate":"https:\/\/sandovalpllc.com\/es\/?s={search_term_string}"},"query-input":{"@type":"PropertyValueSpecification","valueRequired":true,"valueName":"search_term_string"}}],"inLanguage":"es-PE"}]}},"_links":{"self":[{"href":"https:\/\/sandovalpllc.com\/es\/wp-json\/wp\/v2\/pages\/2947","targetHints":{"allow":["GET"]}}],"collection":[{"href":"https:\/\/sandovalpllc.com\/es\/wp-json\/wp\/v2\/pages"}],"about":[{"href":"https:\/\/sandovalpllc.com\/es\/wp-json\/wp\/v2\/types\/page"}],"author":[{"embeddable":true,"href":"https:\/\/sandovalpllc.com\/es\/wp-json\/wp\/v2\/users\/6"}],"replies":[{"embeddable":true,"href":"https:\/\/sandovalpllc.com\/es\/wp-json\/wp\/v2\/comments?post=2947"}],"version-history":[{"count":0,"href":"https:\/\/sandovalpllc.com\/es\/wp-json\/wp\/v2\/pages\/2947\/revisions"}],"wp:attachment":[{"href":"https:\/\/sandovalpllc.com\/es\/wp-json\/wp\/v2\/media?parent=2947"}],"curies":[{"name":"wp","href":"https:\/\/api.w.org\/{rel}","templated":true}]}}