{"id":2702,"date":"2024-10-22T15:02:00","date_gmt":"2024-10-22T15:02:00","guid":{"rendered":"https:\/\/sandovalpllc.com\/es\/?page_id=2702"},"modified":"2024-10-25T12:50:26","modified_gmt":"2024-10-25T12:50:26","slug":"videos","status":"publish","type":"page","link":"https:\/\/sandovalpllc.com\/es\/videos\/","title":{"rendered":"Videos por la firma de abogados de accidentes Sandoval Law Firm"},"content":{"rendered":"<p>En esta p\u00e1gina, encontrar\u00e1 enlaces a todos los videos relevantes de <a href=\"https:\/\/sandovalpllc.com\/es\/mensaje-de-hector-l-sandoval-por-que-elegir-sandoval\/\" rel=\"noopener\" target=\"_blank\">Sandoval Law Firm<\/a>, que cubren temas como <a href=\"https:\/\/sandovalpllc.com\/es\/abogado-accidentes-de-auto\/\" rel=\"noopener\" target=\"_blank\">accidentes de auto<\/a>, <a href=\"https:\/\/sandovalpllc.com\/es\/abogado-accidentes-trabajo\/\" rel=\"noopener\" target=\"_blank\">lesiones laborales<\/a> y <a href=\"https:\/\/sandovalpllc.com\/es\/abogado-accidentes-trabajo\/no-suscriptores\/\" rel=\"noopener\" target=\"_blank\">casos de empleadores no suscriptores en Texas<\/a>. Nos comprometemos a ofrecer recursos educativos que le ayuden a tomar decisiones informadas, desde entender si puede tener un caso hasta elegir al abogado adecuado para sus necesidades.<\/p>\n<div class=\"video-full\">\t<div id=\"listing-page\" class=\"content-area case-listing mt-3\">\r\n\t\t<div class=\"case-filter mb-3\">\r\n\t\t\t<div class=\"row\">\t\r\n\t\t\t\t\t\t\t<div class=\"form-field field1 col-md-12 text-left\">\r\n\t\t\t\t\t<label class=\"color-brown\">Seleccione Categor\u00eda<\/label>\r\n\t\t\t\t\t<select id=\"case-result-category\" class=\"form-control\" name=\"case-category\" onchange=\"window.location=''+this.value\">\r\n\t\t\t\t\t\t<option value=\"https:\/\/sandovalpllc.com\/es\/videos\/\">Todas las Categor\u00edas<\/option>\r\n\t\t\t\t\t\t\t\t\t\t\t\t<option  value=\"https:\/\/sandovalpllc.com\/es\/videos\/abogado-de-accidentes-de-auto\/\">Abogado de Accidentes De Auto<\/option>\r\n\t\t\t\t\t\t\t\t\t\t\t\t<option  value=\"https:\/\/sandovalpllc.com\/es\/videos\/abogado-de-accidentes-de-trabajo\/\">Abogado de Accidentes De Trabajo<\/option>\r\n\t\t\t\t\t\t\t\t\t\t\t\t<option  value=\"https:\/\/sandovalpllc.com\/es\/videos\/abogado-de-lesiones-de-nacimiento\/\">Abogado de Lesiones de Nacimiento<\/option>\r\n\t\t\t\t\t\t\t\t\t\t\t<\/select>\r\n\t\t\t\t<\/div>\t\t\t<\/div>\r\n\t\t<\/div>\r\n\t<\/div>\r\n\t<div class=\"video-list\">\t\t\t\t<div class=\"video-item\">\r\n\t\t\t\t\t<a href=\"https:\/\/sandovalpllc.com\/es\/video\/tu-hijo-sufrio-una-lesion-de-nacimiento-en-texas\/\"><img decoding=\"async\" class=\"aligncenter lazy-load\" src=\"https:\/\/img.youtube.com\/vi\/BuLIfVYHciQ\/sddefault.jpg\" alt=\"\u00bfTu hijo sufri\u00f3 una lesi\u00f3n de nacimiento en Texas?\" \/><\/a>\r\n\t\t\t\t\t<h4><a href=\"https:\/\/sandovalpllc.com\/es\/video\/tu-hijo-sufrio-una-lesion-de-nacimiento-en-texas\/\">\u00bfTu hijo sufri\u00f3 una lesi\u00f3n de nacimiento en Texas?<\/a><\/h4><p>C\u00f3mo Manejar Casos de Lesiones de Nacimiento en Texas: Gu\u00eda para Familias que Buscan Justicia La llegada de un beb\u00e9 deber\u00eda ser un momento lleno de alegr\u00eda. Pero cuando una negligencia m\u00e9dica causa una lesi\u00f3n de nacimiento prevenible, las familias quedan con preguntas, dolor y la dif\u00edcil tarea de cuidar a un hijo que tal&#8230; <a href=\"https:\/\/sandovalpllc.com\/es\/video\/tu-hijo-sufrio-una-lesion-de-nacimiento-en-texas\/\" class=\"learn-btn\">Continue Reading<\/a><\/p>\n\t\t\t\t<\/div>\t\t\t\t<div class=\"video-item\">\r\n\t\t\t\t\t<a href=\"https:\/\/sandovalpllc.com\/es\/video\/obtener-ayuda-legal-en-texas-tras-accidente-laboral\/\"><img decoding=\"async\" class=\"aligncenter lazy-load\" src=\"https:\/\/sandovalpllc.com\/es\/wp-content\/uploads\/sites\/2\/2024\/11\/12-thumbnails-obtener-ayuda-legal.jpg\" alt=\"Puede ser complicado obtener ayuda legal en Texas luego de un accidente laboral\" \/><\/a>\r\n\t\t\t\t\t<h4><a href=\"https:\/\/sandovalpllc.com\/es\/video\/obtener-ayuda-legal-en-texas-tras-accidente-laboral\/\">Puede ser complicado obtener ayuda legal en Texas luego de un accidente laboral<\/a><\/h4><p>Obtener ayuda despu\u00e9s de una lesi\u00f3n laboral en texas puede ser complicado. hay varias razones por las que obtener ayuda despu\u00e9s de una lesi\u00f3n laboral en texas puede ser complicado.<\/p>\n\t\t\t\t<\/div>\t\t\t\t<div class=\"video-item\">\r\n\t\t\t\t\t<a href=\"https:\/\/sandovalpllc.com\/es\/video\/hector-sandoval-seleccionado-lista-de-super-abogados\/\"><img decoding=\"async\" class=\"aligncenter lazy-load\" src=\"https:\/\/sandovalpllc.com\/es\/wp-content\/uploads\/sites\/2\/2024\/11\/10-thumbnails-Texas-Super-Lawyers-SPA.jpg\" alt=\"Hector L. Sandoval seleccionado a la lista de Super Abogados de Texas 2024\" \/><\/a>\r\n\t\t\t\t\t<h4><a href=\"https:\/\/sandovalpllc.com\/es\/video\/hector-sandoval-seleccionado-lista-de-super-abogados\/\">Hector L. Sandoval seleccionado a la lista de Super Abogados de Texas 2024<\/a><\/h4><p>Sandoval Law Firm se enorgullece en anunciar que H\u00e9ctor L. Sandoval, un destacado abogado en Houston, Texas, ha sido seleccionado en la lista de Super Lawyers de Texas 2024. Este prestigioso reconocimiento se otorga a abogados sobresalientes que han alcanzado un alto grado de reconocimiento por parte de sus colegas y logros profesionales.<\/p>\n\t\t\t\t<\/div>\t\t\t\t<div class=\"video-item\">\r\n\t\t\t\t\t<a href=\"https:\/\/sandovalpllc.com\/es\/video\/si-usted-ha-sufrido-un-accidente-de-trabajo-con-kroger\/\"><img decoding=\"async\" class=\"aligncenter lazy-load\" src=\"https:\/\/sandovalpllc.com\/es\/wp-content\/uploads\/sites\/2\/2021\/08\/si-usted-ha-sufrido-un-accidente-de-trabajo-con-kroger-img.jpg\" alt=\"Si usted ha sufrido un accidente de trabajo con Kroger, mire este video&#8230;\" \/><\/a>\r\n\t\t\t\t\t<h4><a href=\"https:\/\/sandovalpllc.com\/es\/video\/si-usted-ha-sufrido-un-accidente-de-trabajo-con-kroger\/\">Si usted ha sufrido un accidente de trabajo con Kroger, mire este video&#8230;<\/a><\/h4><p>No importa el tipo de lesi\u00f3n que haya sufrido mientras trabajaba para Kroger, podemos ayudarlo a sortear todos los obst\u00e1culos de su reclamo, el cual puede resultar en el pago de todos sus gastos m\u00e9dicos relacionados con el accidente.<\/p>\n\t\t\t\t<\/div>\t\t\t\t<div class=\"video-item\">\r\n\t\t\t\t\t<a href=\"https:\/\/sandovalpllc.com\/es\/video\/si-te-has-accidentado-en-el-trabajo-llama-a-hector-sandoval\/\"><img decoding=\"async\" class=\"aligncenter lazy-load\" src=\"https:\/\/sandovalpllc.com\/es\/wp-content\/uploads\/sites\/2\/2024\/11\/si-te-has-accidentado-en-el-trabajo-llama-a-hector-sandoval-img.jpg\" alt=\"Si te has accidentado en el trabajo, llama a la firma de abogados de Hector Sandoval\" \/><\/a>\r\n\t\t\t\t\t<h4><a href=\"https:\/\/sandovalpllc.com\/es\/video\/si-te-has-accidentado-en-el-trabajo-llama-a-hector-sandoval\/\">Si te has accidentado en el trabajo, llama a la firma de abogados de Hector Sandoval<\/a><\/h4><p>Con tantas compa\u00f1\u00edas mud\u00e1ndose al estado de Texas, se puede esperar que los accidentes laborales ocurran con m\u00e1s frecuencia. Varios trabajadores que hemos representado en el pasado expresan haber tenido una experiencia dif\u00edcil con el seguro del empleador, dej\u00e1ndolos con muchas dudas y preguntas&#8230;<\/p>\n\t\t\t\t<\/div>\t\t\t\t<div class=\"video-item\">\r\n\t\t\t\t\t<a href=\"https:\/\/sandovalpllc.com\/es\/video\/no-permita-que-un-accidente-de-trabajo-arruine-su-vida\/\"><img decoding=\"async\" class=\"aligncenter lazy-load\" src=\"https:\/\/sandovalpllc.com\/es\/wp-content\/uploads\/sites\/2\/2021\/06\/no-permita-que-un-accidente-de-trabajo-arruine-su-vida-img.jpg\" alt=\"No permita que un accidente de trabajo arruine su vida\" \/><\/a>\r\n\t\t\t\t\t<h4><a href=\"https:\/\/sandovalpllc.com\/es\/video\/no-permita-que-un-accidente-de-trabajo-arruine-su-vida\/\">No permita que un accidente de trabajo arruine su vida<\/a><\/h4><p>\u00a1En mi firma, me enfoco en recuperar la dignidad de los trabajadores lesionados y al llevar la lucha a los empleadores negligentes!&#8221; Llama a SANDOVAL LAW FIRM ahora mismo y d\u00e9jame trabajar para t\u00ed y tu familia.<\/p>\n\t\t\t\t<\/div>\t\t\t\t<div class=\"video-item\">\r\n\t\t\t\t\t<a href=\"https:\/\/sandovalpllc.com\/es\/video\/abogado-de-accidentes-de-trabajo-de-texas-hector-sandoval\/\"><img decoding=\"async\" class=\"aligncenter lazy-load\" src=\"https:\/\/sandovalpllc.com\/es\/wp-content\/uploads\/sites\/2\/2021\/06\/abogado-de-accidentes-de-trabajo-de-texas-hector-sandoval-img.jpg\" alt=\"Soy el abogado de accidentes de trabajo de Texas, H\u00e9ctor Sandoval\" \/><\/a>\r\n\t\t\t\t\t<h4><a href=\"https:\/\/sandovalpllc.com\/es\/video\/abogado-de-accidentes-de-trabajo-de-texas-hector-sandoval\/\">Soy el abogado de accidentes de trabajo de Texas, H\u00e9ctor Sandoval<\/a><\/h4><p>Los trabajadores de Texas pueden sufrir una lesi\u00f3n en el trabajo aun cuando su empleador no ha hecho nada negligente para causar la lesi\u00f3n. La lesi\u00f3n podr\u00eda haber sido causada por un\u00a0empleado negligente\u00a0de otra empresa en el lugar de trabajo o, incluso, podr\u00eda haber sido causada por un ciudadano privado negligente que conduce en las&#8230; <a href=\"https:\/\/sandovalpllc.com\/es\/video\/abogado-de-accidentes-de-trabajo-de-texas-hector-sandoval\/\" class=\"learn-btn\">Continue Reading<\/a><\/p>\n\t\t\t\t<\/div>\t\t\t\t<div class=\"video-item\">\r\n\t\t\t\t\t<a href=\"https:\/\/sandovalpllc.com\/es\/video\/no-dejes-que-un-accidente-de-auto-altere-tu-vida\/\"><img decoding=\"async\" class=\"aligncenter lazy-load\" src=\"https:\/\/img.youtube.com\/vi\/EYntk8bnTfQ\/sddefault.jpg\" alt=\"No dejes que un accidente de auto altere tu vida\" \/><\/a>\r\n\t\t\t\t\t<h4><a href=\"https:\/\/sandovalpllc.com\/es\/video\/no-dejes-que-un-accidente-de-auto-altere-tu-vida\/\">No dejes que un accidente de auto altere tu vida<\/a><\/h4><p>Trabajamos sobre la base de una tarifa contingente, es decir, si no ganamos tu caso, no pagas absolutamente nada.<\/p>\n\t\t\t\t<\/div>\t\t\t\t<div class=\"video-item\">\r\n\t\t\t\t\t<a href=\"https:\/\/sandovalpllc.com\/es\/video\/la-tranquilidad-que-necesitas-en-tu-caso-de-accidente-de-auto\/\"><img decoding=\"async\" class=\"aligncenter lazy-load\" src=\"https:\/\/sandovalpllc.com\/es\/wp-content\/uploads\/sites\/2\/2021\/05\/la-tranquilidad-que-necesitas-en-tu-caso-de-accidente-de-auto-img.png\" alt=\"En Sandoval Law Firm te brindamos la tranquilidad que necesitas en tu caso de accidente de auto\" \/><\/a>\r\n\t\t\t\t\t<h4><a href=\"https:\/\/sandovalpllc.com\/es\/video\/la-tranquilidad-que-necesitas-en-tu-caso-de-accidente-de-auto\/\">En Sandoval Law Firm te brindamos la tranquilidad que necesitas en tu caso de accidente de auto<\/a><\/h4><p>\u00bfQui\u00e9n te llevar\u00e1 al trabajo? \u00bfQui\u00e9n va a dejar y recoger a tus ni\u00f1os en la escuela? \u00bfC\u00f3mo vas a ir a comprar comida? \u00a1No puedes estar presente con tu familia como quisieras! Y si fuera poco, est\u00e1s lidiando con una lesi\u00f3n grave. \u00a1Tienes el cuello, la espalda y el cuerpo lastimados debido al accidente!&#8230; <a href=\"https:\/\/sandovalpllc.com\/es\/video\/la-tranquilidad-que-necesitas-en-tu-caso-de-accidente-de-auto\/\" class=\"learn-btn\">Continue Reading<\/a><\/p>\n\t\t\t\t<\/div>\t\t\t\t<div class=\"video-item\">\r\n\t\t\t\t\t<a href=\"https:\/\/sandovalpllc.com\/es\/video\/abogado-de-accidentes-de-auto-en-houston-hector-sandoval\/\"><img decoding=\"async\" class=\"aligncenter lazy-load\" src=\"https:\/\/img.youtube.com\/vi\/XrZyNB0KfRU\/sddefault.jpg\" alt=\"Abogado de Accidentes de Auto en Houston- Hector Sandoval\" \/><\/a>\r\n\t\t\t\t\t<h4><a href=\"https:\/\/sandovalpllc.com\/es\/video\/abogado-de-accidentes-de-auto-en-houston-hector-sandoval\/\">Abogado de Accidentes de Auto en Houston- Hector Sandoval<\/a><\/h4><p>Representamos a tejanos lesionados y nos centramos en contestar a sus preguntas legales a lo largo del proceso.<\/p>\n\t\t\t\t<\/div>\t<\/div><\/div>\n","protected":false},"excerpt":{"rendered":"<p>En esta p\u00e1gina, encontrar\u00e1 enlaces a todos los videos relevantes de Sandoval Law Firm, que cubren temas como accidentes de auto, lesiones laborales y casos de empleadores no suscriptores en Texas. Nos comprometemos a ofrecer recursos educativos que le ayuden a tomar decisiones informadas, desde entender si puede tener un caso hasta elegir al abogado&#8230; <a href=\"https:\/\/sandovalpllc.com\/es\/video\/abogado-de-accidentes-de-auto-en-houston-hector-sandoval\/\" class=\"learn-btn\">Continue Reading<\/a><\/p>\n","protected":false},"author":6,"featured_media":0,"parent":0,"menu_order":0,"comment_status":"closed","ping_status":"closed","template":"page-nobanner.php","meta":{"_acf_changed":false,"_genesis_hide_title":false,"_genesis_hide_breadcrumbs":false,"_genesis_hide_singular_image":false,"_genesis_hide_footer_widgets":false,"_genesis_custom_body_class":"","_genesis_custom_post_class":"","_genesis_layout":"","footnotes":""},"class_list":{"0":"post-2702","1":"page","2":"type-page","3":"status-publish","5":"entry"},"acf":[],"yoast_head":"<!-- This site is optimized with the Yoast SEO plugin v26.8 - https:\/\/yoast.com\/product\/yoast-seo-wordpress\/ -->\n<title>Videos por la firma de abogados de accidentes Sandoval Law Firm - Bufete de Abogados Sandoval Da\u00f1os Personales y Muerte Injusta<\/title>\n<meta name=\"description\" content=\"Nos comprometemos a ofrecer recursos educativos que le ayuden a tomar decisiones informadas, desde entender si puede tener un caso...\" \/>\n<meta name=\"robots\" content=\"index, follow, max-snippet:-1, max-image-preview:large, max-video-preview:-1\" \/>\n<link rel=\"canonical\" href=\"https:\/\/sandovalpllc.com\/es\/videos\/\" \/>\n<meta property=\"og:locale\" content=\"es_ES\" \/>\n<meta property=\"og:type\" content=\"article\" \/>\n<meta property=\"og:title\" content=\"Videos por la firma de abogados de accidentes Sandoval Law Firm - Bufete de Abogados Sandoval Da\u00f1os Personales y Muerte Injusta\" \/>\n<meta property=\"og:description\" content=\"Nos comprometemos a ofrecer recursos educativos que le ayuden a tomar decisiones informadas, desde entender si puede tener un caso...\" \/>\n<meta property=\"og:url\" content=\"https:\/\/sandovalpllc.com\/es\/videos\/\" \/>\n<meta property=\"og:site_name\" content=\"Bufete de Abogados Sandoval Da\u00f1os Personales y Muerte Injusta\" \/>\n<meta property=\"article:modified_time\" content=\"2024-10-25T12:50:26+00:00\" \/>\n<meta name=\"twitter:card\" content=\"summary_large_image\" \/>\n<meta name=\"twitter:label1\" content=\"Est. reading time\" \/>\n\t<meta name=\"twitter:data1\" content=\"1 minuto\" \/>\n<script type=\"application\/ld+json\" class=\"yoast-schema-graph\">{\"@context\":\"https:\/\/schema.org\",\"@graph\":[{\"@type\":\"WebPage\",\"@id\":\"https:\/\/sandovalpllc.com\/es\/videos\/\",\"url\":\"https:\/\/sandovalpllc.com\/es\/videos\/\",\"name\":\"Videos por la firma de abogados de accidentes Sandoval Law Firm - Bufete de Abogados Sandoval Da\u00f1os Personales y Muerte Injusta\",\"isPartOf\":{\"@id\":\"https:\/\/sandovalpllc.com\/es\/#website\"},\"datePublished\":\"2024-10-22T15:02:00+00:00\",\"dateModified\":\"2024-10-25T12:50:26+00:00\",\"description\":\"Nos comprometemos a ofrecer recursos educativos que le ayuden a tomar decisiones informadas, desde entender si puede tener un caso...\",\"breadcrumb\":{\"@id\":\"https:\/\/sandovalpllc.com\/es\/videos\/#breadcrumb\"},\"inLanguage\":\"es-PE\",\"potentialAction\":[{\"@type\":\"ReadAction\",\"target\":[\"https:\/\/sandovalpllc.com\/es\/videos\/\"]}]},{\"@type\":\"BreadcrumbList\",\"@id\":\"https:\/\/sandovalpllc.com\/es\/videos\/#breadcrumb\",\"itemListElement\":[{\"@type\":\"ListItem\",\"position\":1,\"name\":\"Home\",\"item\":\"https:\/\/sandovalpllc.com\/es\/\"},{\"@type\":\"ListItem\",\"position\":2,\"name\":\"Videos por la firma de abogados de accidentes Sandoval Law Firm\"}]},{\"@type\":\"WebSite\",\"@id\":\"https:\/\/sandovalpllc.com\/es\/#website\",\"url\":\"https:\/\/sandovalpllc.com\/es\/\",\"name\":\"Bufete de Abogados Sandoval Da\u00f1os Personales y Muerte Injusta\",\"description\":\"Just another Sandoval Law Firm, PLLC Sites site\",\"potentialAction\":[{\"@type\":\"SearchAction\",\"target\":{\"@type\":\"EntryPoint\",\"urlTemplate\":\"https:\/\/sandovalpllc.com\/es\/?s={search_term_string}\"},\"query-input\":{\"@type\":\"PropertyValueSpecification\",\"valueRequired\":true,\"valueName\":\"search_term_string\"}}],\"inLanguage\":\"es-PE\"}]}<\/script>\n<!-- \/ Yoast SEO plugin. -->","yoast_head_json":{"title":"Videos por la firma de abogados de accidentes Sandoval Law Firm - Bufete de Abogados Sandoval Da\u00f1os Personales y Muerte Injusta","description":"Nos comprometemos a ofrecer recursos educativos que le ayuden a tomar decisiones informadas, desde entender si puede tener un caso...","robots":{"index":"index","follow":"follow","max-snippet":"max-snippet:-1","max-image-preview":"max-image-preview:large","max-video-preview":"max-video-preview:-1"},"canonical":"https:\/\/sandovalpllc.com\/es\/videos\/","og_locale":"es_ES","og_type":"article","og_title":"Videos por la firma de abogados de accidentes Sandoval Law Firm - Bufete de Abogados Sandoval Da\u00f1os Personales y Muerte Injusta","og_description":"Nos comprometemos a ofrecer recursos educativos que le ayuden a tomar decisiones informadas, desde entender si puede tener un caso...","og_url":"https:\/\/sandovalpllc.com\/es\/videos\/","og_site_name":"Bufete de Abogados Sandoval Da\u00f1os Personales y Muerte Injusta","article_modified_time":"2024-10-25T12:50:26+00:00","twitter_card":"summary_large_image","twitter_misc":{"Est. reading time":"1 minuto"},"schema":{"@context":"https:\/\/schema.org","@graph":[{"@type":"WebPage","@id":"https:\/\/sandovalpllc.com\/es\/videos\/","url":"https:\/\/sandovalpllc.com\/es\/videos\/","name":"Videos por la firma de abogados de accidentes Sandoval Law Firm - Bufete de Abogados Sandoval Da\u00f1os Personales y Muerte Injusta","isPartOf":{"@id":"https:\/\/sandovalpllc.com\/es\/#website"},"datePublished":"2024-10-22T15:02:00+00:00","dateModified":"2024-10-25T12:50:26+00:00","description":"Nos comprometemos a ofrecer recursos educativos que le ayuden a tomar decisiones informadas, desde entender si puede tener un caso...","breadcrumb":{"@id":"https:\/\/sandovalpllc.com\/es\/videos\/#breadcrumb"},"inLanguage":"es-PE","potentialAction":[{"@type":"ReadAction","target":["https:\/\/sandovalpllc.com\/es\/videos\/"]}]},{"@type":"BreadcrumbList","@id":"https:\/\/sandovalpllc.com\/es\/videos\/#breadcrumb","itemListElement":[{"@type":"ListItem","position":1,"name":"Home","item":"https:\/\/sandovalpllc.com\/es\/"},{"@type":"ListItem","position":2,"name":"Videos por la firma de abogados de accidentes Sandoval Law Firm"}]},{"@type":"WebSite","@id":"https:\/\/sandovalpllc.com\/es\/#website","url":"https:\/\/sandovalpllc.com\/es\/","name":"Bufete de Abogados Sandoval Da\u00f1os Personales y Muerte Injusta","description":"Just another Sandoval Law Firm, PLLC Sites site","potentialAction":[{"@type":"SearchAction","target":{"@type":"EntryPoint","urlTemplate":"https:\/\/sandovalpllc.com\/es\/?s={search_term_string}"},"query-input":{"@type":"PropertyValueSpecification","valueRequired":true,"valueName":"search_term_string"}}],"inLanguage":"es-PE"}]}},"_links":{"self":[{"href":"https:\/\/sandovalpllc.com\/es\/wp-json\/wp\/v2\/pages\/2702","targetHints":{"allow":["GET"]}}],"collection":[{"href":"https:\/\/sandovalpllc.com\/es\/wp-json\/wp\/v2\/pages"}],"about":[{"href":"https:\/\/sandovalpllc.com\/es\/wp-json\/wp\/v2\/types\/page"}],"author":[{"embeddable":true,"href":"https:\/\/sandovalpllc.com\/es\/wp-json\/wp\/v2\/users\/6"}],"replies":[{"embeddable":true,"href":"https:\/\/sandovalpllc.com\/es\/wp-json\/wp\/v2\/comments?post=2702"}],"version-history":[{"count":0,"href":"https:\/\/sandovalpllc.com\/es\/wp-json\/wp\/v2\/pages\/2702\/revisions"}],"wp:attachment":[{"href":"https:\/\/sandovalpllc.com\/es\/wp-json\/wp\/v2\/media?parent=2702"}],"curies":[{"name":"wp","href":"https:\/\/api.w.org\/{rel}","templated":true}]}}