{"id":258,"date":"2019-06-05T02:24:27","date_gmt":"2019-06-05T02:24:27","guid":{"rendered":"https:\/\/sandovalpllc.com\/es\/?page_id=258"},"modified":"2025-10-28T15:58:46","modified_gmt":"2025-10-28T15:58:46","slug":"el-caso-de-accidentes-trabajo","status":"publish","type":"page","link":"https:\/\/sandovalpllc.com\/es\/abogado-accidentes-trabajo\/el-caso-de-accidentes-trabajo\/","title":{"rendered":"El Caso de Accidentes de Trabajo"},"content":{"rendered":"<h2><span class=\"h2span\">Nada le prepara para todo el estr\u00e9s que debe soportar, cuando se sufre una lesi\u00f3n laboral<\/span><\/h2>\n<p>Las cargas financieras comienzan a afectarlo a usted y a su familia, casi de inmediato. Es un mundo completamente nuevo, en donde intervienen ajustadores, m\u00e9dicos, tr\u00e1mites de tratamientos m\u00e9dicos, verificaciones de p\u00e9rdida de salarios que no llegan a tiempo y, mientras tanto, est\u00e1 sufriendo el dolor de la lesi\u00f3n. Por lo general, su primer instinto, ser\u00e1 no comunicarse con un <a href=\"\/es\/abogado-accidentes-trabajo\/\" target=\"_blank\" rel=\"noopener noreferrer\">abogado de accidentes de trabajo<\/a> y eso es comprensible, pero, como trabajador lesionado, debe comprender que su empleador u otra parte responsable, no estar\u00e1 esperando para comenzar a trabajar, sobre c\u00f3mo defender\u00e1n su caso. En otras palabras: \u00a1existe la necesidad de actuar r\u00e1pidamente, sin p\u00e9rdida de tiempo! Por esa raz\u00f3n, es crucial que no se demore en obtener la asistencia legal que necesita llamando al <strong><a href=\"tel:+13463477777\" class=\"click-to-call-body\">(346) 347-7777<\/a><\/strong> para una consulta gratuita e informativa!<\/p>\n<div class=\"embed-responsive embed-responsive-16by9 mb-3\"><iframe class=\"lazy-load\" class=\"embed-responsive-item\" data-src=\"https:\/\/www.youtube.com\/embed\/p7nCNWAZd8E?list=PLYoxLwZEZVozcMUvcNhUVYLVrT8yScN2L&amp;index=14&amp;rel=0\"><\/iframe><\/div>\n<p>El proceso, en un caso de lesiones laborales, depender\u00e1 de las circunstancias espec\u00edficas de su caso. Cuando llame a mi firma, discutiremos con usted los detalles de su caso para que podamos determinar el mejor curso de acci\u00f3n a tomar, de manera inmediata. Usted me hablar\u00e1 de forma directa, y yo personalmente, le har\u00e9 saber cu\u00e1l ser\u00e1 nuestro plan de acci\u00f3n, para asegurarnos de que podamos obtener la compensaci\u00f3n por las lesiones laborales sufridas, y el tratamiento que usted merece. Si no puede visitarnos en persona, entonces yo ir\u00e9 a su encuentro. Manejamos casos en todo el estado de Texas, y la distancia nunca ha sido un problema en nuestra capacidad para proporcionar a los trabajadores lesionados una representaci\u00f3n s\u00f3lida.<\/p>\n<center><div class=\"panel box-module-cta\">\r\n<span class=\"icon-title\"><i class=\"fa fa-lightbulb-o\" aria-hidden=\"true\"><\/i><\/span>\r\n<h5 class=\"h1\">\u00bfLesionado en el trabajo?<\/h5>\r\n<p class=\"subtitle\">\u00a1Trabajamos en casos de no suscriptores y ofrecemos consulta gratuita!<\/p>\r\n<h5 class=\"h1\">\u00a1Luchemos juntos!<\/h5>\r\n<p class=\"subtitle\"><strong>- Por el tratamiento m\u00e9dico que necesite<br>\r\n- Por la compensaci\u00f3n que se merece<br>\r\n- Para recuperar su vida.<\/strong><\/p>\r\n<p class=\"subtitle\">\u00a1No se conforme con el trato que proponga el seguro de su empleador!<\/p>\r\n<a href=\"tel:+13463477777\" onclick=\"sendEventToGoogle('Body', '\/work-injury-lawyer\/the-work-injury-case\/', '+13463477777');\"><button class=\"btn btn-default\" type=\"button\">\u00a1Llame al abogado Sandoval AHORA!<\/button><\/a>\r\n<\/div>\r\n<\/center>\n<h3>Como cliente, usted y el bufete de abogados de accidentes de trabajo tienen un objetivo com\u00fan<\/h3>\n<p>Deben descubrir cu\u00e1nto podr\u00e1 usted recuperar de su lesi\u00f3n. Nos ponemos a trabajar con celeridad, para lograr este objetivo. Una vez que sepamos la respuesta a esta pregunta, podremos aconsejarle sobre cu\u00e1nto tiempo podr\u00eda estar pendiente su caso.<\/p>\n<p><img loading=\"lazy\" decoding=\"async\" class=\"aligncenter size-full wp-image-2976 lazy-load\" src=\"https:\/\/sandovalpllc.com\/es\/wp-content\/uploads\/sites\/2\/2025\/10\/el-caso-de-accidentes-trabajo-img.jpg\" alt=\"\" width=\"768\" height=\"512\" srcset=\"https:\/\/sandovalpllc.com\/es\/wp-content\/uploads\/sites\/2\/2025\/10\/el-caso-de-accidentes-trabajo-img.jpg 768w, https:\/\/sandovalpllc.com\/es\/wp-content\/uploads\/sites\/2\/2025\/10\/el-caso-de-accidentes-trabajo-img-300x200.jpg 300w\" sizes=\"auto, (max-width: 768px) 100vw, 768px\" \/><\/p>\n<p>La clave para alcanzar este objetivo, es concentrarse en obtener el tratamiento que necesita sin demora, como suele ocurrir cuando se trata de compa\u00f1\u00edas de seguros. \u00a1Las lesiones no esperan! Necesitan ser tratadas, y debe hacerse con urgencia. As\u00ed es como operamos: con urgencia. Sabemos que todos los d\u00edas sin trabajo, y soportando dolor, es un gran desaf\u00edo para nuestros clientes. Por otro lado, no es as\u00ed como funciona el resto del mundo.<\/p>\n<h3>El proceso de su caso de accidentes de trabajo con nosotros, se puede explicar en los siguientes pasos:<\/h3>\n<ul>\n<li>Contrate a su <a href=\"https:\/\/sandovalpllc.com\/es\/abogado-accidentes-trabajo\/\" target=\"_blank\" rel=\"noopener noreferrer\">abogado de accidentes laborales<\/a> (comenzamos a trabajar para usted)<\/li>\n<li>Investigaci\u00f3n de su caso (Nos enteramos de todo acerca de la Parte Responsable)<\/li>\n<li>Tratamiento y recuperaci\u00f3n (se sentir\u00e1 Bien)<\/li>\n<li>Se inicia el litigio (se registra su demanda)<\/li>\n<li>El caso est\u00e1 litigado (intercambio de informaci\u00f3n, deposici\u00f3n, contrataci\u00f3n de expertos)<\/li>\n<li>Mediaci\u00f3n (tratar de llegar a un acuerdo utilizando un mediador)<\/li>\n<li>Juicio (\u00a1Vamos a Luchar por usted!)<\/li>\n<\/ul>\n<p>Este es un resumen de lo que ocurre en su caso, pero tenga la seguridad de que tanto mi personal como yo mismo, lo mantendremos informado en todo momento. Nunca estaremos a m\u00e1s de una llamada, un mensaje de texto o un correo electr\u00f3nico; y a menudo, me comunico con mis clientes durante el fin de semana para ver c\u00f3mo se est\u00e1n recuperando. Somos un negocio familiar, por lo que tratamos a nuestros clientes como si fueran familia.<\/p>\n<p>Si ha sido lesionado en el trabajo, y necesita ayuda, llame a su <a href=\"\/es\/abogado-accidentes-sandoval\/\" target=\"_blank\" rel=\"noopener noreferrer\">abogado de accidentes de trabajo en Houston<\/a>, <strong>H\u00e9ctor L. Sandoval<\/strong>, \u00a1y obtenga la representaci\u00f3n que se merece! Sandoval Law Firm, PLLC ayuda a los trabajadores lesionados.<\/p>\n<p>\u00a1Llame al <strong><a href=\"tel:+13463477777\" class=\"click-to-call-body\">(346) 347-7777<\/a><\/strong> para una consulta gratuita e informativa!<\/p>\n<h2>Algunos resultados de casos de accidentes de trabajo<\/h2>\n\t\t<div class=\"case-results-box\">\r\n\t\t\t<div class=\"col-md-6\">\r\n\t\t\t\t<article class=\"case-results type-case-results\">\r\n\t\t\t\t\t<div class=\"case-logo\"><img loading=\"lazy\" decoding=\"async\" src=\"https:\/\/sandovalpllc.com\/wp-content\/uploads\/2024\/04\/logo-sandoval.png\" width=\"64\" height=\"81\" alt=\"Case by Sandoval\"><\/div>\r\n\t\t\t\t\t<header class=\"entry-header\"><h3>NO SUBSCRIPTOR: Lesiones de rodilla<\/h3><\/header>\r\n\t\t\t\t\t<div class=\"entry-content\" itemprop=\"text\">\r\n\t\t\t\t\t\t<div class=\"bl-details clearfix\">Falta de advertencia. <img loading=\"lazy\" decoding=\"async\" src=\"https:\/\/sandovalpllc.com\/wp-content\/uploads\/2023\/04\/right-knee-injury.png\" alt=\"knee Injury\" width=\"32\" height=\"32\" class=\"alignnone size-full wp-image-3387 lazy-load\" \/><\/div>\r\n\r\n\t\t\t\t\t\t\t\t\t\t\t\t\t<div class=\"case-amount\">$41,349<\/div>\r\n\t\t\t\t\t\t\t<div class=\"case-amount-desc\">Neto al Cliente<\/div>\r\n\t\t\t\t\t\t\r\n\t\t\t\t\t\t<div class=\"bl-details-container\">\r\n\t\t\t\t\t\t\t\t\t\t\t\t\t\t\t<div class=\"bl-details case-year clearfix\"><strong>2025<\/strong><\/div>\r\n\t\t\t\t\t\t\t\r\n\t\t\t\t\t\t\t\t\t\t\t\t\t\t\t<div class=\"bl-details texas-county clearfix\"><strong>Ennis, Texas<\/strong><\/div>\r\n\t\t\t\t\t\t\t\t\t\t\t\t\t<\/div>\r\n\t\t\t\t\t<\/div>\r\n\t\t\t\t<\/article>\r\n\t\t\t<\/div>\r\n\t\t\t\r\n\t\t\t<div class=\"col-md-6\">\r\n\t\t\t\t<article class=\"case-results type-case-results\">\r\n\t\t\t\t\t<div class=\"case-logo\"><img loading=\"lazy\" decoding=\"async\" src=\"https:\/\/sandovalpllc.com\/wp-content\/uploads\/2024\/04\/logo-sandoval.png\" width=\"64\" height=\"81\" alt=\"Case by Sandoval\"><\/div>\r\n\t\t\t\t\t<header class=\"entry-header\"><h3>NO SUBSCRIPTOR: Lesiones de espalda y rodilla<\/h3><\/header>\r\n\t\t\t\t\t<div class=\"entry-content\" itemprop=\"text\">\r\n\t\t\t\t\t\t<div class=\"bl-details clearfix\">No proporcionar equipo seguro. <img loading=\"lazy\" decoding=\"async\" src=\"https:\/\/sandovalpllc.com\/wp-content\/uploads\/2023\/04\/back-injury.png\" alt=\"Lesi\u00f3n a la espalda\" width=\"32\" height=\"32\" class=\"alignnone size-full wp-image-3387 lazy-load\" \/><\/div>\r\n\r\n\t\t\t\t\t\t\t\t\t\t\t\t\t<div class=\"case-amount\">$15,949<\/div>\r\n\t\t\t\t\t\t\t<div class=\"case-amount-desc\">Neto al Cliente<\/div>\r\n\t\t\t\t\t\t\r\n\t\t\t\t\t\t<div class=\"bl-details-container\">\r\n\t\t\t\t\t\t\t\t\t\t\t\t\t\t\t<div class=\"bl-details case-year clearfix\"><strong>2026<\/strong><\/div>\r\n\t\t\t\t\t\t\t\r\n\t\t\t\t\t\t\t\t\t\t\t\t\t\t\t<div class=\"bl-details texas-county clearfix\"><strong>Houston, Texas<\/strong><\/div>\r\n\t\t\t\t\t\t\t\t\t\t\t\t\t<\/div>\r\n\t\t\t\t\t<\/div>\r\n\t\t\t\t<\/article>\r\n\t\t\t<\/div>\r\n\t\t\t\r\n\t\t\t<div class=\"col-md-6\">\r\n\t\t\t\t<article class=\"case-results type-case-results\">\r\n\t\t\t\t\t<div class=\"case-logo\"><img loading=\"lazy\" decoding=\"async\" src=\"https:\/\/sandovalpllc.com\/wp-content\/uploads\/2024\/04\/logo-sandoval.png\" width=\"64\" height=\"81\" alt=\"Case by Sandoval\"><\/div>\r\n\t\t\t\t\t<header class=\"entry-header\"><h3>NO SUBSCRIPTOR: Lesi\u00f3n a la cabeza<\/h3><\/header>\r\n\t\t\t\t\t<div class=\"entry-content\" itemprop=\"text\">\r\n\t\t\t\t\t\t<div class=\"bl-details clearfix\">Falta de formaci\u00f3n. <img loading=\"lazy\" decoding=\"async\" src=\"https:\/\/sandovalpllc.com\/wp-content\/uploads\/2023\/04\/hand-cervical-injuries.png\" alt=\"Head Injury\" width=\"32\" height=\"32\" class=\"alignnone size-full wp-image-3387 lazy-load\" \/><\/div>\r\n\r\n\t\t\t\t\t\t\t\t\t\t\t\t\t<div class=\"case-amount\">$33,191<\/div>\r\n\t\t\t\t\t\t\t<div class=\"case-amount-desc\">Neto al Cliente<\/div>\r\n\t\t\t\t\t\t\r\n\t\t\t\t\t\t<div class=\"bl-details-container\">\r\n\t\t\t\t\t\t\t\t\t\t\t\t\t\t\t<div class=\"bl-details case-year clearfix\"><strong>2026<\/strong><\/div>\r\n\t\t\t\t\t\t\t\r\n\t\t\t\t\t\t\t\t\t\t\t\t\t\t\t<div class=\"bl-details texas-county clearfix\"><strong>Gonzalez, Texas<\/strong><\/div>\r\n\t\t\t\t\t\t\t\t\t\t\t\t\t<\/div>\r\n\t\t\t\t\t<\/div>\r\n\t\t\t\t<\/article>\r\n\t\t\t<\/div>\r\n\t\t\t\r\n\t\t\t<div class=\"col-md-6\">\r\n\t\t\t\t<article class=\"case-results type-case-results\">\r\n\t\t\t\t\t<div class=\"case-logo\"><img loading=\"lazy\" decoding=\"async\" src=\"https:\/\/sandovalpllc.com\/wp-content\/uploads\/2024\/04\/logo-sandoval.png\" width=\"64\" height=\"81\" alt=\"Case by Sandoval\"><\/div>\r\n\t\t\t\t\t<header class=\"entry-header\"><h3>NO SUBSCRIPTOR: Lesi\u00f3n en la mano<\/h3><\/header>\r\n\t\t\t\t\t<div class=\"entry-content\" itemprop=\"text\">\r\n\t\t\t\t\t\t<div class=\"bl-details clearfix\">No proporcionar equipo seguro. <img loading=\"lazy\" decoding=\"async\" src=\"https:\/\/sandovalpllc.com\/wp-content\/uploads\/2023\/04\/hand-injury.png\" alt=\"Hand Injury\" width=\"32\" height=\"32\" class=\"alignnone size-full wp-image-3387 lazy-load\" \/><\/div>\r\n\r\n\t\t\t\t\t\t\t\t\t\t\t\t\t<div class=\"case-amount\">$31,682<\/div>\r\n\t\t\t\t\t\t\t<div class=\"case-amount-desc\">Neto al Cliente<\/div>\r\n\t\t\t\t\t\t\r\n\t\t\t\t\t\t<div class=\"bl-details-container\">\r\n\t\t\t\t\t\t\t\t\t\t\t\t\t\t\t<div class=\"bl-details case-year clearfix\"><strong>2026<\/strong><\/div>\r\n\t\t\t\t\t\t\t\r\n\t\t\t\t\t\t\t\t\t\t\t\t\t\t\t<div class=\"bl-details texas-county clearfix\"><strong>Houston, Texas<\/strong><\/div>\r\n\t\t\t\t\t\t\t\t\t\t\t\t\t<\/div>\r\n\t\t\t\t\t<\/div>\r\n\t\t\t\t<\/article>\r\n\t\t\t<\/div>\r\n\t\t\t\t\t<\/div>\n","protected":false},"excerpt":{"rendered":"<p>Nada le prepara para todo el estr\u00e9s que debe soportar, cuando se sufre una lesi\u00f3n laboral Las cargas financieras comienzan a afectarlo a usted y a su familia, casi de inmediato. Es un mundo completamente nuevo, en donde intervienen ajustadores, m\u00e9dicos, tr\u00e1mites de tratamientos m\u00e9dicos, verificaciones de p\u00e9rdida de salarios que no llegan a tiempo&#8230; <a href=\"https:\/\/sandovalpllc.com\/es\/case-results\/no-subscriptor-lesion-en-la-mano-7\/\" class=\"learn-btn\">Continue Reading<\/a><\/p>\n","protected":false},"author":3,"featured_media":260,"parent":82,"menu_order":0,"comment_status":"closed","ping_status":"closed","template":"","meta":{"_acf_changed":false,"_genesis_hide_title":false,"_genesis_hide_breadcrumbs":false,"_genesis_hide_singular_image":false,"_genesis_hide_footer_widgets":false,"_genesis_custom_body_class":"","_genesis_custom_post_class":"","_genesis_layout":"","footnotes":""},"class_list":{"0":"post-258","1":"page","2":"type-page","3":"status-publish","4":"has-post-thumbnail","6":"entry"},"acf":[],"yoast_head":"<!-- This site is optimized with the Yoast SEO plugin v26.8 - https:\/\/yoast.com\/product\/yoast-seo-wordpress\/ -->\n<title>El Caso de Accidentes de Trabajo - Abogado Hector Sandoval Houston TX<\/title>\n<meta name=\"description\" content=\"La clave para alcanzar este objetivo, es concentrarse en obtener el tratamiento que necesita sin demora, como suele ocurrir cuando se trata de compa\u00f1\u00edas...\" \/>\n<meta name=\"robots\" content=\"index, follow, max-snippet:-1, max-image-preview:large, max-video-preview:-1\" \/>\n<link rel=\"canonical\" href=\"https:\/\/sandovalpllc.com\/es\/abogado-accidentes-trabajo\/el-caso-de-accidentes-trabajo\/\" \/>\n<meta property=\"og:locale\" content=\"es_ES\" \/>\n<meta property=\"og:type\" content=\"article\" \/>\n<meta property=\"og:title\" content=\"El Caso de Accidentes de Trabajo - Abogado Hector Sandoval Houston TX\" \/>\n<meta property=\"og:description\" content=\"La clave para alcanzar este objetivo, es concentrarse en obtener el tratamiento que necesita sin demora, como suele ocurrir cuando se trata de compa\u00f1\u00edas...\" \/>\n<meta property=\"og:url\" content=\"https:\/\/sandovalpllc.com\/es\/abogado-accidentes-trabajo\/el-caso-de-accidentes-trabajo\/\" \/>\n<meta property=\"og:site_name\" content=\"Bufete de Abogados Sandoval Da\u00f1os Personales y Muerte Injusta\" \/>\n<meta property=\"article:modified_time\" content=\"2025-10-28T15:58:46+00:00\" \/>\n<meta property=\"og:image\" content=\"https:\/\/sandovalpllc.com\/es\/wp-content\/uploads\/sites\/2\/2019\/06\/the-work-injury-case.jpg\" \/>\n\t<meta property=\"og:image:width\" content=\"1920\" \/>\n\t<meta property=\"og:image:height\" content=\"594\" \/>\n\t<meta property=\"og:image:type\" content=\"image\/jpeg\" \/>\n<meta name=\"twitter:card\" content=\"summary_large_image\" \/>\n<meta name=\"twitter:label1\" content=\"Est. reading time\" \/>\n\t<meta name=\"twitter:data1\" content=\"4 minutos\" \/>\n<script type=\"application\/ld+json\" class=\"yoast-schema-graph\">{\"@context\":\"https:\/\/schema.org\",\"@graph\":[{\"@type\":\"WebPage\",\"@id\":\"https:\/\/sandovalpllc.com\/es\/abogado-accidentes-trabajo\/el-caso-de-accidentes-trabajo\/\",\"url\":\"https:\/\/sandovalpllc.com\/es\/abogado-accidentes-trabajo\/el-caso-de-accidentes-trabajo\/\",\"name\":\"El Caso de Accidentes de Trabajo - Abogado Hector Sandoval Houston TX\",\"isPartOf\":{\"@id\":\"https:\/\/sandovalpllc.com\/es\/#website\"},\"primaryImageOfPage\":{\"@id\":\"https:\/\/sandovalpllc.com\/es\/abogado-accidentes-trabajo\/el-caso-de-accidentes-trabajo\/#primaryimage\"},\"image\":{\"@id\":\"https:\/\/sandovalpllc.com\/es\/abogado-accidentes-trabajo\/el-caso-de-accidentes-trabajo\/#primaryimage\"},\"thumbnailUrl\":\"https:\/\/sandovalpllc.com\/es\/wp-content\/uploads\/sites\/2\/2019\/06\/the-work-injury-case.jpg\",\"datePublished\":\"2019-06-05T02:24:27+00:00\",\"dateModified\":\"2025-10-28T15:58:46+00:00\",\"description\":\"La clave para alcanzar este objetivo, es concentrarse en obtener el tratamiento que necesita sin demora, como suele ocurrir cuando se trata de compa\u00f1\u00edas...\",\"breadcrumb\":{\"@id\":\"https:\/\/sandovalpllc.com\/es\/abogado-accidentes-trabajo\/el-caso-de-accidentes-trabajo\/#breadcrumb\"},\"inLanguage\":\"es-PE\",\"potentialAction\":[{\"@type\":\"ReadAction\",\"target\":[\"https:\/\/sandovalpllc.com\/es\/abogado-accidentes-trabajo\/el-caso-de-accidentes-trabajo\/\"]}]},{\"@type\":\"ImageObject\",\"inLanguage\":\"es-PE\",\"@id\":\"https:\/\/sandovalpllc.com\/es\/abogado-accidentes-trabajo\/el-caso-de-accidentes-trabajo\/#primaryimage\",\"url\":\"https:\/\/sandovalpllc.com\/es\/wp-content\/uploads\/sites\/2\/2019\/06\/the-work-injury-case.jpg\",\"contentUrl\":\"https:\/\/sandovalpllc.com\/es\/wp-content\/uploads\/sites\/2\/2019\/06\/the-work-injury-case.jpg\",\"width\":1920,\"height\":594,\"caption\":\"El Caso de Lesiones Laborales\"},{\"@type\":\"BreadcrumbList\",\"@id\":\"https:\/\/sandovalpllc.com\/es\/abogado-accidentes-trabajo\/el-caso-de-accidentes-trabajo\/#breadcrumb\",\"itemListElement\":[{\"@type\":\"ListItem\",\"position\":1,\"name\":\"Home\",\"item\":\"https:\/\/sandovalpllc.com\/es\/\"},{\"@type\":\"ListItem\",\"position\":2,\"name\":\"Abogado de Accidentes de Trabajo en Houston\",\"item\":\"https:\/\/sandovalpllc.com\/es\/abogado-accidentes-trabajo\/\"},{\"@type\":\"ListItem\",\"position\":3,\"name\":\"El Caso de Accidentes de Trabajo\"}]},{\"@type\":\"WebSite\",\"@id\":\"https:\/\/sandovalpllc.com\/es\/#website\",\"url\":\"https:\/\/sandovalpllc.com\/es\/\",\"name\":\"Bufete de Abogados Sandoval Da\u00f1os Personales y Muerte Injusta\",\"description\":\"Just another Sandoval Law Firm, PLLC Sites site\",\"potentialAction\":[{\"@type\":\"SearchAction\",\"target\":{\"@type\":\"EntryPoint\",\"urlTemplate\":\"https:\/\/sandovalpllc.com\/es\/?s={search_term_string}\"},\"query-input\":{\"@type\":\"PropertyValueSpecification\",\"valueRequired\":true,\"valueName\":\"search_term_string\"}}],\"inLanguage\":\"es-PE\"}]}<\/script>\n<!-- \/ Yoast SEO plugin. -->","yoast_head_json":{"title":"El Caso de Accidentes de Trabajo - Abogado Hector Sandoval Houston TX","description":"La clave para alcanzar este objetivo, es concentrarse en obtener el tratamiento que necesita sin demora, como suele ocurrir cuando se trata de compa\u00f1\u00edas...","robots":{"index":"index","follow":"follow","max-snippet":"max-snippet:-1","max-image-preview":"max-image-preview:large","max-video-preview":"max-video-preview:-1"},"canonical":"https:\/\/sandovalpllc.com\/es\/abogado-accidentes-trabajo\/el-caso-de-accidentes-trabajo\/","og_locale":"es_ES","og_type":"article","og_title":"El Caso de Accidentes de Trabajo - Abogado Hector Sandoval Houston TX","og_description":"La clave para alcanzar este objetivo, es concentrarse en obtener el tratamiento que necesita sin demora, como suele ocurrir cuando se trata de compa\u00f1\u00edas...","og_url":"https:\/\/sandovalpllc.com\/es\/abogado-accidentes-trabajo\/el-caso-de-accidentes-trabajo\/","og_site_name":"Bufete de Abogados Sandoval Da\u00f1os Personales y Muerte Injusta","article_modified_time":"2025-10-28T15:58:46+00:00","og_image":[{"width":1920,"height":594,"url":"https:\/\/sandovalpllc.com\/es\/wp-content\/uploads\/sites\/2\/2019\/06\/the-work-injury-case.jpg","type":"image\/jpeg"}],"twitter_card":"summary_large_image","twitter_misc":{"Est. reading time":"4 minutos"},"schema":{"@context":"https:\/\/schema.org","@graph":[{"@type":"WebPage","@id":"https:\/\/sandovalpllc.com\/es\/abogado-accidentes-trabajo\/el-caso-de-accidentes-trabajo\/","url":"https:\/\/sandovalpllc.com\/es\/abogado-accidentes-trabajo\/el-caso-de-accidentes-trabajo\/","name":"El Caso de Accidentes de Trabajo - Abogado Hector Sandoval Houston TX","isPartOf":{"@id":"https:\/\/sandovalpllc.com\/es\/#website"},"primaryImageOfPage":{"@id":"https:\/\/sandovalpllc.com\/es\/abogado-accidentes-trabajo\/el-caso-de-accidentes-trabajo\/#primaryimage"},"image":{"@id":"https:\/\/sandovalpllc.com\/es\/abogado-accidentes-trabajo\/el-caso-de-accidentes-trabajo\/#primaryimage"},"thumbnailUrl":"https:\/\/sandovalpllc.com\/es\/wp-content\/uploads\/sites\/2\/2019\/06\/the-work-injury-case.jpg","datePublished":"2019-06-05T02:24:27+00:00","dateModified":"2025-10-28T15:58:46+00:00","description":"La clave para alcanzar este objetivo, es concentrarse en obtener el tratamiento que necesita sin demora, como suele ocurrir cuando se trata de compa\u00f1\u00edas...","breadcrumb":{"@id":"https:\/\/sandovalpllc.com\/es\/abogado-accidentes-trabajo\/el-caso-de-accidentes-trabajo\/#breadcrumb"},"inLanguage":"es-PE","potentialAction":[{"@type":"ReadAction","target":["https:\/\/sandovalpllc.com\/es\/abogado-accidentes-trabajo\/el-caso-de-accidentes-trabajo\/"]}]},{"@type":"ImageObject","inLanguage":"es-PE","@id":"https:\/\/sandovalpllc.com\/es\/abogado-accidentes-trabajo\/el-caso-de-accidentes-trabajo\/#primaryimage","url":"https:\/\/sandovalpllc.com\/es\/wp-content\/uploads\/sites\/2\/2019\/06\/the-work-injury-case.jpg","contentUrl":"https:\/\/sandovalpllc.com\/es\/wp-content\/uploads\/sites\/2\/2019\/06\/the-work-injury-case.jpg","width":1920,"height":594,"caption":"El Caso de Lesiones Laborales"},{"@type":"BreadcrumbList","@id":"https:\/\/sandovalpllc.com\/es\/abogado-accidentes-trabajo\/el-caso-de-accidentes-trabajo\/#breadcrumb","itemListElement":[{"@type":"ListItem","position":1,"name":"Home","item":"https:\/\/sandovalpllc.com\/es\/"},{"@type":"ListItem","position":2,"name":"Abogado de Accidentes de Trabajo en Houston","item":"https:\/\/sandovalpllc.com\/es\/abogado-accidentes-trabajo\/"},{"@type":"ListItem","position":3,"name":"El Caso de Accidentes de Trabajo"}]},{"@type":"WebSite","@id":"https:\/\/sandovalpllc.com\/es\/#website","url":"https:\/\/sandovalpllc.com\/es\/","name":"Bufete de Abogados Sandoval Da\u00f1os Personales y Muerte Injusta","description":"Just another Sandoval Law Firm, PLLC Sites site","potentialAction":[{"@type":"SearchAction","target":{"@type":"EntryPoint","urlTemplate":"https:\/\/sandovalpllc.com\/es\/?s={search_term_string}"},"query-input":{"@type":"PropertyValueSpecification","valueRequired":true,"valueName":"search_term_string"}}],"inLanguage":"es-PE"}]}},"_links":{"self":[{"href":"https:\/\/sandovalpllc.com\/es\/wp-json\/wp\/v2\/pages\/258","targetHints":{"allow":["GET"]}}],"collection":[{"href":"https:\/\/sandovalpllc.com\/es\/wp-json\/wp\/v2\/pages"}],"about":[{"href":"https:\/\/sandovalpllc.com\/es\/wp-json\/wp\/v2\/types\/page"}],"author":[{"embeddable":true,"href":"https:\/\/sandovalpllc.com\/es\/wp-json\/wp\/v2\/users\/3"}],"replies":[{"embeddable":true,"href":"https:\/\/sandovalpllc.com\/es\/wp-json\/wp\/v2\/comments?post=258"}],"version-history":[{"count":0,"href":"https:\/\/sandovalpllc.com\/es\/wp-json\/wp\/v2\/pages\/258\/revisions"}],"up":[{"embeddable":true,"href":"https:\/\/sandovalpllc.com\/es\/wp-json\/wp\/v2\/pages\/82"}],"wp:featuredmedia":[{"embeddable":true,"href":"https:\/\/sandovalpllc.com\/es\/wp-json\/wp\/v2\/media\/260"}],"wp:attachment":[{"href":"https:\/\/sandovalpllc.com\/es\/wp-json\/wp\/v2\/media?parent=258"}],"curies":[{"name":"wp","href":"https:\/\/api.w.org\/{rel}","templated":true}]}}