{"id":2365,"date":"2024-04-01T13:50:29","date_gmt":"2024-04-01T13:50:29","guid":{"rendered":"https:\/\/sandovalpllc.com\/es\/?page_id=2365"},"modified":"2025-10-30T15:11:32","modified_gmt":"2025-10-30T15:11:32","slug":"en-cuanto-tiempo-se-puede-resolver-un-caso-de-accidente-de-trabajo-en-lowes-no-suscriptor","status":"publish","type":"page","link":"https:\/\/sandovalpllc.com\/es\/en-cuanto-tiempo-se-puede-resolver-un-caso-de-accidente-de-trabajo-en-lowes-no-suscriptor\/","title":{"rendered":"\u00bfEn cuanto tiempo se puede resolver un caso de accidente de trabajo en Lowe&#8217;s no-suscriptor?"},"content":{"rendered":"<p>He aqu\u00ed una pregunta com\u00fan que recibimos cuando dialogamos con posibles nuevos clientes en <a href=\"https:\/\/sandovalpllc.com\/es\/reclamos-compensacion-trabajadores-lowes\/\">casos de lesiones sufridas trabajando para Lowe&#8217;s Texas, sin cobertura de compensaci\u00f3n para trabajadores<\/a>. La respuesta a este interrogante, en definitiva, depende en buena medida de cu\u00e1n adelantado se encuentre el potencial cliente en su tratamiento.<\/p>\n<p><img loading=\"lazy\" decoding=\"async\" class=\"aligncenter size-full wp-image-2978 lazy-load\" src=\"https:\/\/sandovalpllc.com\/es\/wp-content\/uploads\/sites\/2\/2025\/10\/resolver-un-caso-de-accidente-de-trabajo-en-lowes-no-suscriptor-img.jpg\" alt=\"\" width=\"768\" height=\"512\" srcset=\"https:\/\/sandovalpllc.com\/es\/wp-content\/uploads\/sites\/2\/2025\/10\/resolver-un-caso-de-accidente-de-trabajo-en-lowes-no-suscriptor-img.jpg 768w, https:\/\/sandovalpllc.com\/es\/wp-content\/uploads\/sites\/2\/2025\/10\/resolver-un-caso-de-accidente-de-trabajo-en-lowes-no-suscriptor-img-300x200.jpg 300w\" sizes=\"auto, (max-width: 768px) 100vw, 768px\" \/><\/p>\n<p>Hay que entender que el tiempo que se requiere para resolver un caso de lesi\u00f3n de trabajo en Texas de Lowe&#8217;s sin suscripci\u00f3n puede variar en forma significativa, dependiendo de diversos factores, primordialmente la severidad de la lesi\u00f3n y el progreso en la recuperaci\u00f3n de la misma. Con frecuencia, cuando las personas se lesionan mientras trabajan para Lowe&#8217;s Texas, sin cobertura de compensaci\u00f3n laboral, buscan representaci\u00f3n legal para conseguir una indemnizaci\u00f3n por sus gastos m\u00e9dicos, salarios perdidos, as\u00ed como tambi\u00e9n por el dolor y el sufrimiento a los que se vieron sometidos.<\/p>\n<p>Vale la pena aclarar que cada <a href=\"https:\/\/sandovalpllc.com\/es\/reclamos-compensacion-trabajadores-lowes\/\">caso de Lowe&#8217;s Texas como no suscriptor<\/a> es singular y, por ende, los tiempos para lograr una resoluci\u00f3n pueden variar, seg\u00fan ciertos factores que entran en juego en cada caso. Primero se necesita tener una idea cercana del tiempo que el trabajador necesita para concluir su tratamiento y lograr la recuperaci\u00f3n completa de sus lesiones. Una vez que tenemos un tiempo estimado, podremos concentrarnos en la posibilidad de resolver el caso mediante negociaciones previas al litigio. Si es factible, la resoluci\u00f3n podr\u00eda lograrse en algunas semanas -o meses- desde que se inician las negociaciones. No obstante, cuando el caso debe ser presentado ante los tribunales, nos enfocaremos en la duraci\u00f3n del proceso contencioso necesario para alcanzar una resoluci\u00f3n.<\/p>\n<p>A este respecto, conviene subrayar que no existen f\u00f3rmulas m\u00e1gicas para acelerar el proceso y, al mismo tiempo, garantizar el mejor resultado posible para su caso de no abonado de Lowe&#8217;s Texas. De hecho, cada caso exige una consideraci\u00f3n minuciosa y un enfoque adaptado a las necesidades espec\u00edficas de cada persona con el fin de garantizar un resultado ideal.<\/p>\n<center><div class=\"panel box-module-cta\">\r\n<span class=\"icon-title\"><i class=\"fa fa-lightbulb-o\" aria-hidden=\"true\"><\/i><\/span>\r\n<h5 class=\"h1\">\u00bfLesionado trabajando para Lowe's?<\/h5>\r\n<p class=\"subtitle\">\u00a1Trabajamos en casos de no suscriptores y ofrecemos consulta gratuita!<\/p>\r\n<h5 class=\"h1\">\u00a1Luchemos juntos!<\/h5>\r\n<p class=\"subtitle\"><strong>- Por el tratamiento m\u00e9dico que necesite<br>\r\n- Por la compensaci\u00f3n que se merece<br>\r\n- Para recuperar su vida.<\/strong><\/p>\r\n<p class=\"subtitle\">\u00a1No se conforme con el trato que proponga Lowe's!<\/p>\r\n<a href=\"tel:+13463477777\" onclick=\"sendEventToGoogle('Body', '\/work-injury-lawyer\/the-work-injury-case\/', '+13463477777');\"><button class=\"btn btn-default\" type=\"button\">\u00a1Llame al abogado Sandoval AHORA!<\/button><\/a>\r\n<\/div>\r\n<\/center>\n<h3>Un resultado positivo en su caso de no suscriptor de Lowe&#8217;s<\/h3>\n<p>Concretamente, son varios los <a href=\"https:\/\/sandovalpllc.com\/es\/resultados-de-casos\/\">tipos de casos<\/a> que pueden resolverse y concluirse sin problemas en un plazo inferior a un a\u00f1o. Seg\u00fan nuestros datos, los casos que pueden resolverse en menos de un a\u00f1o se caracterizan por los siguientes rasgos:<\/p>\n<ul>\n<li>El trabajador damnificado ha concluido el tratamiento para sus lesiones.<\/li>\n<li>El trabajador damnificado necesita un tratamiento que puede finalizarse con relativa prontitud.<\/li>\n<li>No se precisa tratamiento alguno para las lesiones.<\/li>\n<li>Tanto la responsabilidad como las lesiones resultantes puede ser atribuidas claramente a la negligencia del empleador.<\/li>\n<\/ul>\n<p>Sea cual sea la cantidad de tiempo y esfuerzo que requiera su caso, nuestra prioridad ser\u00e1 hacer que avance en cada fase del proceso. Para nosotros, nuestro compromiso con el cliente es explicarle en qu\u00e9 punto del proceso del caso nos encontramos y cu\u00e1ndo podr\u00edamos esperar razonablemente que se resuelva.<\/p>\n<p>Un aspecto imprescindible para <a href=\"https:\/\/sandovalpllc.com\/es\/resultado-positivo-en-su-caso-de-lesiones-de-trabajo\/\">arribar a un resultado positivo en su caso de Lowe&#8217;s No-Suscriptor<\/a> es dedicar todo el tiempo que sea necesario a cada paso del camino.<\/p>\n<p>En muchas oportunidades, al ser el representante legal de la parte damnificada, debo persuadir a la otra parte de que un juez, jurado o mediador llegar\u00e1 a la conclusi\u00f3n de que las lesiones fueron generadas por la negligencia de la compa\u00f1\u00eda, por no brindar seguridad en el sitio de trabajo. Desafortunadamente, en algunas ocasiones el tiempo que se requiere para desarrollar el proceso es m\u00e1s de lo que todos quisi\u00e9ramos, pero usted debe saber que dedicar el tiempo y el esfuerzo necesarios dar\u00e1 los mejores resultados.<\/p>\n<p>Hacemos nuestro mayor esfuerzo en satisfacer las necesidades particulares de cada cliente, poniendo el foco en que logre recuperarse y hacemos lo que haga falta de nuestra parte para llegar a una resoluci\u00f3n efectiva en cada caso de Lowe&#8217;s No-Suscriptor.<\/p>\n<p>\u00a1En <a href=\"https:\/\/sandovalpllc.com\/es\/\"><strong>Sandoval Law Firm, PLLC<\/strong><\/a>, nos concentramos en asegurarnos que usted entienda el proceso y el plan que mi bufete va a poner en pr\u00e1ctica para recuperar su vida! Si usted ha sufrido lesiones en el trabajo, no dude en llamarnos. \u00a1Su caso de accidente de trabajo en Lowe&#8217;s ser\u00e1 una de nuestras prioridades!<\/p>\n<div class=\"card-body px-5\">\r\n\t\t<h3 class=\"mt-0\"><a class=\"text-dark\" href=\"https:\/\/sandovalpllc.com\/es\/abogado-accidentes-trabajo\/no-suscriptores\/\" rel=\"noopener noreferrer\" target=\"_blank\">El proceso de no suscriptores de Texas <i class=\"fa fa-external-link\" aria-hidden=\"true\"><\/i><\/a><\/h3>\r\n\t\t<ul class=\"list-group list-group-striped list-group-flush mb-2\">\r\n<li class=\"list-group-item\"><a href=\"\/es\/caso-compensacion-trabajadores-texas\/\" rel=\"noopener noreferrer\" target=\"_blank\">\u00bfTengo un buen caso de compensaci\u00f3n de trabajadores de Texas?<\/a><\/li>\r\n<li class=\"list-group-item\"><a href=\"https:\/\/sandovalpllc.com\/es\/que-pasa-si-mi-reclamacion-de-compensacion-de-trabajadores-es-denegada\/\" rel=\"noopener noreferrer\" target=\"_blank\">\u00bfQu\u00e9 pasa si mi reclamaci\u00f3n de compensaci\u00f3n de trabajadores es denegada?, \u00bfPuedo demandar a mi empleador por negligencia?<\/a><\/li>\r\n    <li class=\"list-group-item\"><a href=\"https:\/\/sandovalpllc.com\/es\/pasos-a-tomar-en-lesion-laboral\/\" rel=\"noopener noreferrer\" target=\"_blank\">\u00bfQu\u00e9 pasos debo tomar para proteger mis derechos?<\/a><\/li> \r\n    <li class=\"list-group-item\"><a href=\"https:\/\/sandovalpllc.com\/es\/que-tipo-de-cobertura-tiene-tu-empleador-para-las-lesiones-laborales\/\" rel=\"noopener noreferrer\" target=\"_blank\">\u00bfQu\u00e9 tipo de cobertura de lesiones laborales puede tener mi empleador?<\/a><\/li>\r\n    <li class=\"list-group-item\"><a href=\"https:\/\/sandovalpllc.com\/es\/probabilidades-de-que-mi-empleador-sea-no-suscriptor-de-texas\/\" rel=\"noopener noreferrer\" target=\"_blank\">\u00bfQu\u00e9 probabilidad hay de que mi empleador sea un no suscriptor de Texas?<\/a><\/li>\r\n   <li class=\"list-group-item\"><a href=\"\/es\/caso-de-no-subscriptor-vs-compensacion-trabajadores\/\" rel=\"noopener noreferrer\" target=\"_blank\">\u00bfEn qu\u00e9 se diferencian los reclamos de compensaci\u00f3n de trabajadores de los reclamos de los no suscriptores?<\/a><\/li>\r\n   <li class=\"list-group-item\"><a href=\"\/es\/debo-tomar-la-licencia-de-la-fmla-en-mi-caso-de-no-suscriptores\/\" rel=\"noopener noreferrer\" target=\"_blank\">\u00bfDebo tomar la licencia de la FMLA en mi caso de compensaci\u00f3n de trabajadores o de no suscriptores?<\/a><\/li>\r\n<li class=\"list-group-item\"><a href=\"\/es\/debo-firmar-algun-documento-de-mi-empleador-despues-de-un-accidente-laboral\/\" rel=\"noopener noreferrer\" target=\"_blank\">\u00bfDebo firmar alg\u00fan documento de mi empleador despu\u00e9s de haber sufrido un accidente laboral?<\/a><\/li>\r\n<li class=\"list-group-item\"><a href=\"\/es\/debo-solicitar-discapacidad-a-corto-o-largo-plazo-en-mi-caso-de-no-suscriptor-de-texas\/\" rel=\"noopener noreferrer\" target=\"_blank\">\u00bfDebo solicitar discapacidad a corto o largo plazo en mi caso de no suscriptor de Texas?<\/a><\/li>\r\n  <li class=\"list-group-item\"><a href=\"https:\/\/sandovalpllc.com\/es\/que-es-un-plan-de-beneficios-de-empleo\/\" rel=\"noopener noreferrer\" target=\"_blank\">\u00bfQu\u00e9 es un plan de beneficios de empleo o una descripci\u00f3n resumida del plan?<\/a><\/li>\r\n <li class=\"list-group-item\"><a href=\"https:\/\/sandovalpllc.com\/es\/no-suscriptores-de-texas-y-el-estatuto-de-limitaciones-de-1-ano-en-casos-de-lesiones-laborales\/\" rel=\"noopener noreferrer\" target=\"_blank\">\u00bfCu\u00e1nto tiempo tengo para presentar mi reclamo de no suscriptor?<\/a><\/li>\r\n <li class=\"list-group-item\"><a href=\"https:\/\/sandovalpllc.com\/es\/reportar-inmediatamente-incidente-en-el-trabajo\/\" rel=\"noopener noreferrer\" target=\"_blank\">\u00bfQu\u00e9 tan pronto tengo que reportar mi lesi\u00f3n?<\/a><\/li>\r\n<li class=\"list-group-item\"><a href=\"https:\/\/sandovalpllc.com\/es\/por-que-parece-no-obtener-una-respuesta-rapida-y-honesta-del-tasador-de-seguros\/\" rel=\"noopener noreferrer\" target=\"_blank\">\u00bfPor qu\u00e9 no puedo obtener una respuesta del ajustador de reclamos?<\/a><\/li>\r\n<li class=\"list-group-item\"><a href=\"https:\/\/sandovalpllc.com\/es\/ajustador-en-casos-no-suscriptores-texas\/\" rel=\"noopener noreferrer\" target=\"_blank\">\u00bfEl Papel del ajustador en los casos de no-suscriptores de Texas?<\/a><\/li>\r\n<\/ul>\r\n<\/div>\n","protected":false},"excerpt":{"rendered":"<p>He aqu\u00ed una pregunta com\u00fan que recibimos cuando dialogamos con posibles nuevos clientes en casos de lesiones sufridas trabajando para Lowe&#8217;s Texas, sin cobertura de compensaci\u00f3n para trabajadores. La respuesta a este interrogante, en definitiva, depende en buena medida de cu\u00e1n adelantado se encuentre el potencial cliente en su tratamiento. Hay que entender que el&#8230; <a href=\"https:\/\/sandovalpllc.com\/es\/en-cuanto-tiempo-se-puede-resolver-un-caso-de-accidente-de-trabajo-en-lowes-no-suscriptor\/\" class=\"learn-btn\">Continue Reading<\/a><\/p>\n","protected":false},"author":6,"featured_media":2366,"parent":0,"menu_order":0,"comment_status":"closed","ping_status":"closed","template":"","meta":{"_acf_changed":false,"_genesis_hide_title":false,"_genesis_hide_breadcrumbs":false,"_genesis_hide_singular_image":false,"_genesis_hide_footer_widgets":false,"_genesis_custom_body_class":"","_genesis_custom_post_class":"","_genesis_layout":"","footnotes":""},"class_list":{"0":"post-2365","1":"page","2":"type-page","3":"status-publish","4":"has-post-thumbnail","6":"entry"},"acf":[],"yoast_head":"<!-- This site is optimized with the Yoast SEO plugin v26.8 - https:\/\/yoast.com\/product\/yoast-seo-wordpress\/ -->\n<title>Plazo para resolver caso de accidente en Lowe&#039;s no-suscriptor<\/title>\n<meta name=\"description\" content=\"He aqu\u00ed una pregunta com\u00fan que recibimos cuando dialogamos con posibles nuevos clientes en casos de lesiones sufridas...\" \/>\n<meta name=\"robots\" content=\"index, follow, max-snippet:-1, max-image-preview:large, max-video-preview:-1\" \/>\n<link rel=\"canonical\" href=\"https:\/\/sandovalpllc.com\/es\/en-cuanto-tiempo-se-puede-resolver-un-caso-de-accidente-de-trabajo-en-lowes-no-suscriptor\/\" \/>\n<meta property=\"og:locale\" content=\"es_ES\" \/>\n<meta property=\"og:type\" content=\"article\" \/>\n<meta property=\"og:title\" content=\"Plazo para resolver caso de accidente en Lowe&#039;s no-suscriptor\" \/>\n<meta property=\"og:description\" content=\"He aqu\u00ed una pregunta com\u00fan que recibimos cuando dialogamos con posibles nuevos clientes en casos de lesiones sufridas...\" \/>\n<meta property=\"og:url\" content=\"https:\/\/sandovalpllc.com\/es\/en-cuanto-tiempo-se-puede-resolver-un-caso-de-accidente-de-trabajo-en-lowes-no-suscriptor\/\" \/>\n<meta property=\"og:site_name\" content=\"Bufete de Abogados Sandoval Da\u00f1os Personales y Muerte Injusta\" \/>\n<meta property=\"article:modified_time\" content=\"2025-10-30T15:11:32+00:00\" \/>\n<meta property=\"og:image\" content=\"https:\/\/sandovalpllc.com\/es\/wp-content\/uploads\/sites\/2\/2024\/03\/en-cuanto-tiempo-se-puede-resolver-un-caso-de-accidente-de-trabajo-en-lowes-no-suscriptor.jpg\" \/>\n\t<meta property=\"og:image:width\" content=\"1950\" \/>\n\t<meta property=\"og:image:height\" content=\"1093\" \/>\n\t<meta property=\"og:image:type\" content=\"image\/jpeg\" \/>\n<meta name=\"twitter:card\" content=\"summary_large_image\" \/>\n<meta name=\"twitter:label1\" content=\"Est. reading time\" \/>\n\t<meta name=\"twitter:data1\" content=\"4 minutos\" \/>\n<script type=\"application\/ld+json\" class=\"yoast-schema-graph\">{\"@context\":\"https:\/\/schema.org\",\"@graph\":[{\"@type\":\"WebPage\",\"@id\":\"https:\/\/sandovalpllc.com\/es\/en-cuanto-tiempo-se-puede-resolver-un-caso-de-accidente-de-trabajo-en-lowes-no-suscriptor\/\",\"url\":\"https:\/\/sandovalpllc.com\/es\/en-cuanto-tiempo-se-puede-resolver-un-caso-de-accidente-de-trabajo-en-lowes-no-suscriptor\/\",\"name\":\"Plazo para resolver caso de accidente en Lowe's no-suscriptor\",\"isPartOf\":{\"@id\":\"https:\/\/sandovalpllc.com\/es\/#website\"},\"primaryImageOfPage\":{\"@id\":\"https:\/\/sandovalpllc.com\/es\/en-cuanto-tiempo-se-puede-resolver-un-caso-de-accidente-de-trabajo-en-lowes-no-suscriptor\/#primaryimage\"},\"image\":{\"@id\":\"https:\/\/sandovalpllc.com\/es\/en-cuanto-tiempo-se-puede-resolver-un-caso-de-accidente-de-trabajo-en-lowes-no-suscriptor\/#primaryimage\"},\"thumbnailUrl\":\"https:\/\/sandovalpllc.com\/es\/wp-content\/uploads\/sites\/2\/2024\/03\/en-cuanto-tiempo-se-puede-resolver-un-caso-de-accidente-de-trabajo-en-lowes-no-suscriptor.jpg\",\"datePublished\":\"2024-04-01T13:50:29+00:00\",\"dateModified\":\"2025-10-30T15:11:32+00:00\",\"description\":\"He aqu\u00ed una pregunta com\u00fan que recibimos cuando dialogamos con posibles nuevos clientes en casos de lesiones sufridas...\",\"breadcrumb\":{\"@id\":\"https:\/\/sandovalpllc.com\/es\/en-cuanto-tiempo-se-puede-resolver-un-caso-de-accidente-de-trabajo-en-lowes-no-suscriptor\/#breadcrumb\"},\"inLanguage\":\"es-PE\",\"potentialAction\":[{\"@type\":\"ReadAction\",\"target\":[\"https:\/\/sandovalpllc.com\/es\/en-cuanto-tiempo-se-puede-resolver-un-caso-de-accidente-de-trabajo-en-lowes-no-suscriptor\/\"]}]},{\"@type\":\"ImageObject\",\"inLanguage\":\"es-PE\",\"@id\":\"https:\/\/sandovalpllc.com\/es\/en-cuanto-tiempo-se-puede-resolver-un-caso-de-accidente-de-trabajo-en-lowes-no-suscriptor\/#primaryimage\",\"url\":\"https:\/\/sandovalpllc.com\/es\/wp-content\/uploads\/sites\/2\/2024\/03\/en-cuanto-tiempo-se-puede-resolver-un-caso-de-accidente-de-trabajo-en-lowes-no-suscriptor.jpg\",\"contentUrl\":\"https:\/\/sandovalpllc.com\/es\/wp-content\/uploads\/sites\/2\/2024\/03\/en-cuanto-tiempo-se-puede-resolver-un-caso-de-accidente-de-trabajo-en-lowes-no-suscriptor.jpg\",\"width\":1950,\"height\":1093,\"caption\":\"\u00bfLesionado mientras trabajaba en Lowe\u2019s?\"},{\"@type\":\"BreadcrumbList\",\"@id\":\"https:\/\/sandovalpllc.com\/es\/en-cuanto-tiempo-se-puede-resolver-un-caso-de-accidente-de-trabajo-en-lowes-no-suscriptor\/#breadcrumb\",\"itemListElement\":[{\"@type\":\"ListItem\",\"position\":1,\"name\":\"Home\",\"item\":\"https:\/\/sandovalpllc.com\/es\/\"},{\"@type\":\"ListItem\",\"position\":2,\"name\":\"Plazo para resolver caso de accidente en Lowe's no-suscriptor\"}]},{\"@type\":\"WebSite\",\"@id\":\"https:\/\/sandovalpllc.com\/es\/#website\",\"url\":\"https:\/\/sandovalpllc.com\/es\/\",\"name\":\"Bufete de Abogados Sandoval Da\u00f1os Personales y Muerte Injusta\",\"description\":\"Just another Sandoval Law Firm, PLLC Sites site\",\"potentialAction\":[{\"@type\":\"SearchAction\",\"target\":{\"@type\":\"EntryPoint\",\"urlTemplate\":\"https:\/\/sandovalpllc.com\/es\/?s={search_term_string}\"},\"query-input\":{\"@type\":\"PropertyValueSpecification\",\"valueRequired\":true,\"valueName\":\"search_term_string\"}}],\"inLanguage\":\"es-PE\"}]}<\/script>\n<!-- \/ Yoast SEO plugin. -->","yoast_head_json":{"title":"Plazo para resolver caso de accidente en Lowe's no-suscriptor","description":"He aqu\u00ed una pregunta com\u00fan que recibimos cuando dialogamos con posibles nuevos clientes en casos de lesiones sufridas...","robots":{"index":"index","follow":"follow","max-snippet":"max-snippet:-1","max-image-preview":"max-image-preview:large","max-video-preview":"max-video-preview:-1"},"canonical":"https:\/\/sandovalpllc.com\/es\/en-cuanto-tiempo-se-puede-resolver-un-caso-de-accidente-de-trabajo-en-lowes-no-suscriptor\/","og_locale":"es_ES","og_type":"article","og_title":"Plazo para resolver caso de accidente en Lowe's no-suscriptor","og_description":"He aqu\u00ed una pregunta com\u00fan que recibimos cuando dialogamos con posibles nuevos clientes en casos de lesiones sufridas...","og_url":"https:\/\/sandovalpllc.com\/es\/en-cuanto-tiempo-se-puede-resolver-un-caso-de-accidente-de-trabajo-en-lowes-no-suscriptor\/","og_site_name":"Bufete de Abogados Sandoval Da\u00f1os Personales y Muerte Injusta","article_modified_time":"2025-10-30T15:11:32+00:00","og_image":[{"width":1950,"height":1093,"url":"https:\/\/sandovalpllc.com\/es\/wp-content\/uploads\/sites\/2\/2024\/03\/en-cuanto-tiempo-se-puede-resolver-un-caso-de-accidente-de-trabajo-en-lowes-no-suscriptor.jpg","type":"image\/jpeg"}],"twitter_card":"summary_large_image","twitter_misc":{"Est. reading time":"4 minutos"},"schema":{"@context":"https:\/\/schema.org","@graph":[{"@type":"WebPage","@id":"https:\/\/sandovalpllc.com\/es\/en-cuanto-tiempo-se-puede-resolver-un-caso-de-accidente-de-trabajo-en-lowes-no-suscriptor\/","url":"https:\/\/sandovalpllc.com\/es\/en-cuanto-tiempo-se-puede-resolver-un-caso-de-accidente-de-trabajo-en-lowes-no-suscriptor\/","name":"Plazo para resolver caso de accidente en Lowe's no-suscriptor","isPartOf":{"@id":"https:\/\/sandovalpllc.com\/es\/#website"},"primaryImageOfPage":{"@id":"https:\/\/sandovalpllc.com\/es\/en-cuanto-tiempo-se-puede-resolver-un-caso-de-accidente-de-trabajo-en-lowes-no-suscriptor\/#primaryimage"},"image":{"@id":"https:\/\/sandovalpllc.com\/es\/en-cuanto-tiempo-se-puede-resolver-un-caso-de-accidente-de-trabajo-en-lowes-no-suscriptor\/#primaryimage"},"thumbnailUrl":"https:\/\/sandovalpllc.com\/es\/wp-content\/uploads\/sites\/2\/2024\/03\/en-cuanto-tiempo-se-puede-resolver-un-caso-de-accidente-de-trabajo-en-lowes-no-suscriptor.jpg","datePublished":"2024-04-01T13:50:29+00:00","dateModified":"2025-10-30T15:11:32+00:00","description":"He aqu\u00ed una pregunta com\u00fan que recibimos cuando dialogamos con posibles nuevos clientes en casos de lesiones sufridas...","breadcrumb":{"@id":"https:\/\/sandovalpllc.com\/es\/en-cuanto-tiempo-se-puede-resolver-un-caso-de-accidente-de-trabajo-en-lowes-no-suscriptor\/#breadcrumb"},"inLanguage":"es-PE","potentialAction":[{"@type":"ReadAction","target":["https:\/\/sandovalpllc.com\/es\/en-cuanto-tiempo-se-puede-resolver-un-caso-de-accidente-de-trabajo-en-lowes-no-suscriptor\/"]}]},{"@type":"ImageObject","inLanguage":"es-PE","@id":"https:\/\/sandovalpllc.com\/es\/en-cuanto-tiempo-se-puede-resolver-un-caso-de-accidente-de-trabajo-en-lowes-no-suscriptor\/#primaryimage","url":"https:\/\/sandovalpllc.com\/es\/wp-content\/uploads\/sites\/2\/2024\/03\/en-cuanto-tiempo-se-puede-resolver-un-caso-de-accidente-de-trabajo-en-lowes-no-suscriptor.jpg","contentUrl":"https:\/\/sandovalpllc.com\/es\/wp-content\/uploads\/sites\/2\/2024\/03\/en-cuanto-tiempo-se-puede-resolver-un-caso-de-accidente-de-trabajo-en-lowes-no-suscriptor.jpg","width":1950,"height":1093,"caption":"\u00bfLesionado mientras trabajaba en Lowe\u2019s?"},{"@type":"BreadcrumbList","@id":"https:\/\/sandovalpllc.com\/es\/en-cuanto-tiempo-se-puede-resolver-un-caso-de-accidente-de-trabajo-en-lowes-no-suscriptor\/#breadcrumb","itemListElement":[{"@type":"ListItem","position":1,"name":"Home","item":"https:\/\/sandovalpllc.com\/es\/"},{"@type":"ListItem","position":2,"name":"Plazo para resolver caso de accidente en Lowe's no-suscriptor"}]},{"@type":"WebSite","@id":"https:\/\/sandovalpllc.com\/es\/#website","url":"https:\/\/sandovalpllc.com\/es\/","name":"Bufete de Abogados Sandoval Da\u00f1os Personales y Muerte Injusta","description":"Just another Sandoval Law Firm, PLLC Sites site","potentialAction":[{"@type":"SearchAction","target":{"@type":"EntryPoint","urlTemplate":"https:\/\/sandovalpllc.com\/es\/?s={search_term_string}"},"query-input":{"@type":"PropertyValueSpecification","valueRequired":true,"valueName":"search_term_string"}}],"inLanguage":"es-PE"}]}},"_links":{"self":[{"href":"https:\/\/sandovalpllc.com\/es\/wp-json\/wp\/v2\/pages\/2365","targetHints":{"allow":["GET"]}}],"collection":[{"href":"https:\/\/sandovalpllc.com\/es\/wp-json\/wp\/v2\/pages"}],"about":[{"href":"https:\/\/sandovalpllc.com\/es\/wp-json\/wp\/v2\/types\/page"}],"author":[{"embeddable":true,"href":"https:\/\/sandovalpllc.com\/es\/wp-json\/wp\/v2\/users\/6"}],"replies":[{"embeddable":true,"href":"https:\/\/sandovalpllc.com\/es\/wp-json\/wp\/v2\/comments?post=2365"}],"version-history":[{"count":0,"href":"https:\/\/sandovalpllc.com\/es\/wp-json\/wp\/v2\/pages\/2365\/revisions"}],"wp:featuredmedia":[{"embeddable":true,"href":"https:\/\/sandovalpllc.com\/es\/wp-json\/wp\/v2\/media\/2366"}],"wp:attachment":[{"href":"https:\/\/sandovalpllc.com\/es\/wp-json\/wp\/v2\/media?parent=2365"}],"curies":[{"name":"wp","href":"https:\/\/api.w.org\/{rel}","templated":true}]}}