{"id":2361,"date":"2024-04-01T13:54:00","date_gmt":"2024-04-01T13:54:00","guid":{"rendered":"https:\/\/sandovalpllc.com\/es\/?page_id=2361"},"modified":"2025-10-20T17:55:33","modified_gmt":"2025-10-20T17:55:33","slug":"accidentes-laborales-no-suscriptor-de-target-en-menos-de-un-ano","status":"publish","type":"page","link":"https:\/\/sandovalpllc.com\/es\/accidentes-laborales-no-suscriptor-de-target-en-menos-de-un-ano\/","title":{"rendered":"\u00bfPodr\u00eda ser resuelto un caso de accidentes de trabajo de un no suscriptor de Target Texas en un periodo inferior a un a\u00f1o?"},"content":{"rendered":"<h2>\u00bfQU\u00c9 TIEMPO SE NECESITA PARA LA RESOLUCI\u00d3N DE UN CASO DE ACCIDENTE DE TRABAJO EN TARGET COMO NO SUSCRIPTOR?<\/h2>\n<p>Se trata de una duda frecuente con la que nos solemos encontrar cuando hablamos con posibles nuevos clientes en <a href=\"https:\/\/sandovalpllc.com\/es\/reclamos-compensacion-trabajadores-target\/\">casos de Target Texas sin cobertura<\/a>. Resumiendo, la forma de responder a esta consulta depende en gran medida de lo avanzado que se encuentre el posible cliente en su proceso de recuperaci\u00f3n de la lesi\u00f3n que se produjo mientras trabajaba para Target Texas sin tener cobertura de <a href=\"https:\/\/sandovalpllc.com\/es\/abogado-accidentes-trabajo\/compensacion-de-trabajadores\/\" target=\"_blank\" rel=\"noopener\">compensaci\u00f3n por accidente de trabajo<\/a>. Hay que comprender que la naturaleza de las lesiones puede variar considerablemente y, en consecuencia, el tiempo de tratamiento y los plazos de recuperaci\u00f3n tambi\u00e9n. Mientras que ciertas lesiones requieren algunos meses de tratamiento, otras precisan incluso a\u00f1os para su curaci\u00f3n total.<\/p>\n<div id=\"attachment_2967\" style=\"width: 778px\" class=\"wp-caption aligncenter\"><img loading=\"lazy\" decoding=\"async\" aria-describedby=\"caption-attachment-2967\" class=\"wp-image-2967 size-full lazy-load\" src=\"https:\/\/sandovalpllc.com\/es\/wp-content\/uploads\/sites\/2\/2025\/10\/accidentes-laborales-no-suscriptor-de-target-en-menos-de-un-ano-img.jpg\" alt=\"\u00bfPodr\u00eda ser resuelto un caso de accidentes de trabajo de un no suscriptor de Target Texas en un periodo inferior a un a\u00f1o?\" width=\"768\" height=\"512\" srcset=\"https:\/\/sandovalpllc.com\/es\/wp-content\/uploads\/sites\/2\/2025\/10\/accidentes-laborales-no-suscriptor-de-target-en-menos-de-un-ano-img.jpg 768w, https:\/\/sandovalpllc.com\/es\/wp-content\/uploads\/sites\/2\/2025\/10\/accidentes-laborales-no-suscriptor-de-target-en-menos-de-un-ano-img-300x200.jpg 300w\" sizes=\"auto, (max-width: 768px) 100vw, 768px\" \/><p id=\"caption-attachment-2967\" class=\"wp-caption-text\">\u00bfPodr\u00eda ser resuelto un caso de accidentes de trabajo de un no suscriptor de Target Texas en un periodo inferior a un a\u00f1o?<\/p><\/div>\n<p>Una cuesti\u00f3n decisiva a la hora de resolver este tipo de casos es la naturaleza de la lesi\u00f3n. En algunos <a href=\"https:\/\/sandovalpllc.com\/es\/abogado-accidentes-trabajo\/\" target=\"_blank\" rel=\"noopener\">accidentes de trabajo<\/a> las lesiones son relativamente leves y pueden requerir s\u00f3lo unas semanas o meses para el tratamiento m\u00e9dico y posterior rehabilitaci\u00f3n. Dichos casos tienden a resolverse de forma m\u00e1s inmediata, ya que la parte damnificada puede presentar pruebas de sus gastos y p\u00e9rdidas relativamente pronto.<\/p>\n<p>Tras tener una idea precisa de cu\u00e1ndo es probable que concluya el tratamiento del trabajador herido, pasamos a considerar la posibilidad de resolver el caso mediante negociaciones antes del litigio. En caso de que sea pertinente y resulte factible, podr\u00eda alcanzarse una resoluci\u00f3n en el plazo de unas pocas semanas o meses desde el momento en que se inicien las negociaciones. Ahora bien, si la causa debe interponerse ante la justicia, nuestra mirada se dirigir\u00e1 a la duraci\u00f3n del proceso judicial necesario para llegar a una resoluci\u00f3n. Es importante mencionar que cada <a href=\"https:\/\/sandovalpllc.com\/es\/reclamos-compensacion-trabajadores-target\/\">caso de no suscriptor de Target Texas<\/a> es singular y, por lo tanto, el plazo para obtener una resoluci\u00f3n variar\u00e1 en funci\u00f3n de multitud de factores espec\u00edficos de cada caso.<\/p>\n<p>Teniendo esto en cuenta, resulta indispensable hacer hincapi\u00e9 en que no existen atajos que permitan agilizar el proceso y, al mismo tiempo, garantizar el mejor resultado posible para su caso de no abonado de Target Texas. Para garantizar un resultado \u00f3ptimo, es preciso estudiar detenidamente cada caso y adoptar un enfoque personalizado.<\/p>\n<center><div class=\"panel box-module-cta\">\r\n<span class=\"icon-title\"><i class=\"fa fa-lightbulb-o\" aria-hidden=\"true\"><\/i><\/span>\r\n<h5 class=\"h1\">\u00bfLesionado mientras trabajaba en Target?<\/h5>\r\n<p class=\"subtitle\">\u00a1Nos dedicamos a casos de no suscriptores y ofrecemos una consulta gratuita!<\/p>\r\n<h5 class=\"h1\">\u00a1Luchemos juntos!<\/h5>\r\n<p class=\"subtitle\"><strong>- Por el tratamiento m\u00e9dico que necesita<br>\r\n- Por la compensaci\u00f3n que se merece<br>\r\n- Para recuperar su vida<\/strong><\/p>\r\n<p class=\"subtitle\">No se conforme con el tratamiento mediocre que aprueba Target.<\/p>\r\n<a href=\"tel:+13463477777\" onclick=\"sendEventToGoogle('Body', '\/es\/abogado-accidentes-trabajo\/el-caso-de-accidentes-trabajo\/', '+13463477777');\"><button class=\"btn btn-default\" type=\"button\">Llame al Abogado Sandoval Ahora<\/button><\/a>\r\n<\/div>\r\n<\/center>\n<h3>Obtenga una resoluci\u00f3n exitosa en su caso de Target como No-Suscriptor<\/h3>\n<p>En pocas palabras, existen varios <a href=\"https:\/\/sandovalpllc.com\/es\/resultados-de-casos\/\">tipos de casos<\/a> que podr\u00edan resolverse y concluirse f\u00e1cilmente en un plazo inferior a un a\u00f1o.<\/p>\n<p>En base a nuestra experiencia podemos afirmar que los casos que, por lo general, pueden ser resueltos en menos de doce meses son aquellos que cuentan con alguna de estas condiciones, a saber:<\/p>\n<ul>\n<li>El trabajador accidentado requiere un tratamiento que puede completado relativa prontitud.<\/li>\n<li>El trabajador accidentado ya ha concluido su tratamiento.<\/li>\n<li>Las heridas o lesiones no requieren tratamiento alguno.<\/li>\n<li>Es posible atribuir en forma clara la responsabilidad de las lesiones sufridas a la negligencia del empleador.<\/li>\n<\/ul>\n<p>Para <a href=\"https:\/\/sandovalpllc.com\/es\/resultado-positivo-en-su-caso-de-lesiones-de-trabajo\/\">tener un resultado exitoso en su caso de No-Suscripci\u00f3n de Target<\/a>, lo importante es dedicar el tiempo necesario a cada paso del mismo. A menudo, como representante de la parte perjudicada, se debe hacer ver a la otra parte por qu\u00e9 un juez, un jurado o un mediador llegar\u00edan a la conclusi\u00f3n de que las lesiones fueron causadas por el hecho de que el empresario no proporcion\u00f3 un entorno laboral adecuado. Aunque a veces se necesita m\u00e1s tiempo del que quisi\u00e9ramos, descubrir\u00e1 que si invierte la debida dosis de tiempo y esfuerzo obtendr\u00e1 los mejores resultados en su caso de accidente de trabajo.<\/p>\n<div class=\"card-body px-5\">\r\n    <h3 class=\"mt-0\"><a class=\"text-dark\" href=\"\/es\/reclamos-compensacion-trabajadores-target\/\" rel=\"noopener noreferrer\" target=\"_blank\">Consideraciones en casos de No Suscriptor de Target <i class=\"fa fa-external-link\" aria-hidden=\"true\"><\/i><\/a><\/h3>\r\n    <ul class=\"list-group list-group-striped list-group-flush mb-2\">\r\n<li class=\"list-group-item\"><a href=\"\/es\/reclamos-compensacion-trabajadores-target\/\" rel=\"noopener noreferrer\" target=\"_blank\">Reclamos de Compensaci\u00f3n de los Trabajadores de Target<\/a><\/li>\r\n<li class=\"list-group-item\"><a href=\"\/target-work-injury-lawsuits\/\" rel=\"noopener noreferrer\" target=\"_blank\">Demandas por Lesiones Laborales en Target<\/a><\/li>\r\n<li class=\"list-group-item\"><a href=\"\/top-5-myths-in-target-workers-compensation-cases\/\" rel=\"noopener noreferrer\" target=\"_blank\">Los 5 mitos m\u00e1s comunes en los casos de compensaci\u00f3n laboral de Target<\/a><\/li>\r\n        <li class=\"list-group-item\"><a href=\"\/target-workers-compensation-faqs\/\" rel=\"noopener noreferrer\" target=\"_blank\">Preguntas Frecuentes sobre Compensaci\u00f3n de los Trabajadores de Target<\/a><\/li>\r\n            <li class=\"list-group-item\"><a href=\"\/es\/infografia\/sufrio-una-lesion-en-un-accidente-de-trabajo-en-target\/\" rel=\"noopener noreferrer\" target=\"_blank\">\u00bfSufri\u00f3 una lesi\u00f3n en un accidente de trabajo en Target? [Infograf\u00eda]<\/a><\/li>\r\n            <li class=\"list-group-item\"><a href=\"https:\/\/sandovalpllc.com\/es\/reportar-inmediatamente-incidente-en-el-trabajo\/\" rel=\"noopener noreferrer\" target=\"_blank\">Si tengo un \u201cincidente\u201d en el trabajo, \u00bfPor qu\u00e9 es importante que lo reporte inmediatamente?<\/a><\/li>\r\n<li class=\"list-group-item\"><a href=\"https:\/\/sandovalpllc.com\/es\/se-puede-resolver-un-caso-de-accidente-de-trabajo-en-texas-en-menos-de-un-ano\/\" rel=\"noopener noreferrer\" target=\"_blank\">\u00bfSe puede resolver un caso de accidente de trabajo en Texas en menos de un a\u00f1o?<\/a><\/li>\r\n<\/ul>\r\n<\/div>\n<h3>\u00a1Su Caso de Target No-Suscriptor Ser\u00e1 Nuestra Mayor Prioridad! No Queremos Procesos Que se extiendan en el tiempo.<\/h3>\n<p>Sin importar qu\u00e9 tanto tiempo y esfuerzo requiera su caso, <a href=\"https:\/\/sandovalpllc.com\/es\/su-caso-sera-nuestra-prioridad-en-cada-paso-del-camino\/\">haremos que sea nuestra prioridad hacer que avance en cada etapa del proceso<\/a>. Estamos comprometidos con nuestros clientes a explicarles en qu\u00e9 punto del proceso del caso nos hallamos y en qu\u00e9 fecha cabe esperar razonablemente que se resuelva. Cubrimos las necesidades inmediatas de cada cliente, nos esforzamos por contribuir a su recuperaci\u00f3n y hacemos todo lo posible por resolver el caso de forma satisfactoria.<\/p>\n<p>\u00a1En <a href=\"https:\/\/sandovalpllc.com\/es\/\"><strong>Sandoval Law Firm, PLLC<\/strong><\/a>, como su abogado, me enfoco en hacer que usted entienda el proceso y el plan que mi firma va a ejecutar para recobrar su vida! No dude en llamarnos si se ha lesionado en el trabajo.<\/p>\n<div class=\"card-body px-5\">\r\n\t\t<h3 class=\"mt-0\"><a class=\"text-dark\" href=\"https:\/\/sandovalpllc.com\/es\/abogado-accidentes-trabajo\/no-suscriptores\/\" rel=\"noopener noreferrer\" target=\"_blank\">El proceso de no suscriptores de Texas <i class=\"fa fa-external-link\" aria-hidden=\"true\"><\/i><\/a><\/h3>\r\n\t\t<ul class=\"list-group list-group-striped list-group-flush mb-2\">\r\n<li class=\"list-group-item\"><a href=\"\/es\/caso-compensacion-trabajadores-texas\/\" rel=\"noopener noreferrer\" target=\"_blank\">\u00bfTengo un buen caso de compensaci\u00f3n de trabajadores de Texas?<\/a><\/li>\r\n<li class=\"list-group-item\"><a href=\"https:\/\/sandovalpllc.com\/es\/que-pasa-si-mi-reclamacion-de-compensacion-de-trabajadores-es-denegada\/\" rel=\"noopener noreferrer\" target=\"_blank\">\u00bfQu\u00e9 pasa si mi reclamaci\u00f3n de compensaci\u00f3n de trabajadores es denegada?, \u00bfPuedo demandar a mi empleador por negligencia?<\/a><\/li>\r\n    <li class=\"list-group-item\"><a href=\"https:\/\/sandovalpllc.com\/es\/pasos-a-tomar-en-lesion-laboral\/\" rel=\"noopener noreferrer\" target=\"_blank\">\u00bfQu\u00e9 pasos debo tomar para proteger mis derechos?<\/a><\/li> \r\n    <li class=\"list-group-item\"><a href=\"https:\/\/sandovalpllc.com\/es\/que-tipo-de-cobertura-tiene-tu-empleador-para-las-lesiones-laborales\/\" rel=\"noopener noreferrer\" target=\"_blank\">\u00bfQu\u00e9 tipo de cobertura de lesiones laborales puede tener mi empleador?<\/a><\/li>\r\n    <li class=\"list-group-item\"><a href=\"https:\/\/sandovalpllc.com\/es\/probabilidades-de-que-mi-empleador-sea-no-suscriptor-de-texas\/\" rel=\"noopener noreferrer\" target=\"_blank\">\u00bfQu\u00e9 probabilidad hay de que mi empleador sea un no suscriptor de Texas?<\/a><\/li>\r\n   <li class=\"list-group-item\"><a href=\"\/es\/caso-de-no-subscriptor-vs-compensacion-trabajadores\/\" rel=\"noopener noreferrer\" target=\"_blank\">\u00bfEn qu\u00e9 se diferencian los reclamos de compensaci\u00f3n de trabajadores de los reclamos de los no suscriptores?<\/a><\/li>\r\n   <li class=\"list-group-item\"><a href=\"\/es\/debo-tomar-la-licencia-de-la-fmla-en-mi-caso-de-no-suscriptores\/\" rel=\"noopener noreferrer\" target=\"_blank\">\u00bfDebo tomar la licencia de la FMLA en mi caso de compensaci\u00f3n de trabajadores o de no suscriptores?<\/a><\/li>\r\n<li class=\"list-group-item\"><a href=\"\/es\/debo-firmar-algun-documento-de-mi-empleador-despues-de-un-accidente-laboral\/\" rel=\"noopener noreferrer\" target=\"_blank\">\u00bfDebo firmar alg\u00fan documento de mi empleador despu\u00e9s de haber sufrido un accidente laboral?<\/a><\/li>\r\n<li class=\"list-group-item\"><a href=\"\/es\/debo-solicitar-discapacidad-a-corto-o-largo-plazo-en-mi-caso-de-no-suscriptor-de-texas\/\" rel=\"noopener noreferrer\" target=\"_blank\">\u00bfDebo solicitar discapacidad a corto o largo plazo en mi caso de no suscriptor de Texas?<\/a><\/li>\r\n  <li class=\"list-group-item\"><a href=\"https:\/\/sandovalpllc.com\/es\/que-es-un-plan-de-beneficios-de-empleo\/\" rel=\"noopener noreferrer\" target=\"_blank\">\u00bfQu\u00e9 es un plan de beneficios de empleo o una descripci\u00f3n resumida del plan?<\/a><\/li>\r\n <li class=\"list-group-item\"><a href=\"https:\/\/sandovalpllc.com\/es\/no-suscriptores-de-texas-y-el-estatuto-de-limitaciones-de-1-ano-en-casos-de-lesiones-laborales\/\" rel=\"noopener noreferrer\" target=\"_blank\">\u00bfCu\u00e1nto tiempo tengo para presentar mi reclamo de no suscriptor?<\/a><\/li>\r\n <li class=\"list-group-item\"><a href=\"https:\/\/sandovalpllc.com\/es\/reportar-inmediatamente-incidente-en-el-trabajo\/\" rel=\"noopener noreferrer\" target=\"_blank\">\u00bfQu\u00e9 tan pronto tengo que reportar mi lesi\u00f3n?<\/a><\/li>\r\n<li class=\"list-group-item\"><a href=\"https:\/\/sandovalpllc.com\/es\/por-que-parece-no-obtener-una-respuesta-rapida-y-honesta-del-tasador-de-seguros\/\" rel=\"noopener noreferrer\" target=\"_blank\">\u00bfPor qu\u00e9 no puedo obtener una respuesta del ajustador de reclamos?<\/a><\/li>\r\n<li class=\"list-group-item\"><a href=\"https:\/\/sandovalpllc.com\/es\/ajustador-en-casos-no-suscriptores-texas\/\" rel=\"noopener noreferrer\" target=\"_blank\">\u00bfEl Papel del ajustador en los casos de no-suscriptores de Texas?<\/a><\/li>\r\n<\/ul>\r\n<\/div>\n","protected":false},"excerpt":{"rendered":"<p>\u00bfQU\u00c9 TIEMPO SE NECESITA PARA LA RESOLUCI\u00d3N DE UN CASO DE ACCIDENTE DE TRABAJO EN TARGET COMO NO SUSCRIPTOR? Se trata de una duda frecuente con la que nos solemos encontrar cuando hablamos con posibles nuevos clientes en casos de Target Texas sin cobertura. Resumiendo, la forma de responder a esta consulta depende en gran&#8230; <a href=\"https:\/\/sandovalpllc.com\/es\/accidentes-laborales-no-suscriptor-de-target-en-menos-de-un-ano\/\" class=\"learn-btn\">Continue Reading<\/a><\/p>\n","protected":false},"author":6,"featured_media":2364,"parent":0,"menu_order":0,"comment_status":"closed","ping_status":"closed","template":"","meta":{"_acf_changed":false,"_genesis_hide_title":false,"_genesis_hide_breadcrumbs":false,"_genesis_hide_singular_image":false,"_genesis_hide_footer_widgets":false,"_genesis_custom_body_class":"","_genesis_custom_post_class":"","_genesis_layout":"","footnotes":""},"class_list":{"0":"post-2361","1":"page","2":"type-page","3":"status-publish","4":"has-post-thumbnail","6":"entry"},"acf":[],"yoast_head":"<!-- This site is optimized with the Yoast SEO plugin v26.8 - https:\/\/yoast.com\/product\/yoast-seo-wordpress\/ -->\n<title>Accidentes laborales no suscriptor de Target en menos de un a\u00f1o<\/title>\n<meta name=\"description\" content=\"Se trata de una duda frecuente con la que nos solemos encontrar cuando hablamos con posibles nuevos clientes en casos de Target...\" \/>\n<meta name=\"robots\" content=\"index, follow, max-snippet:-1, max-image-preview:large, max-video-preview:-1\" \/>\n<link rel=\"canonical\" href=\"https:\/\/sandovalpllc.com\/es\/accidentes-laborales-no-suscriptor-de-target-en-menos-de-un-ano\/\" \/>\n<meta property=\"og:locale\" content=\"es_ES\" \/>\n<meta property=\"og:type\" content=\"article\" \/>\n<meta property=\"og:title\" content=\"Accidentes laborales no suscriptor de Target en menos de un a\u00f1o\" \/>\n<meta property=\"og:description\" content=\"Se trata de una duda frecuente con la que nos solemos encontrar cuando hablamos con posibles nuevos clientes en casos de Target...\" \/>\n<meta property=\"og:url\" content=\"https:\/\/sandovalpllc.com\/es\/accidentes-laborales-no-suscriptor-de-target-en-menos-de-un-ano\/\" \/>\n<meta property=\"og:site_name\" content=\"Bufete de Abogados Sandoval Da\u00f1os Personales y Muerte Injusta\" \/>\n<meta property=\"article:modified_time\" content=\"2025-10-20T17:55:33+00:00\" \/>\n<meta property=\"og:image\" content=\"https:\/\/sandovalpllc.com\/es\/wp-content\/uploads\/sites\/2\/2024\/03\/lesiones-laborales-no-suscriptor-de-target-en-menos-de-un-ano.jpg\" \/>\n\t<meta property=\"og:image:width\" content=\"1350\" \/>\n\t<meta property=\"og:image:height\" content=\"900\" \/>\n\t<meta property=\"og:image:type\" content=\"image\/jpeg\" \/>\n<meta name=\"twitter:card\" content=\"summary_large_image\" \/>\n<meta name=\"twitter:label1\" content=\"Est. reading time\" \/>\n\t<meta name=\"twitter:data1\" content=\"4 minutos\" \/>\n<script type=\"application\/ld+json\" class=\"yoast-schema-graph\">{\"@context\":\"https:\/\/schema.org\",\"@graph\":[{\"@type\":\"WebPage\",\"@id\":\"https:\/\/sandovalpllc.com\/es\/accidentes-laborales-no-suscriptor-de-target-en-menos-de-un-ano\/\",\"url\":\"https:\/\/sandovalpllc.com\/es\/accidentes-laborales-no-suscriptor-de-target-en-menos-de-un-ano\/\",\"name\":\"Accidentes laborales no suscriptor de Target en menos de un a\u00f1o\",\"isPartOf\":{\"@id\":\"https:\/\/sandovalpllc.com\/es\/#website\"},\"primaryImageOfPage\":{\"@id\":\"https:\/\/sandovalpllc.com\/es\/accidentes-laborales-no-suscriptor-de-target-en-menos-de-un-ano\/#primaryimage\"},\"image\":{\"@id\":\"https:\/\/sandovalpllc.com\/es\/accidentes-laborales-no-suscriptor-de-target-en-menos-de-un-ano\/#primaryimage\"},\"thumbnailUrl\":\"https:\/\/sandovalpllc.com\/es\/wp-content\/uploads\/sites\/2\/2024\/03\/lesiones-laborales-no-suscriptor-de-target-en-menos-de-un-ano.jpg\",\"datePublished\":\"2024-04-01T13:54:00+00:00\",\"dateModified\":\"2025-10-20T17:55:33+00:00\",\"description\":\"Se trata de una duda frecuente con la que nos solemos encontrar cuando hablamos con posibles nuevos clientes en casos de Target...\",\"breadcrumb\":{\"@id\":\"https:\/\/sandovalpllc.com\/es\/accidentes-laborales-no-suscriptor-de-target-en-menos-de-un-ano\/#breadcrumb\"},\"inLanguage\":\"es-PE\",\"potentialAction\":[{\"@type\":\"ReadAction\",\"target\":[\"https:\/\/sandovalpllc.com\/es\/accidentes-laborales-no-suscriptor-de-target-en-menos-de-un-ano\/\"]}]},{\"@type\":\"ImageObject\",\"inLanguage\":\"es-PE\",\"@id\":\"https:\/\/sandovalpllc.com\/es\/accidentes-laborales-no-suscriptor-de-target-en-menos-de-un-ano\/#primaryimage\",\"url\":\"https:\/\/sandovalpllc.com\/es\/wp-content\/uploads\/sites\/2\/2024\/03\/lesiones-laborales-no-suscriptor-de-target-en-menos-de-un-ano.jpg\",\"contentUrl\":\"https:\/\/sandovalpllc.com\/es\/wp-content\/uploads\/sites\/2\/2024\/03\/lesiones-laborales-no-suscriptor-de-target-en-menos-de-un-ano.jpg\",\"width\":1350,\"height\":900},{\"@type\":\"BreadcrumbList\",\"@id\":\"https:\/\/sandovalpllc.com\/es\/accidentes-laborales-no-suscriptor-de-target-en-menos-de-un-ano\/#breadcrumb\",\"itemListElement\":[{\"@type\":\"ListItem\",\"position\":1,\"name\":\"Home\",\"item\":\"https:\/\/sandovalpllc.com\/es\/\"},{\"@type\":\"ListItem\",\"position\":2,\"name\":\"Lesiones laborales no suscriptor de Target en menos de un a\u00f1o\"}]},{\"@type\":\"WebSite\",\"@id\":\"https:\/\/sandovalpllc.com\/es\/#website\",\"url\":\"https:\/\/sandovalpllc.com\/es\/\",\"name\":\"Bufete de Abogados Sandoval Da\u00f1os Personales y Muerte Injusta\",\"description\":\"Just another Sandoval Law Firm, PLLC Sites site\",\"potentialAction\":[{\"@type\":\"SearchAction\",\"target\":{\"@type\":\"EntryPoint\",\"urlTemplate\":\"https:\/\/sandovalpllc.com\/es\/?s={search_term_string}\"},\"query-input\":{\"@type\":\"PropertyValueSpecification\",\"valueRequired\":true,\"valueName\":\"search_term_string\"}}],\"inLanguage\":\"es-PE\"}]}<\/script>\n<!-- \/ Yoast SEO plugin. -->","yoast_head_json":{"title":"Accidentes laborales no suscriptor de Target en menos de un a\u00f1o","description":"Se trata de una duda frecuente con la que nos solemos encontrar cuando hablamos con posibles nuevos clientes en casos de Target...","robots":{"index":"index","follow":"follow","max-snippet":"max-snippet:-1","max-image-preview":"max-image-preview:large","max-video-preview":"max-video-preview:-1"},"canonical":"https:\/\/sandovalpllc.com\/es\/accidentes-laborales-no-suscriptor-de-target-en-menos-de-un-ano\/","og_locale":"es_ES","og_type":"article","og_title":"Accidentes laborales no suscriptor de Target en menos de un a\u00f1o","og_description":"Se trata de una duda frecuente con la que nos solemos encontrar cuando hablamos con posibles nuevos clientes en casos de Target...","og_url":"https:\/\/sandovalpllc.com\/es\/accidentes-laborales-no-suscriptor-de-target-en-menos-de-un-ano\/","og_site_name":"Bufete de Abogados Sandoval Da\u00f1os Personales y Muerte Injusta","article_modified_time":"2025-10-20T17:55:33+00:00","og_image":[{"width":1350,"height":900,"url":"https:\/\/sandovalpllc.com\/es\/wp-content\/uploads\/sites\/2\/2024\/03\/lesiones-laborales-no-suscriptor-de-target-en-menos-de-un-ano.jpg","type":"image\/jpeg"}],"twitter_card":"summary_large_image","twitter_misc":{"Est. reading time":"4 minutos"},"schema":{"@context":"https:\/\/schema.org","@graph":[{"@type":"WebPage","@id":"https:\/\/sandovalpllc.com\/es\/accidentes-laborales-no-suscriptor-de-target-en-menos-de-un-ano\/","url":"https:\/\/sandovalpllc.com\/es\/accidentes-laborales-no-suscriptor-de-target-en-menos-de-un-ano\/","name":"Accidentes laborales no suscriptor de Target en menos de un a\u00f1o","isPartOf":{"@id":"https:\/\/sandovalpllc.com\/es\/#website"},"primaryImageOfPage":{"@id":"https:\/\/sandovalpllc.com\/es\/accidentes-laborales-no-suscriptor-de-target-en-menos-de-un-ano\/#primaryimage"},"image":{"@id":"https:\/\/sandovalpllc.com\/es\/accidentes-laborales-no-suscriptor-de-target-en-menos-de-un-ano\/#primaryimage"},"thumbnailUrl":"https:\/\/sandovalpllc.com\/es\/wp-content\/uploads\/sites\/2\/2024\/03\/lesiones-laborales-no-suscriptor-de-target-en-menos-de-un-ano.jpg","datePublished":"2024-04-01T13:54:00+00:00","dateModified":"2025-10-20T17:55:33+00:00","description":"Se trata de una duda frecuente con la que nos solemos encontrar cuando hablamos con posibles nuevos clientes en casos de Target...","breadcrumb":{"@id":"https:\/\/sandovalpllc.com\/es\/accidentes-laborales-no-suscriptor-de-target-en-menos-de-un-ano\/#breadcrumb"},"inLanguage":"es-PE","potentialAction":[{"@type":"ReadAction","target":["https:\/\/sandovalpllc.com\/es\/accidentes-laborales-no-suscriptor-de-target-en-menos-de-un-ano\/"]}]},{"@type":"ImageObject","inLanguage":"es-PE","@id":"https:\/\/sandovalpllc.com\/es\/accidentes-laborales-no-suscriptor-de-target-en-menos-de-un-ano\/#primaryimage","url":"https:\/\/sandovalpllc.com\/es\/wp-content\/uploads\/sites\/2\/2024\/03\/lesiones-laborales-no-suscriptor-de-target-en-menos-de-un-ano.jpg","contentUrl":"https:\/\/sandovalpllc.com\/es\/wp-content\/uploads\/sites\/2\/2024\/03\/lesiones-laborales-no-suscriptor-de-target-en-menos-de-un-ano.jpg","width":1350,"height":900},{"@type":"BreadcrumbList","@id":"https:\/\/sandovalpllc.com\/es\/accidentes-laborales-no-suscriptor-de-target-en-menos-de-un-ano\/#breadcrumb","itemListElement":[{"@type":"ListItem","position":1,"name":"Home","item":"https:\/\/sandovalpllc.com\/es\/"},{"@type":"ListItem","position":2,"name":"Lesiones laborales no suscriptor de Target en menos de un a\u00f1o"}]},{"@type":"WebSite","@id":"https:\/\/sandovalpllc.com\/es\/#website","url":"https:\/\/sandovalpllc.com\/es\/","name":"Bufete de Abogados Sandoval Da\u00f1os Personales y Muerte Injusta","description":"Just another Sandoval Law Firm, PLLC Sites site","potentialAction":[{"@type":"SearchAction","target":{"@type":"EntryPoint","urlTemplate":"https:\/\/sandovalpllc.com\/es\/?s={search_term_string}"},"query-input":{"@type":"PropertyValueSpecification","valueRequired":true,"valueName":"search_term_string"}}],"inLanguage":"es-PE"}]}},"_links":{"self":[{"href":"https:\/\/sandovalpllc.com\/es\/wp-json\/wp\/v2\/pages\/2361","targetHints":{"allow":["GET"]}}],"collection":[{"href":"https:\/\/sandovalpllc.com\/es\/wp-json\/wp\/v2\/pages"}],"about":[{"href":"https:\/\/sandovalpllc.com\/es\/wp-json\/wp\/v2\/types\/page"}],"author":[{"embeddable":true,"href":"https:\/\/sandovalpllc.com\/es\/wp-json\/wp\/v2\/users\/6"}],"replies":[{"embeddable":true,"href":"https:\/\/sandovalpllc.com\/es\/wp-json\/wp\/v2\/comments?post=2361"}],"version-history":[{"count":0,"href":"https:\/\/sandovalpllc.com\/es\/wp-json\/wp\/v2\/pages\/2361\/revisions"}],"wp:featuredmedia":[{"embeddable":true,"href":"https:\/\/sandovalpllc.com\/es\/wp-json\/wp\/v2\/media\/2364"}],"wp:attachment":[{"href":"https:\/\/sandovalpllc.com\/es\/wp-json\/wp\/v2\/media?parent=2361"}],"curies":[{"name":"wp","href":"https:\/\/api.w.org\/{rel}","templated":true}]}}