{"id":2111,"date":"2024-04-01T13:58:31","date_gmt":"2024-04-01T13:58:31","guid":{"rendered":"https:\/\/sandovalpllc.com\/es\/?page_id=2111"},"modified":"2024-04-01T13:58:31","modified_gmt":"2024-04-01T13:58:31","slug":"resolver-en-un-ano-un-caso-de-accidente-laboral-no-suscriptor-de-texas-costco","status":"publish","type":"page","link":"https:\/\/sandovalpllc.com\/es\/resolver-en-un-ano-un-caso-de-accidente-laboral-no-suscriptor-de-texas-costco\/","title":{"rendered":"\u00bfEs posible resolver en menos de un a\u00f1o un caso de accidente laboral de un no suscriptor de Texas como Costco?"},"content":{"rendered":"<h2>\u00bfCU\u00c1NTO TIEMPO LLEVA RESOLVER UN CASO DE COSTCO DE ACCIDENTE DE TRABAJO DE NO SUSCRIPTOR?<\/h2>\n<p>Esta es una pregunta frecuente cuando recibimos consultas por parte de clientes nuevos que averiguan sobre <a href=\"https:\/\/sandovalpllc.com\/es\/reclamos-compensacion-trabajadores-costco\/\" target=\"_blank\" rel=\"noopener\">casos de accidentes de trabajo en Costco Texas, como no suscriptor<\/a>. En forma resumida podemos decir que nuestra respuesta a dicho interrogante depender\u00e1 de qu\u00e9 tan avanzada est\u00e9 la recuperaci\u00f3n de las lesiones sufridas por el empleado de Costco en Texas, sin <a href=\"https:\/\/sandovalpllc.com\/es\/abogado-accidentes-trabajo\/compensacion-de-trabajadores\/\" rel=\"noopener\" target=\"_blank\">compensaci\u00f3n del trabajador<\/a>.<\/p>\n<p>Es necesario tener en cuenta que cada caso es particular y, por l\u00f3gica, las lesiones y sus correspondientes tratamientos var\u00edan much\u00edsimo de una persona a otra. En algunos casos el tiempo requerido es de algunos meses; por el contrario, en otras ocasiones se necesitan incluso a\u00f1os para lograr la rehabilitaci\u00f3n total o, al menos, lo m\u00e1s satisfactoria posible.<\/p>\n<p>Cuando se sabe a ciencia cierta cu\u00e1ndo es probable que el trabajador lesionado finalice su tratamiento, pasamos a centrarnos en la posible resoluci\u00f3n del caso mediante negociaciones previas al litigio. Si resulta apropiado y es factible, la resoluci\u00f3n podr\u00eda conseguirse en unas pocas semanas o meses tras el inicio de las negociaciones. En cambio, si el caso debe ser judicializado, nuestra atenci\u00f3n se centra en la extensi\u00f3n del proceso de litigio que se precisa para llegar a una resoluci\u00f3n.<\/p>\n<p>Vale la pena mencionar que cada <a href=\"https:\/\/sandovalpllc.com\/es\/reclamos-compensacion-trabajadores-costco\/\" target=\"_blank\" rel=\"noopener\">caso de no suscriptor de Costco Texas<\/a> es singular, con lo que el plazo para alcanzar una resoluci\u00f3n puede variar en funci\u00f3n de diversos factores inherentes a cada caso. En este contexto, resulta esencial recalcar que no hay atajos que permitan abreviar el proceso y que, al mismo tiempo, garanticen el mejor resultado posible para su caso de no suscriptores de Costco Texas. De hecho, cada caso exige una consideraci\u00f3n meticulosa y un enfoque personalizado para asegurar un resultado \u00f3ptimo.<\/p>\n<center><div class=\"panel box-module-cta\">\r\n<span class=\"icon-title\"><i class=\"fa fa-lightbulb-o\" aria-hidden=\"true\"><\/i><\/span>\r\n<h5 class=\"h1\">\u00bfLesionado mientras trabajaba en Costco?<\/h5>\r\n<p class=\"subtitle\">\u00a1Manejamos casos de no suscriptores y ofrecemos una consulta gratuita!<\/p>\r\n<h5 class=\"h1\">\u00a1Luchemos juntos!<\/h5>\r\n<p class=\"subtitle\"><strong>- Por el tratamiento m\u00e9dico que necesita<br>\r\n- Por la compensaci\u00f3n que se merece<br>\r\n- Para recuperar su vida<\/strong><\/p>\r\n<p class=\"subtitle\">No se conforme con el tratamiento mediocre que aprueba Costco.<\/p>\r\n<a href=\"tel:+13463477777\" onclick=\"sendEventToGoogle('Body', '\/es\/abogado-accidentes-trabajo\/el-caso-de-accidentes-trabajo\/', '+13463477777');\"><button class=\"btn btn-default\" type=\"button\">Llame al Abogado Sandoval Ahora<\/button><\/a>\r\n<\/div>\r\n<\/center>\n<h3>Obtenga un desenlace favorable en su caso de no suscriptor de Costco<\/h3>\n<p>En resumidas cuentas, hay muchos <a href=\"https:\/\/sandovalpllc.com\/es\/resultados-de-casos\/\" target=\"_blank\" rel=\"noopener\">ejemplos de casos<\/a> que f\u00e1cilmente pueden resolverse y concluirse en un a\u00f1o o menos. En base a nuestra experiencia, podemos afirmar que los casos que pueden resolverse en menos de un a\u00f1o son aquellos que re\u00fanen algunos de estos requisitos:<\/p>\n<ul>\n<li>El tratamiento de las lesiones sufridas por el trabajador ya ha concluido.<\/li>\n<li>El tratamiento indicado al trabajador lesionado puede completarse en un tiempo relativamente breve.<\/li>\n<li>Las lesiones sufridas no requieren ninguna clase de tratamiento.<\/li>\n<li>La negligencia del empleador fue claramente la causa de las lesiones sufridas por el trabajador.<\/li>\n<\/ul>\n<p>Si usted <a href=\"https:\/\/sandovalpllc.com\/es\/resultado-positivo-en-su-caso-de-lesiones-de-trabajo\/\" target=\"_blank\" rel=\"noopener\">tiene un caso de Costco No-Suscriptor, entonces la clave para lograr un veredicto positivo<\/a> es dedicar la cantidad de tiempo suficiente a cada parte del proceso. En ocasiones, al representar legalmente a nuestros clientes, nos vemos obligados a hacer ver a la otra parte por qu\u00e9 motivo un magistrado, un miembro del jurado o un \u00e1rbitro van a llegar a la conclusi\u00f3n de que las lesiones fueron ocasionadas por el hecho de que el empleador no garantiz\u00f3 un lugar seguro de trabajo.<\/p>\n<p>A menudo, el proceso exige m\u00e1s tiempo del que uno desear\u00eda, pero usted comprobar\u00e1 que dedic\u00e1ndole tiempo y esfuerzo a la causa obtendr\u00e1 excelentes resultados en su caso de accidente de trabajo.<br \/>\n<div class=\"card-body px-5\">\r\n\t\t<h3 class=\"mt-0\"><a class=\"text-dark\" href=\"https:\/\/sandovalpllc.com\/es\/abogado-accidentes-trabajo\/no-suscriptores\/\" rel=\"noopener noreferrer\" target=\"_blank\">El proceso de no suscriptores de Texas <i class=\"fa fa-external-link\" aria-hidden=\"true\"><\/i><\/a><\/h3>\r\n\t\t<ul class=\"list-group list-group-striped list-group-flush mb-2\">\r\n<li class=\"list-group-item\"><a href=\"\/es\/caso-compensacion-trabajadores-texas\/\" rel=\"noopener noreferrer\" target=\"_blank\">\u00bfTengo un buen caso de compensaci\u00f3n de trabajadores de Texas?<\/a><\/li>\r\n<li class=\"list-group-item\"><a href=\"https:\/\/sandovalpllc.com\/es\/que-pasa-si-mi-reclamacion-de-compensacion-de-trabajadores-es-denegada\/\" rel=\"noopener noreferrer\" target=\"_blank\">\u00bfQu\u00e9 pasa si mi reclamaci\u00f3n de compensaci\u00f3n de trabajadores es denegada?, \u00bfPuedo demandar a mi empleador por negligencia?<\/a><\/li>\r\n    <li class=\"list-group-item\"><a href=\"https:\/\/sandovalpllc.com\/es\/pasos-a-tomar-en-lesion-laboral\/\" rel=\"noopener noreferrer\" target=\"_blank\">\u00bfQu\u00e9 pasos debo tomar para proteger mis derechos?<\/a><\/li> \r\n    <li class=\"list-group-item\"><a href=\"https:\/\/sandovalpllc.com\/es\/que-tipo-de-cobertura-tiene-tu-empleador-para-las-lesiones-laborales\/\" rel=\"noopener noreferrer\" target=\"_blank\">\u00bfQu\u00e9 tipo de cobertura de lesiones laborales puede tener mi empleador?<\/a><\/li>\r\n    <li class=\"list-group-item\"><a href=\"https:\/\/sandovalpllc.com\/es\/probabilidades-de-que-mi-empleador-sea-no-suscriptor-de-texas\/\" rel=\"noopener noreferrer\" target=\"_blank\">\u00bfQu\u00e9 probabilidad hay de que mi empleador sea un no suscriptor de Texas?<\/a><\/li>\r\n   <li class=\"list-group-item\"><a href=\"\/es\/caso-de-no-subscriptor-vs-compensacion-trabajadores\/\" rel=\"noopener noreferrer\" target=\"_blank\">\u00bfEn qu\u00e9 se diferencian los reclamos de compensaci\u00f3n de trabajadores de los reclamos de los no suscriptores?<\/a><\/li>\r\n   <li class=\"list-group-item\"><a href=\"\/es\/debo-tomar-la-licencia-de-la-fmla-en-mi-caso-de-no-suscriptores\/\" rel=\"noopener noreferrer\" target=\"_blank\">\u00bfDebo tomar la licencia de la FMLA en mi caso de compensaci\u00f3n de trabajadores o de no suscriptores?<\/a><\/li>\r\n<li class=\"list-group-item\"><a href=\"\/es\/debo-firmar-algun-documento-de-mi-empleador-despues-de-un-accidente-laboral\/\" rel=\"noopener noreferrer\" target=\"_blank\">\u00bfDebo firmar alg\u00fan documento de mi empleador despu\u00e9s de haber sufrido un accidente laboral?<\/a><\/li>\r\n<li class=\"list-group-item\"><a href=\"\/es\/debo-solicitar-discapacidad-a-corto-o-largo-plazo-en-mi-caso-de-no-suscriptor-de-texas\/\" rel=\"noopener noreferrer\" target=\"_blank\">\u00bfDebo solicitar discapacidad a corto o largo plazo en mi caso de no suscriptor de Texas?<\/a><\/li>\r\n  <li class=\"list-group-item\"><a href=\"https:\/\/sandovalpllc.com\/es\/que-es-un-plan-de-beneficios-de-empleo\/\" rel=\"noopener noreferrer\" target=\"_blank\">\u00bfQu\u00e9 es un plan de beneficios de empleo o una descripci\u00f3n resumida del plan?<\/a><\/li>\r\n <li class=\"list-group-item\"><a href=\"https:\/\/sandovalpllc.com\/es\/no-suscriptores-de-texas-y-el-estatuto-de-limitaciones-de-1-ano-en-casos-de-lesiones-laborales\/\" rel=\"noopener noreferrer\" target=\"_blank\">\u00bfCu\u00e1nto tiempo tengo para presentar mi reclamo de no suscriptor?<\/a><\/li>\r\n <li class=\"list-group-item\"><a href=\"https:\/\/sandovalpllc.com\/es\/reportar-inmediatamente-incidente-en-el-trabajo\/\" rel=\"noopener noreferrer\" target=\"_blank\">\u00bfQu\u00e9 tan pronto tengo que reportar mi lesi\u00f3n?<\/a><\/li>\r\n<li class=\"list-group-item\"><a href=\"https:\/\/sandovalpllc.com\/es\/por-que-parece-no-obtener-una-respuesta-rapida-y-honesta-del-tasador-de-seguros\/\" rel=\"noopener noreferrer\" target=\"_blank\">\u00bfPor qu\u00e9 no puedo obtener una respuesta del ajustador de reclamos?<\/a><\/li>\r\n<li class=\"list-group-item\"><a href=\"https:\/\/sandovalpllc.com\/es\/ajustador-en-casos-no-suscriptores-texas\/\" rel=\"noopener noreferrer\" target=\"_blank\">\u00bfEl Papel del ajustador en los casos de no-suscriptores de Texas?<\/a><\/li>\r\n<\/ul>\r\n<\/div><\/p>\n","protected":false},"excerpt":{"rendered":"<p>\u00bfCU\u00c1NTO TIEMPO LLEVA RESOLVER UN CASO DE COSTCO DE ACCIDENTE DE TRABAJO DE NO SUSCRIPTOR? Esta es una pregunta frecuente cuando recibimos consultas por parte de clientes nuevos que averiguan sobre casos de accidentes de trabajo en Costco Texas, como no suscriptor. En forma resumida podemos decir que nuestra respuesta a dicho interrogante depender\u00e1 de&#8230; <a href=\"https:\/\/sandovalpllc.com\/es\/resolver-en-un-ano-un-caso-de-accidente-laboral-no-suscriptor-de-texas-costco\/\" class=\"learn-btn\">Continue Reading<\/a><\/p>\n","protected":false},"author":6,"featured_media":764,"parent":0,"menu_order":0,"comment_status":"closed","ping_status":"closed","template":"","meta":{"_acf_changed":false,"_genesis_hide_title":false,"_genesis_hide_breadcrumbs":false,"_genesis_hide_singular_image":false,"_genesis_hide_footer_widgets":false,"_genesis_custom_body_class":"","_genesis_custom_post_class":"","_genesis_layout":"","footnotes":""},"class_list":{"0":"post-2111","1":"page","2":"type-page","3":"status-publish","4":"has-post-thumbnail","6":"entry"},"acf":[],"yoast_head":"<!-- This site is optimized with the Yoast SEO plugin v26.8 - https:\/\/yoast.com\/product\/yoast-seo-wordpress\/ -->\n<title>Resoluci\u00f3n \u00c1gil de Casos de Accidentes de Trabajo en Costco<\/title>\n<meta name=\"description\" content=\"Esta es una pregunta frecuente cuando recibimos consultas por parte de clientes nuevos que averiguan sobre casos de accidentes laborales...\" \/>\n<meta name=\"robots\" content=\"index, follow, max-snippet:-1, max-image-preview:large, max-video-preview:-1\" \/>\n<link rel=\"canonical\" href=\"https:\/\/sandovalpllc.com\/es\/resolver-en-un-ano-un-caso-de-accidente-laboral-no-suscriptor-de-texas-costco\/\" \/>\n<meta property=\"og:locale\" content=\"es_ES\" \/>\n<meta property=\"og:type\" content=\"article\" \/>\n<meta property=\"og:title\" content=\"Resoluci\u00f3n \u00c1gil de Casos de Accidentes de Trabajo en Costco\" \/>\n<meta property=\"og:description\" content=\"Esta es una pregunta frecuente cuando recibimos consultas por parte de clientes nuevos que averiguan sobre casos de accidentes laborales...\" \/>\n<meta property=\"og:url\" content=\"https:\/\/sandovalpllc.com\/es\/resolver-en-un-ano-un-caso-de-accidente-laboral-no-suscriptor-de-texas-costco\/\" \/>\n<meta property=\"og:site_name\" content=\"Bufete de Abogados Sandoval Da\u00f1os Personales y Muerte Injusta\" \/>\n<meta property=\"og:image\" content=\"https:\/\/sandovalpllc.com\/es\/wp-content\/uploads\/sites\/2\/2020\/08\/Costco-Workers-Compensation-Claims_1350px.jpg\" \/>\n\t<meta property=\"og:image:width\" content=\"1350\" \/>\n\t<meta property=\"og:image:height\" content=\"900\" \/>\n\t<meta property=\"og:image:type\" content=\"image\/jpeg\" \/>\n<meta name=\"twitter:card\" content=\"summary_large_image\" \/>\n<meta name=\"twitter:label1\" content=\"Est. reading time\" \/>\n\t<meta name=\"twitter:data1\" content=\"3 minutos\" \/>\n<script type=\"application\/ld+json\" class=\"yoast-schema-graph\">{\"@context\":\"https:\/\/schema.org\",\"@graph\":[{\"@type\":\"WebPage\",\"@id\":\"https:\/\/sandovalpllc.com\/es\/resolver-en-un-ano-un-caso-de-accidente-laboral-no-suscriptor-de-texas-costco\/\",\"url\":\"https:\/\/sandovalpllc.com\/es\/resolver-en-un-ano-un-caso-de-accidente-laboral-no-suscriptor-de-texas-costco\/\",\"name\":\"Resoluci\u00f3n \u00c1gil de Casos de Accidentes de Trabajo en Costco\",\"isPartOf\":{\"@id\":\"https:\/\/sandovalpllc.com\/es\/#website\"},\"primaryImageOfPage\":{\"@id\":\"https:\/\/sandovalpllc.com\/es\/resolver-en-un-ano-un-caso-de-accidente-laboral-no-suscriptor-de-texas-costco\/#primaryimage\"},\"image\":{\"@id\":\"https:\/\/sandovalpllc.com\/es\/resolver-en-un-ano-un-caso-de-accidente-laboral-no-suscriptor-de-texas-costco\/#primaryimage\"},\"thumbnailUrl\":\"https:\/\/sandovalpllc.com\/es\/wp-content\/uploads\/sites\/2\/2020\/08\/Costco-Workers-Compensation-Claims_1350px.jpg\",\"datePublished\":\"2024-04-01T13:58:31+00:00\",\"description\":\"Esta es una pregunta frecuente cuando recibimos consultas por parte de clientes nuevos que averiguan sobre casos de accidentes laborales...\",\"breadcrumb\":{\"@id\":\"https:\/\/sandovalpllc.com\/es\/resolver-en-un-ano-un-caso-de-accidente-laboral-no-suscriptor-de-texas-costco\/#breadcrumb\"},\"inLanguage\":\"es-PE\",\"potentialAction\":[{\"@type\":\"ReadAction\",\"target\":[\"https:\/\/sandovalpllc.com\/es\/resolver-en-un-ano-un-caso-de-accidente-laboral-no-suscriptor-de-texas-costco\/\"]}]},{\"@type\":\"ImageObject\",\"inLanguage\":\"es-PE\",\"@id\":\"https:\/\/sandovalpllc.com\/es\/resolver-en-un-ano-un-caso-de-accidente-laboral-no-suscriptor-de-texas-costco\/#primaryimage\",\"url\":\"https:\/\/sandovalpllc.com\/es\/wp-content\/uploads\/sites\/2\/2020\/08\/Costco-Workers-Compensation-Claims_1350px.jpg\",\"contentUrl\":\"https:\/\/sandovalpllc.com\/es\/wp-content\/uploads\/sites\/2\/2020\/08\/Costco-Workers-Compensation-Claims_1350px.jpg\",\"width\":1350,\"height\":900,\"caption\":\"Reclamaciones de Compensaci\u00f3n Laboral de los trabajadores de Costco\"},{\"@type\":\"BreadcrumbList\",\"@id\":\"https:\/\/sandovalpllc.com\/es\/resolver-en-un-ano-un-caso-de-accidente-laboral-no-suscriptor-de-texas-costco\/#breadcrumb\",\"itemListElement\":[{\"@type\":\"ListItem\",\"position\":1,\"name\":\"Home\",\"item\":\"https:\/\/sandovalpllc.com\/es\/\"},{\"@type\":\"ListItem\",\"position\":2,\"name\":\"Resoluci\u00f3n \u00c1gil de Casos de Accidentes Laborales en Costco\"}]},{\"@type\":\"WebSite\",\"@id\":\"https:\/\/sandovalpllc.com\/es\/#website\",\"url\":\"https:\/\/sandovalpllc.com\/es\/\",\"name\":\"Bufete de Abogados Sandoval Da\u00f1os Personales y Muerte Injusta\",\"description\":\"Just another Sandoval Law Firm, PLLC Sites site\",\"potentialAction\":[{\"@type\":\"SearchAction\",\"target\":{\"@type\":\"EntryPoint\",\"urlTemplate\":\"https:\/\/sandovalpllc.com\/es\/?s={search_term_string}\"},\"query-input\":{\"@type\":\"PropertyValueSpecification\",\"valueRequired\":true,\"valueName\":\"search_term_string\"}}],\"inLanguage\":\"es-PE\"}]}<\/script>\n<!-- \/ Yoast SEO plugin. -->","yoast_head_json":{"title":"Resoluci\u00f3n \u00c1gil de Casos de Accidentes de Trabajo en Costco","description":"Esta es una pregunta frecuente cuando recibimos consultas por parte de clientes nuevos que averiguan sobre casos de accidentes laborales...","robots":{"index":"index","follow":"follow","max-snippet":"max-snippet:-1","max-image-preview":"max-image-preview:large","max-video-preview":"max-video-preview:-1"},"canonical":"https:\/\/sandovalpllc.com\/es\/resolver-en-un-ano-un-caso-de-accidente-laboral-no-suscriptor-de-texas-costco\/","og_locale":"es_ES","og_type":"article","og_title":"Resoluci\u00f3n \u00c1gil de Casos de Accidentes de Trabajo en Costco","og_description":"Esta es una pregunta frecuente cuando recibimos consultas por parte de clientes nuevos que averiguan sobre casos de accidentes laborales...","og_url":"https:\/\/sandovalpllc.com\/es\/resolver-en-un-ano-un-caso-de-accidente-laboral-no-suscriptor-de-texas-costco\/","og_site_name":"Bufete de Abogados Sandoval Da\u00f1os Personales y Muerte Injusta","og_image":[{"width":1350,"height":900,"url":"https:\/\/sandovalpllc.com\/es\/wp-content\/uploads\/sites\/2\/2020\/08\/Costco-Workers-Compensation-Claims_1350px.jpg","type":"image\/jpeg"}],"twitter_card":"summary_large_image","twitter_misc":{"Est. reading time":"3 minutos"},"schema":{"@context":"https:\/\/schema.org","@graph":[{"@type":"WebPage","@id":"https:\/\/sandovalpllc.com\/es\/resolver-en-un-ano-un-caso-de-accidente-laboral-no-suscriptor-de-texas-costco\/","url":"https:\/\/sandovalpllc.com\/es\/resolver-en-un-ano-un-caso-de-accidente-laboral-no-suscriptor-de-texas-costco\/","name":"Resoluci\u00f3n \u00c1gil de Casos de Accidentes de Trabajo en Costco","isPartOf":{"@id":"https:\/\/sandovalpllc.com\/es\/#website"},"primaryImageOfPage":{"@id":"https:\/\/sandovalpllc.com\/es\/resolver-en-un-ano-un-caso-de-accidente-laboral-no-suscriptor-de-texas-costco\/#primaryimage"},"image":{"@id":"https:\/\/sandovalpllc.com\/es\/resolver-en-un-ano-un-caso-de-accidente-laboral-no-suscriptor-de-texas-costco\/#primaryimage"},"thumbnailUrl":"https:\/\/sandovalpllc.com\/es\/wp-content\/uploads\/sites\/2\/2020\/08\/Costco-Workers-Compensation-Claims_1350px.jpg","datePublished":"2024-04-01T13:58:31+00:00","description":"Esta es una pregunta frecuente cuando recibimos consultas por parte de clientes nuevos que averiguan sobre casos de accidentes laborales...","breadcrumb":{"@id":"https:\/\/sandovalpllc.com\/es\/resolver-en-un-ano-un-caso-de-accidente-laboral-no-suscriptor-de-texas-costco\/#breadcrumb"},"inLanguage":"es-PE","potentialAction":[{"@type":"ReadAction","target":["https:\/\/sandovalpllc.com\/es\/resolver-en-un-ano-un-caso-de-accidente-laboral-no-suscriptor-de-texas-costco\/"]}]},{"@type":"ImageObject","inLanguage":"es-PE","@id":"https:\/\/sandovalpllc.com\/es\/resolver-en-un-ano-un-caso-de-accidente-laboral-no-suscriptor-de-texas-costco\/#primaryimage","url":"https:\/\/sandovalpllc.com\/es\/wp-content\/uploads\/sites\/2\/2020\/08\/Costco-Workers-Compensation-Claims_1350px.jpg","contentUrl":"https:\/\/sandovalpllc.com\/es\/wp-content\/uploads\/sites\/2\/2020\/08\/Costco-Workers-Compensation-Claims_1350px.jpg","width":1350,"height":900,"caption":"Reclamaciones de Compensaci\u00f3n Laboral de los trabajadores de Costco"},{"@type":"BreadcrumbList","@id":"https:\/\/sandovalpllc.com\/es\/resolver-en-un-ano-un-caso-de-accidente-laboral-no-suscriptor-de-texas-costco\/#breadcrumb","itemListElement":[{"@type":"ListItem","position":1,"name":"Home","item":"https:\/\/sandovalpllc.com\/es\/"},{"@type":"ListItem","position":2,"name":"Resoluci\u00f3n \u00c1gil de Casos de Accidentes Laborales en Costco"}]},{"@type":"WebSite","@id":"https:\/\/sandovalpllc.com\/es\/#website","url":"https:\/\/sandovalpllc.com\/es\/","name":"Bufete de Abogados Sandoval Da\u00f1os Personales y Muerte Injusta","description":"Just another Sandoval Law Firm, PLLC Sites site","potentialAction":[{"@type":"SearchAction","target":{"@type":"EntryPoint","urlTemplate":"https:\/\/sandovalpllc.com\/es\/?s={search_term_string}"},"query-input":{"@type":"PropertyValueSpecification","valueRequired":true,"valueName":"search_term_string"}}],"inLanguage":"es-PE"}]}},"_links":{"self":[{"href":"https:\/\/sandovalpllc.com\/es\/wp-json\/wp\/v2\/pages\/2111","targetHints":{"allow":["GET"]}}],"collection":[{"href":"https:\/\/sandovalpllc.com\/es\/wp-json\/wp\/v2\/pages"}],"about":[{"href":"https:\/\/sandovalpllc.com\/es\/wp-json\/wp\/v2\/types\/page"}],"author":[{"embeddable":true,"href":"https:\/\/sandovalpllc.com\/es\/wp-json\/wp\/v2\/users\/6"}],"replies":[{"embeddable":true,"href":"https:\/\/sandovalpllc.com\/es\/wp-json\/wp\/v2\/comments?post=2111"}],"version-history":[{"count":0,"href":"https:\/\/sandovalpllc.com\/es\/wp-json\/wp\/v2\/pages\/2111\/revisions"}],"wp:featuredmedia":[{"embeddable":true,"href":"https:\/\/sandovalpllc.com\/es\/wp-json\/wp\/v2\/media\/764"}],"wp:attachment":[{"href":"https:\/\/sandovalpllc.com\/es\/wp-json\/wp\/v2\/media?parent=2111"}],"curies":[{"name":"wp","href":"https:\/\/api.w.org\/{rel}","templated":true}]}}