{"id":2105,"date":"2024-04-01T14:00:34","date_gmt":"2024-04-01T14:00:34","guid":{"rendered":"https:\/\/sandovalpllc.com\/es\/?page_id=2105"},"modified":"2024-04-01T14:02:40","modified_gmt":"2024-04-01T14:02:40","slug":"no-permita-que-su-empleador-de-walmart-sea-su-asesor-juridico","status":"publish","type":"page","link":"https:\/\/sandovalpllc.com\/es\/no-permita-que-su-empleador-de-walmart-sea-su-asesor-juridico\/","title":{"rendered":"\u00a1No permita que su empleador de Walmart sea su asesor jur\u00eddico! \u00a1Sus intereses no est\u00e1n alineados con los suyos y los de su familia!"},"content":{"rendered":"<h2>\u00bfCU\u00c1NTO TIEMPO SE NECESITA PARA RESOLVER UN CASO DE LESIONES DE TRABAJO EN WALMART, NO SUSCRIPTOR EN TEXAS?<\/h2>\n<p>Muy a menudo, al recibir clientes nuevos, nos consultan por el tiempo que se necesita para resolver sus casos y suelen buscar una respuesta acertada. Pero brindar una fecha o periodo certero es complicado, ya que varios factores influir\u00e1n en el desarrollo del caso. En definitiva, un aspecto clave es qu\u00e9 tan avanzada se encuentra el proceso de rehabilitaci\u00f3n de la persona lesionada.<\/p>\n<p>En ciertos casos, algunas lesiones requieren mucho tiempo para lograr recuperarse. A veces, se trata de meses, otras veces hasta se pueden necesitar a\u00f1os. Cuando se cuenta con un pron\u00f3stico claro sobre el tiempo que tomar\u00e1 el tratamiento, se podr\u00e1 analizar si realmente hay posibilidades de llegar a una resoluci\u00f3n del caso, sin tener que comenzar un litigio o proceso judicial.<\/p>\n<p>En caso de que las primeras tratativas sean positivas, habr\u00eda chances de que el caso se pueda resolver r\u00e1pidamente, es decir en tan solo unas semanas o meses. Pero cuando el mismo debe ser archivado, seg\u00fan la duraci\u00f3n del litigio se determinar\u00e1 el cierre del caso. El tiempo que el proceso lleva para desarrollarse en su totalidad variar\u00e1 en funci\u00f3n de las caracter\u00edsticas particulares de cada caso. No se recomienda buscar soluciones m\u00e1gicas o querer abreviar los tiempos a la fuerza. Si queremos obtener los mejores resultados, deberemos colaborar pacientemente esperando el tiempo que haga falta.<\/p>\n<center><div class=\"panel box-module-cta\">\r\n<span class=\"icon-title\"><i class=\"fa fa-lightbulb-o\" aria-hidden=\"true\"><\/i><\/span>\r\n<h5 class=\"h1\">\u00bfLesionado trabajando para Walmart?<\/h5>\r\n<p class=\"subtitle\">\u00a1Trabajamos en casos de no suscriptores y ofrecemos consulta gratuita!<\/p>\r\n<h5 class=\"h1\">\u00a1Luchemos juntos!<\/h5>\r\n<p class=\"subtitle\"><strong>- Por el tratamiento m\u00e9dico que necesite<br>\r\n- Por la compensaci\u00f3n que se merece<br>\r\n- Para recuperar su vida.<\/strong><\/p>\r\n<p class=\"subtitle\">\u00a1No se conforme con el trato que proponga Walmart o Sam\u2019s!<\/p>\r\n<a href=\"tel:+13463477777\" onclick=\"sendEventToGoogle('Body', '\/work-injury-lawyer\/the-work-injury-case\/', '+13463477777');\"><button class=\"btn btn-default\" type=\"button\">\u00a1Llame al abogado Sandoval AHORA!<\/button><\/a>\r\n<\/div>\r\n<\/center>\n<h3>Principales motivos que inciden en el tiempo de resoluci\u00f3n de esta clase de casos:<\/h3>\n<ul>\n<li><strong>Culpabilidad y arbitraje del conflicto:<\/strong> De existir controversias en torno a la responsabilidad (o sea, determinar de qui\u00e9n es la culpa de la lesi\u00f3n), los procedimientos judiciales podr\u00edan dilatarse en el tiempo. Es posible que sean necesarias tanto negociaciones como acciones ante los tribunales a fin de establecer la culpabilidad.<\/li>\n<li><strong>Litigaci\u00f3n:<\/strong> Si la demanda pasa a la fase judicial, el periodo de tramitaci\u00f3n del caso puede ser mucho m\u00e1s extenso. Las actuaciones ante los tribunales, incluyendo la exposici\u00f3n de la prueba, las alegaciones preliminares al juicio y el juicio propiamente dicho, a veces requieren varios meses o incluso a\u00f1os, seg\u00fan la disponibilidad de los juzgados y dem\u00e1s circunstancias.<\/li>\n<li><strong>Gravedad de las lesiones:<\/strong> Los litigios por lesiones de mayor gravedad y que exigen un amplio tratamiento o rehabilitaci\u00f3n m\u00e9dica suelen demorarse m\u00e1s en su resoluci\u00f3n, puesto que el lesionado posiblemente precise un mayor tiempo de recuperaci\u00f3n, hasta tanto sea posible valorar el alcance total de sus da\u00f1os y perjuicios.<\/li>\n<li><strong>Negociaci\u00f3n:<\/strong> Cuando las dos contrapartes se muestran dispuestas a negociar un arreglo, los plazos previstos podr\u00edan abreviarse. Ahora bien, dichas negociaciones conllevan tiempo, especialmente si existen discrepancias en cuanto al importe compensatorio.<\/li>\n<li><strong>Ofertas conciliatorias:<\/strong> Cuando la aseguradora hace una proposici\u00f3n de acuerdo aceptable en el inicio del proceso, el asunto podr\u00eda cerrarse con mayor rapidez. Por el contrario, si se oponen a la reclamaci\u00f3n o hacen ofrecimientos excesivamente mezquinos, el proceso podr\u00eda retrasarse.<\/li>\n<li><strong>Representante letrado:<\/strong> El hecho de poder disponer de un abogado defensor competente ayuda a simplificar los tr\u00e1mites y a poder manejarse mejor en un sistema jur\u00eddico de por s\u00ed complejo.<\/li>\n<\/ul>\n<h3>Resultados Favorables en el Proceso<\/h3>\n<p>En resumidas cuentas, son varios los tipos de casos que pueden resolverse y concluirse f\u00e1cilmente en un plazo inferior a un a\u00f1o. Tenemos comprobado que los casos que se pueden resolver dentro de un periodo menor a un a\u00f1o suelen presentar algunas de las caracter\u00edsticas a continuaci\u00f3n:<\/p>\n<ul>\n<li>El tratamiento indicado para las lesiones puede ser llevado a cabo dentro de un periodo relativamente breve.<\/li>\n<li>Las lesiones, por sus caracter\u00edsticas, no requieren tratamiento.<\/li>\n<li>El tratamiento de las lesiones ya ha concluido.<\/li>\n<li>La culpabilidad de las lesiones es claramente atribuible a un accionar negligente de la compa\u00f1\u00eda empleadora.<\/li>\n<\/ul>\n<p>La estrategia para <a href=\"https:\/\/sandovalpllc.com\/es\/resultado-positivo-en-su-caso-de-lesiones-de-trabajo\/\">conseguir que su caso salga bien<\/a> es invertir el tiempo necesario en cada etapa del procedimiento. A menudo, en calidad de su representante jur\u00eddico, hemos de hacer ver a la parte contraria las razones por las que un juez, un jurado o un \u00e1rbitro concluyen que las lesiones fueron causadas por el incumplimiento por parte del empresario de su obligaci\u00f3n de ofrecer un entorno laboral totalmente seguro. En ocasiones, esto toma m\u00e1s tiempo del que uno desea, pero, usted se dar\u00e1 cuenta de que dedicarle la cantidad adecuada de tiempo y empe\u00f1o rendir\u00e1 los mejores frutos en su caso por lesiones de trabajo.<\/p>\n<h3>La prioridad para nosotros ser\u00e1 su caso. No Deseamos Ning\u00fan Retraso.<\/h3>\n<p>Sin importar el tiempo ni el esfuerzo que exija cada caso, <a href=\"https:\/\/sandovalpllc.com\/es\/su-caso-sera-nuestra-prioridad-en-cada-paso-del-camino\/\">haremos que nuestra prioridad sea impulsarlo hacia adelante en cada etapa del proceso<\/a>. El compromiso que adquirimos con los clientes es el de explicarles en qu\u00e9 momento se encuentra la tramitaci\u00f3n del caso y en qu\u00e9 fecha se podr\u00eda anticipar de forma razonable la resoluci\u00f3n del mismo. Cubrimos las necesidades inmediatas de los clientes, nos enfocamos en asistirlos en su recuperaci\u00f3n y haremos siempre lo necesario para resolver el caso eficientemente.<\/p>\n<p>\u00a1En <a href=\"https:\/\/sandovalpllc.com\/es\/\"><strong>Sandoval Law Firm, PLLC<\/strong><\/a>, como su abogado, me centro en asegurarme de que usted comprenda el proceso y conozca el plan que mi bufete planea implementar para recuperar su vida! Si usted ha sido lesionado en el trabajo, por favor, investigue y ll\u00e1menos.<\/p>\n<div class=\"card-body px-5\">\r\n\t\t<h3 class=\"mt-0\"><a class=\"text-dark\" href=\"https:\/\/sandovalpllc.com\/es\/abogado-accidentes-trabajo\/no-suscriptores\/\" rel=\"noopener noreferrer\" target=\"_blank\">El proceso de no suscriptores de Texas <i class=\"fa fa-external-link\" aria-hidden=\"true\"><\/i><\/a><\/h3>\r\n\t\t<ul class=\"list-group list-group-striped list-group-flush mb-2\">\r\n<li class=\"list-group-item\"><a href=\"\/es\/caso-compensacion-trabajadores-texas\/\" rel=\"noopener noreferrer\" target=\"_blank\">\u00bfTengo un buen caso de compensaci\u00f3n de trabajadores de Texas?<\/a><\/li>\r\n<li class=\"list-group-item\"><a href=\"https:\/\/sandovalpllc.com\/es\/que-pasa-si-mi-reclamacion-de-compensacion-de-trabajadores-es-denegada\/\" rel=\"noopener noreferrer\" target=\"_blank\">\u00bfQu\u00e9 pasa si mi reclamaci\u00f3n de compensaci\u00f3n de trabajadores es denegada?, \u00bfPuedo demandar a mi empleador por negligencia?<\/a><\/li>\r\n    <li class=\"list-group-item\"><a href=\"https:\/\/sandovalpllc.com\/es\/pasos-a-tomar-en-lesion-laboral\/\" rel=\"noopener noreferrer\" target=\"_blank\">\u00bfQu\u00e9 pasos debo tomar para proteger mis derechos?<\/a><\/li> \r\n    <li class=\"list-group-item\"><a href=\"https:\/\/sandovalpllc.com\/es\/que-tipo-de-cobertura-tiene-tu-empleador-para-las-lesiones-laborales\/\" rel=\"noopener noreferrer\" target=\"_blank\">\u00bfQu\u00e9 tipo de cobertura de lesiones laborales puede tener mi empleador?<\/a><\/li>\r\n    <li class=\"list-group-item\"><a href=\"https:\/\/sandovalpllc.com\/es\/probabilidades-de-que-mi-empleador-sea-no-suscriptor-de-texas\/\" rel=\"noopener noreferrer\" target=\"_blank\">\u00bfQu\u00e9 probabilidad hay de que mi empleador sea un no suscriptor de Texas?<\/a><\/li>\r\n   <li class=\"list-group-item\"><a href=\"\/es\/caso-de-no-subscriptor-vs-compensacion-trabajadores\/\" rel=\"noopener noreferrer\" target=\"_blank\">\u00bfEn qu\u00e9 se diferencian los reclamos de compensaci\u00f3n de trabajadores de los reclamos de los no suscriptores?<\/a><\/li>\r\n   <li class=\"list-group-item\"><a href=\"\/es\/debo-tomar-la-licencia-de-la-fmla-en-mi-caso-de-no-suscriptores\/\" rel=\"noopener noreferrer\" target=\"_blank\">\u00bfDebo tomar la licencia de la FMLA en mi caso de compensaci\u00f3n de trabajadores o de no suscriptores?<\/a><\/li>\r\n<li class=\"list-group-item\"><a href=\"\/es\/debo-firmar-algun-documento-de-mi-empleador-despues-de-un-accidente-laboral\/\" rel=\"noopener noreferrer\" target=\"_blank\">\u00bfDebo firmar alg\u00fan documento de mi empleador despu\u00e9s de haber sufrido un accidente laboral?<\/a><\/li>\r\n<li class=\"list-group-item\"><a href=\"\/es\/debo-solicitar-discapacidad-a-corto-o-largo-plazo-en-mi-caso-de-no-suscriptor-de-texas\/\" rel=\"noopener noreferrer\" target=\"_blank\">\u00bfDebo solicitar discapacidad a corto o largo plazo en mi caso de no suscriptor de Texas?<\/a><\/li>\r\n  <li class=\"list-group-item\"><a href=\"https:\/\/sandovalpllc.com\/es\/que-es-un-plan-de-beneficios-de-empleo\/\" rel=\"noopener noreferrer\" target=\"_blank\">\u00bfQu\u00e9 es un plan de beneficios de empleo o una descripci\u00f3n resumida del plan?<\/a><\/li>\r\n <li class=\"list-group-item\"><a href=\"https:\/\/sandovalpllc.com\/es\/no-suscriptores-de-texas-y-el-estatuto-de-limitaciones-de-1-ano-en-casos-de-lesiones-laborales\/\" rel=\"noopener noreferrer\" target=\"_blank\">\u00bfCu\u00e1nto tiempo tengo para presentar mi reclamo de no suscriptor?<\/a><\/li>\r\n <li class=\"list-group-item\"><a href=\"https:\/\/sandovalpllc.com\/es\/reportar-inmediatamente-incidente-en-el-trabajo\/\" rel=\"noopener noreferrer\" target=\"_blank\">\u00bfQu\u00e9 tan pronto tengo que reportar mi lesi\u00f3n?<\/a><\/li>\r\n<li class=\"list-group-item\"><a href=\"https:\/\/sandovalpllc.com\/es\/por-que-parece-no-obtener-una-respuesta-rapida-y-honesta-del-tasador-de-seguros\/\" rel=\"noopener noreferrer\" target=\"_blank\">\u00bfPor qu\u00e9 no puedo obtener una respuesta del ajustador de reclamos?<\/a><\/li>\r\n<li class=\"list-group-item\"><a href=\"https:\/\/sandovalpllc.com\/es\/ajustador-en-casos-no-suscriptores-texas\/\" rel=\"noopener noreferrer\" target=\"_blank\">\u00bfEl Papel del ajustador en los casos de no-suscriptores de Texas?<\/a><\/li>\r\n<\/ul>\r\n<\/div>\n","protected":false},"excerpt":{"rendered":"<p>\u00bfCU\u00c1NTO TIEMPO SE NECESITA PARA RESOLVER UN CASO DE LESIONES DE TRABAJO EN WALMART, NO SUSCRIPTOR EN TEXAS? Muy a menudo, al recibir clientes nuevos, nos consultan por el tiempo que se necesita para resolver sus casos y suelen buscar una respuesta acertada. Pero brindar una fecha o periodo certero es complicado, ya que varios&#8230; <a href=\"https:\/\/sandovalpllc.com\/es\/no-permita-que-su-empleador-de-walmart-sea-su-asesor-juridico\/\" class=\"learn-btn\">Continue Reading<\/a><\/p>\n","protected":false},"author":6,"featured_media":583,"parent":0,"menu_order":0,"comment_status":"closed","ping_status":"closed","template":"","meta":{"_acf_changed":false,"_genesis_hide_title":false,"_genesis_hide_breadcrumbs":false,"_genesis_hide_singular_image":false,"_genesis_hide_footer_widgets":false,"_genesis_custom_body_class":"","_genesis_custom_post_class":"","_genesis_layout":"","footnotes":""},"class_list":{"0":"post-2105","1":"page","2":"type-page","3":"status-publish","4":"has-post-thumbnail","6":"entry"},"acf":[],"yoast_head":"<!-- This site is optimized with the Yoast SEO plugin v26.8 - https:\/\/yoast.com\/product\/yoast-seo-wordpress\/ -->\n<title>\u00a1No permita que su empleador de Walmart sea su asesor jur\u00eddico!<\/title>\n<meta name=\"description\" content=\"Muy a menudo, al recibir clientes nuevos, nos consultan por el tiempo que se necesita para resolver sus casos y suelen buscar...\" \/>\n<meta name=\"robots\" content=\"index, follow, max-snippet:-1, max-image-preview:large, max-video-preview:-1\" \/>\n<link rel=\"canonical\" href=\"https:\/\/sandovalpllc.com\/es\/no-permita-que-su-empleador-de-walmart-sea-su-asesor-juridico\/\" \/>\n<meta property=\"og:locale\" content=\"es_ES\" \/>\n<meta property=\"og:type\" content=\"article\" \/>\n<meta property=\"og:title\" content=\"\u00a1No permita que su empleador de Walmart sea su asesor jur\u00eddico!\" \/>\n<meta property=\"og:description\" content=\"Muy a menudo, al recibir clientes nuevos, nos consultan por el tiempo que se necesita para resolver sus casos y suelen buscar...\" \/>\n<meta property=\"og:url\" content=\"https:\/\/sandovalpllc.com\/es\/no-permita-que-su-empleador-de-walmart-sea-su-asesor-juridico\/\" \/>\n<meta property=\"og:site_name\" content=\"Bufete de Abogados Sandoval Da\u00f1os Personales y Muerte Injusta\" \/>\n<meta property=\"article:modified_time\" content=\"2024-04-01T14:02:40+00:00\" \/>\n<meta property=\"og:image\" content=\"https:\/\/sandovalpllc.com\/es\/wp-content\/uploads\/sites\/2\/2020\/04\/walmart-work-injury-cases_1350px.jpg\" \/>\n\t<meta property=\"og:image:width\" content=\"1350\" \/>\n\t<meta property=\"og:image:height\" content=\"759\" \/>\n\t<meta property=\"og:image:type\" content=\"image\/jpeg\" \/>\n<meta name=\"twitter:card\" content=\"summary_large_image\" \/>\n<meta name=\"twitter:label1\" content=\"Est. reading time\" \/>\n\t<meta name=\"twitter:data1\" content=\"5 minutos\" \/>\n<script type=\"application\/ld+json\" class=\"yoast-schema-graph\">{\"@context\":\"https:\/\/schema.org\",\"@graph\":[{\"@type\":\"WebPage\",\"@id\":\"https:\/\/sandovalpllc.com\/es\/no-permita-que-su-empleador-de-walmart-sea-su-asesor-juridico\/\",\"url\":\"https:\/\/sandovalpllc.com\/es\/no-permita-que-su-empleador-de-walmart-sea-su-asesor-juridico\/\",\"name\":\"\u00a1No permita que su empleador de Walmart sea su asesor jur\u00eddico!\",\"isPartOf\":{\"@id\":\"https:\/\/sandovalpllc.com\/es\/#website\"},\"primaryImageOfPage\":{\"@id\":\"https:\/\/sandovalpllc.com\/es\/no-permita-que-su-empleador-de-walmart-sea-su-asesor-juridico\/#primaryimage\"},\"image\":{\"@id\":\"https:\/\/sandovalpllc.com\/es\/no-permita-que-su-empleador-de-walmart-sea-su-asesor-juridico\/#primaryimage\"},\"thumbnailUrl\":\"https:\/\/sandovalpllc.com\/es\/wp-content\/uploads\/sites\/2\/2020\/04\/walmart-work-injury-cases_1350px.jpg\",\"datePublished\":\"2024-04-01T14:00:34+00:00\",\"dateModified\":\"2024-04-01T14:02:40+00:00\",\"description\":\"Muy a menudo, al recibir clientes nuevos, nos consultan por el tiempo que se necesita para resolver sus casos y suelen buscar...\",\"breadcrumb\":{\"@id\":\"https:\/\/sandovalpllc.com\/es\/no-permita-que-su-empleador-de-walmart-sea-su-asesor-juridico\/#breadcrumb\"},\"inLanguage\":\"es-PE\",\"potentialAction\":[{\"@type\":\"ReadAction\",\"target\":[\"https:\/\/sandovalpllc.com\/es\/no-permita-que-su-empleador-de-walmart-sea-su-asesor-juridico\/\"]}]},{\"@type\":\"ImageObject\",\"inLanguage\":\"es-PE\",\"@id\":\"https:\/\/sandovalpllc.com\/es\/no-permita-que-su-empleador-de-walmart-sea-su-asesor-juridico\/#primaryimage\",\"url\":\"https:\/\/sandovalpllc.com\/es\/wp-content\/uploads\/sites\/2\/2020\/04\/walmart-work-injury-cases_1350px.jpg\",\"contentUrl\":\"https:\/\/sandovalpllc.com\/es\/wp-content\/uploads\/sites\/2\/2020\/04\/walmart-work-injury-cases_1350px.jpg\",\"width\":1350,\"height\":759,\"caption\":\"Many cartons with logo on roller conveyor. Editorial 3D\"},{\"@type\":\"BreadcrumbList\",\"@id\":\"https:\/\/sandovalpllc.com\/es\/no-permita-que-su-empleador-de-walmart-sea-su-asesor-juridico\/#breadcrumb\",\"itemListElement\":[{\"@type\":\"ListItem\",\"position\":1,\"name\":\"Home\",\"item\":\"https:\/\/sandovalpllc.com\/es\/\"},{\"@type\":\"ListItem\",\"position\":2,\"name\":\"\u00a1No permita que su empleador de Walmart sea su asesor jur\u00eddico!\"}]},{\"@type\":\"WebSite\",\"@id\":\"https:\/\/sandovalpllc.com\/es\/#website\",\"url\":\"https:\/\/sandovalpllc.com\/es\/\",\"name\":\"Bufete de Abogados Sandoval Da\u00f1os Personales y Muerte Injusta\",\"description\":\"Just another Sandoval Law Firm, PLLC Sites site\",\"potentialAction\":[{\"@type\":\"SearchAction\",\"target\":{\"@type\":\"EntryPoint\",\"urlTemplate\":\"https:\/\/sandovalpllc.com\/es\/?s={search_term_string}\"},\"query-input\":{\"@type\":\"PropertyValueSpecification\",\"valueRequired\":true,\"valueName\":\"search_term_string\"}}],\"inLanguage\":\"es-PE\"}]}<\/script>\n<!-- \/ Yoast SEO plugin. -->","yoast_head_json":{"title":"\u00a1No permita que su empleador de Walmart sea su asesor jur\u00eddico!","description":"Muy a menudo, al recibir clientes nuevos, nos consultan por el tiempo que se necesita para resolver sus casos y suelen buscar...","robots":{"index":"index","follow":"follow","max-snippet":"max-snippet:-1","max-image-preview":"max-image-preview:large","max-video-preview":"max-video-preview:-1"},"canonical":"https:\/\/sandovalpllc.com\/es\/no-permita-que-su-empleador-de-walmart-sea-su-asesor-juridico\/","og_locale":"es_ES","og_type":"article","og_title":"\u00a1No permita que su empleador de Walmart sea su asesor jur\u00eddico!","og_description":"Muy a menudo, al recibir clientes nuevos, nos consultan por el tiempo que se necesita para resolver sus casos y suelen buscar...","og_url":"https:\/\/sandovalpllc.com\/es\/no-permita-que-su-empleador-de-walmart-sea-su-asesor-juridico\/","og_site_name":"Bufete de Abogados Sandoval Da\u00f1os Personales y Muerte Injusta","article_modified_time":"2024-04-01T14:02:40+00:00","og_image":[{"width":1350,"height":759,"url":"https:\/\/sandovalpllc.com\/es\/wp-content\/uploads\/sites\/2\/2020\/04\/walmart-work-injury-cases_1350px.jpg","type":"image\/jpeg"}],"twitter_card":"summary_large_image","twitter_misc":{"Est. reading time":"5 minutos"},"schema":{"@context":"https:\/\/schema.org","@graph":[{"@type":"WebPage","@id":"https:\/\/sandovalpllc.com\/es\/no-permita-que-su-empleador-de-walmart-sea-su-asesor-juridico\/","url":"https:\/\/sandovalpllc.com\/es\/no-permita-que-su-empleador-de-walmart-sea-su-asesor-juridico\/","name":"\u00a1No permita que su empleador de Walmart sea su asesor jur\u00eddico!","isPartOf":{"@id":"https:\/\/sandovalpllc.com\/es\/#website"},"primaryImageOfPage":{"@id":"https:\/\/sandovalpllc.com\/es\/no-permita-que-su-empleador-de-walmart-sea-su-asesor-juridico\/#primaryimage"},"image":{"@id":"https:\/\/sandovalpllc.com\/es\/no-permita-que-su-empleador-de-walmart-sea-su-asesor-juridico\/#primaryimage"},"thumbnailUrl":"https:\/\/sandovalpllc.com\/es\/wp-content\/uploads\/sites\/2\/2020\/04\/walmart-work-injury-cases_1350px.jpg","datePublished":"2024-04-01T14:00:34+00:00","dateModified":"2024-04-01T14:02:40+00:00","description":"Muy a menudo, al recibir clientes nuevos, nos consultan por el tiempo que se necesita para resolver sus casos y suelen buscar...","breadcrumb":{"@id":"https:\/\/sandovalpllc.com\/es\/no-permita-que-su-empleador-de-walmart-sea-su-asesor-juridico\/#breadcrumb"},"inLanguage":"es-PE","potentialAction":[{"@type":"ReadAction","target":["https:\/\/sandovalpllc.com\/es\/no-permita-que-su-empleador-de-walmart-sea-su-asesor-juridico\/"]}]},{"@type":"ImageObject","inLanguage":"es-PE","@id":"https:\/\/sandovalpllc.com\/es\/no-permita-que-su-empleador-de-walmart-sea-su-asesor-juridico\/#primaryimage","url":"https:\/\/sandovalpllc.com\/es\/wp-content\/uploads\/sites\/2\/2020\/04\/walmart-work-injury-cases_1350px.jpg","contentUrl":"https:\/\/sandovalpllc.com\/es\/wp-content\/uploads\/sites\/2\/2020\/04\/walmart-work-injury-cases_1350px.jpg","width":1350,"height":759,"caption":"Many cartons with logo on roller conveyor. Editorial 3D"},{"@type":"BreadcrumbList","@id":"https:\/\/sandovalpllc.com\/es\/no-permita-que-su-empleador-de-walmart-sea-su-asesor-juridico\/#breadcrumb","itemListElement":[{"@type":"ListItem","position":1,"name":"Home","item":"https:\/\/sandovalpllc.com\/es\/"},{"@type":"ListItem","position":2,"name":"\u00a1No permita que su empleador de Walmart sea su asesor jur\u00eddico!"}]},{"@type":"WebSite","@id":"https:\/\/sandovalpllc.com\/es\/#website","url":"https:\/\/sandovalpllc.com\/es\/","name":"Bufete de Abogados Sandoval Da\u00f1os Personales y Muerte Injusta","description":"Just another Sandoval Law Firm, PLLC Sites site","potentialAction":[{"@type":"SearchAction","target":{"@type":"EntryPoint","urlTemplate":"https:\/\/sandovalpllc.com\/es\/?s={search_term_string}"},"query-input":{"@type":"PropertyValueSpecification","valueRequired":true,"valueName":"search_term_string"}}],"inLanguage":"es-PE"}]}},"_links":{"self":[{"href":"https:\/\/sandovalpllc.com\/es\/wp-json\/wp\/v2\/pages\/2105","targetHints":{"allow":["GET"]}}],"collection":[{"href":"https:\/\/sandovalpllc.com\/es\/wp-json\/wp\/v2\/pages"}],"about":[{"href":"https:\/\/sandovalpllc.com\/es\/wp-json\/wp\/v2\/types\/page"}],"author":[{"embeddable":true,"href":"https:\/\/sandovalpllc.com\/es\/wp-json\/wp\/v2\/users\/6"}],"replies":[{"embeddable":true,"href":"https:\/\/sandovalpllc.com\/es\/wp-json\/wp\/v2\/comments?post=2105"}],"version-history":[{"count":0,"href":"https:\/\/sandovalpllc.com\/es\/wp-json\/wp\/v2\/pages\/2105\/revisions"}],"wp:featuredmedia":[{"embeddable":true,"href":"https:\/\/sandovalpllc.com\/es\/wp-json\/wp\/v2\/media\/583"}],"wp:attachment":[{"href":"https:\/\/sandovalpllc.com\/es\/wp-json\/wp\/v2\/media?parent=2105"}],"curies":[{"name":"wp","href":"https:\/\/api.w.org\/{rel}","templated":true}]}}