{"id":1993,"date":"2023-10-19T16:27:43","date_gmt":"2023-10-19T16:27:43","guid":{"rendered":"https:\/\/sandovalpllc.com\/es\/?page_id=1993"},"modified":"2025-06-20T13:17:05","modified_gmt":"2025-06-20T13:17:05","slug":"que-debes-saber-en-su-caso-de-lesiones-personales-en-texas","status":"publish","type":"page","link":"https:\/\/sandovalpllc.com\/es\/que-debes-saber-en-su-caso-de-lesiones-personales-en-texas\/","title":{"rendered":"Entendiendo su caso de lesiones personales en Texas"},"content":{"rendered":"<h2>Sufrir una lesi\u00f3n personal puede cambiar tu vida en un instante.<\/h2>\n<p>Desde el momento del accidente, surgen muchas preguntas: \u00bfQui\u00e9n es responsable? \u00bfC\u00f3mo cubrir\u00e9 mis gastos m\u00e9dicos? \u00bfTengo derecho a una compensaci\u00f3n? <a href=\"https:\/\/sandovalpllc.com\/es\/que-cubre-la-ley-de-lesiones-personales-de-texas\/\">En Texas, la ley de lesiones personales<\/a> est\u00e1 dise\u00f1ada para proteger a quienes han sido afectados por la negligencia de terceros, ya sea en el trabajo, en la carretera o en un lugar p\u00fablico.<\/p>\n<p>Entender tu <a href=\"https:\/\/sandovalpllc.com\/es\/que-tipos-de-casos-maneja-un-abogado-de-accidentes\/\">caso de lesiones personales<\/a> significa identificar claramente qu\u00e9 ocurri\u00f3, c\u00f3mo ocurri\u00f3 y qui\u00e9n tuvo la culpa. Tambi\u00e9n es clave documentar los da\u00f1os f\u00edsicos, emocionales y econ\u00f3micos que has sufrido. Un abogado con experiencia en lesiones personales en Texas puede ayudarte a evaluar la viabilidad de tu reclamo, reunir pruebas importantes, y negociar con las aseguradoras que muchas veces buscan pagar lo m\u00ednimo posible.<\/p>\n<p>En Sandoval Law Firm, PLLC, comprendemos que cada caso es \u00fanico. Nuestro equipo se dedica a escuchar tu historia, explicarte tus derechos bajo la ley texana y luchar para que recibas la compensaci\u00f3n que mereces. Ya sea que tu lesi\u00f3n haya sido causada por un accidente de trabajo, una ca\u00edda o un conductor imprudente, estamos aqu\u00ed para apoyarte desde el primer d\u00eda.<\/p>\n<div class=\"row\">\n<div class=\"col-12\">\n<p><a href=\"\/es\/que-debes-saber-en-su-caso-de-lesion-laboral-en-texas\/\"><img decoding=\"async\" class=\"alignleft lazy-load\" src=\"https:\/\/sandovalpllc.com\/wp-content\/uploads\/2021\/11\/decide-which-lawyer-you-hire.jpg\" width=\"300\" \/><\/a><\/p>\n<h2>Entendiendo su caso de lesi\u00f3n laboral en Texas<\/h2>\n<p>&nbsp;<\/p>\n<p><strong>\u00bfQui\u00e9n es la parte responsable (empleador o tercero) y qu\u00e9 tipo de seguro tienen para lesiones laborales?<\/strong><br \/>\nAunque sufrir una lesi\u00f3n en el trabajo plantea preguntas inmediatas acerca de qui\u00e9n va a pagar por la atenci\u00f3n m\u00e9dica y los pagos de salarios perdidos, la primera pregunta que debe ser abordada es; \u00bfqu\u00e9 tipo de seguro tiene su empleador o la parte culpable?<br \/>\n<a href=\"\/es\/que-debes-saber-en-su-caso-de-lesion-laboral-en-texas\/\">Continuar leyendo<\/a><\/p>\n<\/div>\n<hr style=\"width: 100%;\" \/>\n<\/div>\n<div class=\"row\">\n<div class=\"col-12\">\n<p><a href=\"\/es\/que-debes-saber-en-su-caso-de-no-suscriptores-en-texas\/\"><img decoding=\"async\" class=\"alignleft lazy-load\" src=\"https:\/\/sandovalpllc.com\/wp-content\/uploads\/2022\/09\/randalls-workers-comp-case-nonsubscriber-texas.jpg\" width=\"300\" \/><\/a><\/p>\n<h2>Entendiendo su caso de lesi\u00f3n laboral sin seguro de compensaci\u00f3n (no suscriptores) en Texas<\/h2>\n<p>&nbsp;<\/p>\n<p><strong>Primero lo primero<\/strong><br \/>\nSufrir una lesi\u00f3n en el trabajo causa una interrupci\u00f3n importante en su vida diaria y pone en riesgo el bienestar financiero de su familia. Por esta raz\u00f3n, es crucial hacer una r\u00e1pida evaluaci\u00f3n de su caso, acerca de los derechos que tiene, para que pueda hacer lo que sea necesario para&#8230;<br \/>\n<a href=\"\/es\/que-debes-saber-en-su-caso-de-no-suscriptores-en-texas\/\">Continuar leyendo<\/a><\/p>\n<\/div>\n<hr style=\"width: 100%;\" \/>\n<\/div>\n<div class=\"row\">\n<div class=\"col-12\">\n<p><a href=\"\/es\/que-debes-saber-en-su-accidente-de-auto-en-texas\/\"><img decoding=\"async\" class=\"alignleft lazy-load\" src=\"https:\/\/sandovalpllc.com\/wp-content\/uploads\/2021\/12\/traffic-accidents-banner.jpg\" width=\"300\" \/><\/a><\/p>\n<h2>Entendiendo su caso de accidente de auto o de remolque de 18 ruedas en Texas<\/h2>\n<p>&nbsp;<\/p>\n<p><strong>Primero lo primero (\u00bfQuiere hacerlo solo?)<\/strong><br \/>\nSi est\u00e1 descargando esta gu\u00eda de lesiones por accidentes de auto, entonces es probable que est\u00e9 pasando mucho tiempo pensando si necesita un abogado que lo represente en su caso de accidente de autom\u00f3vil o en un accidente con un remolque de 18 ruedas&#8230;<br \/>\n<a href=\"\/es\/que-debes-saber-en-su-accidente-de-auto-en-texas\/\">Continuar leyendo<\/a><\/p>\n<\/div>\n<\/div>\n","protected":false},"excerpt":{"rendered":"<p>Sufrir una lesi\u00f3n personal puede cambiar tu vida en un instante. Desde el momento del accidente, surgen muchas preguntas: \u00bfQui\u00e9n es responsable? \u00bfC\u00f3mo cubrir\u00e9 mis gastos m\u00e9dicos? \u00bfTengo derecho a una compensaci\u00f3n? En Texas, la ley de lesiones personales est\u00e1 dise\u00f1ada para proteger a quienes han sido afectados por la negligencia de terceros, ya sea&#8230; <a href=\"https:\/\/sandovalpllc.com\/es\/que-debes-saber-en-su-caso-de-lesiones-personales-en-texas\/\" class=\"learn-btn\">Continue Reading<\/a><\/p>\n","protected":false},"author":6,"featured_media":0,"parent":0,"menu_order":0,"comment_status":"closed","ping_status":"closed","template":"page-nobanner.php","meta":{"_acf_changed":false,"_genesis_hide_title":false,"_genesis_hide_breadcrumbs":false,"_genesis_hide_singular_image":false,"_genesis_hide_footer_widgets":false,"_genesis_custom_body_class":"","_genesis_custom_post_class":"","_genesis_layout":"","footnotes":""},"class_list":{"0":"post-1993","1":"page","2":"type-page","3":"status-publish","5":"entry"},"acf":[],"yoast_head":"<!-- This site is optimized with the Yoast SEO plugin v26.8 - https:\/\/yoast.com\/product\/yoast-seo-wordpress\/ -->\n<title>Entendiendo su caso de lesiones personales en Texas - Bufete de Abogados Sandoval Da\u00f1os Personales y Muerte Injusta<\/title>\n<meta name=\"description\" content=\"Entender tu caso de lesiones personales significa identificar claramente qu\u00e9 ocurri\u00f3, c\u00f3mo ocurri\u00f3 y qui\u00e9n tuvo la culpa.\" \/>\n<meta name=\"robots\" content=\"index, follow, max-snippet:-1, max-image-preview:large, max-video-preview:-1\" \/>\n<link rel=\"canonical\" href=\"https:\/\/sandovalpllc.com\/es\/que-debes-saber-en-su-caso-de-lesiones-personales-en-texas\/\" \/>\n<meta property=\"og:locale\" content=\"es_ES\" \/>\n<meta property=\"og:type\" content=\"article\" \/>\n<meta property=\"og:title\" content=\"Entendiendo su caso de lesiones personales en Texas - Bufete de Abogados Sandoval Da\u00f1os Personales y Muerte Injusta\" \/>\n<meta property=\"og:description\" content=\"Entender tu caso de lesiones personales significa identificar claramente qu\u00e9 ocurri\u00f3, c\u00f3mo ocurri\u00f3 y qui\u00e9n tuvo la culpa.\" \/>\n<meta property=\"og:url\" content=\"https:\/\/sandovalpllc.com\/es\/que-debes-saber-en-su-caso-de-lesiones-personales-en-texas\/\" \/>\n<meta property=\"og:site_name\" content=\"Bufete de Abogados Sandoval Da\u00f1os Personales y Muerte Injusta\" \/>\n<meta property=\"article:modified_time\" content=\"2025-06-20T13:17:05+00:00\" \/>\n<meta property=\"og:image\" content=\"https:\/\/sandovalpllc.com\/wp-content\/uploads\/2021\/11\/decide-which-lawyer-you-hire.jpg\" \/>\n<meta name=\"twitter:card\" content=\"summary_large_image\" \/>\n<meta name=\"twitter:label1\" content=\"Est. reading time\" \/>\n\t<meta name=\"twitter:data1\" content=\"3 minutos\" \/>\n<script type=\"application\/ld+json\" class=\"yoast-schema-graph\">{\"@context\":\"https:\/\/schema.org\",\"@graph\":[{\"@type\":\"WebPage\",\"@id\":\"https:\/\/sandovalpllc.com\/es\/que-debes-saber-en-su-caso-de-lesiones-personales-en-texas\/\",\"url\":\"https:\/\/sandovalpllc.com\/es\/que-debes-saber-en-su-caso-de-lesiones-personales-en-texas\/\",\"name\":\"Entendiendo su caso de lesiones personales en Texas - Bufete de Abogados Sandoval Da\u00f1os Personales y Muerte Injusta\",\"isPartOf\":{\"@id\":\"https:\/\/sandovalpllc.com\/es\/#website\"},\"primaryImageOfPage\":{\"@id\":\"https:\/\/sandovalpllc.com\/es\/que-debes-saber-en-su-caso-de-lesiones-personales-en-texas\/#primaryimage\"},\"image\":{\"@id\":\"https:\/\/sandovalpllc.com\/es\/que-debes-saber-en-su-caso-de-lesiones-personales-en-texas\/#primaryimage\"},\"thumbnailUrl\":\"https:\/\/sandovalpllc.com\/wp-content\/uploads\/2021\/11\/decide-which-lawyer-you-hire.jpg\",\"datePublished\":\"2023-10-19T16:27:43+00:00\",\"dateModified\":\"2025-06-20T13:17:05+00:00\",\"description\":\"Entender tu caso de lesiones personales significa identificar claramente qu\u00e9 ocurri\u00f3, c\u00f3mo ocurri\u00f3 y qui\u00e9n tuvo la culpa.\",\"breadcrumb\":{\"@id\":\"https:\/\/sandovalpllc.com\/es\/que-debes-saber-en-su-caso-de-lesiones-personales-en-texas\/#breadcrumb\"},\"inLanguage\":\"es-PE\",\"potentialAction\":[{\"@type\":\"ReadAction\",\"target\":[\"https:\/\/sandovalpllc.com\/es\/que-debes-saber-en-su-caso-de-lesiones-personales-en-texas\/\"]}]},{\"@type\":\"ImageObject\",\"inLanguage\":\"es-PE\",\"@id\":\"https:\/\/sandovalpllc.com\/es\/que-debes-saber-en-su-caso-de-lesiones-personales-en-texas\/#primaryimage\",\"url\":\"https:\/\/sandovalpllc.com\/wp-content\/uploads\/2021\/11\/decide-which-lawyer-you-hire.jpg\",\"contentUrl\":\"https:\/\/sandovalpllc.com\/wp-content\/uploads\/2021\/11\/decide-which-lawyer-you-hire.jpg\"},{\"@type\":\"BreadcrumbList\",\"@id\":\"https:\/\/sandovalpllc.com\/es\/que-debes-saber-en-su-caso-de-lesiones-personales-en-texas\/#breadcrumb\",\"itemListElement\":[{\"@type\":\"ListItem\",\"position\":1,\"name\":\"Home\",\"item\":\"https:\/\/sandovalpllc.com\/es\/\"},{\"@type\":\"ListItem\",\"position\":2,\"name\":\"Entendiendo su caso de lesiones personales en Texas\"}]},{\"@type\":\"WebSite\",\"@id\":\"https:\/\/sandovalpllc.com\/es\/#website\",\"url\":\"https:\/\/sandovalpllc.com\/es\/\",\"name\":\"Bufete de Abogados Sandoval Da\u00f1os Personales y Muerte Injusta\",\"description\":\"Just another Sandoval Law Firm, PLLC Sites site\",\"potentialAction\":[{\"@type\":\"SearchAction\",\"target\":{\"@type\":\"EntryPoint\",\"urlTemplate\":\"https:\/\/sandovalpllc.com\/es\/?s={search_term_string}\"},\"query-input\":{\"@type\":\"PropertyValueSpecification\",\"valueRequired\":true,\"valueName\":\"search_term_string\"}}],\"inLanguage\":\"es-PE\"}]}<\/script>\n<!-- \/ Yoast SEO plugin. -->","yoast_head_json":{"title":"Entendiendo su caso de lesiones personales en Texas - Bufete de Abogados Sandoval Da\u00f1os Personales y Muerte Injusta","description":"Entender tu caso de lesiones personales significa identificar claramente qu\u00e9 ocurri\u00f3, c\u00f3mo ocurri\u00f3 y qui\u00e9n tuvo la culpa.","robots":{"index":"index","follow":"follow","max-snippet":"max-snippet:-1","max-image-preview":"max-image-preview:large","max-video-preview":"max-video-preview:-1"},"canonical":"https:\/\/sandovalpllc.com\/es\/que-debes-saber-en-su-caso-de-lesiones-personales-en-texas\/","og_locale":"es_ES","og_type":"article","og_title":"Entendiendo su caso de lesiones personales en Texas - Bufete de Abogados Sandoval Da\u00f1os Personales y Muerte Injusta","og_description":"Entender tu caso de lesiones personales significa identificar claramente qu\u00e9 ocurri\u00f3, c\u00f3mo ocurri\u00f3 y qui\u00e9n tuvo la culpa.","og_url":"https:\/\/sandovalpllc.com\/es\/que-debes-saber-en-su-caso-de-lesiones-personales-en-texas\/","og_site_name":"Bufete de Abogados Sandoval Da\u00f1os Personales y Muerte Injusta","article_modified_time":"2025-06-20T13:17:05+00:00","og_image":[{"url":"https:\/\/sandovalpllc.com\/wp-content\/uploads\/2021\/11\/decide-which-lawyer-you-hire.jpg","type":"","width":"","height":""}],"twitter_card":"summary_large_image","twitter_misc":{"Est. reading time":"3 minutos"},"schema":{"@context":"https:\/\/schema.org","@graph":[{"@type":"WebPage","@id":"https:\/\/sandovalpllc.com\/es\/que-debes-saber-en-su-caso-de-lesiones-personales-en-texas\/","url":"https:\/\/sandovalpllc.com\/es\/que-debes-saber-en-su-caso-de-lesiones-personales-en-texas\/","name":"Entendiendo su caso de lesiones personales en Texas - Bufete de Abogados Sandoval Da\u00f1os Personales y Muerte Injusta","isPartOf":{"@id":"https:\/\/sandovalpllc.com\/es\/#website"},"primaryImageOfPage":{"@id":"https:\/\/sandovalpllc.com\/es\/que-debes-saber-en-su-caso-de-lesiones-personales-en-texas\/#primaryimage"},"image":{"@id":"https:\/\/sandovalpllc.com\/es\/que-debes-saber-en-su-caso-de-lesiones-personales-en-texas\/#primaryimage"},"thumbnailUrl":"https:\/\/sandovalpllc.com\/wp-content\/uploads\/2021\/11\/decide-which-lawyer-you-hire.jpg","datePublished":"2023-10-19T16:27:43+00:00","dateModified":"2025-06-20T13:17:05+00:00","description":"Entender tu caso de lesiones personales significa identificar claramente qu\u00e9 ocurri\u00f3, c\u00f3mo ocurri\u00f3 y qui\u00e9n tuvo la culpa.","breadcrumb":{"@id":"https:\/\/sandovalpllc.com\/es\/que-debes-saber-en-su-caso-de-lesiones-personales-en-texas\/#breadcrumb"},"inLanguage":"es-PE","potentialAction":[{"@type":"ReadAction","target":["https:\/\/sandovalpllc.com\/es\/que-debes-saber-en-su-caso-de-lesiones-personales-en-texas\/"]}]},{"@type":"ImageObject","inLanguage":"es-PE","@id":"https:\/\/sandovalpllc.com\/es\/que-debes-saber-en-su-caso-de-lesiones-personales-en-texas\/#primaryimage","url":"https:\/\/sandovalpllc.com\/wp-content\/uploads\/2021\/11\/decide-which-lawyer-you-hire.jpg","contentUrl":"https:\/\/sandovalpllc.com\/wp-content\/uploads\/2021\/11\/decide-which-lawyer-you-hire.jpg"},{"@type":"BreadcrumbList","@id":"https:\/\/sandovalpllc.com\/es\/que-debes-saber-en-su-caso-de-lesiones-personales-en-texas\/#breadcrumb","itemListElement":[{"@type":"ListItem","position":1,"name":"Home","item":"https:\/\/sandovalpllc.com\/es\/"},{"@type":"ListItem","position":2,"name":"Entendiendo su caso de lesiones personales en Texas"}]},{"@type":"WebSite","@id":"https:\/\/sandovalpllc.com\/es\/#website","url":"https:\/\/sandovalpllc.com\/es\/","name":"Bufete de Abogados Sandoval Da\u00f1os Personales y Muerte Injusta","description":"Just another Sandoval Law Firm, PLLC Sites site","potentialAction":[{"@type":"SearchAction","target":{"@type":"EntryPoint","urlTemplate":"https:\/\/sandovalpllc.com\/es\/?s={search_term_string}"},"query-input":{"@type":"PropertyValueSpecification","valueRequired":true,"valueName":"search_term_string"}}],"inLanguage":"es-PE"}]}},"_links":{"self":[{"href":"https:\/\/sandovalpllc.com\/es\/wp-json\/wp\/v2\/pages\/1993","targetHints":{"allow":["GET"]}}],"collection":[{"href":"https:\/\/sandovalpllc.com\/es\/wp-json\/wp\/v2\/pages"}],"about":[{"href":"https:\/\/sandovalpllc.com\/es\/wp-json\/wp\/v2\/types\/page"}],"author":[{"embeddable":true,"href":"https:\/\/sandovalpllc.com\/es\/wp-json\/wp\/v2\/users\/6"}],"replies":[{"embeddable":true,"href":"https:\/\/sandovalpllc.com\/es\/wp-json\/wp\/v2\/comments?post=1993"}],"version-history":[{"count":0,"href":"https:\/\/sandovalpllc.com\/es\/wp-json\/wp\/v2\/pages\/1993\/revisions"}],"wp:attachment":[{"href":"https:\/\/sandovalpllc.com\/es\/wp-json\/wp\/v2\/media?parent=1993"}],"curies":[{"name":"wp","href":"https:\/\/api.w.org\/{rel}","templated":true}]}}