{"id":1902,"date":"2023-09-19T13:23:58","date_gmt":"2023-09-19T13:23:58","guid":{"rendered":"https:\/\/sandovalpllc.com\/es\/?page_id=1902"},"modified":"2023-09-19T13:34:10","modified_gmt":"2023-09-19T13:34:10","slug":"medicamentos-recetados-mal-dispensados","status":"publish","type":"page","link":"https:\/\/sandovalpllc.com\/es\/medicamentos-recetados-mal-dispensados\/","title":{"rendered":"Medicamentos Recetados Mal Dispensados"},"content":{"rendered":"<h2>Dispensar el Medicamento Equivocado<\/h2>\n<p><span class=\"h2span\">\u00a1HAGA VALER SU DERECHO!<\/span><\/h2>\n<h3>\u00a1Llama al Abogado Sandoval ahora mismo al <strong><a href=\"tel:+13463477777\" class=\"click-to-call-body\">(346) 347-7777<\/a><\/strong><\/h3>\n<p>En <a href=\"https:\/\/sandovalpllc.com\/es\/que-tipos-de-casos-maneja-un-abogado-de-accidentes\/\" rel=\"noopener\" target=\"_blank\">Sandoval Law Firm<\/a>, entendemos las consecuencias devastadoras que pueden surgir cuando ocurren errores de medicaci\u00f3n. Cuando conf\u00eda su salud a un profesional m\u00e9dico o a una farmacia, tiene derecho a esperar una atenci\u00f3n competente y precisa. Los medicamentos dispensados \u200b\u200bincorrectamente pueden provocar complicaciones de salud graves y, en algunos casos, poner en peligro la vida.<\/p>\n<h3>Tipos de errores de medicaci\u00f3n<\/h3>\n<p>Los errores de medicaci\u00f3n pueden adoptar varias formas, incluidas, entre otras:<\/p>\n<ol>\n<li><strong>Errores de prescripci\u00f3n:<\/strong> cuando un proveedor de atenci\u00f3n m\u00e9dica escribe una receta incorrecta o malinterpreta el historial m\u00e9dico de un paciente, puede dar lugar a que se dispense el medicamento equivocado.<\/li>\n<li><strong>Errores de dispensaci\u00f3n<\/strong>: los farmac\u00e9uticos y el personal de la farmacia pueden dispensar el medicamento incorrecto debido a un etiquetado incorrecto, confusi\u00f3n o comunicaci\u00f3n inadecuada.<\/li>\n<li><strong>Errores de dosificaci\u00f3n:<\/strong> Proporcionar la dosis incorrecta de un medicamento puede tener consecuencias graves, ya sea al proporcionar demasiado o muy poco del medicamento recetado.<\/li>\n<li><strong>Interacciones entre medicamentos<\/strong>: no tener en cuenta las posibles interacciones entre medicamentos puede provocar reacciones adversas cuando se toman varios medicamentos simult\u00e1neamente.<\/li>\n<li><strong>No advertir<\/strong>: se debe informar a los pacientes sobre los posibles efectos secundarios y riesgos asociados con sus medicamentos. No proporcionar esta informaci\u00f3n puede considerarse negligencia m\u00e9dica.<\/li>\n<\/ol>\n<center><div class=\"panel box-module-cta\">\r\n<span class=\"icon-title\"><i class=\"fa fa-lightbulb-o\" aria-hidden=\"true\"><\/i><\/span>\r\n<h5 class=\"h1\">\u00bfNecesita un <a href=\"\/es\/que-tipos-de-casos-maneja-un-abogado-de-accidentes\/\">abogado de lesiones personales<\/a>?<\/h5>\r\n<p class=\"subtitle\">\u00a1Estamos disponibles y ofrecemos consulta gratuita!<\/p>\r\n<h5 class=\"h1\">\u00a1Luchemos juntos!<\/h5>\r\n<p class=\"subtitle\"><strong>- Por el tratamiento m\u00e9dico que necesite<br>\r\n- Por la compensaci\u00f3n que se merece<br>\r\n- Su pago es condicional a que recuperemos los da\u00f1os por usted<\/strong><\/p>\r\n<p class=\"subtitle\">\u00a1No tienes que sufrir! Estamos aqu\u00ed para ayudar.<\/p>\r\n<a href=\"tel:+13463477777\" onclick=\"sendEventToGoogle('Body', '\/work-injury-lawyer\/the-work-injury-case\/', '+13463477777');\"><button class=\"btn btn-default\" type=\"button\">\u00a1Llame al abogado Sandoval AHORA!<\/button><\/a>\r\n<\/div>\r\n<\/center>\n<h3>Consecuencias de los errores de medicaci\u00f3n<\/h3>\n<p>Los medicamentos dispensados \u200b\u200bincorrectamente pueden tener una amplia gama de consecuencias, que incluyen:<\/p>\n<ul>\n<li><strong>Eempeoramiento de las condiciones m\u00e9dicas<\/strong>: las condiciones de salud de los pacientes pueden deteriorarse cuando no reciben el medicamento o la dosis correcta.<\/li>\n<li><strong>Reacciones al\u00e9rgicas<\/strong>: algunos pacientes pueden ser al\u00e9rgicos a ciertos medicamentos y los medicamentos mal administrados pueden desencadenar reacciones al\u00e9rgicas graves.<\/li>\n<li><strong>Problemas de salud a largo plazo<\/strong>: en algunos casos, los errores de medicaci\u00f3n pueden provocar problemas de salud permanentes, da\u00f1o a \u00f3rganos o discapacidad.<\/li>\n<li><strong>Angustia emocional<\/strong>: los pacientes y sus familias a menudo experimentan una angustia emocional significativa cuando enfrentan las consecuencias de un error de medicaci\u00f3n.<\/li>\n<\/ul>\n<h3>Su derecho a una compensaci\u00f3n<\/h3>\n<p>Si usted o un ser querido ha sufrido debido a un medicamento dispensado incorrectamente, puede tener derecho a una compensaci\u00f3n por:<\/p>\n<ul>\n<li><strong>Gastos M\u00e9dicos<\/strong>: Cobertura del costo del tratamiento m\u00e9dico adicional requerido debido al error.<\/li>\n<li><strong>Dolor y Sufrimiento<\/strong>: Compensaci\u00f3n por el dolor f\u00edsico y emocional causado por el error de medicaci\u00f3n.<\/li>\n<li><strong>Salarios perdidos<\/strong>: si el error provoca p\u00e9rdida de trabajo e ingresos, puede ser elegible para recibir una compensaci\u00f3n por salario perdido.<\/li>\n<li><strong>Costos m\u00e9dicos futuros<\/strong>: si el error genera necesidades m\u00e9dicas continuas, estas tambi\u00e9n se pueden incluir en su reclamo.<\/li>\n<li><strong>Muerte por negligencia<\/strong>: en el tr\u00e1gico evento de una muerte por negligencia causada por un error de medicaci\u00f3n, los familiares sobrevivientes pueden ser elegibles para recibir una compensaci\u00f3n por muerte por negligencia.<\/li>\n<\/ul>\n<h3>Conf\u00ede en Sandoval Law PLLC para defender sus derechos<\/h3>\n<p>En Sandoval Law Firm, nos dedicamos a representar los derechos de personas y familias que han sufrido debido a errores de medicaci\u00f3n. Nuestro experimentado equipo de abogados luchar\u00e1 por justicia en su nombre, responsabilizando a los proveedores de atenci\u00f3n m\u00e9dica y a las farmacias por su negligencia.<\/p>\n<blockquote><p>&#8220;Nuestro compromiso es garantizar que quienes han sufrido debido a errores de medicaci\u00f3n reciban la justicia y la compensaci\u00f3n que merecen. Estamos a su lado, listos para responsabilizar a los responsables por sus acciones&#8221;, dice <a href=\"https:\/\/sandovalpllc.com\/es\/abogado-hector-sandoval\/\" rel=\"noopener\" target=\"_blank\">Abogado H\u00e9ctor L. Sandoval<\/a>&#8220;<\/p><\/blockquote>\n<p>Si cree que usted o un ser querido ha sido v\u00edctima de un medicamento dispensado incorrectamente, no dude en contactarnos. Ofrecemos una consulta gratuita para discutir su caso y ayudarlo a comprender sus opciones legales. Seamos su voz en la b\u00fasqueda de la compensaci\u00f3n y la justicia que merece.<\/p>\n<p><a href=\"https:\/\/sandovalpllc.com\/es\/contactese\/\" target=\"_new\" rel=\"noopener\">Contacte a Sandoval Law PLLC<\/a> hoy para programar su consulta gratuita y defender sus derechos.<\/p>\n","protected":false},"excerpt":{"rendered":"<p>Dispensar el Medicamento Equivocado \u00a1HAGA VALER SU DERECHO! \u00a1Llama al Abogado Sandoval ahora mismo al En Sandoval Law Firm, entendemos las consecuencias devastadoras que pueden surgir cuando ocurren errores de medicaci\u00f3n. Cuando conf\u00eda su salud a un profesional m\u00e9dico o a una farmacia, tiene derecho a esperar una atenci\u00f3n competente y precisa. Los medicamentos dispensados&#8230; <a href=\"https:\/\/sandovalpllc.com\/es\/medicamentos-recetados-mal-dispensados\/\" class=\"learn-btn\">Continue Reading<\/a><\/p>\n","protected":false},"author":6,"featured_media":1903,"parent":0,"menu_order":0,"comment_status":"closed","ping_status":"closed","template":"","meta":{"_acf_changed":false,"_genesis_hide_title":false,"_genesis_hide_breadcrumbs":false,"_genesis_hide_singular_image":false,"_genesis_hide_footer_widgets":false,"_genesis_custom_body_class":"","_genesis_custom_post_class":"","_genesis_layout":"","footnotes":""},"class_list":{"0":"post-1902","1":"page","2":"type-page","3":"status-publish","4":"has-post-thumbnail","6":"entry"},"acf":[],"yoast_head":"<!-- This site is optimized with the Yoast SEO plugin v26.8 - https:\/\/yoast.com\/product\/yoast-seo-wordpress\/ -->\n<title>Medicamentos Recetados Mal Dispensados - Bufete de Abogados Sandoval Da\u00f1os Personales y Muerte Injusta<\/title>\n<meta name=\"description\" content=\"Cuando conf\u00eda su salud a un profesional m\u00e9dico o a una farmacia, tiene derecho a esperar una atenci\u00f3n competente y precisa.\" \/>\n<meta name=\"robots\" content=\"index, follow, max-snippet:-1, max-image-preview:large, max-video-preview:-1\" \/>\n<link rel=\"canonical\" href=\"https:\/\/sandovalpllc.com\/es\/medicamentos-recetados-mal-dispensados\/\" \/>\n<meta property=\"og:locale\" content=\"es_ES\" \/>\n<meta property=\"og:type\" content=\"article\" \/>\n<meta property=\"og:title\" content=\"Medicamentos Recetados Mal Dispensados - Bufete de Abogados Sandoval Da\u00f1os Personales y Muerte Injusta\" \/>\n<meta property=\"og:description\" content=\"Cuando conf\u00eda su salud a un profesional m\u00e9dico o a una farmacia, tiene derecho a esperar una atenci\u00f3n competente y precisa.\" \/>\n<meta property=\"og:url\" content=\"https:\/\/sandovalpllc.com\/es\/medicamentos-recetados-mal-dispensados\/\" \/>\n<meta property=\"og:site_name\" content=\"Bufete de Abogados Sandoval Da\u00f1os Personales y Muerte Injusta\" \/>\n<meta property=\"article:modified_time\" content=\"2023-09-19T13:34:10+00:00\" \/>\n<meta property=\"og:image\" content=\"https:\/\/sandovalpllc.com\/es\/wp-content\/uploads\/sites\/2\/2023\/09\/shutterstock_1198665823.jpg\" \/>\n\t<meta property=\"og:image:width\" content=\"1750\" \/>\n\t<meta property=\"og:image:height\" content=\"1167\" \/>\n\t<meta property=\"og:image:type\" content=\"image\/jpeg\" \/>\n<meta name=\"twitter:card\" content=\"summary_large_image\" \/>\n<meta name=\"twitter:label1\" content=\"Est. reading time\" \/>\n\t<meta name=\"twitter:data1\" content=\"3 minutos\" \/>\n<script type=\"application\/ld+json\" class=\"yoast-schema-graph\">{\"@context\":\"https:\/\/schema.org\",\"@graph\":[{\"@type\":\"WebPage\",\"@id\":\"https:\/\/sandovalpllc.com\/es\/medicamentos-recetados-mal-dispensados\/\",\"url\":\"https:\/\/sandovalpllc.com\/es\/medicamentos-recetados-mal-dispensados\/\",\"name\":\"Medicamentos Recetados Mal Dispensados - Bufete de Abogados Sandoval Da\u00f1os Personales y Muerte Injusta\",\"isPartOf\":{\"@id\":\"https:\/\/sandovalpllc.com\/es\/#website\"},\"primaryImageOfPage\":{\"@id\":\"https:\/\/sandovalpllc.com\/es\/medicamentos-recetados-mal-dispensados\/#primaryimage\"},\"image\":{\"@id\":\"https:\/\/sandovalpllc.com\/es\/medicamentos-recetados-mal-dispensados\/#primaryimage\"},\"thumbnailUrl\":\"https:\/\/sandovalpllc.com\/es\/wp-content\/uploads\/sites\/2\/2023\/09\/shutterstock_1198665823.jpg\",\"datePublished\":\"2023-09-19T13:23:58+00:00\",\"dateModified\":\"2023-09-19T13:34:10+00:00\",\"description\":\"Cuando conf\u00eda su salud a un profesional m\u00e9dico o a una farmacia, tiene derecho a esperar una atenci\u00f3n competente y precisa.\",\"breadcrumb\":{\"@id\":\"https:\/\/sandovalpllc.com\/es\/medicamentos-recetados-mal-dispensados\/#breadcrumb\"},\"inLanguage\":\"es-PE\",\"potentialAction\":[{\"@type\":\"ReadAction\",\"target\":[\"https:\/\/sandovalpllc.com\/es\/medicamentos-recetados-mal-dispensados\/\"]}]},{\"@type\":\"ImageObject\",\"inLanguage\":\"es-PE\",\"@id\":\"https:\/\/sandovalpllc.com\/es\/medicamentos-recetados-mal-dispensados\/#primaryimage\",\"url\":\"https:\/\/sandovalpllc.com\/es\/wp-content\/uploads\/sites\/2\/2023\/09\/shutterstock_1198665823.jpg\",\"contentUrl\":\"https:\/\/sandovalpllc.com\/es\/wp-content\/uploads\/sites\/2\/2023\/09\/shutterstock_1198665823.jpg\",\"width\":1750,\"height\":1167,\"caption\":\"Los medicamentos dispensados \u200b\u200bincorrectamente\"},{\"@type\":\"BreadcrumbList\",\"@id\":\"https:\/\/sandovalpllc.com\/es\/medicamentos-recetados-mal-dispensados\/#breadcrumb\",\"itemListElement\":[{\"@type\":\"ListItem\",\"position\":1,\"name\":\"Home\",\"item\":\"https:\/\/sandovalpllc.com\/es\/\"},{\"@type\":\"ListItem\",\"position\":2,\"name\":\"Medicamentos Recetados Mal Dispensados\"}]},{\"@type\":\"WebSite\",\"@id\":\"https:\/\/sandovalpllc.com\/es\/#website\",\"url\":\"https:\/\/sandovalpllc.com\/es\/\",\"name\":\"Bufete de Abogados Sandoval Da\u00f1os Personales y Muerte Injusta\",\"description\":\"Just another Sandoval Law Firm, PLLC Sites site\",\"potentialAction\":[{\"@type\":\"SearchAction\",\"target\":{\"@type\":\"EntryPoint\",\"urlTemplate\":\"https:\/\/sandovalpllc.com\/es\/?s={search_term_string}\"},\"query-input\":{\"@type\":\"PropertyValueSpecification\",\"valueRequired\":true,\"valueName\":\"search_term_string\"}}],\"inLanguage\":\"es-PE\"}]}<\/script>\n<!-- \/ Yoast SEO plugin. -->","yoast_head_json":{"title":"Medicamentos Recetados Mal Dispensados - Bufete de Abogados Sandoval Da\u00f1os Personales y Muerte Injusta","description":"Cuando conf\u00eda su salud a un profesional m\u00e9dico o a una farmacia, tiene derecho a esperar una atenci\u00f3n competente y precisa.","robots":{"index":"index","follow":"follow","max-snippet":"max-snippet:-1","max-image-preview":"max-image-preview:large","max-video-preview":"max-video-preview:-1"},"canonical":"https:\/\/sandovalpllc.com\/es\/medicamentos-recetados-mal-dispensados\/","og_locale":"es_ES","og_type":"article","og_title":"Medicamentos Recetados Mal Dispensados - Bufete de Abogados Sandoval Da\u00f1os Personales y Muerte Injusta","og_description":"Cuando conf\u00eda su salud a un profesional m\u00e9dico o a una farmacia, tiene derecho a esperar una atenci\u00f3n competente y precisa.","og_url":"https:\/\/sandovalpllc.com\/es\/medicamentos-recetados-mal-dispensados\/","og_site_name":"Bufete de Abogados Sandoval Da\u00f1os Personales y Muerte Injusta","article_modified_time":"2023-09-19T13:34:10+00:00","og_image":[{"width":1750,"height":1167,"url":"https:\/\/sandovalpllc.com\/es\/wp-content\/uploads\/sites\/2\/2023\/09\/shutterstock_1198665823.jpg","type":"image\/jpeg"}],"twitter_card":"summary_large_image","twitter_misc":{"Est. reading time":"3 minutos"},"schema":{"@context":"https:\/\/schema.org","@graph":[{"@type":"WebPage","@id":"https:\/\/sandovalpllc.com\/es\/medicamentos-recetados-mal-dispensados\/","url":"https:\/\/sandovalpllc.com\/es\/medicamentos-recetados-mal-dispensados\/","name":"Medicamentos Recetados Mal Dispensados - Bufete de Abogados Sandoval Da\u00f1os Personales y Muerte Injusta","isPartOf":{"@id":"https:\/\/sandovalpllc.com\/es\/#website"},"primaryImageOfPage":{"@id":"https:\/\/sandovalpllc.com\/es\/medicamentos-recetados-mal-dispensados\/#primaryimage"},"image":{"@id":"https:\/\/sandovalpllc.com\/es\/medicamentos-recetados-mal-dispensados\/#primaryimage"},"thumbnailUrl":"https:\/\/sandovalpllc.com\/es\/wp-content\/uploads\/sites\/2\/2023\/09\/shutterstock_1198665823.jpg","datePublished":"2023-09-19T13:23:58+00:00","dateModified":"2023-09-19T13:34:10+00:00","description":"Cuando conf\u00eda su salud a un profesional m\u00e9dico o a una farmacia, tiene derecho a esperar una atenci\u00f3n competente y precisa.","breadcrumb":{"@id":"https:\/\/sandovalpllc.com\/es\/medicamentos-recetados-mal-dispensados\/#breadcrumb"},"inLanguage":"es-PE","potentialAction":[{"@type":"ReadAction","target":["https:\/\/sandovalpllc.com\/es\/medicamentos-recetados-mal-dispensados\/"]}]},{"@type":"ImageObject","inLanguage":"es-PE","@id":"https:\/\/sandovalpllc.com\/es\/medicamentos-recetados-mal-dispensados\/#primaryimage","url":"https:\/\/sandovalpllc.com\/es\/wp-content\/uploads\/sites\/2\/2023\/09\/shutterstock_1198665823.jpg","contentUrl":"https:\/\/sandovalpllc.com\/es\/wp-content\/uploads\/sites\/2\/2023\/09\/shutterstock_1198665823.jpg","width":1750,"height":1167,"caption":"Los medicamentos dispensados \u200b\u200bincorrectamente"},{"@type":"BreadcrumbList","@id":"https:\/\/sandovalpllc.com\/es\/medicamentos-recetados-mal-dispensados\/#breadcrumb","itemListElement":[{"@type":"ListItem","position":1,"name":"Home","item":"https:\/\/sandovalpllc.com\/es\/"},{"@type":"ListItem","position":2,"name":"Medicamentos Recetados Mal Dispensados"}]},{"@type":"WebSite","@id":"https:\/\/sandovalpllc.com\/es\/#website","url":"https:\/\/sandovalpllc.com\/es\/","name":"Bufete de Abogados Sandoval Da\u00f1os Personales y Muerte Injusta","description":"Just another Sandoval Law Firm, PLLC Sites site","potentialAction":[{"@type":"SearchAction","target":{"@type":"EntryPoint","urlTemplate":"https:\/\/sandovalpllc.com\/es\/?s={search_term_string}"},"query-input":{"@type":"PropertyValueSpecification","valueRequired":true,"valueName":"search_term_string"}}],"inLanguage":"es-PE"}]}},"_links":{"self":[{"href":"https:\/\/sandovalpllc.com\/es\/wp-json\/wp\/v2\/pages\/1902","targetHints":{"allow":["GET"]}}],"collection":[{"href":"https:\/\/sandovalpllc.com\/es\/wp-json\/wp\/v2\/pages"}],"about":[{"href":"https:\/\/sandovalpllc.com\/es\/wp-json\/wp\/v2\/types\/page"}],"author":[{"embeddable":true,"href":"https:\/\/sandovalpllc.com\/es\/wp-json\/wp\/v2\/users\/6"}],"replies":[{"embeddable":true,"href":"https:\/\/sandovalpllc.com\/es\/wp-json\/wp\/v2\/comments?post=1902"}],"version-history":[{"count":0,"href":"https:\/\/sandovalpllc.com\/es\/wp-json\/wp\/v2\/pages\/1902\/revisions"}],"wp:featuredmedia":[{"embeddable":true,"href":"https:\/\/sandovalpllc.com\/es\/wp-json\/wp\/v2\/media\/1903"}],"wp:attachment":[{"href":"https:\/\/sandovalpllc.com\/es\/wp-json\/wp\/v2\/media?parent=1902"}],"curies":[{"name":"wp","href":"https:\/\/api.w.org\/{rel}","templated":true}]}}