{"id":1400,"date":"2022-11-04T04:44:45","date_gmt":"2022-11-04T04:44:45","guid":{"rendered":"https:\/\/sandovalpllc.com\/es\/?page_id=1400"},"modified":"2024-03-15T22:26:01","modified_gmt":"2024-03-15T22:26:01","slug":"publicaciones-defensores-de-lesionados","status":"publish","type":"page","link":"https:\/\/sandovalpllc.com\/es\/publicaciones-defensores-de-lesionados\/","title":{"rendered":"Publicaciones en Google My Business (GMB) del abogado de accidentes de Texas"},"content":{"rendered":"<p>Compartimos publicaciones locales publicadas a trav\u00e9s de nuestro perfil de Google para que pueda encontrar nuestro contenido relevante a su b\u00fasqueda local de Google.<br \/>\n\t\t<section class=\"g_posts row\" id=\"g_posts\">\t\t\t\t<div class=\"g_post\">\t\t\t\t\t<div class=\"g_image\" style=\"text-align:center;\">\r\n\t\t\t\t\t\t<a href=\"https:\/\/sandovalpllc.com\/es\/gpost\/google-post-5114144280250159186\/\" target=\"_blank\"><img decoding=\"async\" src=\"https:\/\/sandovalpllc.com\/es\/wp-content\/uploads\/sites\/2\/2026\/03\/5114144280250159186.jpg\" width=\"335\" ><\/a>\r\n\t\t\t\t\t<\/div>\t\t\t\t\t<div class=\"g_text\" style=\"padding:20px 0;\">\r\n\t\t\t\t\t\t<div class=\"gpost-title\"><h3><a href=\"https:\/\/sandovalpllc.com\/es\/gpost\/google-post-5114144280250159186\/\" target=\"_blank\"><\/a><\/h3><\/div>\r\n\t\t\t\t\t\t<a href=\"https:\/\/sandovalpllc.com\/es\/gpost\/google-post-5114144280250159186\/\" target=\"_blank\"><small>Posted on Mar 30, 2026<\/small><\/a>\r\n\t\t\t\t\t\t<div class=\"gpost-excerpt\">\r\n\t\t\t\t\t\t\t\ud83d\udea8 \u00bfSe lesion\u00f3 en el trabajo y no hay seguro?Si su empleador no tiene seguro de compensaci\u00f3n laboral, es posible que \u00e9l mismo quiera decidir d\u00f3nde y c\u00f3mo recibe atenci\u00f3n m\u00e9dica.\t\t\t\t\t\t\t\t<span class=\"read-more\"> [<a class=\"read-more\" href=\"https:\/\/sandovalpllc.com\/es\/gpost\/google-post-5114144280250159186\/\">Leer m\u00e1s<\/a>]<\/span>\r\n\t\t\t\t\t\t<\/div>\r\n\t\t\t\t\t<\/div>\t\t\t\t\t\t<a href=\"https:\/\/sandovalpllc.com\/es\/\" target=\"_blank\" class=\"g_cta\">Learn more<\/a>\t\t\t\r\n\t\t\t\t<\/div>\t\t\t\t<div class=\"g_post\">\t\t\t\t\t<div class=\"g_image\" style=\"text-align:center;\">\r\n\t\t\t\t\t\t<a href=\"https:\/\/sandovalpllc.com\/es\/gpost\/google-post-8130171583446328642\/\" target=\"_blank\"><img decoding=\"async\" src=\"https:\/\/sandovalpllc.com\/es\/wp-content\/uploads\/sites\/2\/2026\/03\/8130171583446328642.jpg\" width=\"335\" ><\/a>\r\n\t\t\t\t\t<\/div>\t\t\t\t\t<div class=\"g_text\" style=\"padding:20px 0;\">\r\n\t\t\t\t\t\t<div class=\"gpost-title\"><h3><a href=\"https:\/\/sandovalpllc.com\/es\/gpost\/google-post-8130171583446328642\/\" target=\"_blank\"><\/a><\/h3><\/div>\r\n\t\t\t\t\t\t<a href=\"https:\/\/sandovalpllc.com\/es\/gpost\/google-post-8130171583446328642\/\" target=\"_blank\"><small>Posted on Mar 30, 2026<\/small><\/a>\r\n\t\t\t\t\t\t<div class=\"gpost-excerpt\">\r\n\t\t\t\t\t\t\t\u2696\ufe0f Derechos de los Trabajadores: No se quede con la primera respuesta. Inf\u00f3rmese.Si su empleador o la aseguradora rechaz\u00f3 su reclamo, eso no siempre es el final del camino. Muchas\t\t\t\t\t\t\t\t<span class=\"read-more\"> [<a class=\"read-more\" href=\"https:\/\/sandovalpllc.com\/es\/gpost\/google-post-8130171583446328642\/\">Leer m\u00e1s<\/a>]<\/span>\r\n\t\t\t\t\t\t<\/div>\r\n\t\t\t\t\t<\/div>\t\t\t\t\t\t<a href=\"tel:+13463477777\" target=\"_blank\" class=\"g_cta\">Call now<\/a>\t\t\t\r\n\t\t\t\t<\/div>\t\t\t\t<div class=\"g_post\">\t\t\t\t\t<div class=\"g_image\" style=\"text-align:center;\">\r\n\t\t\t\t\t\t<a href=\"https:\/\/sandovalpllc.com\/es\/gpost\/google-post-1673798198475361153\/\" target=\"_blank\"><img decoding=\"async\" src=\"https:\/\/sandovalpllc.com\/es\/wp-content\/uploads\/sites\/2\/2026\/03\/1673798198475361153.jpg\" width=\"335\" ><\/a>\r\n\t\t\t\t\t<\/div>\t\t\t\t\t<div class=\"g_text\" style=\"padding:20px 0;\">\r\n\t\t\t\t\t\t<div class=\"gpost-title\"><h3><a href=\"https:\/\/sandovalpllc.com\/es\/gpost\/google-post-1673798198475361153\/\" target=\"_blank\"><\/a><\/h3><\/div>\r\n\t\t\t\t\t\t<a href=\"https:\/\/sandovalpllc.com\/es\/gpost\/google-post-1673798198475361153\/\" target=\"_blank\"><small>Posted on Mar 30, 2026<\/small><\/a>\r\n\t\t\t\t\t\t<div class=\"gpost-excerpt\">\r\n\t\t\t\t\t\t\t\ud83d\udea8\u26a0\ufe0f \u00a1No creas todo lo que escuchas sobre lesiones laborales! \u26a0\ufe0f\ud83d\udea8Muchos trabajadores en Texas caen en mitos que pueden poner en riesgo su compensaci\u00f3n.\u274c \u201cSi fue mi culpa,\t\t\t\t\t\t\t\t<span class=\"read-more\"> [<a class=\"read-more\" href=\"https:\/\/sandovalpllc.com\/es\/gpost\/google-post-1673798198475361153\/\">Leer m\u00e1s<\/a>]<\/span>\r\n\t\t\t\t\t\t<\/div>\r\n\t\t\t\t\t<\/div>\t\t\t\t\t\t<a href=\"https:\/\/sandovalpllc.com\/es\/\" target=\"_blank\" class=\"g_cta\">Learn more<\/a>\t\t\t\r\n\t\t\t\t<\/div>\t\t\t\t<div class=\"g_post\">\t\t\t\t\t<div class=\"g_image\" style=\"text-align:center;\">\r\n\t\t\t\t\t\t<a href=\"https:\/\/sandovalpllc.com\/es\/gpost\/google-post-7151766098471031581\/\" target=\"_blank\"><img decoding=\"async\" src=\"https:\/\/sandovalpllc.com\/es\/wp-content\/uploads\/sites\/2\/2026\/03\/7151766098471031581.jpg\" width=\"335\" ><\/a>\r\n\t\t\t\t\t<\/div>\t\t\t\t\t<div class=\"g_text\" style=\"padding:20px 0;\">\r\n\t\t\t\t\t\t<div class=\"gpost-title\"><h3><a href=\"https:\/\/sandovalpllc.com\/es\/gpost\/google-post-7151766098471031581\/\" target=\"_blank\"><\/a><\/h3><\/div>\r\n\t\t\t\t\t\t<a href=\"https:\/\/sandovalpllc.com\/es\/gpost\/google-post-7151766098471031581\/\" target=\"_blank\"><small>Posted on Mar 30, 2026<\/small><\/a>\r\n\t\t\t\t\t\t<div class=\"gpost-excerpt\">\r\n\t\t\t\t\t\t\t\u2696\ufe0f No contar con seguro no le quita sus derechosSi sufri\u00f3 una lesi\u00f3n en el trabajo y su empleador no tiene seguro, eso no significa que est\u00e9 desprotegido. En Texas, todav\u00eda existen\t\t\t\t\t\t\t\t<span class=\"read-more\"> [<a class=\"read-more\" href=\"https:\/\/sandovalpllc.com\/es\/gpost\/google-post-7151766098471031581\/\">Leer m\u00e1s<\/a>]<\/span>\r\n\t\t\t\t\t\t<\/div>\r\n\t\t\t\t\t<\/div>\t\t\t\t\t\t<a href=\"tel:+13463477777\" target=\"_blank\" class=\"g_cta\">Call now<\/a>\t\t\t\r\n\t\t\t\t<\/div>\t\t\t\t<div class=\"g_post\">\t\t\t\t\t<div class=\"g_image\" style=\"text-align:center;\">\r\n\t\t\t\t\t\t<a href=\"https:\/\/sandovalpllc.com\/es\/gpost\/google-post-858185360983071895\/\" target=\"_blank\"><img decoding=\"async\" src=\"https:\/\/sandovalpllc.com\/es\/wp-content\/uploads\/sites\/2\/2026\/03\/858185360983071895.jpg\" width=\"335\" ><\/a>\r\n\t\t\t\t\t<\/div>\t\t\t\t\t<div class=\"g_text\" style=\"padding:20px 0;\">\r\n\t\t\t\t\t\t<div class=\"gpost-title\"><h3><a href=\"https:\/\/sandovalpllc.com\/es\/gpost\/google-post-858185360983071895\/\" target=\"_blank\"><\/a><\/h3><\/div>\r\n\t\t\t\t\t\t<a href=\"https:\/\/sandovalpllc.com\/es\/gpost\/google-post-858185360983071895\/\" target=\"_blank\"><small>Posted on Mar 30, 2026<\/small><\/a>\r\n\t\t\t\t\t\t<div class=\"gpost-excerpt\">\r\n\t\t\t\t\t\t\t\ud83e\udd15\u00bfSe lesion\u00f3 mientras trabajaba en Walmart? Si sufri\u00f3 una lesi\u00f3n en un accidente laboral en Walmart, tiene derechos que debemos proteger. En la firma de abogados Hector L. Sandoval,\t\t\t\t\t\t\t\t<span class=\"read-more\"> [<a class=\"read-more\" href=\"https:\/\/sandovalpllc.com\/es\/gpost\/google-post-858185360983071895\/\">Leer m\u00e1s<\/a>]<\/span>\r\n\t\t\t\t\t\t<\/div>\r\n\t\t\t\t\t<\/div>\t\t\t\t\t\t<a href=\"https:\/\/sandovalpllc.com\/es\/reclamos-compensacion-trabajadores-walmart\/\" target=\"_blank\" class=\"g_cta\">Learn more<\/a>\t\t\t\r\n\t\t\t\t<\/div>\t\t\t\t<div class=\"g_post\">\t\t\t\t\t<div class=\"g_image\" style=\"text-align:center;\">\r\n\t\t\t\t\t\t<a href=\"https:\/\/sandovalpllc.com\/es\/gpost\/google-post-98871304219396817\/\" target=\"_blank\"><img decoding=\"async\" src=\"https:\/\/sandovalpllc.com\/es\/wp-content\/uploads\/sites\/2\/2026\/03\/98871304219396817.jpg\" width=\"335\" ><\/a>\r\n\t\t\t\t\t<\/div>\t\t\t\t\t<div class=\"g_text\" style=\"padding:20px 0;\">\r\n\t\t\t\t\t\t<div class=\"gpost-title\"><h3><a href=\"https:\/\/sandovalpllc.com\/es\/gpost\/google-post-98871304219396817\/\" target=\"_blank\"><\/a><\/h3><\/div>\r\n\t\t\t\t\t\t<a href=\"https:\/\/sandovalpllc.com\/es\/gpost\/google-post-98871304219396817\/\" target=\"_blank\"><small>Posted on Mar 30, 2026<\/small><\/a>\r\n\t\t\t\t\t\t<div class=\"gpost-excerpt\">\r\n\t\t\t\t\t\t\t\u2696\ufe0f Derechos laborales en Texas: lo que usted debe saber\u00bfSe lesion\u00f3 en el trabajo? No tiene que pasar por esta situaci\u00f3n sin apoyo.Muchos trabajadores en Texas desconocen si su empleador\t\t\t\t\t\t\t\t<span class=\"read-more\"> [<a class=\"read-more\" href=\"https:\/\/sandovalpllc.com\/es\/gpost\/google-post-98871304219396817\/\">Leer m\u00e1s<\/a>]<\/span>\r\n\t\t\t\t\t\t<\/div>\r\n\t\t\t\t\t<\/div>\t\t\t\t\t\t<a href=\"tel:+13463477777\" target=\"_blank\" class=\"g_cta\">Call now<\/a>\t\t\t\r\n\t\t\t\t<\/div>\t\t\t\t<div class=\"g_post\">\t\t\t\t\t<div class=\"g_image\" style=\"text-align:center;\">\r\n\t\t\t\t\t\t<a href=\"https:\/\/sandovalpllc.com\/es\/gpost\/google-post-9027037684348572084\/\" target=\"_blank\"><img decoding=\"async\" src=\"https:\/\/sandovalpllc.com\/es\/wp-content\/uploads\/sites\/2\/2026\/02\/9027037684348572084.jpg\" width=\"335\" ><\/a>\r\n\t\t\t\t\t<\/div>\t\t\t\t\t<div class=\"g_text\" style=\"padding:20px 0;\">\r\n\t\t\t\t\t\t<div class=\"gpost-title\"><h3><a href=\"https:\/\/sandovalpllc.com\/es\/gpost\/google-post-9027037684348572084\/\" target=\"_blank\"><\/a><\/h3><\/div>\r\n\t\t\t\t\t\t<a href=\"https:\/\/sandovalpllc.com\/es\/gpost\/google-post-9027037684348572084\/\" target=\"_blank\"><small>Posted on Feb 26, 2026<\/small><\/a>\r\n\t\t\t\t\t\t<div class=\"gpost-excerpt\">\r\n\t\t\t\t\t\t\t\u2696\ufe0f Los casos de compensaci\u00f3n laboral pueden ser complicados y a menudo est\u00e1n llenos de mitos y malentendidos. Es esencial tener el apoyo adecuado.\ud83d\udcde Ll\u00e1menos para recibir el apoyo\t\t\t\t\t\t\t\t<span class=\"read-more\"> [<a class=\"read-more\" href=\"https:\/\/sandovalpllc.com\/es\/gpost\/google-post-9027037684348572084\/\">Leer m\u00e1s<\/a>]<\/span>\r\n\t\t\t\t\t\t<\/div>\r\n\t\t\t\t\t<\/div>\t\t\t\t\t\t<a href=\"tel:+13463477777\" target=\"_blank\" class=\"g_cta\">Call now<\/a>\t\t\t\r\n\t\t\t\t<\/div>\t\t\t\t<div class=\"g_post\">\t\t\t\t\t<div class=\"g_image\" style=\"text-align:center;\">\r\n\t\t\t\t\t\t<a href=\"https:\/\/sandovalpllc.com\/es\/gpost\/google-post-3122049699552602184\/\" target=\"_blank\"><img decoding=\"async\" src=\"https:\/\/sandovalpllc.com\/es\/wp-content\/uploads\/sites\/2\/2026\/02\/3122049699552602184.jpg\" width=\"335\" ><\/a>\r\n\t\t\t\t\t<\/div>\t\t\t\t\t<div class=\"g_text\" style=\"padding:20px 0;\">\r\n\t\t\t\t\t\t<div class=\"gpost-title\"><h3><a href=\"https:\/\/sandovalpllc.com\/es\/gpost\/google-post-3122049699552602184\/\" target=\"_blank\"><\/a><\/h3><\/div>\r\n\t\t\t\t\t\t<a href=\"https:\/\/sandovalpllc.com\/es\/gpost\/google-post-3122049699552602184\/\" target=\"_blank\"><small>Posted on Feb 26, 2026<\/small><\/a>\r\n\t\t\t\t\t\t<div class=\"gpost-excerpt\">\r\n\t\t\t\t\t\t\t\ud83d\udc76 Lesiones durante el nacimiento en TexasCuando la llegada de un beb\u00e9 se complica por una posible negligencia m\u00e9dica, las familias merecen claridad, respuestas y respaldo legal confiable.\t\t\t\t\t\t\t\t<span class=\"read-more\"> [<a class=\"read-more\" href=\"https:\/\/sandovalpllc.com\/es\/gpost\/google-post-3122049699552602184\/\">Leer m\u00e1s<\/a>]<\/span>\r\n\t\t\t\t\t\t<\/div>\r\n\t\t\t\t\t<\/div>\t\t\t\t\t\t<a href=\"https:\/\/sandovalpllc.com\/es\/navegar-los-casos-de-lesiones-durante-el-nacimiento\/\" target=\"_blank\" class=\"g_cta\">Learn more<\/a>\t\t\t\r\n\t\t\t\t<\/div>\t\t\t\t<div class=\"g_post\">\t\t\t\t\t<div class=\"g_image\" style=\"text-align:center;\">\r\n\t\t\t\t\t\t<a href=\"https:\/\/sandovalpllc.com\/es\/gpost\/google-post-2541386227279401758\/\" target=\"_blank\"><img decoding=\"async\" src=\"https:\/\/sandovalpllc.com\/es\/wp-content\/uploads\/sites\/2\/2026\/02\/2541386227279401758.jpg\" width=\"335\" ><\/a>\r\n\t\t\t\t\t<\/div>\t\t\t\t\t<div class=\"g_text\" style=\"padding:20px 0;\">\r\n\t\t\t\t\t\t<div class=\"gpost-title\"><h3><a href=\"https:\/\/sandovalpllc.com\/es\/gpost\/google-post-2541386227279401758\/\" target=\"_blank\"><\/a><\/h3><\/div>\r\n\t\t\t\t\t\t<a href=\"https:\/\/sandovalpllc.com\/es\/gpost\/google-post-2541386227279401758\/\" target=\"_blank\"><small>Posted on Feb 26, 2026<\/small><\/a>\r\n\t\t\t\t\t\t<div class=\"gpost-excerpt\">\r\n\t\t\t\t\t\t\t\ud83d\ude97\ud83d\udca5 \u00bfTuvo un accidente de auto? No enfrente esta situaci\u00f3n solo.En Sandoval Law Firm PLLC, el abogado H\u00e9ctor L. Sandoval pone a su disposici\u00f3n m\u00e1s de 20 a\u00f1os de experiencia representando\t\t\t\t\t\t\t\t<span class=\"read-more\"> [<a class=\"read-more\" href=\"https:\/\/sandovalpllc.com\/es\/gpost\/google-post-2541386227279401758\/\">Leer m\u00e1s<\/a>]<\/span>\r\n\t\t\t\t\t\t<\/div>\r\n\t\t\t\t\t<\/div>\t\t\t\t\t\t<a href=\"tel:+13463477777\" target=\"_blank\" class=\"g_cta\">Call now<\/a>\t\t\t\r\n\t\t\t\t<\/div>\t\t\t\t<div class=\"g_post\">\t\t\t\t\t<div class=\"g_image\" style=\"text-align:center;\">\r\n\t\t\t\t\t\t<a href=\"https:\/\/sandovalpllc.com\/es\/gpost\/google-post-3175313014023605829\/\" target=\"_blank\"><img decoding=\"async\" src=\"https:\/\/sandovalpllc.com\/es\/wp-content\/uploads\/sites\/2\/2026\/02\/3175313014023605829.jpg\" width=\"335\" ><\/a>\r\n\t\t\t\t\t<\/div>\t\t\t\t\t<div class=\"g_text\" style=\"padding:20px 0;\">\r\n\t\t\t\t\t\t<div class=\"gpost-title\"><h3><a href=\"https:\/\/sandovalpllc.com\/es\/gpost\/google-post-3175313014023605829\/\" target=\"_blank\"><\/a><\/h3><\/div>\r\n\t\t\t\t\t\t<a href=\"https:\/\/sandovalpllc.com\/es\/gpost\/google-post-3175313014023605829\/\" target=\"_blank\"><small>Posted on Feb 26, 2026<\/small><\/a>\r\n\t\t\t\t\t\t<div class=\"gpost-excerpt\">\r\n\t\t\t\t\t\t\t\ud83d\udea8 \u00bfSab\u00eda que Texas encabeza las cifras de muertes laborales en Estados Unidos?Pero, \u00bfqu\u00e9 est\u00e1 ocurriendo en Dallas?\ud83d\udccd Accidente mortal en almac\u00e9n de DallasJuan Ch\u00e1vez, subcontratista\t\t\t\t\t\t\t\t<span class=\"read-more\"> [<a class=\"read-more\" href=\"https:\/\/sandovalpllc.com\/es\/gpost\/google-post-3175313014023605829\/\">Leer m\u00e1s<\/a>]<\/span>\r\n\t\t\t\t\t\t<\/div>\r\n\t\t\t\t\t<\/div>\t\t\t\t\t\t<a href=\"https:\/\/sandovalpllc.com\/es\/lesiones-y-muertes-por-accidentes-en-almacenes-de-dallas\/\" target=\"_blank\" class=\"g_cta\">Learn more<\/a>\t\t\t\r\n\t\t\t\t<\/div>\t\t\t\t<div class=\"g_post\">\t\t\t\t\t<div class=\"g_image\" style=\"text-align:center;\">\r\n\t\t\t\t\t\t<a href=\"https:\/\/sandovalpllc.com\/es\/gpost\/google-post-814208916776689113\/\" target=\"_blank\"><img decoding=\"async\" src=\"https:\/\/sandovalpllc.com\/es\/wp-content\/uploads\/sites\/2\/2026\/02\/814208916776689113.jpg\" width=\"335\" ><\/a>\r\n\t\t\t\t\t<\/div>\t\t\t\t\t<div class=\"g_text\" style=\"padding:20px 0;\">\r\n\t\t\t\t\t\t<div class=\"gpost-title\"><h3><a href=\"https:\/\/sandovalpllc.com\/es\/gpost\/google-post-814208916776689113\/\" target=\"_blank\"><\/a><\/h3><\/div>\r\n\t\t\t\t\t\t<a href=\"https:\/\/sandovalpllc.com\/es\/gpost\/google-post-814208916776689113\/\" target=\"_blank\"><small>Posted on Feb 26, 2026<\/small><\/a>\r\n\t\t\t\t\t\t<div class=\"gpost-excerpt\">\r\n\t\t\t\t\t\t\t\ud83d\ude97\u26a0\ufe0f \u00bfTuvo un accidente con un conductor sin seguro en Houston?Un choque ya es bastante estresante. Cuando el otro conductor no tiene seguro, la situaci\u00f3n puede complicarse a\u00fan\t\t\t\t\t\t\t\t<span class=\"read-more\"> [<a class=\"read-more\" href=\"https:\/\/sandovalpllc.com\/es\/gpost\/google-post-814208916776689113\/\">Leer m\u00e1s<\/a>]<\/span>\r\n\t\t\t\t\t\t<\/div>\r\n\t\t\t\t\t<\/div>\t\t\t\t\t\t<a href=\"https:\/\/sandovalpllc.com\/es\/como-tratar-con-conductores-sin-seguro-en-houston\/\" target=\"_blank\" class=\"g_cta\">Learn more<\/a>\t\t\t\r\n\t\t\t\t<\/div>\t\t\t\t<div class=\"g_post\">\t\t\t\t\t<div class=\"g_image\" style=\"text-align:center;\">\r\n\t\t\t\t\t\t<a href=\"https:\/\/sandovalpllc.com\/es\/gpost\/google-post-8446192926473654191\/\" target=\"_blank\"><img decoding=\"async\" src=\"https:\/\/sandovalpllc.com\/es\/wp-content\/uploads\/sites\/2\/2026\/02\/8446192926473654191.jpg\" width=\"335\" ><\/a>\r\n\t\t\t\t\t<\/div>\t\t\t\t\t<div class=\"g_text\" style=\"padding:20px 0;\">\r\n\t\t\t\t\t\t<div class=\"gpost-title\"><h3><a href=\"https:\/\/sandovalpllc.com\/es\/gpost\/google-post-8446192926473654191\/\" target=\"_blank\"><\/a><\/h3><\/div>\r\n\t\t\t\t\t\t<a href=\"https:\/\/sandovalpllc.com\/es\/gpost\/google-post-8446192926473654191\/\" target=\"_blank\"><small>Posted on Feb 16, 2026<\/small><\/a>\r\n\t\t\t\t\t\t<div class=\"gpost-excerpt\">\r\n\t\t\t\t\t\t\t\ud83d\udcac Habla directamente con tu abogado, sin intermediarios.Desde el primer contacto hasta la resoluci\u00f3n de tu caso, recibir\u00e1s orientaci\u00f3n clara, atenci\u00f3n personalizada y comunicaci\u00f3n\t\t\t\t\t\t\t\t<span class=\"read-more\"> [<a class=\"read-more\" href=\"https:\/\/sandovalpllc.com\/es\/gpost\/google-post-8446192926473654191\/\">Leer m\u00e1s<\/a>]<\/span>\r\n\t\t\t\t\t\t<\/div>\r\n\t\t\t\t\t<\/div>\t\t\t\t\t\t<a href=\"tel:+13463477777\" target=\"_blank\" class=\"g_cta\">Call now<\/a>\t\t\t\r\n\t\t\t\t<\/div>\t\t<\/section><div class=\"archive-pagination pagination\"><ul><li class=\"active\" ><a href=\"https:\/\/sandovalpllc.com\/es\/wp-json\/wp\/v2\/pages\/1400\/\" aria-current=\"page\">1<\/a><\/li>\n<li><a href=\"https:\/\/sandovalpllc.com\/es\/wp-json\/wp\/v2\/pages\/1400\/page\/2\/\">2<\/a><\/li>\n<li><a href=\"https:\/\/sandovalpllc.com\/es\/wp-json\/wp\/v2\/pages\/1400\/page\/3\/\">3<\/a><\/li>\n<li class=\"pagination-omission\">&#x02026;<\/li> \n<li><a href=\"https:\/\/sandovalpllc.com\/es\/wp-json\/wp\/v2\/pages\/1400\/page\/23\/\">23<\/a><\/li>\n<li class=\"pagination-next\"><a href=\"https:\/\/sandovalpllc.com\/es\/wp-json\/wp\/v2\/pages\/1400\/page\/2\/\" >Next Page &#x000BB;<\/a><\/li>\n<\/ul><\/div>\n<\/p>\n","protected":false},"excerpt":{"rendered":"<p>Compartimos publicaciones locales publicadas a trav\u00e9s de nuestro perfil de Google para que pueda encontrar nuestro contenido relevante a su b\u00fasqueda local de Google.<\/p>\n","protected":false},"author":6,"featured_media":0,"parent":0,"menu_order":0,"comment_status":"closed","ping_status":"closed","template":"page-nobanner.php","meta":{"_acf_changed":false,"_genesis_hide_title":false,"_genesis_hide_breadcrumbs":false,"_genesis_hide_singular_image":false,"_genesis_hide_footer_widgets":false,"_genesis_custom_body_class":"","_genesis_custom_post_class":"","_genesis_layout":"full-width-content","footnotes":""},"class_list":{"0":"post-1400","1":"page","2":"type-page","3":"status-publish","5":"entry"},"acf":[],"yoast_head":"<!-- This site is optimized with the Yoast SEO plugin v26.8 - https:\/\/yoast.com\/product\/yoast-seo-wordpress\/ -->\n<title>Google My Business De Los Defensores De Los Lesionados<\/title>\n<meta name=\"description\" content=\"Compartimos publicaciones locales publicadas a trav\u00e9s de nuestro perfil de Google para que pueda encontrar nuestro contenido relevante a su b\u00fasqueda local de Google.\" \/>\n<meta name=\"robots\" content=\"index, follow, max-snippet:-1, max-image-preview:large, max-video-preview:-1\" \/>\n<link rel=\"canonical\" href=\"https:\/\/sandovalpllc.com\/es\/publicaciones-defensores-de-lesionados\/\" \/>\n<meta property=\"og:locale\" content=\"es_ES\" \/>\n<meta property=\"og:type\" content=\"article\" \/>\n<meta property=\"og:title\" content=\"Google My Business De Los Defensores De Los Lesionados\" \/>\n<meta property=\"og:description\" content=\"Compartimos publicaciones locales publicadas a trav\u00e9s de nuestro perfil de Google para que pueda encontrar nuestro contenido relevante a su b\u00fasqueda local de Google.\" \/>\n<meta property=\"og:url\" content=\"https:\/\/sandovalpllc.com\/es\/publicaciones-defensores-de-lesionados\/\" \/>\n<meta property=\"og:site_name\" content=\"Bufete de Abogados Sandoval Da\u00f1os Personales y Muerte Injusta\" \/>\n<meta property=\"article:modified_time\" content=\"2024-03-15T22:26:01+00:00\" \/>\n<meta name=\"twitter:card\" content=\"summary_large_image\" \/>\n<meta name=\"twitter:label1\" content=\"Est. reading time\" \/>\n\t<meta name=\"twitter:data1\" content=\"1 minuto\" \/>\n<script type=\"application\/ld+json\" class=\"yoast-schema-graph\">{\"@context\":\"https:\/\/schema.org\",\"@graph\":[{\"@type\":\"WebPage\",\"@id\":\"https:\/\/sandovalpllc.com\/es\/publicaciones-defensores-de-lesionados\/\",\"url\":\"https:\/\/sandovalpllc.com\/es\/publicaciones-defensores-de-lesionados\/\",\"name\":\"Google My Business De Los Defensores De Los Lesionados\",\"isPartOf\":{\"@id\":\"https:\/\/sandovalpllc.com\/es\/#website\"},\"datePublished\":\"2022-11-04T04:44:45+00:00\",\"dateModified\":\"2024-03-15T22:26:01+00:00\",\"description\":\"Compartimos publicaciones locales publicadas a trav\u00e9s de nuestro perfil de Google para que pueda encontrar nuestro contenido relevante a su b\u00fasqueda local de Google.\",\"breadcrumb\":{\"@id\":\"https:\/\/sandovalpllc.com\/es\/publicaciones-defensores-de-lesionados\/#breadcrumb\"},\"inLanguage\":\"es-PE\",\"potentialAction\":[{\"@type\":\"ReadAction\",\"target\":[\"https:\/\/sandovalpllc.com\/es\/publicaciones-defensores-de-lesionados\/\"]}]},{\"@type\":\"BreadcrumbList\",\"@id\":\"https:\/\/sandovalpllc.com\/es\/publicaciones-defensores-de-lesionados\/#breadcrumb\",\"itemListElement\":[{\"@type\":\"ListItem\",\"position\":1,\"name\":\"Home\",\"item\":\"https:\/\/sandovalpllc.com\/es\/\"},{\"@type\":\"ListItem\",\"position\":2,\"name\":\"Publicaciones en Google My Business (GMB) del abogado de accidentes de Texas\"}]},{\"@type\":\"WebSite\",\"@id\":\"https:\/\/sandovalpllc.com\/es\/#website\",\"url\":\"https:\/\/sandovalpllc.com\/es\/\",\"name\":\"Bufete de Abogados Sandoval Da\u00f1os Personales y Muerte Injusta\",\"description\":\"Just another Sandoval Law Firm, PLLC Sites site\",\"potentialAction\":[{\"@type\":\"SearchAction\",\"target\":{\"@type\":\"EntryPoint\",\"urlTemplate\":\"https:\/\/sandovalpllc.com\/es\/?s={search_term_string}\"},\"query-input\":{\"@type\":\"PropertyValueSpecification\",\"valueRequired\":true,\"valueName\":\"search_term_string\"}}],\"inLanguage\":\"es-PE\"}]}<\/script>\n<!-- \/ Yoast SEO plugin. -->","yoast_head_json":{"title":"Google My Business De Los Defensores De Los Lesionados","description":"Compartimos publicaciones locales publicadas a trav\u00e9s de nuestro perfil de Google para que pueda encontrar nuestro contenido relevante a su b\u00fasqueda local de Google.","robots":{"index":"index","follow":"follow","max-snippet":"max-snippet:-1","max-image-preview":"max-image-preview:large","max-video-preview":"max-video-preview:-1"},"canonical":"https:\/\/sandovalpllc.com\/es\/publicaciones-defensores-de-lesionados\/","og_locale":"es_ES","og_type":"article","og_title":"Google My Business De Los Defensores De Los Lesionados","og_description":"Compartimos publicaciones locales publicadas a trav\u00e9s de nuestro perfil de Google para que pueda encontrar nuestro contenido relevante a su b\u00fasqueda local de Google.","og_url":"https:\/\/sandovalpllc.com\/es\/publicaciones-defensores-de-lesionados\/","og_site_name":"Bufete de Abogados Sandoval Da\u00f1os Personales y Muerte Injusta","article_modified_time":"2024-03-15T22:26:01+00:00","twitter_card":"summary_large_image","twitter_misc":{"Est. reading time":"1 minuto"},"schema":{"@context":"https:\/\/schema.org","@graph":[{"@type":"WebPage","@id":"https:\/\/sandovalpllc.com\/es\/publicaciones-defensores-de-lesionados\/","url":"https:\/\/sandovalpllc.com\/es\/publicaciones-defensores-de-lesionados\/","name":"Google My Business De Los Defensores De Los Lesionados","isPartOf":{"@id":"https:\/\/sandovalpllc.com\/es\/#website"},"datePublished":"2022-11-04T04:44:45+00:00","dateModified":"2024-03-15T22:26:01+00:00","description":"Compartimos publicaciones locales publicadas a trav\u00e9s de nuestro perfil de Google para que pueda encontrar nuestro contenido relevante a su b\u00fasqueda local de Google.","breadcrumb":{"@id":"https:\/\/sandovalpllc.com\/es\/publicaciones-defensores-de-lesionados\/#breadcrumb"},"inLanguage":"es-PE","potentialAction":[{"@type":"ReadAction","target":["https:\/\/sandovalpllc.com\/es\/publicaciones-defensores-de-lesionados\/"]}]},{"@type":"BreadcrumbList","@id":"https:\/\/sandovalpllc.com\/es\/publicaciones-defensores-de-lesionados\/#breadcrumb","itemListElement":[{"@type":"ListItem","position":1,"name":"Home","item":"https:\/\/sandovalpllc.com\/es\/"},{"@type":"ListItem","position":2,"name":"Publicaciones en Google My Business (GMB) del abogado de accidentes de Texas"}]},{"@type":"WebSite","@id":"https:\/\/sandovalpllc.com\/es\/#website","url":"https:\/\/sandovalpllc.com\/es\/","name":"Bufete de Abogados Sandoval Da\u00f1os Personales y Muerte Injusta","description":"Just another Sandoval Law Firm, PLLC Sites site","potentialAction":[{"@type":"SearchAction","target":{"@type":"EntryPoint","urlTemplate":"https:\/\/sandovalpllc.com\/es\/?s={search_term_string}"},"query-input":{"@type":"PropertyValueSpecification","valueRequired":true,"valueName":"search_term_string"}}],"inLanguage":"es-PE"}]}},"_links":{"self":[{"href":"https:\/\/sandovalpllc.com\/es\/wp-json\/wp\/v2\/pages\/1400","targetHints":{"allow":["GET"]}}],"collection":[{"href":"https:\/\/sandovalpllc.com\/es\/wp-json\/wp\/v2\/pages"}],"about":[{"href":"https:\/\/sandovalpllc.com\/es\/wp-json\/wp\/v2\/types\/page"}],"author":[{"embeddable":true,"href":"https:\/\/sandovalpllc.com\/es\/wp-json\/wp\/v2\/users\/6"}],"replies":[{"embeddable":true,"href":"https:\/\/sandovalpllc.com\/es\/wp-json\/wp\/v2\/comments?post=1400"}],"version-history":[{"count":0,"href":"https:\/\/sandovalpllc.com\/es\/wp-json\/wp\/v2\/pages\/1400\/revisions"}],"wp:attachment":[{"href":"https:\/\/sandovalpllc.com\/es\/wp-json\/wp\/v2\/media?parent=1400"}],"curies":[{"name":"wp","href":"https:\/\/api.w.org\/{rel}","templated":true}]}}