{"id":1383,"date":"2022-09-30T13:30:00","date_gmt":"2022-09-30T13:30:00","guid":{"rendered":"https:\/\/sandovalpllc.com\/es\/?page_id=1383"},"modified":"2022-09-30T13:35:00","modified_gmt":"2022-09-30T13:35:00","slug":"preguntas-frecuentes","status":"publish","type":"page","link":"https:\/\/sandovalpllc.com\/es\/reclamos-compensacion-trabajadores-amazon\/preguntas-frecuentes\/","title":{"rendered":"Preguntas Frecuentes sobre Compensaci\u00f3n para Trabajadores de Amazon"},"content":{"rendered":"<h2>LO QUE DEBE SABER SI USTED ES UN <a href=\"https:\/\/sandovalpllc.com\/es\/reclamos-compensacion-trabajadores-amazon\/\" rel=\"noopener\" target=\"_blank\">TRABAJADOR LESIONADO EN UN CASO DE NO SUSCRIPCI\u00d3N DE AMAZON<\/a><\/h2>\n<p>Puede <a href=\"https:\/\/sandovalpllc.com\/es\/reclamos-compensacion-trabajadores-amazon\/\" rel=\"noopener noreferrer\" target=\"_blank\">leer aqui<\/a> algunas de las preguntas m\u00e1s frecuentes sobre las <strong>reclamaciones de indemnizaci\u00f3n de Amazon<\/strong>.<\/p>\n<div class=\"embed-responsive embed-responsive-16by9 mb-3\">\n  <iframe class=\"lazy-load\" class=\"embed-responsive-item\" data-src=\"https:\/\/www.youtube.com\/embed\/pJLk91S_IiE?list=PLYoxLwZEZVox7ZzO1HI75pvz65l5St8Ew&#038;index=21&amp;rel=0\" controls=0\"><\/iframe>\n<\/div>\n<p>Sus <a href=\"https:\/\/sandovalpllc.com\/es\/abogado-accidentes-trabajo\/\" rel=\"noopener noreferrer\" target=\"_blank\">abogados de accidentes de trabajo<\/a> en <a href=\"https:\/\/sandovalpllc.com\/es\/abogado-hector-sandoval\/\" rel=\"noopener noreferrer\" target=\"_blank\">Sandoval Law Firm<\/a> podr\u00e1n responder a cualquier pregunta adicional que pueda tener. Dicho esto, aqu\u00ed hay algunas preguntas frecuentes adicionales sobre su <a href=\"https:\/\/sandovalpllc.com\/es\/reclamos-compensacion-trabajadores-amazon\/\" rel=\"noopener noreferrer\" target=\"_blank\">caso de compensaci\u00f3n laboral de Amazon<\/a>:<\/p>\n<h3>\u00bfEs Dif\u00edcil Reclamar La Compensaci\u00f3n Laboral Para Los Trabajadores De Amazon? <\/h3>\n<p>Amazon es un <a href=\"https:\/\/sandovalpllc.com\/es\/abogado-accidentes-trabajo\/no-suscriptores\/\" rel=\"noopener noreferrer\" target=\"_blank\">empleador no suscrito en Texas<\/a>. Cuando los trabajadores de Amazon se lesionan en el trabajo, tienen derecho a la compensaci\u00f3n de los trabajadores que puede ayudar con sus gastos m\u00e9dicos y la p\u00e9rdida de ingresos. Amazon, sin embargo, se ha hecho famoso por hacer extremadamente dif\u00edcil para los trabajadores el reclamar los beneficios que necesitan.<\/p>\n<h3>\u00bfCu\u00e1les Son Los Peligros De Trabajar En Amazon?<\/h3>\n<p>Los peligros de trabajar en Amazon no son nada nuevo. Trabajar en cualquier almac\u00e9n es agotador, y el caso de los centros de distribuci\u00f3n de Amazon no es diferente. En estos centros, los trabajadores generalmente se paran en un lugar y se agachan para recoger productos y luego levantan esos productos por encima de sus cabezas para colocarlos en otro lugar para que el pedido pueda ser procesado. Tambi\u00e9n se espera que estos trabajadores alcancen ciertas cuotas, o que escaneen y coloquen un determinado n\u00famero de productos durante su turno.<\/p>\n<p>Lea tambi\u00e9n: <a href=\"https:\/\/sandovalpllc.com\/amazon-workers-compensation-claims\/faqs\/\" rel=\"noopener\" target=\"_blank\">Lesiones laborales m\u00e1s comunes<\/a> [ENG].<\/p>\n<h3>\u00bfCu\u00e1nto Tiempo Tengo Que Esperar Para Iniciar Una Reclamaci\u00f3n De Compensaci\u00f3n Laboral De Amazon En Texas?<\/h3>\n<p>Un <a href=\"https:\/\/sandovalpllc.com\/es\/abogado-accidentes-trabajo\/compensacion-de-trabajadores\/\" rel=\"noopener noreferrer\" target=\"_blank\">reclamo de compensaci\u00f3n laboral<\/a> debe hacerse dentro de los seis meses de la fecha de la lesi\u00f3n o incidente. Cuanto antes comience la reclamaci\u00f3n, mejor. En otras palabras, cuanto m\u00e1s permita a su empleador retrasar el proceso, m\u00e1s dif\u00edcil ser\u00e1 el camino para usted y su familia.<\/p>\n<h3>\u00bfPor Qu\u00e9 Es Dif\u00edcil Para Los Trabajadores De Amazon Recibir La Compensaci\u00f3n De Trabajadores?<\/h3>\n<p>Amazon no suele redactar informes de accidentes, e incluso hay historias de empleados que han sido objeto de represalias por buscar ayuda m\u00e9dica. Conseguir ayuda m\u00e9dica pronto despu\u00e9s de una lesi\u00f3n es crucial para una reclamaci\u00f3n de compensaci\u00f3n de trabajadores, pero cuando a los empleados no se les permite, la presentaci\u00f3n de una reclamaci\u00f3n se hace extremadamente dif\u00edcil. Esto es lo que hace que los trabajadores de Amazon tengan tantas dificultades para reclamar las prestaciones que merecen.<\/p>\n<h3>\u00bfQu\u00e9 Sucede Si Usted Renuncia Mientras Est\u00e1 En Amazon Workers Comp?<\/h3>\n<p>La renuncia al empleo puede considerarse un &#8220;incumplimiento de la mutualidad&#8221; bajo la legislaci\u00f3n de compensaci\u00f3n de los trabajadores. Consulte con su abogado de compensaci\u00f3n de trabajadores de Texas antes de renunciar para conocer las consecuencias de esa acci\u00f3n.<\/p>\n<h3>\u00bfExiste Un L\u00edmite En Los Beneficios En Un Caso De Compensaci\u00f3n De Trabajadores De Amazon?<\/h3>\n<p>En primer lugar, si su jefe en Amazon o el ajustador de compensaci\u00f3n de trabajadores le dice que debe tratar sus lesiones con sus m\u00e9dicos solamente, llame a un abogado de inmediato. Los empleadores tratar\u00e1n de utilizar el personal m\u00e9dico de la empresa para reducir su compensaci\u00f3n a los trabajadores y limitar la cuant\u00eda de las prestaciones m\u00e9dicas de por vida y los pagos por incapacidad total o temporal que reciba.<\/p>\n<p>Recuerde que si se le pasa una fecha l\u00edmite o llena incorrectamente el papeleo, es posible que nunca cobre ning\u00fan beneficio. As\u00ed que siempre es en su mejor beneficio llamar a un abogado de compensaci\u00f3n de trabajadores que pueda luchar por usted a lo largo del proceso de reclamaci\u00f3n.<\/p>\n<p>Una reclamaci\u00f3n contra Amazon puede resultar en el pago de todos sus gastos m\u00e9dicos relacionados con el accidente. Tambi\u00e9n puede recibir beneficios para cubrir los salarios perdidos mientras est\u00e1 temporal o permanentemente sin trabajo.<\/p>\n<p><strong>Algunas de las instalaciones m\u00e1s comunes de Amazon se encuentran en Dallas, Houston, y muchos lugares entre Houston y Fort Worth, Erin, Lancaster y Coppel. Tambi\u00e9n en San Antonio y San Marcos.<\/strong><\/p>\n<h3>\u00bfPor Qu\u00e9 Es Tan Dif\u00edcil Para Los Empleados De Amazon Recibir Un Tratamiento M\u00e9dico Adecuado Y Una Compensaci\u00f3n Monetaria?<\/h3>\n<p>Para evitar la responsabilidad, Amazon y otros mega-minoristas contratan a muchos empleados a trav\u00e9s de reclutadores de empleo temporal, lo que hace que el cobro de los beneficios de compensaci\u00f3n de los trabajadores sea especialmente complicado porque Amazon traslada la carga de la responsabilidad a esas agencias. Esta t\u00e1ctica dificulta enormemente que los empleados reciban un tratamiento m\u00e9dico adecuado y una compensaci\u00f3n monetaria.<\/p>\n<p>Adem\u00e1s, mientras est\u00e9n lesionados, es probable que los empleados no reciban el 100% de lo que se les paga. Bajo <a href=\"https:\/\/sandovalpllc.com\/es\/que-es-un-plan-de-beneficios-de-empleo\/\" target=\"_blank\" rel=\"noopener\">el plan de beneficios por lesiones<\/a>, es probable que s\u00f3lo tengan derecho a un cierto porcentaje o promedio de su salario completo.<\/p>\n<h3>\u00bfPueden Los Trabajadores Temporales Lesionados De Amazon Cobrar La Compensaci\u00f3n De Los Trabajadores?<\/h3>\n<p>Si usted se ha lesionado mientras trabajaba en un empleo temporal para Amazon, es probable que tenga derecho a recibir beneficios de compensaci\u00f3n laboral para gastos m\u00e9dicos, rehabilitaci\u00f3n e ingresos. Estos beneficios est\u00e1n destinados a ayudarle a sanar de sus lesiones y reincorporarse a la fuerza de trabajo tan pronto como sea posible. Sin embargo, debido a que la obtenci\u00f3n de beneficios puede ser complicada y desafiante, es \u00fatil tener un <a href=\"https:\/\/sandovalpllc.com\/es\/abogado-hector-sandoval\/\" rel=\"noopener\" target=\"_blank\">abogado con experiencia en compensaci\u00f3n de trabajadores<\/a> como H\u00e9ctor Sandoval que puede ayudarle a entender sus derechos y opciones legales.<\/p>\n<h3>\u00bfQu\u00e9 Pasa Si Pierde A Un Ser Querido En Un Accidente De Trabajo?<\/h3>\n<p>Los casos de muerte por negligencia incluyen aquellos en los que un ser querido pierde la vida en un accidente laboral. Cada a\u00f1o, m\u00e1s de 5.000 muertes resultan de accidentes de trabajo. La muerte de un trabajador puede ser el resultado de una amplia gama de negligencias por parte del empleador. Lea m\u00e1s acerca de <a href=\"https:\/\/sandovalpllc.com\/es\/muerte-por-negligencia-y-reclamos-de-sobrevivientes\/\" rel=\"noopener noreferrer\" target=\"_blank\">la muerte injusta en accidentes de trabajo.<\/a>.<\/p>\n<h3>\u00bfDebo Conseguir Un Abogado De Compensaci\u00f3n Laboral Si Me Lesion\u00e9 Mientras Trabajaba En Amazon?<\/h3>\n<p>Los trabajadores lesionados de Amazon pueden beneficiarse en gran medida de la contrataci\u00f3n de un abogado de compensaci\u00f3n de trabajadores de Texas. Aprenda m\u00e1s sobre sus derechos legales y c\u00f3mo presentar una reclamaci\u00f3n de compensaci\u00f3n de los trabajadores de Amazon llamando al <a href=\"https:\/\/sandovalpllc.com\/personal-injury-attorney-sandoval\/\" rel=\"noopener noreferrer\" target=\"_blank\">abogado de compensaci\u00f3n de los trabajadores de Houston<\/a> Hector Sandoval.  Llame ahora para una consulta gratuita al <strong><a href=\"tel:+13463477777\" class=\"click-to-call-body\">(346) 347-7777<\/a><\/strong>.<\/p>\n","protected":false},"excerpt":{"rendered":"<p>LO QUE DEBE SABER SI USTED ES UN TRABAJADOR LESIONADO EN UN CASO DE NO SUSCRIPCI\u00d3N DE AMAZON Puede leer aqui algunas de las preguntas m\u00e1s frecuentes sobre las reclamaciones de indemnizaci\u00f3n de Amazon.<\/p>\n","protected":false},"author":6,"featured_media":1384,"parent":584,"menu_order":0,"comment_status":"closed","ping_status":"closed","template":"","meta":{"_acf_changed":false,"_genesis_hide_title":false,"_genesis_hide_breadcrumbs":false,"_genesis_hide_singular_image":false,"_genesis_hide_footer_widgets":false,"_genesis_custom_body_class":"","_genesis_custom_post_class":"","_genesis_layout":"","footnotes":""},"class_list":{"0":"post-1383","1":"page","2":"type-page","3":"status-publish","4":"has-post-thumbnail","6":"entry"},"acf":[],"yoast_head":"<!-- This site is optimized with the Yoast SEO plugin v26.8 - https:\/\/yoast.com\/product\/yoast-seo-wordpress\/ -->\n<title>Indemnizaci\u00f3n para los trabajadores de Amazon<\/title>\n<meta name=\"description\" content=\"Lo que debes saber si eres un trabajador lesionado en un caso de no abonado Lea las preguntas frecuentes sobre las reclamaciones de indemnizaci\u00f3n de Amazon.\" \/>\n<meta name=\"robots\" content=\"index, follow, max-snippet:-1, max-image-preview:large, max-video-preview:-1\" \/>\n<link rel=\"canonical\" href=\"https:\/\/sandovalpllc.com\/es\/reclamos-compensacion-trabajadores-amazon\/preguntas-frecuentes\/\" \/>\n<meta property=\"og:locale\" content=\"es_ES\" \/>\n<meta property=\"og:type\" content=\"article\" \/>\n<meta property=\"og:title\" content=\"Indemnizaci\u00f3n para los trabajadores de Amazon\" \/>\n<meta property=\"og:description\" content=\"Lo que debes saber si eres un trabajador lesionado en un caso de no abonado Lea las preguntas frecuentes sobre las reclamaciones de indemnizaci\u00f3n de Amazon.\" \/>\n<meta property=\"og:url\" content=\"https:\/\/sandovalpllc.com\/es\/reclamos-compensacion-trabajadores-amazon\/preguntas-frecuentes\/\" \/>\n<meta property=\"og:site_name\" content=\"Bufete de Abogados Sandoval Da\u00f1os Personales y Muerte Injusta\" \/>\n<meta property=\"article:modified_time\" content=\"2022-09-30T13:35:00+00:00\" \/>\n<meta property=\"og:image\" content=\"https:\/\/sandovalpllc.com\/es\/wp-content\/uploads\/sites\/2\/2022\/09\/Amazon-Workers-Comp_1350px.jpg\" \/>\n\t<meta property=\"og:image:width\" content=\"1350\" \/>\n\t<meta property=\"og:image:height\" content=\"901\" \/>\n\t<meta property=\"og:image:type\" content=\"image\/jpeg\" \/>\n<meta name=\"twitter:card\" content=\"summary_large_image\" \/>\n<script type=\"application\/ld+json\" class=\"yoast-schema-graph\">{\"@context\":\"https:\/\/schema.org\",\"@graph\":[{\"@type\":\"WebPage\",\"@id\":\"https:\/\/sandovalpllc.com\/es\/reclamos-compensacion-trabajadores-amazon\/preguntas-frecuentes\/\",\"url\":\"https:\/\/sandovalpllc.com\/es\/reclamos-compensacion-trabajadores-amazon\/preguntas-frecuentes\/\",\"name\":\"Indemnizaci\u00f3n para los trabajadores de Amazon\",\"isPartOf\":{\"@id\":\"https:\/\/sandovalpllc.com\/es\/#website\"},\"primaryImageOfPage\":{\"@id\":\"https:\/\/sandovalpllc.com\/es\/reclamos-compensacion-trabajadores-amazon\/preguntas-frecuentes\/#primaryimage\"},\"image\":{\"@id\":\"https:\/\/sandovalpllc.com\/es\/reclamos-compensacion-trabajadores-amazon\/preguntas-frecuentes\/#primaryimage\"},\"thumbnailUrl\":\"https:\/\/sandovalpllc.com\/es\/wp-content\/uploads\/sites\/2\/2022\/09\/Amazon-Workers-Comp_1350px.jpg\",\"datePublished\":\"2022-09-30T13:30:00+00:00\",\"dateModified\":\"2022-09-30T13:35:00+00:00\",\"description\":\"Lo que debes saber si eres un trabajador lesionado en un caso de no abonado Lea las preguntas frecuentes sobre las reclamaciones de indemnizaci\u00f3n de Amazon.\",\"breadcrumb\":{\"@id\":\"https:\/\/sandovalpllc.com\/es\/reclamos-compensacion-trabajadores-amazon\/preguntas-frecuentes\/#breadcrumb\"},\"inLanguage\":\"es-PE\",\"potentialAction\":[{\"@type\":\"ReadAction\",\"target\":[\"https:\/\/sandovalpllc.com\/es\/reclamos-compensacion-trabajadores-amazon\/preguntas-frecuentes\/\"]}]},{\"@type\":\"ImageObject\",\"inLanguage\":\"es-PE\",\"@id\":\"https:\/\/sandovalpllc.com\/es\/reclamos-compensacion-trabajadores-amazon\/preguntas-frecuentes\/#primaryimage\",\"url\":\"https:\/\/sandovalpllc.com\/es\/wp-content\/uploads\/sites\/2\/2022\/09\/Amazon-Workers-Comp_1350px.jpg\",\"contentUrl\":\"https:\/\/sandovalpllc.com\/es\/wp-content\/uploads\/sites\/2\/2022\/09\/Amazon-Workers-Comp_1350px.jpg\",\"width\":1350,\"height\":901,\"caption\":\"trabajadores de Amazon\"},{\"@type\":\"BreadcrumbList\",\"@id\":\"https:\/\/sandovalpllc.com\/es\/reclamos-compensacion-trabajadores-amazon\/preguntas-frecuentes\/#breadcrumb\",\"itemListElement\":[{\"@type\":\"ListItem\",\"position\":1,\"name\":\"Home\",\"item\":\"https:\/\/sandovalpllc.com\/es\/\"},{\"@type\":\"ListItem\",\"position\":2,\"name\":\"Reclamos de Compensaci\u00f3n de los Trabajadores de Amazon\",\"item\":\"https:\/\/sandovalpllc.com\/es\/reclamos-compensacion-trabajadores-amazon\/\"},{\"@type\":\"ListItem\",\"position\":3,\"name\":\"Preguntas Frecuentes sobre Compensaci\u00f3n para Trabajadores de Amazon\"}]},{\"@type\":\"WebSite\",\"@id\":\"https:\/\/sandovalpllc.com\/es\/#website\",\"url\":\"https:\/\/sandovalpllc.com\/es\/\",\"name\":\"Bufete de Abogados Sandoval Da\u00f1os Personales y Muerte Injusta\",\"description\":\"Just another Sandoval Law Firm, PLLC Sites site\",\"potentialAction\":[{\"@type\":\"SearchAction\",\"target\":{\"@type\":\"EntryPoint\",\"urlTemplate\":\"https:\/\/sandovalpllc.com\/es\/?s={search_term_string}\"},\"query-input\":{\"@type\":\"PropertyValueSpecification\",\"valueRequired\":true,\"valueName\":\"search_term_string\"}}],\"inLanguage\":\"es-PE\"}]}<\/script>\n<!-- \/ Yoast SEO plugin. -->","yoast_head_json":{"title":"Indemnizaci\u00f3n para los trabajadores de Amazon","description":"Lo que debes saber si eres un trabajador lesionado en un caso de no abonado Lea las preguntas frecuentes sobre las reclamaciones de indemnizaci\u00f3n de Amazon.","robots":{"index":"index","follow":"follow","max-snippet":"max-snippet:-1","max-image-preview":"max-image-preview:large","max-video-preview":"max-video-preview:-1"},"canonical":"https:\/\/sandovalpllc.com\/es\/reclamos-compensacion-trabajadores-amazon\/preguntas-frecuentes\/","og_locale":"es_ES","og_type":"article","og_title":"Indemnizaci\u00f3n para los trabajadores de Amazon","og_description":"Lo que debes saber si eres un trabajador lesionado en un caso de no abonado Lea las preguntas frecuentes sobre las reclamaciones de indemnizaci\u00f3n de Amazon.","og_url":"https:\/\/sandovalpllc.com\/es\/reclamos-compensacion-trabajadores-amazon\/preguntas-frecuentes\/","og_site_name":"Bufete de Abogados Sandoval Da\u00f1os Personales y Muerte Injusta","article_modified_time":"2022-09-30T13:35:00+00:00","og_image":[{"width":1350,"height":901,"url":"https:\/\/sandovalpllc.com\/es\/wp-content\/uploads\/sites\/2\/2022\/09\/Amazon-Workers-Comp_1350px.jpg","type":"image\/jpeg"}],"twitter_card":"summary_large_image","schema":{"@context":"https:\/\/schema.org","@graph":[{"@type":"WebPage","@id":"https:\/\/sandovalpllc.com\/es\/reclamos-compensacion-trabajadores-amazon\/preguntas-frecuentes\/","url":"https:\/\/sandovalpllc.com\/es\/reclamos-compensacion-trabajadores-amazon\/preguntas-frecuentes\/","name":"Indemnizaci\u00f3n para los trabajadores de Amazon","isPartOf":{"@id":"https:\/\/sandovalpllc.com\/es\/#website"},"primaryImageOfPage":{"@id":"https:\/\/sandovalpllc.com\/es\/reclamos-compensacion-trabajadores-amazon\/preguntas-frecuentes\/#primaryimage"},"image":{"@id":"https:\/\/sandovalpllc.com\/es\/reclamos-compensacion-trabajadores-amazon\/preguntas-frecuentes\/#primaryimage"},"thumbnailUrl":"https:\/\/sandovalpllc.com\/es\/wp-content\/uploads\/sites\/2\/2022\/09\/Amazon-Workers-Comp_1350px.jpg","datePublished":"2022-09-30T13:30:00+00:00","dateModified":"2022-09-30T13:35:00+00:00","description":"Lo que debes saber si eres un trabajador lesionado en un caso de no abonado Lea las preguntas frecuentes sobre las reclamaciones de indemnizaci\u00f3n de Amazon.","breadcrumb":{"@id":"https:\/\/sandovalpllc.com\/es\/reclamos-compensacion-trabajadores-amazon\/preguntas-frecuentes\/#breadcrumb"},"inLanguage":"es-PE","potentialAction":[{"@type":"ReadAction","target":["https:\/\/sandovalpllc.com\/es\/reclamos-compensacion-trabajadores-amazon\/preguntas-frecuentes\/"]}]},{"@type":"ImageObject","inLanguage":"es-PE","@id":"https:\/\/sandovalpllc.com\/es\/reclamos-compensacion-trabajadores-amazon\/preguntas-frecuentes\/#primaryimage","url":"https:\/\/sandovalpllc.com\/es\/wp-content\/uploads\/sites\/2\/2022\/09\/Amazon-Workers-Comp_1350px.jpg","contentUrl":"https:\/\/sandovalpllc.com\/es\/wp-content\/uploads\/sites\/2\/2022\/09\/Amazon-Workers-Comp_1350px.jpg","width":1350,"height":901,"caption":"trabajadores de Amazon"},{"@type":"BreadcrumbList","@id":"https:\/\/sandovalpllc.com\/es\/reclamos-compensacion-trabajadores-amazon\/preguntas-frecuentes\/#breadcrumb","itemListElement":[{"@type":"ListItem","position":1,"name":"Home","item":"https:\/\/sandovalpllc.com\/es\/"},{"@type":"ListItem","position":2,"name":"Reclamos de Compensaci\u00f3n de los Trabajadores de Amazon","item":"https:\/\/sandovalpllc.com\/es\/reclamos-compensacion-trabajadores-amazon\/"},{"@type":"ListItem","position":3,"name":"Preguntas Frecuentes sobre Compensaci\u00f3n para Trabajadores de Amazon"}]},{"@type":"WebSite","@id":"https:\/\/sandovalpllc.com\/es\/#website","url":"https:\/\/sandovalpllc.com\/es\/","name":"Bufete de Abogados Sandoval Da\u00f1os Personales y Muerte Injusta","description":"Just another Sandoval Law Firm, PLLC Sites site","potentialAction":[{"@type":"SearchAction","target":{"@type":"EntryPoint","urlTemplate":"https:\/\/sandovalpllc.com\/es\/?s={search_term_string}"},"query-input":{"@type":"PropertyValueSpecification","valueRequired":true,"valueName":"search_term_string"}}],"inLanguage":"es-PE"}]}},"_links":{"self":[{"href":"https:\/\/sandovalpllc.com\/es\/wp-json\/wp\/v2\/pages\/1383","targetHints":{"allow":["GET"]}}],"collection":[{"href":"https:\/\/sandovalpllc.com\/es\/wp-json\/wp\/v2\/pages"}],"about":[{"href":"https:\/\/sandovalpllc.com\/es\/wp-json\/wp\/v2\/types\/page"}],"author":[{"embeddable":true,"href":"https:\/\/sandovalpllc.com\/es\/wp-json\/wp\/v2\/users\/6"}],"replies":[{"embeddable":true,"href":"https:\/\/sandovalpllc.com\/es\/wp-json\/wp\/v2\/comments?post=1383"}],"version-history":[{"count":0,"href":"https:\/\/sandovalpllc.com\/es\/wp-json\/wp\/v2\/pages\/1383\/revisions"}],"up":[{"embeddable":true,"href":"https:\/\/sandovalpllc.com\/es\/wp-json\/wp\/v2\/pages\/584"}],"wp:featuredmedia":[{"embeddable":true,"href":"https:\/\/sandovalpllc.com\/es\/wp-json\/wp\/v2\/media\/1384"}],"wp:attachment":[{"href":"https:\/\/sandovalpllc.com\/es\/wp-json\/wp\/v2\/media?parent=1383"}],"curies":[{"name":"wp","href":"https:\/\/api.w.org\/{rel}","templated":true}]}}