{"id":112,"date":"2019-05-08T17:01:43","date_gmt":"2019-05-08T17:01:43","guid":{"rendered":"https:\/\/sandovalpllc.wpengine.com\/es\/?page_id=112"},"modified":"2020-06-08T22:25:25","modified_gmt":"2020-06-08T22:25:25","slug":"historial-trabajo","status":"publish","type":"page","link":"https:\/\/sandovalpllc.com\/es\/historial-trabajo\/","title":{"rendered":"Sandoval &#038; Waldman, PLLC"},"content":{"rendered":"<h2><a href=\"\/es\/abogado-accidentes-sandoval\/\" rel=\"noopener noreferrer\" target=\"_blank\">Hector L. Sandoval<\/a> fue un accionista activo de Sandoval &#038; Waldman entre el 2015 y 2018<\/h2>\n<h3>Como uno de los tres accionistas de <strong>Sandoval &#038; Waldman, PLLC<\/strong>, Hector centr\u00f3 su pr\u00e1ctica en representar a los trabajadores lesionados de Texas y sus familias en todo el estado de Texas.<\/h3>\n<p>En un corto per\u00edodo de tres a\u00f1os, Hector desarroll\u00f3 una pr\u00e1ctica que se centr\u00f3 en responsabilizar a los <a href=\"\/es\/abogado-accidentes-trabajo\/no-suscriptores\/\" rel=\"noopener noreferrer\" target=\"_blank\">empleadores no-suscriptores de Texas<\/a> en casos de negligencia que causen lesiones graves a sus empleados. Durante este mismo tiempo, Hector tambi\u00e9n represent\u00f3 a personas que sufrieron lesiones graves en <a href=\"\/es\/abogado-accidentes-de-auto\/\" rel=\"noopener noreferrer\" target=\"_blank\">casos de accidentes de auto<\/a>, casos en las instalaciones y choques con camiones de 18 ruedas; durante este per\u00edodo adquiri\u00f3 una vasta experiencia en el trato con las compa\u00f1\u00edas de seguros. \u00a1En 2018, Hector decidi\u00f3 que era hora de aprovechar su experiencia nacional y estatal y crear una empresa que estuviera verdaderamente dedicada a representar \u00a1al <a href=\"\/es\/abogado-accidentes-trabajo\/\" rel=\"noopener noreferrer\" target=\"_blank\">trabajador lesionado del estado de Texas<\/a>! Esto es lo que hacemos en <a href=\"\/es\/abogado-accidentes-sandoval\/\" rel=\"noopener noreferrer\" target=\"_blank\">el bufete del abogado hispano de Houston Hector Sandoval<\/a>,\u00a1 ,\u00a1luchar por los derechos de los trabajadores lesionados y sus familias!<\/p>\n<p>Por favor llama para una consulta gratuita al <strong><a href=\"tel:+13463477777\" class=\"click-to-call-body\">(346) 347-7777<\/a><\/strong><\/p>\n","protected":false},"excerpt":{"rendered":"<p>Hector L. Sandoval fue un accionista activo de Sandoval &#038; Waldman entre el 2015 y 2018 Como uno de los tres accionistas de Sandoval &#038; Waldman, PLLC, Hector centr\u00f3 su pr\u00e1ctica en representar a los trabajadores lesionados de Texas y sus familias en todo el estado de Texas. En un corto per\u00edodo de tres a\u00f1os,&#8230; <a href=\"https:\/\/sandovalpllc.com\/es\/historial-trabajo\/\" class=\"learn-btn\">Continue Reading<\/a><\/p>\n","protected":false},"author":6,"featured_media":113,"parent":0,"menu_order":0,"comment_status":"closed","ping_status":"closed","template":"","meta":{"_acf_changed":false,"_genesis_hide_title":false,"_genesis_hide_breadcrumbs":false,"_genesis_hide_singular_image":false,"_genesis_hide_footer_widgets":false,"_genesis_custom_body_class":"","_genesis_custom_post_class":"","_genesis_layout":"","footnotes":""},"class_list":{"0":"post-112","1":"page","2":"type-page","3":"status-publish","4":"has-post-thumbnail","6":"entry"},"acf":[],"yoast_head":"<!-- This site is optimized with the Yoast SEO plugin v26.8 - https:\/\/yoast.com\/product\/yoast-seo-wordpress\/ -->\n<title>Sandoval &amp; Waldman, PLLC - Bufete de Abogados Sandoval Da\u00f1os Personales y Muerte Injusta<\/title>\n<meta name=\"description\" content=\"Hector L. Sandoval fue un accionista activo de Sandoval &amp; Waldman entre el 2015 y 2018 Como uno de los tres accionistas de Sandoval &amp; Waldman, PLLC,\" \/>\n<meta name=\"robots\" content=\"index, follow, max-snippet:-1, max-image-preview:large, max-video-preview:-1\" \/>\n<link rel=\"canonical\" href=\"https:\/\/sandovalpllc.com\/es\/historial-trabajo\/\" \/>\n<meta property=\"og:locale\" content=\"es_ES\" \/>\n<meta property=\"og:type\" content=\"article\" \/>\n<meta property=\"og:title\" content=\"Sandoval &amp; Waldman, PLLC - Bufete de Abogados Sandoval Da\u00f1os Personales y Muerte Injusta\" \/>\n<meta property=\"og:description\" content=\"Hector L. Sandoval fue un accionista activo de Sandoval &amp; Waldman entre el 2015 y 2018 Como uno de los tres accionistas de Sandoval &amp; Waldman, PLLC,\" \/>\n<meta property=\"og:url\" content=\"https:\/\/sandovalpllc.com\/es\/historial-trabajo\/\" \/>\n<meta property=\"og:site_name\" content=\"Bufete de Abogados Sandoval Da\u00f1os Personales y Muerte Injusta\" \/>\n<meta property=\"article:modified_time\" content=\"2020-06-08T22:25:25+00:00\" \/>\n<meta property=\"og:image\" content=\"https:\/\/sandovalpllc.com\/es\/wp-content\/uploads\/sites\/2\/2019\/05\/slide6.jpg\" \/>\n\t<meta property=\"og:image:width\" content=\"1920\" \/>\n\t<meta property=\"og:image:height\" content=\"951\" \/>\n\t<meta property=\"og:image:type\" content=\"image\/jpeg\" \/>\n<meta name=\"twitter:card\" content=\"summary_large_image\" \/>\n<meta name=\"twitter:label1\" content=\"Est. reading time\" \/>\n\t<meta name=\"twitter:data1\" content=\"1 minuto\" \/>\n<script type=\"application\/ld+json\" class=\"yoast-schema-graph\">{\"@context\":\"https:\/\/schema.org\",\"@graph\":[{\"@type\":\"WebPage\",\"@id\":\"https:\/\/sandovalpllc.com\/es\/historial-trabajo\/\",\"url\":\"https:\/\/sandovalpllc.com\/es\/historial-trabajo\/\",\"name\":\"Sandoval & Waldman, PLLC - Bufete de Abogados Sandoval Da\u00f1os Personales y Muerte Injusta\",\"isPartOf\":{\"@id\":\"https:\/\/sandovalpllc.com\/es\/#website\"},\"primaryImageOfPage\":{\"@id\":\"https:\/\/sandovalpllc.com\/es\/historial-trabajo\/#primaryimage\"},\"image\":{\"@id\":\"https:\/\/sandovalpllc.com\/es\/historial-trabajo\/#primaryimage\"},\"thumbnailUrl\":\"https:\/\/sandovalpllc.com\/es\/wp-content\/uploads\/sites\/2\/2019\/05\/slide6.jpg\",\"datePublished\":\"2019-05-08T17:01:43+00:00\",\"dateModified\":\"2020-06-08T22:25:25+00:00\",\"description\":\"Hector L. Sandoval fue un accionista activo de Sandoval & Waldman entre el 2015 y 2018 Como uno de los tres accionistas de Sandoval & Waldman, PLLC,\",\"breadcrumb\":{\"@id\":\"https:\/\/sandovalpllc.com\/es\/historial-trabajo\/#breadcrumb\"},\"inLanguage\":\"es-PE\",\"potentialAction\":[{\"@type\":\"ReadAction\",\"target\":[\"https:\/\/sandovalpllc.com\/es\/historial-trabajo\/\"]}]},{\"@type\":\"ImageObject\",\"inLanguage\":\"es-PE\",\"@id\":\"https:\/\/sandovalpllc.com\/es\/historial-trabajo\/#primaryimage\",\"url\":\"https:\/\/sandovalpllc.com\/es\/wp-content\/uploads\/sites\/2\/2019\/05\/slide6.jpg\",\"contentUrl\":\"https:\/\/sandovalpllc.com\/es\/wp-content\/uploads\/sites\/2\/2019\/05\/slide6.jpg\",\"width\":1920,\"height\":951,\"caption\":\"slide6\"},{\"@type\":\"BreadcrumbList\",\"@id\":\"https:\/\/sandovalpllc.com\/es\/historial-trabajo\/#breadcrumb\",\"itemListElement\":[{\"@type\":\"ListItem\",\"position\":1,\"name\":\"Home\",\"item\":\"https:\/\/sandovalpllc.com\/es\/\"},{\"@type\":\"ListItem\",\"position\":2,\"name\":\"Sandoval &#038; Waldman, PLLC\"}]},{\"@type\":\"WebSite\",\"@id\":\"https:\/\/sandovalpllc.com\/es\/#website\",\"url\":\"https:\/\/sandovalpllc.com\/es\/\",\"name\":\"Bufete de Abogados Sandoval Da\u00f1os Personales y Muerte Injusta\",\"description\":\"Just another Sandoval Law Firm, PLLC Sites site\",\"potentialAction\":[{\"@type\":\"SearchAction\",\"target\":{\"@type\":\"EntryPoint\",\"urlTemplate\":\"https:\/\/sandovalpllc.com\/es\/?s={search_term_string}\"},\"query-input\":{\"@type\":\"PropertyValueSpecification\",\"valueRequired\":true,\"valueName\":\"search_term_string\"}}],\"inLanguage\":\"es-PE\"}]}<\/script>\n<!-- \/ Yoast SEO plugin. -->","yoast_head_json":{"title":"Sandoval & Waldman, PLLC - Bufete de Abogados Sandoval Da\u00f1os Personales y Muerte Injusta","description":"Hector L. Sandoval fue un accionista activo de Sandoval & Waldman entre el 2015 y 2018 Como uno de los tres accionistas de Sandoval & Waldman, PLLC,","robots":{"index":"index","follow":"follow","max-snippet":"max-snippet:-1","max-image-preview":"max-image-preview:large","max-video-preview":"max-video-preview:-1"},"canonical":"https:\/\/sandovalpllc.com\/es\/historial-trabajo\/","og_locale":"es_ES","og_type":"article","og_title":"Sandoval & Waldman, PLLC - Bufete de Abogados Sandoval Da\u00f1os Personales y Muerte Injusta","og_description":"Hector L. Sandoval fue un accionista activo de Sandoval & Waldman entre el 2015 y 2018 Como uno de los tres accionistas de Sandoval & Waldman, PLLC,","og_url":"https:\/\/sandovalpllc.com\/es\/historial-trabajo\/","og_site_name":"Bufete de Abogados Sandoval Da\u00f1os Personales y Muerte Injusta","article_modified_time":"2020-06-08T22:25:25+00:00","og_image":[{"width":1920,"height":951,"url":"https:\/\/sandovalpllc.com\/es\/wp-content\/uploads\/sites\/2\/2019\/05\/slide6.jpg","type":"image\/jpeg"}],"twitter_card":"summary_large_image","twitter_misc":{"Est. reading time":"1 minuto"},"schema":{"@context":"https:\/\/schema.org","@graph":[{"@type":"WebPage","@id":"https:\/\/sandovalpllc.com\/es\/historial-trabajo\/","url":"https:\/\/sandovalpllc.com\/es\/historial-trabajo\/","name":"Sandoval & Waldman, PLLC - Bufete de Abogados Sandoval Da\u00f1os Personales y Muerte Injusta","isPartOf":{"@id":"https:\/\/sandovalpllc.com\/es\/#website"},"primaryImageOfPage":{"@id":"https:\/\/sandovalpllc.com\/es\/historial-trabajo\/#primaryimage"},"image":{"@id":"https:\/\/sandovalpllc.com\/es\/historial-trabajo\/#primaryimage"},"thumbnailUrl":"https:\/\/sandovalpllc.com\/es\/wp-content\/uploads\/sites\/2\/2019\/05\/slide6.jpg","datePublished":"2019-05-08T17:01:43+00:00","dateModified":"2020-06-08T22:25:25+00:00","description":"Hector L. Sandoval fue un accionista activo de Sandoval & Waldman entre el 2015 y 2018 Como uno de los tres accionistas de Sandoval & Waldman, PLLC,","breadcrumb":{"@id":"https:\/\/sandovalpllc.com\/es\/historial-trabajo\/#breadcrumb"},"inLanguage":"es-PE","potentialAction":[{"@type":"ReadAction","target":["https:\/\/sandovalpllc.com\/es\/historial-trabajo\/"]}]},{"@type":"ImageObject","inLanguage":"es-PE","@id":"https:\/\/sandovalpllc.com\/es\/historial-trabajo\/#primaryimage","url":"https:\/\/sandovalpllc.com\/es\/wp-content\/uploads\/sites\/2\/2019\/05\/slide6.jpg","contentUrl":"https:\/\/sandovalpllc.com\/es\/wp-content\/uploads\/sites\/2\/2019\/05\/slide6.jpg","width":1920,"height":951,"caption":"slide6"},{"@type":"BreadcrumbList","@id":"https:\/\/sandovalpllc.com\/es\/historial-trabajo\/#breadcrumb","itemListElement":[{"@type":"ListItem","position":1,"name":"Home","item":"https:\/\/sandovalpllc.com\/es\/"},{"@type":"ListItem","position":2,"name":"Sandoval &#038; Waldman, PLLC"}]},{"@type":"WebSite","@id":"https:\/\/sandovalpllc.com\/es\/#website","url":"https:\/\/sandovalpllc.com\/es\/","name":"Bufete de Abogados Sandoval Da\u00f1os Personales y Muerte Injusta","description":"Just another Sandoval Law Firm, PLLC Sites site","potentialAction":[{"@type":"SearchAction","target":{"@type":"EntryPoint","urlTemplate":"https:\/\/sandovalpllc.com\/es\/?s={search_term_string}"},"query-input":{"@type":"PropertyValueSpecification","valueRequired":true,"valueName":"search_term_string"}}],"inLanguage":"es-PE"}]}},"_links":{"self":[{"href":"https:\/\/sandovalpllc.com\/es\/wp-json\/wp\/v2\/pages\/112","targetHints":{"allow":["GET"]}}],"collection":[{"href":"https:\/\/sandovalpllc.com\/es\/wp-json\/wp\/v2\/pages"}],"about":[{"href":"https:\/\/sandovalpllc.com\/es\/wp-json\/wp\/v2\/types\/page"}],"author":[{"embeddable":true,"href":"https:\/\/sandovalpllc.com\/es\/wp-json\/wp\/v2\/users\/6"}],"replies":[{"embeddable":true,"href":"https:\/\/sandovalpllc.com\/es\/wp-json\/wp\/v2\/comments?post=112"}],"version-history":[{"count":0,"href":"https:\/\/sandovalpllc.com\/es\/wp-json\/wp\/v2\/pages\/112\/revisions"}],"wp:featuredmedia":[{"embeddable":true,"href":"https:\/\/sandovalpllc.com\/es\/wp-json\/wp\/v2\/media\/113"}],"wp:attachment":[{"href":"https:\/\/sandovalpllc.com\/es\/wp-json\/wp\/v2\/media?parent=112"}],"curies":[{"name":"wp","href":"https:\/\/api.w.org\/{rel}","templated":true}]}}