{"id":111,"date":"2019-05-08T17:00:42","date_gmt":"2019-05-08T17:00:42","guid":{"rendered":"https:\/\/sandovalpllc.wpengine.com\/es\/?page_id=111"},"modified":"2021-12-01T18:22:24","modified_gmt":"2021-12-01T18:22:24","slug":"resultados-de-casos","status":"publish","type":"page","link":"https:\/\/sandovalpllc.com\/es\/resultados-de-casos\/","title":{"rendered":"Resultados de Casos"},"content":{"rendered":"<p>Esperamos que el contenido de esta p\u00e1gina le termine de convencer de porque elegir a Sandoval Law Firm es la decisi\u00f3n correcta para usted y su familia.<\/p>\n<p>Nuestros <a href=\"\/es\/abogado-accidentes-de-auto\/\" rel=\"noopener noreferrer\" target=\"_blank\">abogados de accidentes de auto<\/a> y <a href=\"\/es\/abogado-accidentes-trabajo\/\" rel=\"noopener noreferrer\" target=\"_blank\">accidentes de trabajo en Texas<\/a> han manejado cientos de casos de accidentes automovil\u00edsticos y lesiones laborales. El abogado Hector Sandoval est\u00e1 equipado con la experiencia y la creatividad para buscar la mejor compensaci\u00f3n disponible para usted. Esto incluye luchar por los l\u00edmites m\u00e1ximos de la p\u00f3liza de seguro, investigar la posibilidad de defectos del veh\u00edculo y la disposici\u00f3n a llevar los casos a juicio si no est\u00e1 satisfecho con los acuerdos ofrecidos por la otra parte.<\/p>\n<p>Llama al <strong><a href=\"tel:+13463477777\" class=\"click-to-call-body\">(346) 347-7777<\/a><\/strong> y pon a Sandoval a trabajar en tu caso!<\/p>\n\t\t<div class=\"case-results-box\">\r\n\t\t\t<div class=\"col-md-6\">\r\n\t\t\t\t<article class=\"case-results type-case-results\">\r\n\t\t\t\t\t<div class=\"case-logo\"><img loading=\"lazy\" decoding=\"async\" src=\"https:\/\/sandovalpllc.com\/wp-content\/uploads\/2024\/04\/logo-sandoval.png\" width=\"64\" height=\"81\" alt=\"Case by Sandoval\"><\/div>\r\n\t\t\t\t\t<header class=\"entry-header\"><h3>NO SUBSCRIPTOR: Lesiones de rodilla<\/h3><\/header>\r\n\t\t\t\t\t<div class=\"entry-content\" itemprop=\"text\">\r\n\t\t\t\t\t\t<div class=\"bl-details clearfix\">Falta de advertencia. <img loading=\"lazy\" decoding=\"async\" src=\"https:\/\/sandovalpllc.com\/wp-content\/uploads\/2023\/04\/right-knee-injury.png\" alt=\"knee Injury\" width=\"32\" height=\"32\" class=\"alignnone size-full wp-image-3387 lazy-load\" \/><\/div>\r\n\r\n\t\t\t\t\t\t\t\t\t\t\t\t\t<div class=\"case-amount\">$41,349<\/div>\r\n\t\t\t\t\t\t\t<div class=\"case-amount-desc\">Neto al Cliente<\/div>\r\n\t\t\t\t\t\t\r\n\t\t\t\t\t\t<div class=\"bl-details-container\">\r\n\t\t\t\t\t\t\t\t\t\t\t\t\t\t\t<div class=\"bl-details case-year clearfix\"><strong>2025<\/strong><\/div>\r\n\t\t\t\t\t\t\t\r\n\t\t\t\t\t\t\t\t\t\t\t\t\t\t\t<div class=\"bl-details texas-county clearfix\"><strong>Ennis, Texas<\/strong><\/div>\r\n\t\t\t\t\t\t\t\t\t\t\t\t\t<\/div>\r\n\t\t\t\t\t<\/div>\r\n\t\t\t\t<\/article>\r\n\t\t\t<\/div>\r\n\t\t\t\r\n\t\t\t<div class=\"col-md-6\">\r\n\t\t\t\t<article class=\"case-results type-case-results\">\r\n\t\t\t\t\t<div class=\"case-logo\"><img loading=\"lazy\" decoding=\"async\" src=\"https:\/\/sandovalpllc.com\/wp-content\/uploads\/2024\/04\/logo-sandoval.png\" width=\"64\" height=\"81\" alt=\"Case by Sandoval\"><\/div>\r\n\t\t\t\t\t<header class=\"entry-header\"><h3>NO SUBSCRIPTOR: Lesiones de espalda y rodilla<\/h3><\/header>\r\n\t\t\t\t\t<div class=\"entry-content\" itemprop=\"text\">\r\n\t\t\t\t\t\t<div class=\"bl-details clearfix\">No proporcionar equipo seguro. <img loading=\"lazy\" decoding=\"async\" src=\"https:\/\/sandovalpllc.com\/wp-content\/uploads\/2023\/04\/back-injury.png\" alt=\"Lesi\u00f3n a la espalda\" width=\"32\" height=\"32\" class=\"alignnone size-full wp-image-3387 lazy-load\" \/><\/div>\r\n\r\n\t\t\t\t\t\t\t\t\t\t\t\t\t<div class=\"case-amount\">$15,949<\/div>\r\n\t\t\t\t\t\t\t<div class=\"case-amount-desc\">Neto al Cliente<\/div>\r\n\t\t\t\t\t\t\r\n\t\t\t\t\t\t<div class=\"bl-details-container\">\r\n\t\t\t\t\t\t\t\t\t\t\t\t\t\t\t<div class=\"bl-details case-year clearfix\"><strong>2026<\/strong><\/div>\r\n\t\t\t\t\t\t\t\r\n\t\t\t\t\t\t\t\t\t\t\t\t\t\t\t<div class=\"bl-details texas-county clearfix\"><strong>Houston, Texas<\/strong><\/div>\r\n\t\t\t\t\t\t\t\t\t\t\t\t\t<\/div>\r\n\t\t\t\t\t<\/div>\r\n\t\t\t\t<\/article>\r\n\t\t\t<\/div>\r\n\t\t\t\r\n\t\t\t<div class=\"col-md-6\">\r\n\t\t\t\t<article class=\"case-results type-case-results\">\r\n\t\t\t\t\t<div class=\"case-logo\"><img loading=\"lazy\" decoding=\"async\" src=\"https:\/\/sandovalpllc.com\/wp-content\/uploads\/2024\/04\/logo-sandoval.png\" width=\"64\" height=\"81\" alt=\"Case by Sandoval\"><\/div>\r\n\t\t\t\t\t<header class=\"entry-header\"><h3>NO SUBSCRIPTOR: Lesi\u00f3n a la cabeza<\/h3><\/header>\r\n\t\t\t\t\t<div class=\"entry-content\" itemprop=\"text\">\r\n\t\t\t\t\t\t<div class=\"bl-details clearfix\">Falta de formaci\u00f3n. <img loading=\"lazy\" decoding=\"async\" src=\"https:\/\/sandovalpllc.com\/wp-content\/uploads\/2023\/04\/hand-cervical-injuries.png\" alt=\"Head Injury\" width=\"32\" height=\"32\" class=\"alignnone size-full wp-image-3387 lazy-load\" \/><\/div>\r\n\r\n\t\t\t\t\t\t\t\t\t\t\t\t\t<div class=\"case-amount\">$33,191<\/div>\r\n\t\t\t\t\t\t\t<div class=\"case-amount-desc\">Neto al Cliente<\/div>\r\n\t\t\t\t\t\t\r\n\t\t\t\t\t\t<div class=\"bl-details-container\">\r\n\t\t\t\t\t\t\t\t\t\t\t\t\t\t\t<div class=\"bl-details case-year clearfix\"><strong>2026<\/strong><\/div>\r\n\t\t\t\t\t\t\t\r\n\t\t\t\t\t\t\t\t\t\t\t\t\t\t\t<div class=\"bl-details texas-county clearfix\"><strong>Gonzalez, Texas<\/strong><\/div>\r\n\t\t\t\t\t\t\t\t\t\t\t\t\t<\/div>\r\n\t\t\t\t\t<\/div>\r\n\t\t\t\t<\/article>\r\n\t\t\t<\/div>\r\n\t\t\t\r\n\t\t\t<div class=\"col-md-6\">\r\n\t\t\t\t<article class=\"case-results type-case-results\">\r\n\t\t\t\t\t<div class=\"case-logo\"><img loading=\"lazy\" decoding=\"async\" src=\"https:\/\/sandovalpllc.com\/wp-content\/uploads\/2024\/04\/logo-sandoval.png\" width=\"64\" height=\"81\" alt=\"Case by Sandoval\"><\/div>\r\n\t\t\t\t\t<header class=\"entry-header\"><h3>NO SUBSCRIPTOR: Lesi\u00f3n en la mano<\/h3><\/header>\r\n\t\t\t\t\t<div class=\"entry-content\" itemprop=\"text\">\r\n\t\t\t\t\t\t<div class=\"bl-details clearfix\">No proporcionar equipo seguro. <img loading=\"lazy\" decoding=\"async\" src=\"https:\/\/sandovalpllc.com\/wp-content\/uploads\/2023\/04\/hand-injury.png\" alt=\"Hand Injury\" width=\"32\" height=\"32\" class=\"alignnone size-full wp-image-3387 lazy-load\" \/><\/div>\r\n\r\n\t\t\t\t\t\t\t\t\t\t\t\t\t<div class=\"case-amount\">$31,682<\/div>\r\n\t\t\t\t\t\t\t<div class=\"case-amount-desc\">Neto al Cliente<\/div>\r\n\t\t\t\t\t\t\r\n\t\t\t\t\t\t<div class=\"bl-details-container\">\r\n\t\t\t\t\t\t\t\t\t\t\t\t\t\t\t<div class=\"bl-details case-year clearfix\"><strong>2026<\/strong><\/div>\r\n\t\t\t\t\t\t\t\r\n\t\t\t\t\t\t\t\t\t\t\t\t\t\t\t<div class=\"bl-details texas-county clearfix\"><strong>Houston, Texas<\/strong><\/div>\r\n\t\t\t\t\t\t\t\t\t\t\t\t\t<\/div>\r\n\t\t\t\t\t<\/div>\r\n\t\t\t\t<\/article>\r\n\t\t\t<\/div>\r\n\t\t\t\r\n\t\t\t<div class=\"col-md-6\">\r\n\t\t\t\t<article class=\"case-results type-case-results\">\r\n\t\t\t\t\t<div class=\"case-logo\"><img loading=\"lazy\" decoding=\"async\" src=\"https:\/\/sandovalpllc.com\/wp-content\/uploads\/2024\/04\/logo-sandoval.png\" width=\"64\" height=\"81\" alt=\"Case by Sandoval\"><\/div>\r\n\t\t\t\t\t<header class=\"entry-header\"><h3>NO SUBSCRIPTOR: Lesi\u00f3n a la espalda y el hombro<\/h3><\/header>\r\n\t\t\t\t\t<div class=\"entry-content\" itemprop=\"text\">\r\n\t\t\t\t\t\t<div class=\"bl-details clearfix\">Falta de prestaci\u00f3n de asistencia. <img loading=\"lazy\" decoding=\"async\" src=\"https:\/\/sandovalpllc.com\/wp-content\/uploads\/2023\/04\/back-injury.png\" alt=\"Lesi\u00f3n a la espalda\" width=\"32\" height=\"32\" class=\"alignnone size-full wp-image-3387 lazy-load\" \/><\/div>\r\n\r\n\t\t\t\t\t\t\t\t\t\t\t\t\t<div class=\"case-amount\">$40,000<\/div>\r\n\t\t\t\t\t\t\t<div class=\"case-amount-desc\">Neto al Cliente<\/div>\r\n\t\t\t\t\t\t\r\n\t\t\t\t\t\t<div class=\"bl-details-container\">\r\n\t\t\t\t\t\t\t\t\t\t\t\t\t\t\t<div class=\"bl-details case-year clearfix\"><strong>2026<\/strong><\/div>\r\n\t\t\t\t\t\t\t\r\n\t\t\t\t\t\t\t\t\t\t\t\t\t\t\t<div class=\"bl-details texas-county clearfix\"><strong>Weatherford, Texas<\/strong><\/div>\r\n\t\t\t\t\t\t\t\t\t\t\t\t\t<\/div>\r\n\t\t\t\t\t<\/div>\r\n\t\t\t\t<\/article>\r\n\t\t\t<\/div>\r\n\t\t\t\r\n\t\t\t<div class=\"col-md-6\">\r\n\t\t\t\t<article class=\"case-results type-case-results\">\r\n\t\t\t\t\t<div class=\"case-logo\"><img loading=\"lazy\" decoding=\"async\" src=\"https:\/\/sandovalpllc.com\/wp-content\/uploads\/2024\/04\/logo-sandoval.png\" width=\"64\" height=\"81\" alt=\"Case by Sandoval\"><\/div>\r\n\t\t\t\t\t<header class=\"entry-header\"><h3>NO SUBSCRIPTOR: Lesi\u00f3n a la espalda<\/h3><\/header>\r\n\t\t\t\t\t<div class=\"entry-content\" itemprop=\"text\">\r\n\t\t\t\t\t\t<div class=\"bl-details clearfix\">Falta de prestaci\u00f3n de asistencia. <img loading=\"lazy\" decoding=\"async\" src=\"https:\/\/sandovalpllc.com\/wp-content\/uploads\/2023\/04\/back-injury.png\" alt=\"Lesi\u00f3n a la espalda\" width=\"32\" height=\"32\" class=\"alignnone size-full wp-image-3387 lazy-load\" \/><\/div>\r\n\r\n\t\t\t\t\t\t\t\t\t\t\t\t\t<div class=\"case-amount\">$25,000<\/div>\r\n\t\t\t\t\t\t\t<div class=\"case-amount-desc\">Neto al Cliente<\/div>\r\n\t\t\t\t\t\t\r\n\t\t\t\t\t\t<div class=\"bl-details-container\">\r\n\t\t\t\t\t\t\t\t\t\t\t\t\t\t\t<div class=\"bl-details case-year clearfix\"><strong>2026<\/strong><\/div>\r\n\t\t\t\t\t\t\t\r\n\t\t\t\t\t\t\t\t\t\t\t\t\t\t\t<div class=\"bl-details texas-county clearfix\"><strong>Lubbock, Texas<\/strong><\/div>\r\n\t\t\t\t\t\t\t\t\t\t\t\t\t<\/div>\r\n\t\t\t\t\t<\/div>\r\n\t\t\t\t<\/article>\r\n\t\t\t<\/div>\r\n\t\t\t\r\n\t\t\t<div class=\"col-md-6\">\r\n\t\t\t\t<article class=\"case-results type-case-results\">\r\n\t\t\t\t\t<div class=\"case-logo\"><img loading=\"lazy\" decoding=\"async\" src=\"https:\/\/sandovalpllc.com\/wp-content\/uploads\/2024\/04\/logo-sandoval.png\" width=\"64\" height=\"81\" alt=\"Case by Sandoval\"><\/div>\r\n\t\t\t\t\t<header class=\"entry-header\"><h3>NO SUBSCRIPTOR: Lesi\u00f3n a la espalda<\/h3><\/header>\r\n\t\t\t\t\t<div class=\"entry-content\" itemprop=\"text\">\r\n\t\t\t\t\t\t<div class=\"bl-details clearfix\">Falta de prestaci\u00f3n de asistencia. <img loading=\"lazy\" decoding=\"async\" src=\"https:\/\/sandovalpllc.com\/wp-content\/uploads\/2023\/04\/back-injury.png\" alt=\"Lesi\u00f3n a la espalda\" width=\"32\" height=\"32\" class=\"alignnone size-full wp-image-3387 lazy-load\" \/><\/div>\r\n\r\n\t\t\t\t\t\t\t\t\t\t\t\t\t<div class=\"case-amount\">$25,516<\/div>\r\n\t\t\t\t\t\t\t<div class=\"case-amount-desc\">Neto al Cliente<\/div>\r\n\t\t\t\t\t\t\r\n\t\t\t\t\t\t<div class=\"bl-details-container\">\r\n\t\t\t\t\t\t\t\t\t\t\t\t\t\t\t<div class=\"bl-details case-year clearfix\"><strong>2026<\/strong><\/div>\r\n\t\t\t\t\t\t\t\r\n\t\t\t\t\t\t\t\t\t\t\t\t\t\t\t<div class=\"bl-details texas-county clearfix\"><strong>Houston, Texas<\/strong><\/div>\r\n\t\t\t\t\t\t\t\t\t\t\t\t\t<\/div>\r\n\t\t\t\t\t<\/div>\r\n\t\t\t\t<\/article>\r\n\t\t\t<\/div>\r\n\t\t\t\r\n\t\t\t<div class=\"col-md-6\">\r\n\t\t\t\t<article class=\"case-results type-case-results\">\r\n\t\t\t\t\t<div class=\"case-logo\"><img loading=\"lazy\" decoding=\"async\" src=\"https:\/\/sandovalpllc.com\/wp-content\/uploads\/2024\/04\/logo-sandoval.png\" width=\"64\" height=\"81\" alt=\"Case by Sandoval\"><\/div>\r\n\t\t\t\t\t<header class=\"entry-header\"><h3>NO SUBSCRIPTOR: Lesi\u00f3n a la espalda<\/h3><\/header>\r\n\t\t\t\t\t<div class=\"entry-content\" itemprop=\"text\">\r\n\t\t\t\t\t\t<div class=\"bl-details clearfix\">Falta de formaci\u00f3n. <img loading=\"lazy\" decoding=\"async\" src=\"https:\/\/sandovalpllc.com\/wp-content\/uploads\/2023\/04\/back-injury.png\" alt=\"Lesi\u00f3n a la espalda\" width=\"32\" height=\"32\" class=\"alignnone size-full wp-image-3387 lazy-load\" \/><\/div>\r\n\r\n\t\t\t\t\t\t\t\t\t\t\t\t\t<div class=\"case-amount\">$18,000<\/div>\r\n\t\t\t\t\t\t\t<div class=\"case-amount-desc\">Neto al Cliente<\/div>\r\n\t\t\t\t\t\t\r\n\t\t\t\t\t\t<div class=\"bl-details-container\">\r\n\t\t\t\t\t\t\t\t\t\t\t\t\t\t\t<div class=\"bl-details case-year clearfix\"><strong>2026<\/strong><\/div>\r\n\t\t\t\t\t\t\t\r\n\t\t\t\t\t\t\t\t\t\t\t\t\t\t\t<div class=\"bl-details texas-county clearfix\"><strong>San Antonio, Texas<\/strong><\/div>\r\n\t\t\t\t\t\t\t\t\t\t\t\t\t<\/div>\r\n\t\t\t\t\t<\/div>\r\n\t\t\t\t<\/article>\r\n\t\t\t<\/div>\r\n\t\t\t\r\n\t\t\t<div class=\"col-md-6\">\r\n\t\t\t\t<article class=\"case-results type-case-results\">\r\n\t\t\t\t\t<div class=\"case-logo\"><img loading=\"lazy\" decoding=\"async\" src=\"https:\/\/sandovalpllc.com\/wp-content\/uploads\/2024\/04\/logo-sandoval.png\" width=\"64\" height=\"81\" alt=\"Case by Sandoval\"><\/div>\r\n\t\t\t\t\t<header class=\"entry-header\"><h3>NO SUBSCRIPTOR: Lesi\u00f3n a la espalda<\/h3><\/header>\r\n\t\t\t\t\t<div class=\"entry-content\" itemprop=\"text\">\r\n\t\t\t\t\t\t<div class=\"bl-details clearfix\">Falta de formaci\u00f3n y advertencia. <img loading=\"lazy\" decoding=\"async\" src=\"https:\/\/sandovalpllc.com\/wp-content\/uploads\/2023\/04\/back-injury.png\" alt=\"Lesi\u00f3n a la espalda\" width=\"32\" height=\"32\" class=\"alignnone size-full wp-image-3387 lazy-load\" \/><\/div>\r\n\r\n\t\t\t\t\t\t\t\t\t\t\t\t\t<div class=\"case-amount\">$84,087<\/div>\r\n\t\t\t\t\t\t\t<div class=\"case-amount-desc\">Neto al Cliente<\/div>\r\n\t\t\t\t\t\t\r\n\t\t\t\t\t\t<div class=\"bl-details-container\">\r\n\t\t\t\t\t\t\t\t\t\t\t\t\t\t\t<div class=\"bl-details case-year clearfix\"><strong>2025<\/strong><\/div>\r\n\t\t\t\t\t\t\t\r\n\t\t\t\t\t\t\t\t\t\t\t\t\t\t\t<div class=\"bl-details texas-county clearfix\"><strong>Fort Worth, Texas<\/strong><\/div>\r\n\t\t\t\t\t\t\t\t\t\t\t\t\t<\/div>\r\n\t\t\t\t\t<\/div>\r\n\t\t\t\t<\/article>\r\n\t\t\t<\/div>\r\n\t\t\t\r\n\t\t\t<div class=\"col-md-6\">\r\n\t\t\t\t<article class=\"case-results type-case-results\">\r\n\t\t\t\t\t<div class=\"case-logo\"><img loading=\"lazy\" decoding=\"async\" src=\"https:\/\/sandovalpllc.com\/wp-content\/uploads\/2024\/04\/logo-sandoval.png\" width=\"64\" height=\"81\" alt=\"Case by Sandoval\"><\/div>\r\n\t\t\t\t\t<header class=\"entry-header\"><h3>NO SUBSCRIPTOR: Lesi\u00f3n de rodilla<\/h3><\/header>\r\n\t\t\t\t\t<div class=\"entry-content\" itemprop=\"text\">\r\n\t\t\t\t\t\t<div class=\"bl-details clearfix\">Falta de formaci\u00f3n. <img loading=\"lazy\" decoding=\"async\" src=\"https:\/\/sandovalpllc.com\/wp-content\/uploads\/2023\/04\/right-knee-injury.png\" alt=\"knee Injury\" width=\"32\" height=\"32\" class=\"alignnone size-full wp-image-3387 lazy-load\" \/><\/div>\r\n\r\n\t\t\t\t\t\t\t\t\t\t\t\t\t<div class=\"case-amount\">$47,600<\/div>\r\n\t\t\t\t\t\t\t<div class=\"case-amount-desc\">Neto al Cliente<\/div>\r\n\t\t\t\t\t\t\r\n\t\t\t\t\t\t<div class=\"bl-details-container\">\r\n\t\t\t\t\t\t\t\t\t\t\t\t\t\t\t<div class=\"bl-details case-year clearfix\"><strong>2025<\/strong><\/div>\r\n\t\t\t\t\t\t\t\r\n\t\t\t\t\t\t\t\t\t\t\t\t\t\t\t<div class=\"bl-details texas-county clearfix\"><strong>Katy, Texas<\/strong><\/div>\r\n\t\t\t\t\t\t\t\t\t\t\t\t\t<\/div>\r\n\t\t\t\t\t<\/div>\r\n\t\t\t\t<\/article>\r\n\t\t\t<\/div>\r\n\t\t\t<div class=\"archive-pagination pagination\"><ul><li class=\"active\" ><a href=\"https:\/\/sandovalpllc.com\/es\/wp-json\/wp\/v2\/pages\/111\/\" aria-current=\"page\">1<\/a><\/li>\n<li><a href=\"https:\/\/sandovalpllc.com\/es\/wp-json\/wp\/v2\/pages\/111\/page\/2\/\">2<\/a><\/li>\n<li><a href=\"https:\/\/sandovalpllc.com\/es\/wp-json\/wp\/v2\/pages\/111\/page\/3\/\">3<\/a><\/li>\n<li class=\"pagination-omission\">&#x02026;<\/li> \n<li><a href=\"https:\/\/sandovalpllc.com\/es\/wp-json\/wp\/v2\/pages\/111\/page\/25\/\">25<\/a><\/li>\n<li class=\"pagination-next\"><a href=\"https:\/\/sandovalpllc.com\/es\/wp-json\/wp\/v2\/pages\/111\/page\/2\/\" >Next Page &#x000BB;<\/a><\/li>\n<\/ul><\/div>\n\t\t<\/div>\n","protected":false},"excerpt":{"rendered":"<p>Esperamos que el contenido de esta p\u00e1gina le termine de convencer de porque elegir a Sandoval Law Firm es la decisi\u00f3n correcta para usted y su familia. Nuestros abogados de accidentes de auto y accidentes de trabajo en Texas han manejado cientos de casos de accidentes automovil\u00edsticos y lesiones laborales. El abogado Hector Sandoval est\u00e1&#8230; <a href=\"https:\/\/sandovalpllc.com\/es\/case-results\/no-subscriptor-lesion-de-rodilla-7\/\" class=\"learn-btn\">Continue Reading<\/a><\/p>\n","protected":false},"author":6,"featured_media":233,"parent":0,"menu_order":0,"comment_status":"closed","ping_status":"closed","template":"","meta":{"_acf_changed":false,"_genesis_hide_title":false,"_genesis_hide_breadcrumbs":false,"_genesis_hide_singular_image":false,"_genesis_hide_footer_widgets":false,"_genesis_custom_body_class":"case-results-body","_genesis_custom_post_class":"","_genesis_layout":"","footnotes":""},"class_list":{"0":"post-111","1":"page","2":"type-page","3":"status-publish","4":"has-post-thumbnail","6":"entry"},"acf":[],"yoast_head":"<!-- This site is optimized with the Yoast SEO plugin v26.8 - https:\/\/yoast.com\/product\/yoast-seo-wordpress\/ -->\n<title>Resultados de Casos - Bufete de Abogados Sandoval Da\u00f1os Personales y Muerte Injusta<\/title>\n<meta name=\"description\" content=\"Esperamos que el contenido de esta p\u00e1gina le termine de convencer de porque elegir a Sandoval Law Firm es la decisi\u00f3n correcta para usted y su familia.\" \/>\n<meta name=\"robots\" content=\"index, follow, max-snippet:-1, max-image-preview:large, max-video-preview:-1\" \/>\n<link rel=\"canonical\" href=\"https:\/\/sandovalpllc.com\/es\/resultados-de-casos\/\" \/>\n<meta property=\"og:locale\" content=\"es_ES\" \/>\n<meta property=\"og:type\" content=\"article\" \/>\n<meta property=\"og:title\" content=\"Resultados de Casos - Bufete de Abogados Sandoval Da\u00f1os Personales y Muerte Injusta\" \/>\n<meta property=\"og:description\" content=\"Esperamos que el contenido de esta p\u00e1gina le termine de convencer de porque elegir a Sandoval Law Firm es la decisi\u00f3n correcta para usted y su familia.\" \/>\n<meta property=\"og:url\" content=\"https:\/\/sandovalpllc.com\/es\/resultados-de-casos\/\" \/>\n<meta property=\"og:site_name\" content=\"Bufete de Abogados Sandoval Da\u00f1os Personales y Muerte Injusta\" \/>\n<meta property=\"article:modified_time\" content=\"2021-12-01T18:22:24+00:00\" \/>\n<meta property=\"og:image\" content=\"https:\/\/sandovalpllc.com\/es\/wp-content\/uploads\/sites\/2\/2019\/05\/slide1.jpg\" \/>\n\t<meta property=\"og:image:width\" content=\"1920\" \/>\n\t<meta property=\"og:image:height\" content=\"951\" \/>\n\t<meta property=\"og:image:type\" content=\"image\/jpeg\" \/>\n<meta name=\"twitter:card\" content=\"summary_large_image\" \/>\n<meta name=\"twitter:label1\" content=\"Est. reading time\" \/>\n\t<meta name=\"twitter:data1\" content=\"1 minuto\" \/>\n<script type=\"application\/ld+json\" class=\"yoast-schema-graph\">{\"@context\":\"https:\/\/schema.org\",\"@graph\":[{\"@type\":\"WebPage\",\"@id\":\"https:\/\/sandovalpllc.com\/es\/resultados-de-casos\/\",\"url\":\"https:\/\/sandovalpllc.com\/es\/resultados-de-casos\/\",\"name\":\"Resultados de Casos - Bufete de Abogados Sandoval Da\u00f1os Personales y Muerte Injusta\",\"isPartOf\":{\"@id\":\"https:\/\/sandovalpllc.com\/es\/#website\"},\"primaryImageOfPage\":{\"@id\":\"https:\/\/sandovalpllc.com\/es\/resultados-de-casos\/#primaryimage\"},\"image\":{\"@id\":\"https:\/\/sandovalpllc.com\/es\/resultados-de-casos\/#primaryimage\"},\"thumbnailUrl\":\"https:\/\/sandovalpllc.com\/es\/wp-content\/uploads\/sites\/2\/2019\/05\/slide1.jpg\",\"datePublished\":\"2019-05-08T17:00:42+00:00\",\"dateModified\":\"2021-12-01T18:22:24+00:00\",\"description\":\"Esperamos que el contenido de esta p\u00e1gina le termine de convencer de porque elegir a Sandoval Law Firm es la decisi\u00f3n correcta para usted y su familia.\",\"breadcrumb\":{\"@id\":\"https:\/\/sandovalpllc.com\/es\/resultados-de-casos\/#breadcrumb\"},\"inLanguage\":\"es-PE\",\"potentialAction\":[{\"@type\":\"ReadAction\",\"target\":[\"https:\/\/sandovalpllc.com\/es\/resultados-de-casos\/\"]}]},{\"@type\":\"ImageObject\",\"inLanguage\":\"es-PE\",\"@id\":\"https:\/\/sandovalpllc.com\/es\/resultados-de-casos\/#primaryimage\",\"url\":\"https:\/\/sandovalpllc.com\/es\/wp-content\/uploads\/sites\/2\/2019\/05\/slide1.jpg\",\"contentUrl\":\"https:\/\/sandovalpllc.com\/es\/wp-content\/uploads\/sites\/2\/2019\/05\/slide1.jpg\",\"width\":1920,\"height\":951,\"caption\":\"sandoval offices\"},{\"@type\":\"BreadcrumbList\",\"@id\":\"https:\/\/sandovalpllc.com\/es\/resultados-de-casos\/#breadcrumb\",\"itemListElement\":[{\"@type\":\"ListItem\",\"position\":1,\"name\":\"Home\",\"item\":\"https:\/\/sandovalpllc.com\/es\/\"},{\"@type\":\"ListItem\",\"position\":2,\"name\":\"Resultados de Casos\"}]},{\"@type\":\"WebSite\",\"@id\":\"https:\/\/sandovalpllc.com\/es\/#website\",\"url\":\"https:\/\/sandovalpllc.com\/es\/\",\"name\":\"Bufete de Abogados Sandoval Da\u00f1os Personales y Muerte Injusta\",\"description\":\"Just another Sandoval Law Firm, PLLC Sites site\",\"potentialAction\":[{\"@type\":\"SearchAction\",\"target\":{\"@type\":\"EntryPoint\",\"urlTemplate\":\"https:\/\/sandovalpllc.com\/es\/?s={search_term_string}\"},\"query-input\":{\"@type\":\"PropertyValueSpecification\",\"valueRequired\":true,\"valueName\":\"search_term_string\"}}],\"inLanguage\":\"es-PE\"}]}<\/script>\n<!-- \/ Yoast SEO plugin. -->","yoast_head_json":{"title":"Resultados de Casos - Bufete de Abogados Sandoval Da\u00f1os Personales y Muerte Injusta","description":"Esperamos que el contenido de esta p\u00e1gina le termine de convencer de porque elegir a Sandoval Law Firm es la decisi\u00f3n correcta para usted y su familia.","robots":{"index":"index","follow":"follow","max-snippet":"max-snippet:-1","max-image-preview":"max-image-preview:large","max-video-preview":"max-video-preview:-1"},"canonical":"https:\/\/sandovalpllc.com\/es\/resultados-de-casos\/","og_locale":"es_ES","og_type":"article","og_title":"Resultados de Casos - Bufete de Abogados Sandoval Da\u00f1os Personales y Muerte Injusta","og_description":"Esperamos que el contenido de esta p\u00e1gina le termine de convencer de porque elegir a Sandoval Law Firm es la decisi\u00f3n correcta para usted y su familia.","og_url":"https:\/\/sandovalpllc.com\/es\/resultados-de-casos\/","og_site_name":"Bufete de Abogados Sandoval Da\u00f1os Personales y Muerte Injusta","article_modified_time":"2021-12-01T18:22:24+00:00","og_image":[{"width":1920,"height":951,"url":"https:\/\/sandovalpllc.com\/es\/wp-content\/uploads\/sites\/2\/2019\/05\/slide1.jpg","type":"image\/jpeg"}],"twitter_card":"summary_large_image","twitter_misc":{"Est. reading time":"1 minuto"},"schema":{"@context":"https:\/\/schema.org","@graph":[{"@type":"WebPage","@id":"https:\/\/sandovalpllc.com\/es\/resultados-de-casos\/","url":"https:\/\/sandovalpllc.com\/es\/resultados-de-casos\/","name":"Resultados de Casos - Bufete de Abogados Sandoval Da\u00f1os Personales y Muerte Injusta","isPartOf":{"@id":"https:\/\/sandovalpllc.com\/es\/#website"},"primaryImageOfPage":{"@id":"https:\/\/sandovalpllc.com\/es\/resultados-de-casos\/#primaryimage"},"image":{"@id":"https:\/\/sandovalpllc.com\/es\/resultados-de-casos\/#primaryimage"},"thumbnailUrl":"https:\/\/sandovalpllc.com\/es\/wp-content\/uploads\/sites\/2\/2019\/05\/slide1.jpg","datePublished":"2019-05-08T17:00:42+00:00","dateModified":"2021-12-01T18:22:24+00:00","description":"Esperamos que el contenido de esta p\u00e1gina le termine de convencer de porque elegir a Sandoval Law Firm es la decisi\u00f3n correcta para usted y su familia.","breadcrumb":{"@id":"https:\/\/sandovalpllc.com\/es\/resultados-de-casos\/#breadcrumb"},"inLanguage":"es-PE","potentialAction":[{"@type":"ReadAction","target":["https:\/\/sandovalpllc.com\/es\/resultados-de-casos\/"]}]},{"@type":"ImageObject","inLanguage":"es-PE","@id":"https:\/\/sandovalpllc.com\/es\/resultados-de-casos\/#primaryimage","url":"https:\/\/sandovalpllc.com\/es\/wp-content\/uploads\/sites\/2\/2019\/05\/slide1.jpg","contentUrl":"https:\/\/sandovalpllc.com\/es\/wp-content\/uploads\/sites\/2\/2019\/05\/slide1.jpg","width":1920,"height":951,"caption":"sandoval offices"},{"@type":"BreadcrumbList","@id":"https:\/\/sandovalpllc.com\/es\/resultados-de-casos\/#breadcrumb","itemListElement":[{"@type":"ListItem","position":1,"name":"Home","item":"https:\/\/sandovalpllc.com\/es\/"},{"@type":"ListItem","position":2,"name":"Resultados de Casos"}]},{"@type":"WebSite","@id":"https:\/\/sandovalpllc.com\/es\/#website","url":"https:\/\/sandovalpllc.com\/es\/","name":"Bufete de Abogados Sandoval Da\u00f1os Personales y Muerte Injusta","description":"Just another Sandoval Law Firm, PLLC Sites site","potentialAction":[{"@type":"SearchAction","target":{"@type":"EntryPoint","urlTemplate":"https:\/\/sandovalpllc.com\/es\/?s={search_term_string}"},"query-input":{"@type":"PropertyValueSpecification","valueRequired":true,"valueName":"search_term_string"}}],"inLanguage":"es-PE"}]}},"_links":{"self":[{"href":"https:\/\/sandovalpllc.com\/es\/wp-json\/wp\/v2\/pages\/111","targetHints":{"allow":["GET"]}}],"collection":[{"href":"https:\/\/sandovalpllc.com\/es\/wp-json\/wp\/v2\/pages"}],"about":[{"href":"https:\/\/sandovalpllc.com\/es\/wp-json\/wp\/v2\/types\/page"}],"author":[{"embeddable":true,"href":"https:\/\/sandovalpllc.com\/es\/wp-json\/wp\/v2\/users\/6"}],"replies":[{"embeddable":true,"href":"https:\/\/sandovalpllc.com\/es\/wp-json\/wp\/v2\/comments?post=111"}],"version-history":[{"count":0,"href":"https:\/\/sandovalpllc.com\/es\/wp-json\/wp\/v2\/pages\/111\/revisions"}],"wp:featuredmedia":[{"embeddable":true,"href":"https:\/\/sandovalpllc.com\/es\/wp-json\/wp\/v2\/media\/233"}],"wp:attachment":[{"href":"https:\/\/sandovalpllc.com\/es\/wp-json\/wp\/v2\/media?parent=111"}],"curies":[{"name":"wp","href":"https:\/\/api.w.org\/{rel}","templated":true}]}}