{"id":110,"date":"2019-05-08T17:00:20","date_gmt":"2019-05-08T17:00:20","guid":{"rendered":"https:\/\/sandovalpllc.wpengine.com\/es\/?page_id=110"},"modified":"2025-12-10T17:00:15","modified_gmt":"2025-12-10T17:00:15","slug":"gracias","status":"publish","type":"page","link":"https:\/\/sandovalpllc.com\/es\/gracias\/","title":{"rendered":"Gracias por contactarnos!"},"content":{"rendered":"<h2>Nos pondremos en contacto con usted en breve.<\/h2>\n<p>Si su consulta no puede esperar, \u00a1llame ahora al <strong><a href=\"tel:+13463477777\" class=\"click-to-call-body\">(346) 347-7777<\/a><\/strong> para una consulta gratuita e informativa!<\/p>\n\n\t\r\n\t<div class=\"search-widget\" id=\"cgs_58dad97f-5541-4c2d-aadc-07c67c107980\">\t\r\n\t\t<form class=\"chatgpt-form newsearchform\" method=\"get\" action=\"https:\/\/sandovalpllc.com\/es\/buscar\/\" \r\n\t\t\tdata-results=\"_blank\"\r\n\t\t\tdata-source=\"thankyou_page\" >\r\n\t\t\t<div class=\"label-search\" data-bs-toggle=\"tooltip\" data-bs-placement=\"top\" title=\"HEX es una funci\u00f3n de IA que genera una respuesta a cualquier pregunta bas\u00e1ndose en el contenido del sitio web proporcionado por el abogado H\u00e9ctor Sandoval.\">\r\n\t\t\t\t <a href=\"https:\/\/sandovalpllc.com\/es\/pregunte-a-hex-una-mejor-manera-de-conectar-con-usted-mediante-inteligencia-artificial\/\" target=\"_blank\"><img decoding=\"async\" src=\"https:\/\/sandovalpllc.com\/wp-content\/uploads\/2025\/12\/ask-HEX-V2-GIF.gif\" style=\"height:60px;width:auto\"><\/a>\t\t\t<\/div>\r\n\t\t\t<input class=\"label-input\" type=\"text\" id=\"chatgpt_q_cgs_58dad97f-5541-4c2d-aadc-07c67c107980\" name=\"chatgpt_q\" placeholder=\"Escriba su pregunta aqu\u00ed y obtenga una respuesta instant\u00e1nea de nuestra funci\u00f3n de inteligencia artificial HEX...\" value=\"\" required \/>\r\n\t\t\t<div class=\"buttoni\">\r\n\t\t\t\t<input class=\"button\" type=\"submit\" id=\"searchsubmit_cgs_58dad97f-5541-4c2d-aadc-07c67c107980\" value=\"Generar respuesta\" \/>\r\n\t\t\t<\/div>\r\n\t\t\t<input type=\"hidden\" name=\"results\" value=\"_blank\" \/>\r\n\t\t\t<input type=\"hidden\" name=\"source\" value=\"thankyou_page\" \/>\r\n\t\t<\/form>\r\n\t\t<div class=\"poweredchatgpt\">AI-Powered Ask HEX! <span class=\"tooltip-hm right\"><i class=\"fa-solid fa-circle-info\"><\/i> <span class=\"tooltip-content\">Al presionar \"<strong>Generar respuesta<\/strong>\", nos conectaremos con nuestra inteligencia artificial impulsada por ChatGPT. Recibir\u00e1s una respuesta inmediata a tu pregunta, junto con art\u00edculos relacionados y una lista de preguntas similares que podr\u00edan ayudarte con su inquietud.<\/span><\/span><\/div>\t<\/div>\n<p><img loading=\"lazy\" decoding=\"async\" class=\"aligncenter size-full wp-image-2979 lazy-load\" src=\"https:\/\/sandovalpllc.com\/es\/wp-content\/uploads\/sites\/2\/2025\/10\/gracias-img.jpg\" alt=\"\" width=\"768\" height=\"512\" srcset=\"https:\/\/sandovalpllc.com\/es\/wp-content\/uploads\/sites\/2\/2025\/10\/gracias-img.jpg 768w, https:\/\/sandovalpllc.com\/es\/wp-content\/uploads\/sites\/2\/2025\/10\/gracias-img-300x200.jpg 300w\" sizes=\"auto, (max-width: 768px) 100vw, 768px\" \/><\/p>\n<h2>Algunos resultados de casos de accidentes de auto y trabajo<\/h2>\n\t\t<div class=\"case-results-box\">\r\n\t\t\t<div class=\"col-md-6\">\r\n\t\t\t\t<article class=\"case-results type-case-results\">\r\n\t\t\t\t\t<div class=\"case-logo\"><img loading=\"lazy\" decoding=\"async\" src=\"https:\/\/sandovalpllc.com\/wp-content\/uploads\/2024\/04\/logo-sandoval.png\" width=\"64\" height=\"81\" alt=\"Case by Sandoval\"><\/div>\r\n\t\t\t\t\t<header class=\"entry-header\"><h3>NO SUBSCRIPTOR: Lesiones de rodilla<\/h3><\/header>\r\n\t\t\t\t\t<div class=\"entry-content\" itemprop=\"text\">\r\n\t\t\t\t\t\t<div class=\"bl-details clearfix\">Falta de advertencia. <img loading=\"lazy\" decoding=\"async\" src=\"https:\/\/sandovalpllc.com\/wp-content\/uploads\/2023\/04\/right-knee-injury.png\" alt=\"knee Injury\" width=\"32\" height=\"32\" class=\"alignnone size-full wp-image-3387 lazy-load\" \/><\/div>\r\n\r\n\t\t\t\t\t\t\t\t\t\t\t\t\t<div class=\"case-amount\">$41,349<\/div>\r\n\t\t\t\t\t\t\t<div class=\"case-amount-desc\">Neto al Cliente<\/div>\r\n\t\t\t\t\t\t\r\n\t\t\t\t\t\t<div class=\"bl-details-container\">\r\n\t\t\t\t\t\t\t\t\t\t\t\t\t\t\t<div class=\"bl-details case-year clearfix\"><strong>2025<\/strong><\/div>\r\n\t\t\t\t\t\t\t\r\n\t\t\t\t\t\t\t\t\t\t\t\t\t\t\t<div class=\"bl-details texas-county clearfix\"><strong>Ennis, Texas<\/strong><\/div>\r\n\t\t\t\t\t\t\t\t\t\t\t\t\t<\/div>\r\n\t\t\t\t\t<\/div>\r\n\t\t\t\t<\/article>\r\n\t\t\t<\/div>\r\n\t\t\t\r\n\t\t\t<div class=\"col-md-6\">\r\n\t\t\t\t<article class=\"case-results type-case-results\">\r\n\t\t\t\t\t<div class=\"case-logo\"><img loading=\"lazy\" decoding=\"async\" src=\"https:\/\/sandovalpllc.com\/wp-content\/uploads\/2024\/04\/logo-sandoval.png\" width=\"64\" height=\"81\" alt=\"Case by Sandoval\"><\/div>\r\n\t\t\t\t\t<header class=\"entry-header\"><h3>NO SUBSCRIPTOR: Lesiones de espalda y rodilla<\/h3><\/header>\r\n\t\t\t\t\t<div class=\"entry-content\" itemprop=\"text\">\r\n\t\t\t\t\t\t<div class=\"bl-details clearfix\">No proporcionar equipo seguro. <img loading=\"lazy\" decoding=\"async\" src=\"https:\/\/sandovalpllc.com\/wp-content\/uploads\/2023\/04\/back-injury.png\" alt=\"Lesi\u00f3n a la espalda\" width=\"32\" height=\"32\" class=\"alignnone size-full wp-image-3387 lazy-load\" \/><\/div>\r\n\r\n\t\t\t\t\t\t\t\t\t\t\t\t\t<div class=\"case-amount\">$15,949<\/div>\r\n\t\t\t\t\t\t\t<div class=\"case-amount-desc\">Neto al Cliente<\/div>\r\n\t\t\t\t\t\t\r\n\t\t\t\t\t\t<div class=\"bl-details-container\">\r\n\t\t\t\t\t\t\t\t\t\t\t\t\t\t\t<div class=\"bl-details case-year clearfix\"><strong>2026<\/strong><\/div>\r\n\t\t\t\t\t\t\t\r\n\t\t\t\t\t\t\t\t\t\t\t\t\t\t\t<div class=\"bl-details texas-county clearfix\"><strong>Houston, Texas<\/strong><\/div>\r\n\t\t\t\t\t\t\t\t\t\t\t\t\t<\/div>\r\n\t\t\t\t\t<\/div>\r\n\t\t\t\t<\/article>\r\n\t\t\t<\/div>\r\n\t\t\t\r\n\t\t\t<div class=\"col-md-6\">\r\n\t\t\t\t<article class=\"case-results type-case-results\">\r\n\t\t\t\t\t<div class=\"case-logo\"><img loading=\"lazy\" decoding=\"async\" src=\"https:\/\/sandovalpllc.com\/wp-content\/uploads\/2024\/04\/logo-sandoval.png\" width=\"64\" height=\"81\" alt=\"Case by Sandoval\"><\/div>\r\n\t\t\t\t\t<header class=\"entry-header\"><h3>NO SUBSCRIPTOR: Lesi\u00f3n a la cabeza<\/h3><\/header>\r\n\t\t\t\t\t<div class=\"entry-content\" itemprop=\"text\">\r\n\t\t\t\t\t\t<div class=\"bl-details clearfix\">Falta de formaci\u00f3n. <img loading=\"lazy\" decoding=\"async\" src=\"https:\/\/sandovalpllc.com\/wp-content\/uploads\/2023\/04\/hand-cervical-injuries.png\" alt=\"Head Injury\" width=\"32\" height=\"32\" class=\"alignnone size-full wp-image-3387 lazy-load\" \/><\/div>\r\n\r\n\t\t\t\t\t\t\t\t\t\t\t\t\t<div class=\"case-amount\">$33,191<\/div>\r\n\t\t\t\t\t\t\t<div class=\"case-amount-desc\">Neto al Cliente<\/div>\r\n\t\t\t\t\t\t\r\n\t\t\t\t\t\t<div class=\"bl-details-container\">\r\n\t\t\t\t\t\t\t\t\t\t\t\t\t\t\t<div class=\"bl-details case-year clearfix\"><strong>2026<\/strong><\/div>\r\n\t\t\t\t\t\t\t\r\n\t\t\t\t\t\t\t\t\t\t\t\t\t\t\t<div class=\"bl-details texas-county clearfix\"><strong>Gonzalez, Texas<\/strong><\/div>\r\n\t\t\t\t\t\t\t\t\t\t\t\t\t<\/div>\r\n\t\t\t\t\t<\/div>\r\n\t\t\t\t<\/article>\r\n\t\t\t<\/div>\r\n\t\t\t\r\n\t\t\t<div class=\"col-md-6\">\r\n\t\t\t\t<article class=\"case-results type-case-results\">\r\n\t\t\t\t\t<div class=\"case-logo\"><img loading=\"lazy\" decoding=\"async\" src=\"https:\/\/sandovalpllc.com\/wp-content\/uploads\/2024\/04\/logo-sandoval.png\" width=\"64\" height=\"81\" alt=\"Case by Sandoval\"><\/div>\r\n\t\t\t\t\t<header class=\"entry-header\"><h3>NO SUBSCRIPTOR: Lesi\u00f3n en la mano<\/h3><\/header>\r\n\t\t\t\t\t<div class=\"entry-content\" itemprop=\"text\">\r\n\t\t\t\t\t\t<div class=\"bl-details clearfix\">No proporcionar equipo seguro. <img loading=\"lazy\" decoding=\"async\" src=\"https:\/\/sandovalpllc.com\/wp-content\/uploads\/2023\/04\/hand-injury.png\" alt=\"Hand Injury\" width=\"32\" height=\"32\" class=\"alignnone size-full wp-image-3387 lazy-load\" \/><\/div>\r\n\r\n\t\t\t\t\t\t\t\t\t\t\t\t\t<div class=\"case-amount\">$31,682<\/div>\r\n\t\t\t\t\t\t\t<div class=\"case-amount-desc\">Neto al Cliente<\/div>\r\n\t\t\t\t\t\t\r\n\t\t\t\t\t\t<div class=\"bl-details-container\">\r\n\t\t\t\t\t\t\t\t\t\t\t\t\t\t\t<div class=\"bl-details case-year clearfix\"><strong>2026<\/strong><\/div>\r\n\t\t\t\t\t\t\t\r\n\t\t\t\t\t\t\t\t\t\t\t\t\t\t\t<div class=\"bl-details texas-county clearfix\"><strong>Houston, Texas<\/strong><\/div>\r\n\t\t\t\t\t\t\t\t\t\t\t\t\t<\/div>\r\n\t\t\t\t\t<\/div>\r\n\t\t\t\t<\/article>\r\n\t\t\t<\/div>\r\n\t\t\t\r\n\t\t\t<div class=\"col-md-6\">\r\n\t\t\t\t<article class=\"case-results type-case-results\">\r\n\t\t\t\t\t<div class=\"case-logo\"><img loading=\"lazy\" decoding=\"async\" src=\"https:\/\/sandovalpllc.com\/wp-content\/uploads\/2024\/04\/logo-sandoval.png\" width=\"64\" height=\"81\" alt=\"Case by Sandoval\"><\/div>\r\n\t\t\t\t\t<header class=\"entry-header\"><h3>NO SUBSCRIPTOR: Lesi\u00f3n a la espalda y el hombro<\/h3><\/header>\r\n\t\t\t\t\t<div class=\"entry-content\" itemprop=\"text\">\r\n\t\t\t\t\t\t<div class=\"bl-details clearfix\">Falta de prestaci\u00f3n de asistencia. <img loading=\"lazy\" decoding=\"async\" src=\"https:\/\/sandovalpllc.com\/wp-content\/uploads\/2023\/04\/back-injury.png\" alt=\"Lesi\u00f3n a la espalda\" width=\"32\" height=\"32\" class=\"alignnone size-full wp-image-3387 lazy-load\" \/><\/div>\r\n\r\n\t\t\t\t\t\t\t\t\t\t\t\t\t<div class=\"case-amount\">$40,000<\/div>\r\n\t\t\t\t\t\t\t<div class=\"case-amount-desc\">Neto al Cliente<\/div>\r\n\t\t\t\t\t\t\r\n\t\t\t\t\t\t<div class=\"bl-details-container\">\r\n\t\t\t\t\t\t\t\t\t\t\t\t\t\t\t<div class=\"bl-details case-year clearfix\"><strong>2026<\/strong><\/div>\r\n\t\t\t\t\t\t\t\r\n\t\t\t\t\t\t\t\t\t\t\t\t\t\t\t<div class=\"bl-details texas-county clearfix\"><strong>Weatherford, Texas<\/strong><\/div>\r\n\t\t\t\t\t\t\t\t\t\t\t\t\t<\/div>\r\n\t\t\t\t\t<\/div>\r\n\t\t\t\t<\/article>\r\n\t\t\t<\/div>\r\n\t\t\t\r\n\t\t\t<div class=\"col-md-6\">\r\n\t\t\t\t<article class=\"case-results type-case-results\">\r\n\t\t\t\t\t<div class=\"case-logo\"><img loading=\"lazy\" decoding=\"async\" src=\"https:\/\/sandovalpllc.com\/wp-content\/uploads\/2024\/04\/logo-sandoval.png\" width=\"64\" height=\"81\" alt=\"Case by Sandoval\"><\/div>\r\n\t\t\t\t\t<header class=\"entry-header\"><h3>NO SUBSCRIPTOR: Lesi\u00f3n a la espalda<\/h3><\/header>\r\n\t\t\t\t\t<div class=\"entry-content\" itemprop=\"text\">\r\n\t\t\t\t\t\t<div class=\"bl-details clearfix\">Falta de prestaci\u00f3n de asistencia. <img loading=\"lazy\" decoding=\"async\" src=\"https:\/\/sandovalpllc.com\/wp-content\/uploads\/2023\/04\/back-injury.png\" alt=\"Lesi\u00f3n a la espalda\" width=\"32\" height=\"32\" class=\"alignnone size-full wp-image-3387 lazy-load\" \/><\/div>\r\n\r\n\t\t\t\t\t\t\t\t\t\t\t\t\t<div class=\"case-amount\">$25,000<\/div>\r\n\t\t\t\t\t\t\t<div class=\"case-amount-desc\">Neto al Cliente<\/div>\r\n\t\t\t\t\t\t\r\n\t\t\t\t\t\t<div class=\"bl-details-container\">\r\n\t\t\t\t\t\t\t\t\t\t\t\t\t\t\t<div class=\"bl-details case-year clearfix\"><strong>2026<\/strong><\/div>\r\n\t\t\t\t\t\t\t\r\n\t\t\t\t\t\t\t\t\t\t\t\t\t\t\t<div class=\"bl-details texas-county clearfix\"><strong>Lubbock, Texas<\/strong><\/div>\r\n\t\t\t\t\t\t\t\t\t\t\t\t\t<\/div>\r\n\t\t\t\t\t<\/div>\r\n\t\t\t\t<\/article>\r\n\t\t\t<\/div>\r\n\t\t\t\r\n\t\t\t<div class=\"col-md-6\">\r\n\t\t\t\t<article class=\"case-results type-case-results\">\r\n\t\t\t\t\t<div class=\"case-logo\"><img loading=\"lazy\" decoding=\"async\" src=\"https:\/\/sandovalpllc.com\/wp-content\/uploads\/2024\/04\/logo-sandoval.png\" width=\"64\" height=\"81\" alt=\"Case by Sandoval\"><\/div>\r\n\t\t\t\t\t<header class=\"entry-header\"><h3>NO SUBSCRIPTOR: Lesi\u00f3n a la espalda<\/h3><\/header>\r\n\t\t\t\t\t<div class=\"entry-content\" itemprop=\"text\">\r\n\t\t\t\t\t\t<div class=\"bl-details clearfix\">Falta de prestaci\u00f3n de asistencia. <img loading=\"lazy\" decoding=\"async\" src=\"https:\/\/sandovalpllc.com\/wp-content\/uploads\/2023\/04\/back-injury.png\" alt=\"Lesi\u00f3n a la espalda\" width=\"32\" height=\"32\" class=\"alignnone size-full wp-image-3387 lazy-load\" \/><\/div>\r\n\r\n\t\t\t\t\t\t\t\t\t\t\t\t\t<div class=\"case-amount\">$25,516<\/div>\r\n\t\t\t\t\t\t\t<div class=\"case-amount-desc\">Neto al Cliente<\/div>\r\n\t\t\t\t\t\t\r\n\t\t\t\t\t\t<div class=\"bl-details-container\">\r\n\t\t\t\t\t\t\t\t\t\t\t\t\t\t\t<div class=\"bl-details case-year clearfix\"><strong>2026<\/strong><\/div>\r\n\t\t\t\t\t\t\t\r\n\t\t\t\t\t\t\t\t\t\t\t\t\t\t\t<div class=\"bl-details texas-county clearfix\"><strong>Houston, Texas<\/strong><\/div>\r\n\t\t\t\t\t\t\t\t\t\t\t\t\t<\/div>\r\n\t\t\t\t\t<\/div>\r\n\t\t\t\t<\/article>\r\n\t\t\t<\/div>\r\n\t\t\t\r\n\t\t\t<div class=\"col-md-6\">\r\n\t\t\t\t<article class=\"case-results type-case-results\">\r\n\t\t\t\t\t<div class=\"case-logo\"><img loading=\"lazy\" decoding=\"async\" src=\"https:\/\/sandovalpllc.com\/wp-content\/uploads\/2024\/04\/logo-sandoval.png\" width=\"64\" height=\"81\" alt=\"Case by Sandoval\"><\/div>\r\n\t\t\t\t\t<header class=\"entry-header\"><h3>NO SUBSCRIPTOR: Lesi\u00f3n a la espalda<\/h3><\/header>\r\n\t\t\t\t\t<div class=\"entry-content\" itemprop=\"text\">\r\n\t\t\t\t\t\t<div class=\"bl-details clearfix\">Falta de formaci\u00f3n. <img loading=\"lazy\" decoding=\"async\" src=\"https:\/\/sandovalpllc.com\/wp-content\/uploads\/2023\/04\/back-injury.png\" alt=\"Lesi\u00f3n a la espalda\" width=\"32\" height=\"32\" class=\"alignnone size-full wp-image-3387 lazy-load\" \/><\/div>\r\n\r\n\t\t\t\t\t\t\t\t\t\t\t\t\t<div class=\"case-amount\">$18,000<\/div>\r\n\t\t\t\t\t\t\t<div class=\"case-amount-desc\">Neto al Cliente<\/div>\r\n\t\t\t\t\t\t\r\n\t\t\t\t\t\t<div class=\"bl-details-container\">\r\n\t\t\t\t\t\t\t\t\t\t\t\t\t\t\t<div class=\"bl-details case-year clearfix\"><strong>2026<\/strong><\/div>\r\n\t\t\t\t\t\t\t\r\n\t\t\t\t\t\t\t\t\t\t\t\t\t\t\t<div class=\"bl-details texas-county clearfix\"><strong>San Antonio, Texas<\/strong><\/div>\r\n\t\t\t\t\t\t\t\t\t\t\t\t\t<\/div>\r\n\t\t\t\t\t<\/div>\r\n\t\t\t\t<\/article>\r\n\t\t\t<\/div>\r\n\t\t\t\r\n\t\t\t<div class=\"col-md-6\">\r\n\t\t\t\t<article class=\"case-results type-case-results\">\r\n\t\t\t\t\t<div class=\"case-logo\"><img loading=\"lazy\" decoding=\"async\" src=\"https:\/\/sandovalpllc.com\/wp-content\/uploads\/2024\/04\/logo-sandoval.png\" width=\"64\" height=\"81\" alt=\"Case by Sandoval\"><\/div>\r\n\t\t\t\t\t<header class=\"entry-header\"><h3>NO SUBSCRIPTOR: Lesi\u00f3n a la espalda<\/h3><\/header>\r\n\t\t\t\t\t<div class=\"entry-content\" itemprop=\"text\">\r\n\t\t\t\t\t\t<div class=\"bl-details clearfix\">Falta de formaci\u00f3n y advertencia. <img loading=\"lazy\" decoding=\"async\" src=\"https:\/\/sandovalpllc.com\/wp-content\/uploads\/2023\/04\/back-injury.png\" alt=\"Lesi\u00f3n a la espalda\" width=\"32\" height=\"32\" class=\"alignnone size-full wp-image-3387 lazy-load\" \/><\/div>\r\n\r\n\t\t\t\t\t\t\t\t\t\t\t\t\t<div class=\"case-amount\">$84,087<\/div>\r\n\t\t\t\t\t\t\t<div class=\"case-amount-desc\">Neto al Cliente<\/div>\r\n\t\t\t\t\t\t\r\n\t\t\t\t\t\t<div class=\"bl-details-container\">\r\n\t\t\t\t\t\t\t\t\t\t\t\t\t\t\t<div class=\"bl-details case-year clearfix\"><strong>2025<\/strong><\/div>\r\n\t\t\t\t\t\t\t\r\n\t\t\t\t\t\t\t\t\t\t\t\t\t\t\t<div class=\"bl-details texas-county clearfix\"><strong>Fort Worth, Texas<\/strong><\/div>\r\n\t\t\t\t\t\t\t\t\t\t\t\t\t<\/div>\r\n\t\t\t\t\t<\/div>\r\n\t\t\t\t<\/article>\r\n\t\t\t<\/div>\r\n\t\t\t\r\n\t\t\t<div class=\"col-md-6\">\r\n\t\t\t\t<article class=\"case-results type-case-results\">\r\n\t\t\t\t\t<div class=\"case-logo\"><img loading=\"lazy\" decoding=\"async\" src=\"https:\/\/sandovalpllc.com\/wp-content\/uploads\/2024\/04\/logo-sandoval.png\" width=\"64\" height=\"81\" alt=\"Case by Sandoval\"><\/div>\r\n\t\t\t\t\t<header class=\"entry-header\"><h3>NO SUBSCRIPTOR: Lesi\u00f3n de rodilla<\/h3><\/header>\r\n\t\t\t\t\t<div class=\"entry-content\" itemprop=\"text\">\r\n\t\t\t\t\t\t<div class=\"bl-details clearfix\">Falta de formaci\u00f3n. <img loading=\"lazy\" decoding=\"async\" src=\"https:\/\/sandovalpllc.com\/wp-content\/uploads\/2023\/04\/right-knee-injury.png\" alt=\"knee Injury\" width=\"32\" height=\"32\" class=\"alignnone size-full wp-image-3387 lazy-load\" \/><\/div>\r\n\r\n\t\t\t\t\t\t\t\t\t\t\t\t\t<div class=\"case-amount\">$47,600<\/div>\r\n\t\t\t\t\t\t\t<div class=\"case-amount-desc\">Neto al Cliente<\/div>\r\n\t\t\t\t\t\t\r\n\t\t\t\t\t\t<div class=\"bl-details-container\">\r\n\t\t\t\t\t\t\t\t\t\t\t\t\t\t\t<div class=\"bl-details case-year clearfix\"><strong>2025<\/strong><\/div>\r\n\t\t\t\t\t\t\t\r\n\t\t\t\t\t\t\t\t\t\t\t\t\t\t\t<div class=\"bl-details texas-county clearfix\"><strong>Katy, Texas<\/strong><\/div>\r\n\t\t\t\t\t\t\t\t\t\t\t\t\t<\/div>\r\n\t\t\t\t\t<\/div>\r\n\t\t\t\t<\/article>\r\n\t\t\t<\/div>\r\n\t\t\t\t\t<\/div>\n","protected":false},"excerpt":{"rendered":"<p>Nos pondremos en contacto con usted en breve. Si su consulta no puede esperar, \u00a1llame ahora al para una consulta gratuita e informativa! Algunos resultados de casos de accidentes de auto y trabajo<\/p>\n","protected":false},"author":6,"featured_media":233,"parent":0,"menu_order":0,"comment_status":"closed","ping_status":"closed","template":"","meta":{"_acf_changed":false,"_genesis_hide_title":false,"_genesis_hide_breadcrumbs":false,"_genesis_hide_singular_image":false,"_genesis_hide_footer_widgets":false,"_genesis_custom_body_class":"","_genesis_custom_post_class":"","_genesis_layout":"full-width-content","footnotes":""},"class_list":{"0":"post-110","1":"page","2":"type-page","3":"status-publish","4":"has-post-thumbnail","6":"entry"},"acf":[],"yoast_head":"<!-- This site is optimized with the Yoast SEO plugin v26.8 - https:\/\/yoast.com\/product\/yoast-seo-wordpress\/ -->\n<title>Gracias por contactarnos! - Bufete de Abogados Sandoval Da\u00f1os Personales y Muerte Injusta<\/title>\n<meta name=\"description\" content=\"Nos pondremos en contacto con usted en breve. Si su consulta no puede esperar, \u00a1llame ahora al para una consulta gratuita e informativa! Algunos\" \/>\n<meta name=\"robots\" content=\"index, follow, max-snippet:-1, max-image-preview:large, max-video-preview:-1\" \/>\n<link rel=\"canonical\" href=\"https:\/\/sandovalpllc.com\/es\/gracias\/\" \/>\n<meta property=\"og:locale\" content=\"es_ES\" \/>\n<meta property=\"og:type\" content=\"article\" \/>\n<meta property=\"og:title\" content=\"Gracias por contactarnos! - Bufete de Abogados Sandoval Da\u00f1os Personales y Muerte Injusta\" \/>\n<meta property=\"og:description\" content=\"Nos pondremos en contacto con usted en breve. Si su consulta no puede esperar, \u00a1llame ahora al para una consulta gratuita e informativa! Algunos\" \/>\n<meta property=\"og:url\" content=\"https:\/\/sandovalpllc.com\/es\/gracias\/\" \/>\n<meta property=\"og:site_name\" content=\"Bufete de Abogados Sandoval Da\u00f1os Personales y Muerte Injusta\" \/>\n<meta property=\"article:modified_time\" content=\"2025-12-10T17:00:15+00:00\" \/>\n<meta property=\"og:image\" content=\"https:\/\/sandovalpllc.com\/es\/wp-content\/uploads\/sites\/2\/2019\/05\/slide1.jpg\" \/>\n\t<meta property=\"og:image:width\" content=\"1920\" \/>\n\t<meta property=\"og:image:height\" content=\"951\" \/>\n\t<meta property=\"og:image:type\" content=\"image\/jpeg\" \/>\n<meta name=\"twitter:card\" content=\"summary_large_image\" \/>\n<meta name=\"twitter:label1\" content=\"Est. reading time\" \/>\n\t<meta name=\"twitter:data1\" content=\"1 minuto\" \/>\n<script type=\"application\/ld+json\" class=\"yoast-schema-graph\">{\"@context\":\"https:\/\/schema.org\",\"@graph\":[{\"@type\":\"WebPage\",\"@id\":\"https:\/\/sandovalpllc.com\/es\/gracias\/\",\"url\":\"https:\/\/sandovalpllc.com\/es\/gracias\/\",\"name\":\"Gracias por contactarnos! - Bufete de Abogados Sandoval Da\u00f1os Personales y Muerte Injusta\",\"isPartOf\":{\"@id\":\"https:\/\/sandovalpllc.com\/es\/#website\"},\"primaryImageOfPage\":{\"@id\":\"https:\/\/sandovalpllc.com\/es\/gracias\/#primaryimage\"},\"image\":{\"@id\":\"https:\/\/sandovalpllc.com\/es\/gracias\/#primaryimage\"},\"thumbnailUrl\":\"https:\/\/sandovalpllc.com\/es\/wp-content\/uploads\/sites\/2\/2019\/05\/slide1.jpg\",\"datePublished\":\"2019-05-08T17:00:20+00:00\",\"dateModified\":\"2025-12-10T17:00:15+00:00\",\"description\":\"Nos pondremos en contacto con usted en breve. Si su consulta no puede esperar, \u00a1llame ahora al para una consulta gratuita e informativa! Algunos\",\"breadcrumb\":{\"@id\":\"https:\/\/sandovalpllc.com\/es\/gracias\/#breadcrumb\"},\"inLanguage\":\"es-PE\",\"potentialAction\":[{\"@type\":\"ReadAction\",\"target\":[\"https:\/\/sandovalpllc.com\/es\/gracias\/\"]}]},{\"@type\":\"ImageObject\",\"inLanguage\":\"es-PE\",\"@id\":\"https:\/\/sandovalpllc.com\/es\/gracias\/#primaryimage\",\"url\":\"https:\/\/sandovalpllc.com\/es\/wp-content\/uploads\/sites\/2\/2019\/05\/slide1.jpg\",\"contentUrl\":\"https:\/\/sandovalpllc.com\/es\/wp-content\/uploads\/sites\/2\/2019\/05\/slide1.jpg\",\"width\":1920,\"height\":951,\"caption\":\"sandoval offices\"},{\"@type\":\"BreadcrumbList\",\"@id\":\"https:\/\/sandovalpllc.com\/es\/gracias\/#breadcrumb\",\"itemListElement\":[{\"@type\":\"ListItem\",\"position\":1,\"name\":\"Home\",\"item\":\"https:\/\/sandovalpllc.com\/es\/\"},{\"@type\":\"ListItem\",\"position\":2,\"name\":\"Gracias por contactarnos!\"}]},{\"@type\":\"WebSite\",\"@id\":\"https:\/\/sandovalpllc.com\/es\/#website\",\"url\":\"https:\/\/sandovalpllc.com\/es\/\",\"name\":\"Bufete de Abogados Sandoval Da\u00f1os Personales y Muerte Injusta\",\"description\":\"Just another Sandoval Law Firm, PLLC Sites site\",\"potentialAction\":[{\"@type\":\"SearchAction\",\"target\":{\"@type\":\"EntryPoint\",\"urlTemplate\":\"https:\/\/sandovalpllc.com\/es\/?s={search_term_string}\"},\"query-input\":{\"@type\":\"PropertyValueSpecification\",\"valueRequired\":true,\"valueName\":\"search_term_string\"}}],\"inLanguage\":\"es-PE\"}]}<\/script>\n<!-- \/ Yoast SEO plugin. -->","yoast_head_json":{"title":"Gracias por contactarnos! - Bufete de Abogados Sandoval Da\u00f1os Personales y Muerte Injusta","description":"Nos pondremos en contacto con usted en breve. Si su consulta no puede esperar, \u00a1llame ahora al para una consulta gratuita e informativa! Algunos","robots":{"index":"index","follow":"follow","max-snippet":"max-snippet:-1","max-image-preview":"max-image-preview:large","max-video-preview":"max-video-preview:-1"},"canonical":"https:\/\/sandovalpllc.com\/es\/gracias\/","og_locale":"es_ES","og_type":"article","og_title":"Gracias por contactarnos! - Bufete de Abogados Sandoval Da\u00f1os Personales y Muerte Injusta","og_description":"Nos pondremos en contacto con usted en breve. Si su consulta no puede esperar, \u00a1llame ahora al para una consulta gratuita e informativa! Algunos","og_url":"https:\/\/sandovalpllc.com\/es\/gracias\/","og_site_name":"Bufete de Abogados Sandoval Da\u00f1os Personales y Muerte Injusta","article_modified_time":"2025-12-10T17:00:15+00:00","og_image":[{"width":1920,"height":951,"url":"https:\/\/sandovalpllc.com\/es\/wp-content\/uploads\/sites\/2\/2019\/05\/slide1.jpg","type":"image\/jpeg"}],"twitter_card":"summary_large_image","twitter_misc":{"Est. reading time":"1 minuto"},"schema":{"@context":"https:\/\/schema.org","@graph":[{"@type":"WebPage","@id":"https:\/\/sandovalpllc.com\/es\/gracias\/","url":"https:\/\/sandovalpllc.com\/es\/gracias\/","name":"Gracias por contactarnos! - Bufete de Abogados Sandoval Da\u00f1os Personales y Muerte Injusta","isPartOf":{"@id":"https:\/\/sandovalpllc.com\/es\/#website"},"primaryImageOfPage":{"@id":"https:\/\/sandovalpllc.com\/es\/gracias\/#primaryimage"},"image":{"@id":"https:\/\/sandovalpllc.com\/es\/gracias\/#primaryimage"},"thumbnailUrl":"https:\/\/sandovalpllc.com\/es\/wp-content\/uploads\/sites\/2\/2019\/05\/slide1.jpg","datePublished":"2019-05-08T17:00:20+00:00","dateModified":"2025-12-10T17:00:15+00:00","description":"Nos pondremos en contacto con usted en breve. Si su consulta no puede esperar, \u00a1llame ahora al para una consulta gratuita e informativa! Algunos","breadcrumb":{"@id":"https:\/\/sandovalpllc.com\/es\/gracias\/#breadcrumb"},"inLanguage":"es-PE","potentialAction":[{"@type":"ReadAction","target":["https:\/\/sandovalpllc.com\/es\/gracias\/"]}]},{"@type":"ImageObject","inLanguage":"es-PE","@id":"https:\/\/sandovalpllc.com\/es\/gracias\/#primaryimage","url":"https:\/\/sandovalpllc.com\/es\/wp-content\/uploads\/sites\/2\/2019\/05\/slide1.jpg","contentUrl":"https:\/\/sandovalpllc.com\/es\/wp-content\/uploads\/sites\/2\/2019\/05\/slide1.jpg","width":1920,"height":951,"caption":"sandoval offices"},{"@type":"BreadcrumbList","@id":"https:\/\/sandovalpllc.com\/es\/gracias\/#breadcrumb","itemListElement":[{"@type":"ListItem","position":1,"name":"Home","item":"https:\/\/sandovalpllc.com\/es\/"},{"@type":"ListItem","position":2,"name":"Gracias por contactarnos!"}]},{"@type":"WebSite","@id":"https:\/\/sandovalpllc.com\/es\/#website","url":"https:\/\/sandovalpllc.com\/es\/","name":"Bufete de Abogados Sandoval Da\u00f1os Personales y Muerte Injusta","description":"Just another Sandoval Law Firm, PLLC Sites site","potentialAction":[{"@type":"SearchAction","target":{"@type":"EntryPoint","urlTemplate":"https:\/\/sandovalpllc.com\/es\/?s={search_term_string}"},"query-input":{"@type":"PropertyValueSpecification","valueRequired":true,"valueName":"search_term_string"}}],"inLanguage":"es-PE"}]}},"_links":{"self":[{"href":"https:\/\/sandovalpllc.com\/es\/wp-json\/wp\/v2\/pages\/110","targetHints":{"allow":["GET"]}}],"collection":[{"href":"https:\/\/sandovalpllc.com\/es\/wp-json\/wp\/v2\/pages"}],"about":[{"href":"https:\/\/sandovalpllc.com\/es\/wp-json\/wp\/v2\/types\/page"}],"author":[{"embeddable":true,"href":"https:\/\/sandovalpllc.com\/es\/wp-json\/wp\/v2\/users\/6"}],"replies":[{"embeddable":true,"href":"https:\/\/sandovalpllc.com\/es\/wp-json\/wp\/v2\/comments?post=110"}],"version-history":[{"count":0,"href":"https:\/\/sandovalpllc.com\/es\/wp-json\/wp\/v2\/pages\/110\/revisions"}],"wp:featuredmedia":[{"embeddable":true,"href":"https:\/\/sandovalpllc.com\/es\/wp-json\/wp\/v2\/media\/233"}],"wp:attachment":[{"href":"https:\/\/sandovalpllc.com\/es\/wp-json\/wp\/v2\/media?parent=110"}],"curies":[{"name":"wp","href":"https:\/\/api.w.org\/{rel}","templated":true}]}}