{"id":100,"date":"2019-05-08T16:33:21","date_gmt":"2019-05-08T16:33:21","guid":{"rendered":"https:\/\/sandovalpllc.wpengine.com\/es\/?page_id=100"},"modified":"2024-04-18T13:33:58","modified_gmt":"2024-04-18T13:33:58","slug":"resbalones-tropezones-y-caidas","status":"publish","type":"page","link":"https:\/\/sandovalpllc.com\/es\/resbalones-tropezones-y-caidas\/","title":{"rendered":"Resbalones, Tropezones y Ca\u00eddas"},"content":{"rendered":"<h2><span class=\"h2span\">RESPONSABILIDAD DE LAS INSTALACIONES<\/span><\/h2>\n<p>En Texas, las lesiones que se producen debido a condiciones o actividades en la propiedad de un tercero o que est\u00e1n controladas por otros no son los casos m\u00e1s f\u00e1ciles de probar. La jurisprudencia a menudo apoya la conclusi\u00f3n de que el propietario no tiene ninguna responsabilidad por las lesiones resultantes. Si sufres una lesi\u00f3n grave mientras te encuentras en las instalaciones de otra persona, es esencial que te sientes y expliques las circunstancias que rodearon el incidente que produjo la lesi\u00f3n. El caso potencial que puedas tener depender\u00e1 de varios factores, incluido tu estado en la propiedad y la revisi\u00f3n de si fue una condici\u00f3n o actividad lo que caus\u00f3 tu lesi\u00f3n.<\/p>\n<h3>\u00bfDeber\u00eda buscar la opini\u00f3n de un abogado de lesiones personales?<\/h3>\n<p>Al determinar si debes buscar la opini\u00f3n de un abogado de lesiones personales, puedes comenzar por considerar si tu lesi\u00f3n result\u00f3 de una condici\u00f3n peligrosa en las instalaciones y si el propietario o la persona que controlaba esas instalaciones cre\u00f3 la condici\u00f3n, sab\u00eda de la condici\u00f3n defectuosa o, si tuvo tiempo suficiente para inspeccionar y descubrir esa condici\u00f3n, si debieron haber corregido el defecto y si hubieran podido evitar una lesi\u00f3n como la tuya. La pregunta en este tipo de casos a menudo se centra en si, teniendo en cuenta las circunstancias del caso, se podr\u00eda haber esperado razonablemente que la condici\u00f3n que produce la lesi\u00f3n podr\u00eda haberse descubierto y reparado razonablemente.<\/p>\n<p>Seg\u00fan otra serie de hechos, tu lesi\u00f3n tambi\u00e9n podr\u00eda haber sido causada por las acciones de un empleado negligente al realizar tu trabajo en las instalaciones. Si ese empleado actu\u00f3 de manera imprudente al realizar el trabajo, el propietario de la propiedad podr\u00eda ser considerado responsable por tus lesiones. Realmente depende de los hechos espec\u00edficos de tu caso. A menudo, como abogados de responsabilidad civil, nuestro trabajo es hacer coincidir los hechos con la causa de la acci\u00f3n que aumenta tu probabilidad de tener \u00e9xito en tu caso de lesi\u00f3n.<\/p>\n<p>Si te resbalaste, tropezaste o te ca\u00edste y te lesionaste mientras estabas en la propiedad de otra persona, llama al <a href=\"\/es\/abogado-accidentes-sandoval\/\" rel=\"noopener noreferrer\" target=\"_blank\">abogado de lesiones personales de Houston<\/a>, H\u00e9ctor L. Sandoval, \u00a1y obt\u00e9n la representaci\u00f3n que te mereces! Sandoval Law Firm, PLLC ayuda a los lesionados. \u00a1Llama al <strong><a href=\"tel:+13463477777\" class=\"click-to-call-body\">(346) 347-7777<\/a><\/strong> para solicitar una consulta gratuita e informativa!<\/p>\n","protected":false},"excerpt":{"rendered":"<p>RESPONSABILIDAD DE LAS INSTALACIONES En Texas, las lesiones que se producen debido a condiciones o actividades en la propiedad de un tercero o que est\u00e1n controladas por otros no son los casos m\u00e1s f\u00e1ciles de probar. La jurisprudencia a menudo apoya la conclusi\u00f3n de que el propietario no tiene ninguna responsabilidad por las lesiones resultantes&#8230;. <a href=\"https:\/\/sandovalpllc.com\/es\/resbalones-tropezones-y-caidas\/\" class=\"learn-btn\">Continue Reading<\/a><\/p>\n","protected":false},"author":6,"featured_media":101,"parent":0,"menu_order":0,"comment_status":"closed","ping_status":"closed","template":"","meta":{"_acf_changed":false,"_genesis_hide_title":false,"_genesis_hide_breadcrumbs":false,"_genesis_hide_singular_image":false,"_genesis_hide_footer_widgets":false,"_genesis_custom_body_class":"","_genesis_custom_post_class":"","_genesis_layout":"","footnotes":""},"class_list":{"0":"post-100","1":"page","2":"type-page","3":"status-publish","4":"has-post-thumbnail","6":"entry"},"acf":[],"yoast_head":"<!-- This site is optimized with the Yoast SEO plugin v26.8 - https:\/\/yoast.com\/product\/yoast-seo-wordpress\/ -->\n<title>Resbalones, Tropezones y Ca\u00eddas<\/title>\n<meta name=\"description\" content=\"En Texas, las lesiones que se producen debido a condiciones o actividades en la propiedad de un tercero o que est\u00e1n controladas...\" \/>\n<meta name=\"robots\" content=\"index, follow, max-snippet:-1, max-image-preview:large, max-video-preview:-1\" \/>\n<link rel=\"canonical\" href=\"https:\/\/sandovalpllc.com\/es\/resbalones-tropezones-y-caidas\/\" \/>\n<meta property=\"og:locale\" content=\"es_ES\" \/>\n<meta property=\"og:type\" content=\"article\" \/>\n<meta property=\"og:title\" content=\"Resbalones, Tropezones y Ca\u00eddas\" \/>\n<meta property=\"og:description\" content=\"En Texas, las lesiones que se producen debido a condiciones o actividades en la propiedad de un tercero o que est\u00e1n controladas...\" \/>\n<meta property=\"og:url\" content=\"https:\/\/sandovalpllc.com\/es\/resbalones-tropezones-y-caidas\/\" \/>\n<meta property=\"og:site_name\" content=\"Bufete de Abogados Sandoval Da\u00f1os Personales y Muerte Injusta\" \/>\n<meta property=\"article:modified_time\" content=\"2024-04-18T13:33:58+00:00\" \/>\n<meta property=\"og:image\" content=\"https:\/\/sandovalpllc.com\/es\/wp-content\/uploads\/sites\/2\/2019\/05\/slip-and-fall-6.jpg\" \/>\n\t<meta property=\"og:image:width\" content=\"1920\" \/>\n\t<meta property=\"og:image:height\" content=\"594\" \/>\n\t<meta property=\"og:image:type\" content=\"image\/jpeg\" \/>\n<meta name=\"twitter:card\" content=\"summary_large_image\" \/>\n<meta name=\"twitter:label1\" content=\"Est. reading time\" \/>\n\t<meta name=\"twitter:data1\" content=\"2 minutos\" \/>\n<script type=\"application\/ld+json\" class=\"yoast-schema-graph\">{\"@context\":\"https:\/\/schema.org\",\"@graph\":[{\"@type\":\"WebPage\",\"@id\":\"https:\/\/sandovalpllc.com\/es\/resbalones-tropezones-y-caidas\/\",\"url\":\"https:\/\/sandovalpllc.com\/es\/resbalones-tropezones-y-caidas\/\",\"name\":\"Resbalones, Tropezones y Ca\u00eddas\",\"isPartOf\":{\"@id\":\"https:\/\/sandovalpllc.com\/es\/#website\"},\"primaryImageOfPage\":{\"@id\":\"https:\/\/sandovalpllc.com\/es\/resbalones-tropezones-y-caidas\/#primaryimage\"},\"image\":{\"@id\":\"https:\/\/sandovalpllc.com\/es\/resbalones-tropezones-y-caidas\/#primaryimage\"},\"thumbnailUrl\":\"https:\/\/sandovalpllc.com\/es\/wp-content\/uploads\/sites\/2\/2019\/05\/slip-and-fall-6.jpg\",\"datePublished\":\"2019-05-08T16:33:21+00:00\",\"dateModified\":\"2024-04-18T13:33:58+00:00\",\"description\":\"En Texas, las lesiones que se producen debido a condiciones o actividades en la propiedad de un tercero o que est\u00e1n controladas...\",\"breadcrumb\":{\"@id\":\"https:\/\/sandovalpllc.com\/es\/resbalones-tropezones-y-caidas\/#breadcrumb\"},\"inLanguage\":\"es-PE\",\"potentialAction\":[{\"@type\":\"ReadAction\",\"target\":[\"https:\/\/sandovalpllc.com\/es\/resbalones-tropezones-y-caidas\/\"]}]},{\"@type\":\"ImageObject\",\"inLanguage\":\"es-PE\",\"@id\":\"https:\/\/sandovalpllc.com\/es\/resbalones-tropezones-y-caidas\/#primaryimage\",\"url\":\"https:\/\/sandovalpllc.com\/es\/wp-content\/uploads\/sites\/2\/2019\/05\/slip-and-fall-6.jpg\",\"contentUrl\":\"https:\/\/sandovalpllc.com\/es\/wp-content\/uploads\/sites\/2\/2019\/05\/slip-and-fall-6.jpg\",\"width\":1920,\"height\":594,\"caption\":\"slip-and-fall-6\"},{\"@type\":\"BreadcrumbList\",\"@id\":\"https:\/\/sandovalpllc.com\/es\/resbalones-tropezones-y-caidas\/#breadcrumb\",\"itemListElement\":[{\"@type\":\"ListItem\",\"position\":1,\"name\":\"Home\",\"item\":\"https:\/\/sandovalpllc.com\/es\/\"},{\"@type\":\"ListItem\",\"position\":2,\"name\":\"Resbalones, Tropezones y Ca\u00eddas\"}]},{\"@type\":\"WebSite\",\"@id\":\"https:\/\/sandovalpllc.com\/es\/#website\",\"url\":\"https:\/\/sandovalpllc.com\/es\/\",\"name\":\"Bufete de Abogados Sandoval Da\u00f1os Personales y Muerte Injusta\",\"description\":\"Just another Sandoval Law Firm, PLLC Sites site\",\"potentialAction\":[{\"@type\":\"SearchAction\",\"target\":{\"@type\":\"EntryPoint\",\"urlTemplate\":\"https:\/\/sandovalpllc.com\/es\/?s={search_term_string}\"},\"query-input\":{\"@type\":\"PropertyValueSpecification\",\"valueRequired\":true,\"valueName\":\"search_term_string\"}}],\"inLanguage\":\"es-PE\"}]}<\/script>\n<!-- \/ Yoast SEO plugin. -->","yoast_head_json":{"title":"Resbalones, Tropezones y Ca\u00eddas","description":"En Texas, las lesiones que se producen debido a condiciones o actividades en la propiedad de un tercero o que est\u00e1n controladas...","robots":{"index":"index","follow":"follow","max-snippet":"max-snippet:-1","max-image-preview":"max-image-preview:large","max-video-preview":"max-video-preview:-1"},"canonical":"https:\/\/sandovalpllc.com\/es\/resbalones-tropezones-y-caidas\/","og_locale":"es_ES","og_type":"article","og_title":"Resbalones, Tropezones y Ca\u00eddas","og_description":"En Texas, las lesiones que se producen debido a condiciones o actividades en la propiedad de un tercero o que est\u00e1n controladas...","og_url":"https:\/\/sandovalpllc.com\/es\/resbalones-tropezones-y-caidas\/","og_site_name":"Bufete de Abogados Sandoval Da\u00f1os Personales y Muerte Injusta","article_modified_time":"2024-04-18T13:33:58+00:00","og_image":[{"width":1920,"height":594,"url":"https:\/\/sandovalpllc.com\/es\/wp-content\/uploads\/sites\/2\/2019\/05\/slip-and-fall-6.jpg","type":"image\/jpeg"}],"twitter_card":"summary_large_image","twitter_misc":{"Est. reading time":"2 minutos"},"schema":{"@context":"https:\/\/schema.org","@graph":[{"@type":"WebPage","@id":"https:\/\/sandovalpllc.com\/es\/resbalones-tropezones-y-caidas\/","url":"https:\/\/sandovalpllc.com\/es\/resbalones-tropezones-y-caidas\/","name":"Resbalones, Tropezones y Ca\u00eddas","isPartOf":{"@id":"https:\/\/sandovalpllc.com\/es\/#website"},"primaryImageOfPage":{"@id":"https:\/\/sandovalpllc.com\/es\/resbalones-tropezones-y-caidas\/#primaryimage"},"image":{"@id":"https:\/\/sandovalpllc.com\/es\/resbalones-tropezones-y-caidas\/#primaryimage"},"thumbnailUrl":"https:\/\/sandovalpllc.com\/es\/wp-content\/uploads\/sites\/2\/2019\/05\/slip-and-fall-6.jpg","datePublished":"2019-05-08T16:33:21+00:00","dateModified":"2024-04-18T13:33:58+00:00","description":"En Texas, las lesiones que se producen debido a condiciones o actividades en la propiedad de un tercero o que est\u00e1n controladas...","breadcrumb":{"@id":"https:\/\/sandovalpllc.com\/es\/resbalones-tropezones-y-caidas\/#breadcrumb"},"inLanguage":"es-PE","potentialAction":[{"@type":"ReadAction","target":["https:\/\/sandovalpllc.com\/es\/resbalones-tropezones-y-caidas\/"]}]},{"@type":"ImageObject","inLanguage":"es-PE","@id":"https:\/\/sandovalpllc.com\/es\/resbalones-tropezones-y-caidas\/#primaryimage","url":"https:\/\/sandovalpllc.com\/es\/wp-content\/uploads\/sites\/2\/2019\/05\/slip-and-fall-6.jpg","contentUrl":"https:\/\/sandovalpllc.com\/es\/wp-content\/uploads\/sites\/2\/2019\/05\/slip-and-fall-6.jpg","width":1920,"height":594,"caption":"slip-and-fall-6"},{"@type":"BreadcrumbList","@id":"https:\/\/sandovalpllc.com\/es\/resbalones-tropezones-y-caidas\/#breadcrumb","itemListElement":[{"@type":"ListItem","position":1,"name":"Home","item":"https:\/\/sandovalpllc.com\/es\/"},{"@type":"ListItem","position":2,"name":"Resbalones, Tropezones y Ca\u00eddas"}]},{"@type":"WebSite","@id":"https:\/\/sandovalpllc.com\/es\/#website","url":"https:\/\/sandovalpllc.com\/es\/","name":"Bufete de Abogados Sandoval Da\u00f1os Personales y Muerte Injusta","description":"Just another Sandoval Law Firm, PLLC Sites site","potentialAction":[{"@type":"SearchAction","target":{"@type":"EntryPoint","urlTemplate":"https:\/\/sandovalpllc.com\/es\/?s={search_term_string}"},"query-input":{"@type":"PropertyValueSpecification","valueRequired":true,"valueName":"search_term_string"}}],"inLanguage":"es-PE"}]}},"_links":{"self":[{"href":"https:\/\/sandovalpllc.com\/es\/wp-json\/wp\/v2\/pages\/100","targetHints":{"allow":["GET"]}}],"collection":[{"href":"https:\/\/sandovalpllc.com\/es\/wp-json\/wp\/v2\/pages"}],"about":[{"href":"https:\/\/sandovalpllc.com\/es\/wp-json\/wp\/v2\/types\/page"}],"author":[{"embeddable":true,"href":"https:\/\/sandovalpllc.com\/es\/wp-json\/wp\/v2\/users\/6"}],"replies":[{"embeddable":true,"href":"https:\/\/sandovalpllc.com\/es\/wp-json\/wp\/v2\/comments?post=100"}],"version-history":[{"count":0,"href":"https:\/\/sandovalpllc.com\/es\/wp-json\/wp\/v2\/pages\/100\/revisions"}],"wp:featuredmedia":[{"embeddable":true,"href":"https:\/\/sandovalpllc.com\/es\/wp-json\/wp\/v2\/media\/101"}],"wp:attachment":[{"href":"https:\/\/sandovalpllc.com\/es\/wp-json\/wp\/v2\/media?parent=100"}],"curies":[{"name":"wp","href":"https:\/\/api.w.org\/{rel}","templated":true}]}}